{"id":210169,"date":"2023-05-25T10:29:07","date_gmt":"2023-05-25T08:29:07","guid":{"rendered":"https:\/\/dva.com\/?page_id=210169"},"modified":"2023-07-10T07:19:04","modified_gmt":"2023-07-10T05:19:04","slug":"ensayos-a-campo","status":"publish","type":"page","link":"https:\/\/dva.com\/arg\/ensayos-a-campo\/","title":{"rendered":"ENSAYOS A CAMPO"},"content":{"rendered":"<div class=\"wpb-content-wrapper\"><p>[vc_row row_height_percent=&#8221;0&#8243; back_color=&#8221;color-lxmt&#8221; back_image=&#8221;18041&#8243; back_position=&#8221;center top&#8221; overlay_alpha=&#8221;50&#8243; gutter_size=&#8221;4&#8243; column_width_use_pixel=&#8221;yes&#8221; shift_y=&#8221;0&#8243; z_index=&#8221;0&#8243; css=&#8221;.vc_custom_1600951086171{padding-top: 100px !important;padding-bottom: 50px !important;}&#8221; column_width_pixel=&#8221;1200&#8243;][vc_column column_width_percent=&#8221;100&#8243; gutter_size=&#8221;2&#8243; override_padding=&#8221;yes&#8221; column_padding=&#8221;2&#8243; overlay_alpha=&#8221;50&#8243; shift_x=&#8221;0&#8243; shift_y=&#8221;0&#8243; shift_y_fixed=&#8221;yes&#8221; shift_y_down=&#8221;0&#8243; z_index=&#8221;0&#8243; medium_width=&#8221;0&#8243; mobile_width=&#8221;0&#8243; width=&#8221;1\/1&#8243;][vc_row_inner row_inner_height_percent=&#8221;0&#8243; overlay_alpha=&#8221;50&#8243; gutter_size=&#8221;3&#8243; shift_y=&#8221;0&#8243; z_index=&#8221;0&#8243; css=&#8221;.vc_custom_1600948415781{margin-bottom: 70px !important;}&#8221;][vc_column_inner column_width_percent=&#8221;100&#8243; gutter_size=&#8221;3&#8243; override_padding=&#8221;yes&#8221; column_padding=&#8221;2&#8243; style=&#8221;dark&#8221; overlay_alpha=&#8221;50&#8243; preserve_border=&#8221;yes&#8221; preserve_border_tablet=&#8221;yes&#8221; preserve_border_mobile=&#8221;yes&#8221; border_color=&#8221;color-xsdn&#8221; border_style=&#8221;solid&#8221; shift_x=&#8221;0&#8243; shift_y=&#8221;0&#8243; shift_y_down=&#8221;0&#8243; z_index=&#8221;0&#8243; medium_width=&#8221;0&#8243; mobile_width=&#8221;0&#8243; width=&#8221;1\/1&#8243; css=&#8221;.vc_custom_1600948494561{border-top-width: 15px !important;border-right-width: 15px !important;border-bottom-width: 15px !important;border-left-width: 15px !important;}&#8221;][vc_custom_heading auto_text=&#8221;yes&#8221; text_color=&#8221;color-xsdn&#8221; text_size=&#8221;fontsize-343493&#8243; text_weight=&#8221;700&#8243; text_transform=&#8221;uppercase&#8221; text_height=&#8221;&#8221; uncode_shortcode_id=&#8221;283841&#8243; text_color_type=&#8221;uncode-palette&#8221;]<\/p>\n<p style=\"text-align: left;\">ENSAYOS A CAMPO<\/p>\n<p>[\/vc_custom_heading][\/vc_column_inner][\/vc_row_inner][\/vc_column][\/vc_row][vc_row][vc_column width=&#8221;1\/2&#8243;][vc_row_inner][vc_column_inner width=&#8221;1\/4&#8243;][vc_icon position=&#8221;left&#8221; display=&#8221;inline&#8221; icon=&#8221;fa fa-file-pdf-o&#8221; size=&#8221;fa-4x&#8221; uncode_shortcode_id=&#8221;827350&#8243;][\/vc_icon][\/vc_column_inner][vc_column_inner width=&#8221;3\/4&#8243;][vc_custom_heading uncode_shortcode_id=&#8221;169493&#8243;]RESULTADOS ENSAYOS PREDECESSOR[\/vc_custom_heading][\/vc_column_inner][\/vc_row_inner][vc_button button_color=&#8221;color-dva&#8221; wide=&#8221;yes&#8221; border_width=&#8221;0&#8243; link=&#8221;url:https%3A%2F%2Fdev.greatideasinaction.com%2Fdva%2Fwp-content%2Fuploads%2F2023%2F05%2FARG_ENSAYOS%2FPredecessor.pdf|title:Descargar&#8221; button_color_type=&#8221;uncode-palette&#8221; uncode_shortcode_id=&#8221;302670&#8243;]Descargar[\/vc_button][\/vc_column][vc_column width=&#8221;1\/2&#8243;][\/vc_column][\/vc_row]<\/p>\n<\/div>","protected":false},"excerpt":{"rendered":"<p>[vc_row row_height_percent=&#8221;0&#8243; back_color=&#8221;color-lxmt&#8221; back_image=&#8221;18041&#8243; back_position=&#8221;center top&#8221; overlay_alpha=&#8221;50&#8243; gutter_size=&#8221;4&#8243; column_width_use_pixel=&#8221;yes&#8221; shift_y=&#8221;0&#8243; z_index=&#8221;0&#8243; css=&#8221;.vc_custom_1600951086171{padding-top: 100px !important;padding-bottom: 50px !important;}&#8221; column_width_pixel=&#8221;1200&#8243;][vc_column column_width_percent=&#8221;100&#8243; gutter_size=&#8221;2&#8243; override_padding=&#8221;yes&#8221; [&hellip;]<\/p>\n","protected":false},"author":8,"featured_media":0,"parent":0,"menu_order":0,"comment_status":"closed","ping_status":"closed","template":"","meta":{"footnotes":""},"class_list":["post-210169","page","type-page","status-publish","hentry"],"yoast_head":"<!-- This site is optimized with the Yoast SEO Premium plugin v24.9 (Yoast SEO v27.1.1) - https:\/\/yoast.com\/product\/yoast-seo-premium-wordpress\/ -->\n<title>ENSAYOS A CAMPO - Resultados y Evaluaciones<\/title>\n<meta name=\"description\" content=\"Descubre nuestros ensayos a campo con resultados y evaluaciones de nuestras soluciones agr\u00edcolas. Obt\u00e9n informaci\u00f3n precisa para mejorar tus cultivos.\" \/>\n<meta name=\"robots\" content=\"index, follow, max-snippet:-1, max-image-preview:large, max-video-preview:-1\" \/>\n<link rel=\"canonical\" href=\"https:\/\/dva.com\/arg\/ensayos-a-campo\/\" \/>\n<meta property=\"og:locale\" content=\"es_ES\" \/>\n<meta property=\"og:type\" content=\"article\" \/>\n<meta property=\"og:title\" content=\"ENSAYOS A CAMPO\" \/>\n<meta property=\"og:description\" content=\"Descubre nuestros ensayos a campo con resultados y evaluaciones de nuestras soluciones agr\u00edcolas. Obt\u00e9n informaci\u00f3n precisa para mejorar tus cultivos.\" \/>\n<meta property=\"og:url\" content=\"https:\/\/dva.com\/arg\/ensayos-a-campo\/\" \/>\n<meta property=\"og:site_name\" content=\"DVA\" \/>\n<meta property=\"article:publisher\" content=\"https:\/\/www.facebook.com\/dvaglobal\" \/>\n<meta property=\"article:modified_time\" content=\"2023-07-10T05:19:04+00:00\" \/>\n<meta name=\"twitter:card\" content=\"summary_large_image\" \/>\n<meta name=\"twitter:label1\" content=\"Tiempo de lectura\" \/>\n\t<meta name=\"twitter:data1\" content=\"1 minute\" \/>\n<script type=\"application\/ld+json\" class=\"yoast-schema-graph\">{\"@context\":\"https:\/\/schema.org\",\"@graph\":[{\"@type\":\"WebPage\",\"@id\":\"https:\/\/dva.com\/arg\/ensayos-a-campo\/\",\"url\":\"https:\/\/dva.com\/arg\/ensayos-a-campo\/\",\"name\":\"ENSAYOS A CAMPO - Resultados y Evaluaciones\",\"isPartOf\":{\"@id\":\"https:\/\/dva.com\/mx\/#website\"},\"datePublished\":\"2023-05-25T08:29:07+00:00\",\"dateModified\":\"2023-07-10T05:19:04+00:00\",\"description\":\"Descubre nuestros ensayos a campo con resultados y evaluaciones de nuestras soluciones agr\u00edcolas. Obt\u00e9n informaci\u00f3n precisa para mejorar tus cultivos.\",\"breadcrumb\":{\"@id\":\"https:\/\/dva.com\/arg\/ensayos-a-campo\/#breadcrumb\"},\"inLanguage\":\"es-AR\",\"potentialAction\":[{\"@type\":\"ReadAction\",\"target\":[\"https:\/\/dva.com\/arg\/ensayos-a-campo\/\"]}]},{\"@type\":\"BreadcrumbList\",\"@id\":\"https:\/\/dva.com\/arg\/ensayos-a-campo\/#breadcrumb\",\"itemListElement\":[{\"@type\":\"ListItem\",\"position\":1,\"name\":\"Home\",\"item\":\"https:\/\/dva.com\/arg\/\"},{\"@type\":\"ListItem\",\"position\":2,\"name\":\"ENSAYOS A CAMPO\"}]},{\"@type\":\"WebSite\",\"@id\":\"https:\/\/dva.com\/mx\/#website\",\"url\":\"https:\/\/dva.com\/mx\/\",\"name\":\"DVA\",\"description\":\"GO FURTHER. TOGETHER\",\"publisher\":{\"@id\":\"https:\/\/dva.com\/mx\/#organization\"},\"potentialAction\":[{\"@type\":\"SearchAction\",\"target\":{\"@type\":\"EntryPoint\",\"urlTemplate\":\"https:\/\/dva.com\/mx\/?s={search_term_string}\"},\"query-input\":{\"@type\":\"PropertyValueSpecification\",\"valueRequired\":true,\"valueName\":\"search_term_string\"}}],\"inLanguage\":\"es-AR\"},{\"@type\":\"Organization\",\"@id\":\"https:\/\/dva.com\/mx\/#organization\",\"name\":\"DVA\",\"url\":\"https:\/\/dva.com\/mx\/\",\"logo\":{\"@type\":\"ImageObject\",\"inLanguage\":\"es-AR\",\"@id\":\"https:\/\/dva.com\/mx\/#\/schema\/logo\/image\/\",\"url\":\"https:\/\/dva.com\/wp-content\/uploads\/2020\/05\/dva-group-logo.svg\",\"contentUrl\":\"https:\/\/dva.com\/wp-content\/uploads\/2020\/05\/dva-group-logo.svg\",\"width\":\"1000\",\"height\":\"1000\",\"caption\":\"DVA\"},\"image\":{\"@id\":\"https:\/\/dva.com\/mx\/#\/schema\/logo\/image\/\"},\"sameAs\":[\"https:\/\/www.facebook.com\/dvaglobal\"]}]}<\/script>\n<!-- \/ Yoast SEO Premium plugin. -->","yoast_head_json":{"title":"ENSAYOS A CAMPO - Resultados y Evaluaciones","description":"Descubre nuestros ensayos a campo con resultados y evaluaciones de nuestras soluciones agr\u00edcolas. Obt\u00e9n informaci\u00f3n precisa para mejorar tus cultivos.","robots":{"index":"index","follow":"follow","max-snippet":"max-snippet:-1","max-image-preview":"max-image-preview:large","max-video-preview":"max-video-preview:-1"},"canonical":"https:\/\/dva.com\/arg\/ensayos-a-campo\/","og_locale":"es_ES","og_type":"article","og_title":"ENSAYOS A CAMPO","og_description":"Descubre nuestros ensayos a campo con resultados y evaluaciones de nuestras soluciones agr\u00edcolas. Obt\u00e9n informaci\u00f3n precisa para mejorar tus cultivos.","og_url":"https:\/\/dva.com\/arg\/ensayos-a-campo\/","og_site_name":"DVA","article_publisher":"https:\/\/www.facebook.com\/dvaglobal","article_modified_time":"2023-07-10T05:19:04+00:00","twitter_card":"summary_large_image","twitter_misc":{"Tiempo de lectura":"1 minute"},"schema":{"@context":"https:\/\/schema.org","@graph":[{"@type":"WebPage","@id":"https:\/\/dva.com\/arg\/ensayos-a-campo\/","url":"https:\/\/dva.com\/arg\/ensayos-a-campo\/","name":"ENSAYOS A CAMPO - Resultados y Evaluaciones","isPartOf":{"@id":"https:\/\/dva.com\/mx\/#website"},"datePublished":"2023-05-25T08:29:07+00:00","dateModified":"2023-07-10T05:19:04+00:00","description":"Descubre nuestros ensayos a campo con resultados y evaluaciones de nuestras soluciones agr\u00edcolas. Obt\u00e9n informaci\u00f3n precisa para mejorar tus cultivos.","breadcrumb":{"@id":"https:\/\/dva.com\/arg\/ensayos-a-campo\/#breadcrumb"},"inLanguage":"es-AR","potentialAction":[{"@type":"ReadAction","target":["https:\/\/dva.com\/arg\/ensayos-a-campo\/"]}]},{"@type":"BreadcrumbList","@id":"https:\/\/dva.com\/arg\/ensayos-a-campo\/#breadcrumb","itemListElement":[{"@type":"ListItem","position":1,"name":"Home","item":"https:\/\/dva.com\/arg\/"},{"@type":"ListItem","position":2,"name":"ENSAYOS A CAMPO"}]},{"@type":"WebSite","@id":"https:\/\/dva.com\/mx\/#website","url":"https:\/\/dva.com\/mx\/","name":"DVA","description":"GO FURTHER. TOGETHER","publisher":{"@id":"https:\/\/dva.com\/mx\/#organization"},"potentialAction":[{"@type":"SearchAction","target":{"@type":"EntryPoint","urlTemplate":"https:\/\/dva.com\/mx\/?s={search_term_string}"},"query-input":{"@type":"PropertyValueSpecification","valueRequired":true,"valueName":"search_term_string"}}],"inLanguage":"es-AR"},{"@type":"Organization","@id":"https:\/\/dva.com\/mx\/#organization","name":"DVA","url":"https:\/\/dva.com\/mx\/","logo":{"@type":"ImageObject","inLanguage":"es-AR","@id":"https:\/\/dva.com\/mx\/#\/schema\/logo\/image\/","url":"https:\/\/dva.com\/wp-content\/uploads\/2020\/05\/dva-group-logo.svg","contentUrl":"https:\/\/dva.com\/wp-content\/uploads\/2020\/05\/dva-group-logo.svg","width":"1000","height":"1000","caption":"DVA"},"image":{"@id":"https:\/\/dva.com\/mx\/#\/schema\/logo\/image\/"},"sameAs":["https:\/\/www.facebook.com\/dvaglobal"]}]}},"_links":{"self":[{"href":"https:\/\/dva.com\/arg\/wp-json\/wp\/v2\/pages\/210169","targetHints":{"allow":["GET"]}}],"collection":[{"href":"https:\/\/dva.com\/arg\/wp-json\/wp\/v2\/pages"}],"about":[{"href":"https:\/\/dva.com\/arg\/wp-json\/wp\/v2\/types\/page"}],"author":[{"embeddable":true,"href":"https:\/\/dva.com\/arg\/wp-json\/wp\/v2\/users\/8"}],"replies":[{"embeddable":true,"href":"https:\/\/dva.com\/arg\/wp-json\/wp\/v2\/comments?post=210169"}],"version-history":[{"count":0,"href":"https:\/\/dva.com\/arg\/wp-json\/wp\/v2\/pages\/210169\/revisions"}],"wp:attachment":[{"href":"https:\/\/dva.com\/arg\/wp-json\/wp\/v2\/media?parent=210169"}],"curies":[{"name":"wp","href":"https:\/\/api.w.org\/{rel}","templated":true}]}}