{"id":14956,"date":"2020-09-13T17:52:00","date_gmt":"2020-09-13T15:52:00","guid":{"rendered":"https:\/\/dva.com\/?page_id=14956"},"modified":"2020-09-13T17:52:00","modified_gmt":"2020-09-13T15:52:00","slug":"contacto","status":"publish","type":"page","link":"https:\/\/dva.com\/co\/contacto\/","title":{"rendered":"Contacto"},"content":{"rendered":"<div class=\"wpb-content-wrapper\"><p>[vc_row row_height_percent=&#8221;0&#8243; back_image=&#8221;14502&#8243; overlay_color=&#8221;color-156587&#8243; overlay_alpha=&#8221;50&#8243; gutter_size=&#8221;3&#8243; column_width_use_pixel=&#8221;yes&#8221; shift_y=&#8221;0&#8243; z_index=&#8221;0&#8243; column_width_pixel=&#8221;1200&#8243; css=&#8221;.vc_custom_1602232841742{padding-top: 100px !important;padding-bottom: 50px !important;}&#8221;][vc_column column_width_percent=&#8221;100&#8243; gutter_size=&#8221;3&#8243; overlay_alpha=&#8221;50&#8243; shift_x=&#8221;0&#8243; shift_y=&#8221;0&#8243; shift_y_down=&#8221;0&#8243; z_index=&#8221;0&#8243; medium_width=&#8221;0&#8243; mobile_width=&#8221;0&#8243; width=&#8221;1\/1&#8243;][vc_row_inner][vc_column_inner width=&#8221;2\/3&#8243;][vc_column_text]\n<div class=\"wpcf7 no-js\" id=\"wpcf7-f35824-o1\" lang=\"en-US\" dir=\"ltr\" data-wpcf7-id=\"35824\">\n<div class=\"screen-reader-response\"><p role=\"status\" aria-live=\"polite\" aria-atomic=\"true\"><\/p> <ul><\/ul><\/div>\n<form action=\"\/co\/wp-json\/wp\/v2\/pages\/14956#wpcf7-f35824-o1\" method=\"post\" class=\"wpcf7-form init\" aria-label=\"Formulario de contacto\" novalidate=\"novalidate\" data-status=\"init\">\n<fieldset class=\"hidden-fields-container\"><input type=\"hidden\" name=\"_wpcf7\" value=\"35824\" \/><input type=\"hidden\" name=\"_wpcf7_version\" value=\"6.1.5\" \/><input type=\"hidden\" name=\"_wpcf7_locale\" value=\"en_US\" \/><input type=\"hidden\" name=\"_wpcf7_unit_tag\" value=\"wpcf7-f35824-o1\" \/><input type=\"hidden\" name=\"_wpcf7_container_post\" value=\"0\" \/><input type=\"hidden\" name=\"_wpcf7_posted_data_hash\" value=\"\" \/><input type=\"hidden\" name=\"_wpcf7_recaptcha_response\" value=\"\" \/>\n<\/fieldset>\n<p><span class=\"wpcf7-form-control-wrap\" data-name=\"name2\"><input size=\"40\" maxlength=\"400\" class=\"wpcf7-form-control wpcf7-text wpcf7-validates-as-required form-fluid\" aria-required=\"true\" aria-invalid=\"false\" placeholder=\"Nombre\" value=\"\" type=\"text\" name=\"name2\" \/><\/span>\n<\/p>\n<p><span class=\"wpcf7-form-control-wrap\" data-name=\"company\"><input size=\"40\" maxlength=\"400\" class=\"wpcf7-form-control wpcf7-text wpcf7-validates-as-required form-fluid\" aria-required=\"true\" aria-invalid=\"false\" placeholder=\"Compa\u00f1\u00eda\" value=\"\" type=\"text\" name=\"company\" \/><\/span>\n<\/p>\n<p><span class=\"wpcf7-form-control-wrap\" data-name=\"phone\"><input size=\"40\" maxlength=\"400\" class=\"wpcf7-form-control wpcf7-text wpcf7-validates-as-required form-fluid\" aria-required=\"true\" aria-invalid=\"false\" placeholder=\"N\u00famero de Telefon\u00eda\" value=\"\" type=\"text\" name=\"phone\" \/><\/span>\n<\/p>\n<p><span class=\"wpcf7-form-control-wrap\" data-name=\"email\"><input size=\"40\" maxlength=\"400\" class=\"wpcf7-form-control wpcf7-text wpcf7-validates-as-required form-fluid\" aria-required=\"true\" aria-invalid=\"false\" placeholder=\"Correo Electr\u00f3nico\" value=\"\" type=\"text\" name=\"email\" \/><\/span>\n<\/p>\n<p><span class=\"wpcf7-form-control-wrap\" data-name=\"country\"><input size=\"40\" maxlength=\"400\" class=\"wpcf7-form-control wpcf7-text wpcf7-validates-as-required form-fluid\" aria-required=\"true\" aria-invalid=\"false\" placeholder=\"Pa\u00eds\" value=\"\" type=\"text\" name=\"country\" \/><\/span>\n<\/p>\n<p><span class=\"wpcf7-form-control-wrap\" data-name=\"your-message\"><textarea cols=\"40\" rows=\"10\" maxlength=\"2000\" class=\"wpcf7-form-control wpcf7-textarea\" aria-invalid=\"false\" placeholder=\"Por favor, escriba su petici\u00f3n...\" name=\"your-message\"><\/textarea><\/span>\n<\/p>\n<p><input class=\"wpcf7-form-control wpcf7-submit has-spinner btn btn-accent\" type=\"submit\" value=\"Enviar\" \/>\n<\/p><p style=\"display: none !important;\" class=\"akismet-fields-container\" data-prefix=\"_wpcf7_ak_\"><label>&#916;<textarea name=\"_wpcf7_ak_hp_textarea\" cols=\"45\" rows=\"8\" maxlength=\"100\"><\/textarea><\/label><input type=\"hidden\" id=\"ak_js_1\" name=\"_wpcf7_ak_js\" value=\"183\"\/><script>document.getElementById( \"ak_js_1\" ).setAttribute( \"value\", ( new Date() ).getTime() );<\/script><\/p><input type='hidden' class='wpcf7-pum' value='{\"closepopup\":false,\"closedelay\":0,\"openpopup\":false,\"openpopup_id\":0}' \/><div class=\"wpcf7-response-output\" aria-hidden=\"true\"><\/div>\n<\/form>\n<\/div>\n[\/vc_column_text][\/vc_column_inner][vc_column_inner column_width_percent=&#8221;100&#8243; gutter_size=&#8221;2&#8243; override_padding=&#8221;yes&#8221; column_padding=&#8221;0&#8243; back_color=&#8221;color-xsdn&#8221; overlay_alpha=&#8221;50&#8243; shift_x=&#8221;0&#8243; shift_y=&#8221;0&#8243; shift_y_down=&#8221;0&#8243; z_index=&#8221;0&#8243; medium_width=&#8221;0&#8243; mobile_width=&#8221;0&#8243; width=&#8221;1\/3&#8243;][vc_column_text css=&#8221;.vc_custom_1616150447880{padding-top: 30px !important;padding-right: 20px !important;padding-bottom: 40px !important;padding-left: 30px !important;}&#8221;]<\/p>\n<h3><span style=\"color: #0047ba;\">Luis Bruel<\/span><\/h3>\n<p><em>General Manager DVA de Colombia<\/em><\/p>\n<p>Por favor, utilice el formulario de contacto para ponerse en contacto con nosotros y conocer m\u00e1s sobre nuestros productos.[\/vc_column_text][\/vc_column_inner][\/vc_row_inner][\/vc_column][\/vc_row]<\/p>\n<\/div>","protected":false},"excerpt":{"rendered":"<p>[vc_row row_height_percent=&#8221;0&#8243; back_image=&#8221;14502&#8243; overlay_color=&#8221;color-156587&#8243; overlay_alpha=&#8221;50&#8243; gutter_size=&#8221;3&#8243; column_width_use_pixel=&#8221;yes&#8221; shift_y=&#8221;0&#8243; z_index=&#8221;0&#8243; column_width_pixel=&#8221;1200&#8243; css=&#8221;.vc_custom_1602232841742{padding-top: 100px !important;padding-bottom: 50px !important;}&#8221;][vc_column column_width_percent=&#8221;100&#8243; gutter_size=&#8221;3&#8243; overlay_alpha=&#8221;50&#8243; shift_x=&#8221;0&#8243; shift_y=&#8221;0&#8243; [&hellip;]<\/p>\n","protected":false},"author":6,"featured_media":0,"parent":0,"menu_order":0,"comment_status":"closed","ping_status":"closed","template":"","meta":{"footnotes":""},"class_list":["post-14956","page","type-page","status-publish","hentry"],"yoast_head":"<!-- This site is optimized with the Yoast SEO Premium plugin v24.9 (Yoast SEO v27.1.1) - https:\/\/yoast.com\/product\/yoast-seo-premium-wordpress\/ -->\n<title>Contacto: \u00a1Cont\u00e1ctanos Para Obtener M\u00e1s Informaci\u00f3n!<\/title>\n<meta name=\"description\" content=\"Cont\u00e1ctanos para obtener m\u00e1s informaci\u00f3n sobre nuestros productos y servicios. Estamos aqu\u00ed para ayudarte con tus necesidades y responder a tus preguntas.\" \/>\n<meta name=\"robots\" content=\"index, follow, max-snippet:-1, max-image-preview:large, max-video-preview:-1\" \/>\n<link rel=\"canonical\" href=\"https:\/\/dva.com\/co\/contacto\/\" \/>\n<meta property=\"og:locale\" content=\"es_ES\" \/>\n<meta property=\"og:type\" content=\"article\" \/>\n<meta property=\"og:title\" content=\"Contacto\" \/>\n<meta property=\"og:description\" content=\"Cont\u00e1ctanos para obtener m\u00e1s informaci\u00f3n sobre nuestros productos y servicios. Estamos aqu\u00ed para ayudarte con tus necesidades y responder a tus preguntas.\" \/>\n<meta property=\"og:url\" content=\"https:\/\/dva.com\/co\/contacto\/\" \/>\n<meta property=\"og:site_name\" content=\"DVA\" \/>\n<meta property=\"article:publisher\" content=\"https:\/\/www.facebook.com\/dvaglobal\" \/>\n<meta name=\"twitter:card\" content=\"summary_large_image\" \/>\n<meta name=\"twitter:label1\" content=\"Tiempo de lectura\" \/>\n\t<meta name=\"twitter:data1\" content=\"1 minute\" \/>\n<script type=\"application\/ld+json\" class=\"yoast-schema-graph\">{\"@context\":\"https:\/\/schema.org\",\"@graph\":[{\"@type\":\"WebPage\",\"@id\":\"https:\/\/dva.com\/co\/contacto\/\",\"url\":\"https:\/\/dva.com\/co\/contacto\/\",\"name\":\"Contacto: \u00a1Cont\u00e1ctanos Para Obtener M\u00e1s Informaci\u00f3n!\",\"isPartOf\":{\"@id\":\"https:\/\/dva.com\/mx\/#website\"},\"datePublished\":\"2020-09-13T15:52:00+00:00\",\"description\":\"Cont\u00e1ctanos para obtener m\u00e1s informaci\u00f3n sobre nuestros productos y servicios. Estamos aqu\u00ed para ayudarte con tus necesidades y responder a tus preguntas.\",\"breadcrumb\":{\"@id\":\"https:\/\/dva.com\/co\/contacto\/#breadcrumb\"},\"inLanguage\":\"es-CO\",\"potentialAction\":[{\"@type\":\"ReadAction\",\"target\":[\"https:\/\/dva.com\/co\/contacto\/\"]}]},{\"@type\":\"BreadcrumbList\",\"@id\":\"https:\/\/dva.com\/co\/contacto\/#breadcrumb\",\"itemListElement\":[{\"@type\":\"ListItem\",\"position\":1,\"name\":\"Home\",\"item\":\"https:\/\/dva.com\/co\/\"},{\"@type\":\"ListItem\",\"position\":2,\"name\":\"Contacto\"}]},{\"@type\":\"WebSite\",\"@id\":\"https:\/\/dva.com\/mx\/#website\",\"url\":\"https:\/\/dva.com\/mx\/\",\"name\":\"DVA\",\"description\":\"GO FURTHER. TOGETHER\",\"publisher\":{\"@id\":\"https:\/\/dva.com\/mx\/#organization\"},\"potentialAction\":[{\"@type\":\"SearchAction\",\"target\":{\"@type\":\"EntryPoint\",\"urlTemplate\":\"https:\/\/dva.com\/mx\/?s={search_term_string}\"},\"query-input\":{\"@type\":\"PropertyValueSpecification\",\"valueRequired\":true,\"valueName\":\"search_term_string\"}}],\"inLanguage\":\"es-CO\"},{\"@type\":\"Organization\",\"@id\":\"https:\/\/dva.com\/mx\/#organization\",\"name\":\"DVA\",\"url\":\"https:\/\/dva.com\/mx\/\",\"logo\":{\"@type\":\"ImageObject\",\"inLanguage\":\"es-CO\",\"@id\":\"https:\/\/dva.com\/mx\/#\/schema\/logo\/image\/\",\"url\":\"https:\/\/dva.com\/wp-content\/uploads\/2020\/05\/dva-group-logo.svg\",\"contentUrl\":\"https:\/\/dva.com\/wp-content\/uploads\/2020\/05\/dva-group-logo.svg\",\"width\":\"1000\",\"height\":\"1000\",\"caption\":\"DVA\"},\"image\":{\"@id\":\"https:\/\/dva.com\/mx\/#\/schema\/logo\/image\/\"},\"sameAs\":[\"https:\/\/www.facebook.com\/dvaglobal\"]}]}<\/script>\n<!-- \/ Yoast SEO Premium plugin. -->","yoast_head_json":{"title":"Contacto: \u00a1Cont\u00e1ctanos Para Obtener M\u00e1s Informaci\u00f3n!","description":"Cont\u00e1ctanos para obtener m\u00e1s informaci\u00f3n sobre nuestros productos y servicios. Estamos aqu\u00ed para ayudarte con tus necesidades y responder a tus preguntas.","robots":{"index":"index","follow":"follow","max-snippet":"max-snippet:-1","max-image-preview":"max-image-preview:large","max-video-preview":"max-video-preview:-1"},"canonical":"https:\/\/dva.com\/co\/contacto\/","og_locale":"es_ES","og_type":"article","og_title":"Contacto","og_description":"Cont\u00e1ctanos para obtener m\u00e1s informaci\u00f3n sobre nuestros productos y servicios. Estamos aqu\u00ed para ayudarte con tus necesidades y responder a tus preguntas.","og_url":"https:\/\/dva.com\/co\/contacto\/","og_site_name":"DVA","article_publisher":"https:\/\/www.facebook.com\/dvaglobal","twitter_card":"summary_large_image","twitter_misc":{"Tiempo de lectura":"1 minute"},"schema":{"@context":"https:\/\/schema.org","@graph":[{"@type":"WebPage","@id":"https:\/\/dva.com\/co\/contacto\/","url":"https:\/\/dva.com\/co\/contacto\/","name":"Contacto: \u00a1Cont\u00e1ctanos Para Obtener M\u00e1s Informaci\u00f3n!","isPartOf":{"@id":"https:\/\/dva.com\/mx\/#website"},"datePublished":"2020-09-13T15:52:00+00:00","description":"Cont\u00e1ctanos para obtener m\u00e1s informaci\u00f3n sobre nuestros productos y servicios. Estamos aqu\u00ed para ayudarte con tus necesidades y responder a tus preguntas.","breadcrumb":{"@id":"https:\/\/dva.com\/co\/contacto\/#breadcrumb"},"inLanguage":"es-CO","potentialAction":[{"@type":"ReadAction","target":["https:\/\/dva.com\/co\/contacto\/"]}]},{"@type":"BreadcrumbList","@id":"https:\/\/dva.com\/co\/contacto\/#breadcrumb","itemListElement":[{"@type":"ListItem","position":1,"name":"Home","item":"https:\/\/dva.com\/co\/"},{"@type":"ListItem","position":2,"name":"Contacto"}]},{"@type":"WebSite","@id":"https:\/\/dva.com\/mx\/#website","url":"https:\/\/dva.com\/mx\/","name":"DVA","description":"GO FURTHER. TOGETHER","publisher":{"@id":"https:\/\/dva.com\/mx\/#organization"},"potentialAction":[{"@type":"SearchAction","target":{"@type":"EntryPoint","urlTemplate":"https:\/\/dva.com\/mx\/?s={search_term_string}"},"query-input":{"@type":"PropertyValueSpecification","valueRequired":true,"valueName":"search_term_string"}}],"inLanguage":"es-CO"},{"@type":"Organization","@id":"https:\/\/dva.com\/mx\/#organization","name":"DVA","url":"https:\/\/dva.com\/mx\/","logo":{"@type":"ImageObject","inLanguage":"es-CO","@id":"https:\/\/dva.com\/mx\/#\/schema\/logo\/image\/","url":"https:\/\/dva.com\/wp-content\/uploads\/2020\/05\/dva-group-logo.svg","contentUrl":"https:\/\/dva.com\/wp-content\/uploads\/2020\/05\/dva-group-logo.svg","width":"1000","height":"1000","caption":"DVA"},"image":{"@id":"https:\/\/dva.com\/mx\/#\/schema\/logo\/image\/"},"sameAs":["https:\/\/www.facebook.com\/dvaglobal"]}]}},"_links":{"self":[{"href":"https:\/\/dva.com\/co\/wp-json\/wp\/v2\/pages\/14956","targetHints":{"allow":["GET"]}}],"collection":[{"href":"https:\/\/dva.com\/co\/wp-json\/wp\/v2\/pages"}],"about":[{"href":"https:\/\/dva.com\/co\/wp-json\/wp\/v2\/types\/page"}],"author":[{"embeddable":true,"href":"https:\/\/dva.com\/co\/wp-json\/wp\/v2\/users\/6"}],"replies":[{"embeddable":true,"href":"https:\/\/dva.com\/co\/wp-json\/wp\/v2\/comments?post=14956"}],"version-history":[{"count":0,"href":"https:\/\/dva.com\/co\/wp-json\/wp\/v2\/pages\/14956\/revisions"}],"wp:attachment":[{"href":"https:\/\/dva.com\/co\/wp-json\/wp\/v2\/media?parent=14956"}],"curies":[{"name":"wp","href":"https:\/\/api.w.org\/{rel}","templated":true}]}}