{"id":232686,"date":"2026-02-18T19:20:02","date_gmt":"2026-02-18T18:20:02","guid":{"rendered":"https:\/\/dva.com\/quienes-somos\/"},"modified":"2026-02-18T19:20:02","modified_gmt":"2026-02-18T18:20:02","slug":"quienes-somos","status":"publish","type":"page","link":"https:\/\/dva.com\/co\/quienes-somos\/","title":{"rendered":"\u00bfQuienes Somos?"},"content":{"rendered":"<div class=\"wpb-content-wrapper\"><p>[vc_row row_height_percent=&#8221;0&#8243; back_image=&#8221;11288&#8243; overlay_alpha=&#8221;50&#8243; gutter_size=&#8221;3&#8243; column_width_percent=&#8221;100&#8243; shift_y=&#8221;0&#8243; z_index=&#8221;0&#8243; row_height_pixel=&#8221;200px&#8221;][vc_column column_width_percent=&#8221;100&#8243; position_vertical=&#8221;bottom&#8221; gutter_size=&#8221;3&#8243; overlay_alpha=&#8221;50&#8243; shift_x=&#8221;0&#8243; shift_y=&#8221;0&#8243; shift_y_down=&#8221;0&#8243; z_index=&#8221;0&#8243; medium_width=&#8221;0&#8243; mobile_width=&#8221;0&#8243; width=&#8221;1\/1&#8243;][\/vc_column][\/vc_row][vc_row row_height_percent=&#8221;0&#8243; overlay_alpha=&#8221;50&#8243; gutter_size=&#8221;3&#8243; column_width_use_pixel=&#8221;yes&#8221; shift_y=&#8221;0&#8243; z_index=&#8221;0&#8243; css=&#8221;.vc_custom_1595171854974{padding-top: 40px !important;}&#8221; column_width_pixel=&#8221;1150&#8243;][vc_column column_width_percent=&#8221;100&#8243; position_vertical=&#8221;middle&#8221; align_horizontal=&#8221;align_center&#8221; gutter_size=&#8221;3&#8243; overlay_alpha=&#8221;50&#8243; shift_x=&#8221;0&#8243; shift_y=&#8221;0&#8243; shift_y_down=&#8221;0&#8243; z_index=&#8221;0&#8243; medium_width=&#8221;0&#8243; mobile_width=&#8221;0&#8243; width=&#8221;1\/1&#8243;][vc_custom_heading text_color=&#8221;color-dva&#8221; text_size=&#8221;fontsize-668570&#8243; text_weight=&#8221;400&#8243; text_transform=&#8221;uppercase&#8221; text_height=&#8221;&#8221;]<span style=\"color: #000000;\">50 a\u00f1os de experiencia.<\/span><br \/>\n<strong>GO FURTHER. TOGETHER<\/strong>[\/vc_custom_heading][vc_separator sep_color=&#8221;color-gyho&#8221;][vc_column_text text_lead=&#8221;yes&#8221; uncode_shortcode_id=&#8221;168640&#8243;]DVA es una empresa qu\u00edmica que opera en todo el mundo. Con 50 a\u00f1os de experiencia en el desarrollo de soluciones inteligentes para mercados e industrias.<br \/>\nEn Colombia nos establecimos en 2003, y contamos con un amplio portafolio de agroqu\u00edmicos post-patentes: herbicidas, insecticidas, fungicidas, fertilizantes especiales y reguladores de crecimiento. Hemos logrado un gran reconocimiento por la calidad de nuestros productos, la capacidad de innovaci\u00f3n y nuestro compromiso con el agro colombiano. Nuestra empresa est\u00e1 respaldada por el grupo DVA INTERNATIONAL GMBH, reconocido mundialmente y con presencia en 14 pa\u00edses. Adem\u00e1s, contamos con fuertes alianzas estrat\u00e9gicas con l\u00edderes en la comercializaci\u00f3n de agroqu\u00edmicos gen\u00e9ricos para la protecci\u00f3n de cultivos.[\/vc_column_text][\/vc_column][\/vc_row][vc_row row_height_percent=&#8221;0&#8243; overlay_alpha=&#8221;50&#8243; gutter_size=&#8221;3&#8243; column_width_use_pixel=&#8221;yes&#8221; shift_y=&#8221;0&#8243; z_index=&#8221;0&#8243; column_width_pixel=&#8221;800&#8243; css=&#8221;.vc_custom_1595172287555{padding-bottom: 40px !important;}&#8221;][vc_column width=&#8221;1\/1&#8243;][vc_column_text]https:\/\/www.youtube.com\/watch?v=vVtxGrfYLwI[\/vc_column_text][\/vc_column][\/vc_row][vc_row row_height_percent=&#8221;0&#8243; overlay_alpha=&#8221;50&#8243; gutter_size=&#8221;3&#8243; column_width_use_pixel=&#8221;yes&#8221; shift_y=&#8221;0&#8243; z_index=&#8221;0&#8243; column_width_pixel=&#8221;1000&#8243;][vc_column width=&#8221;1\/3&#8243;][vc_custom_heading text_size=&#8221;h3&#8243; sub_reduced=&#8221;yes&#8221; subheading=&#8221;Mejoramos continuamente&#8221;]NUESTRA VISI\u00d3N[\/vc_custom_heading][vc_column_text]Mejoramos continuamente para que nuestros clientes y proveedores nos prefieran para ser socios de negocios, y as\u00ed, contribuir a mejorar sus resultados.<\/p>\n<p>Los accionistas tengan crecimiento financiero s\u00f3lido.<\/p>\n<p>Nuestra gente encuentre un extraordinario lugar para trabajar, adem\u00e1s de reconocimiento y opciones para su desarrollo humano y profesional.[\/vc_column_text][\/vc_column][vc_column width=&#8221;1\/3&#8243;][vc_custom_heading text_size=&#8221;h3&#8243; sub_reduced=&#8221;yes&#8221; subheading=&#8221;Proveemos constantemente soluciones&#8221;]NUESTRA MISI\u00d3N[\/vc_custom_heading][vc_column_text]En DVA creamos y proveemos constantemente soluciones que contribuyen al \u00e9xito de nuestros clientes conquistando su confianza a trav\u00e9s del soporte t\u00e9cnico y servicio.[\/vc_column_text][\/vc_column][vc_column width=&#8221;1\/3&#8243;][vc_custom_heading text_size=&#8221;h3&#8243; sub_reduced=&#8221;yes&#8221; subheading=&#8221;Creemos en nuestros principios&#8221;]NUESTROS VALORES[\/vc_custom_heading][vc_column_text]<\/p>\n<ul>\n<li>Pasi\u00f3n<\/li>\n<li>Integridad<\/li>\n<li>Compromiso<\/li>\n<li>Trabajo en equipo<\/li>\n<li>Honestidad<\/li>\n<li>Confianza<\/li>\n<\/ul>\n<p>[\/vc_column_text][\/vc_column][\/vc_row][vc_row row_height_percent=&#8221;0&#8243; overlay_alpha=&#8221;50&#8243; gutter_size=&#8221;3&#8243; column_width_use_pixel=&#8221;yes&#8221; shift_y=&#8221;0&#8243; z_index=&#8221;0&#8243; css=&#8221;.vc_custom_1596067172270{padding-top: 113px !important;}&#8221; column_width_pixel=&#8221;1000&#8243;][vc_column column_width_percent=&#8221;100&#8243; align_horizontal=&#8221;align_center&#8221; gutter_size=&#8221;3&#8243; overlay_alpha=&#8221;50&#8243; shift_x=&#8221;0&#8243; shift_y=&#8221;0&#8243; shift_y_down=&#8221;0&#8243; z_index=&#8221;0&#8243; align_medium=&#8221;align_center_tablet&#8221; medium_width=&#8221;0&#8243; align_mobile=&#8221;align_center_mobile&#8221; mobile_width=&#8221;0&#8243; width=&#8221;1\/1&#8243;][vc_custom_heading text_color=&#8221;color-dva&#8221; text_size=&#8221;fontsize-668570&#8243; text_weight=&#8221;600&#8243; text_transform=&#8221;uppercase&#8221; text_height=&#8221;&#8221;]Nuestras divisiones de negocios[\/vc_custom_heading][vc_row_inner row_inner_height_percent=&#8221;0&#8243; overlay_alpha=&#8221;50&#8243; equal_height=&#8221;yes&#8221; gutter_size=&#8221;3&#8243; shift_y=&#8221;0&#8243; z_index=&#8221;0&#8243; css=&#8221;.vc_custom_1594334171751{padding-top: 25px !important;}&#8221;][vc_column_inner column_width_percent=&#8221;100&#8243; align_horizontal=&#8221;align_center&#8221; gutter_size=&#8221;0&#8243; override_padding=&#8221;yes&#8221; column_padding=&#8221;0&#8243; style=&#8221;light&#8221; overlay_alpha=&#8221;50&#8243; shadow=&#8221;xs&#8221; shift_x=&#8221;0&#8243; shift_y=&#8221;0&#8243; shift_y_down=&#8221;0&#8243; z_index=&#8221;0&#8243; medium_width=&#8221;0&#8243; mobile_width=&#8221;0&#8243; width=&#8221;1\/2&#8243; css=&#8221;.vc_custom_1594334178984{padding-bottom: 30px !important;}&#8221;][vc_column_text]<a href=\"https:\/\/dva.com\/mx\/agro\/\"><img decoding=\"async\" class=\"alignnone size-full wp-image-8979\" src=\"https:\/\/dva.com\/wp-content\/uploads\/2020\/07\/dva-agro.jpg\" alt=\"\" width=\"600\" height=\"700\" srcset=\"https:\/\/dva.com\/wp-content\/uploads\/2020\/07\/dva-agro.jpg 600w, https:\/\/dva.com\/wp-content\/uploads\/2020\/07\/dva-agro-257x300.jpg 257w\" sizes=\"(max-width: 600px) 100vw, 600px\" \/><\/a>[\/vc_column_text][vc_column_text css=&#8221;.vc_custom_1771440069294{padding-top: 20px !important;padding-bottom: 20px !important;}&#8221; uncode_shortcode_id=&#8221;289201&#8243;]<\/p>\n<h1><a href=\"https:\/\/dva.com\/co\/agro\/\"><span style=\"color: #0047ba;\"><strong>DVA PROTECCI\u00d2N DE CULTIVOS<\/strong><\/span><\/a><\/h1>\n<p><em>Soluciones de granjero de la m\u00e1s alta calidad. Dise\u00f1adas en Alemania.<\/em>[\/vc_column_text][vc_button button_color=&#8221;color-wvjs&#8221; size=&#8221;btn-link&#8221; icon_position=&#8221;right&#8221; icon=&#8221;fa fa-arrow-right-thick&#8221; link=&#8221;url:https%3A%2F%2Fdva.com%2Fco%2Fagro%2F|title:proteccion%20de%20cultivos&#8221; button_color_type=&#8221;uncode-palette&#8221; uncode_shortcode_id=&#8221;204573&#8243;]Portafolio de productos[\/vc_button][\/vc_column_inner][vc_column_inner column_width_percent=&#8221;100&#8243; align_horizontal=&#8221;align_center&#8221; gutter_size=&#8221;0&#8243; override_padding=&#8221;yes&#8221; column_padding=&#8221;0&#8243; style=&#8221;light&#8221; overlay_alpha=&#8221;50&#8243; shadow=&#8221;xs&#8221; shift_x=&#8221;0&#8243; shift_y=&#8221;0&#8243; shift_y_down=&#8221;0&#8243; z_index=&#8221;0&#8243; medium_width=&#8221;0&#8243; mobile_width=&#8221;0&#8243; width=&#8221;1\/2&#8243; css=&#8221;.vc_custom_1594334185036{padding-bottom: 25px !important;}&#8221;][vc_column_text]<a href=\"https:\/\/dva.com\/mx\/alimentos\/\"><img decoding=\"async\" class=\"alignnone size-full wp-image-8987\" src=\"https:\/\/dva.com\/wp-content\/uploads\/2020\/07\/dva-foods.jpg\" alt=\"\" width=\"600\" height=\"700\" srcset=\"https:\/\/dva.com\/wp-content\/uploads\/2020\/07\/dva-foods.jpg 600w, https:\/\/dva.com\/wp-content\/uploads\/2020\/07\/dva-foods-257x300.jpg 257w\" sizes=\"(max-width: 600px) 100vw, 600px\" \/><\/a>[\/vc_column_text][vc_column_text css=&#8221;.vc_custom_1771440111806{padding-top: 20px !important;padding-bottom: 20px !important;}&#8221; uncode_shortcode_id=&#8221;508749&#8243;]<\/p>\n<h1><a href=\"https:\/\/dva.com\/co\/health-nutrition\/\"><span style=\"color: #0047ba;\"><strong>DVA ALIMENTOS<\/strong><\/span><\/a><\/h1>\n<p><em>Sistemas de estabilizaci\u00f3n de alimentos, mezclas de micronutrientes y materias primas.<\/em>[\/vc_column_text][vc_button button_color=&#8221;color-wvjs&#8221; size=&#8221;btn-link&#8221; icon_position=&#8221;right&#8221; icon=&#8221;fa fa-arrow-right-thick&#8221; link=&#8221;url:https%3A%2F%2Fdva.com%2Fco%2Fhealth-nutrition%2F|title:alimentos&#8221; button_color_type=&#8221;uncode-palette&#8221; uncode_shortcode_id=&#8221;209079&#8243;]Portafolio de productos[\/vc_button][\/vc_column_inner][\/vc_row_inner][\/vc_column][\/vc_row]<\/p>\n<\/div>","protected":false},"excerpt":{"rendered":"<p>[vc_row row_height_percent=&#8221;0&#8243; back_image=&#8221;11288&#8243; overlay_alpha=&#8221;50&#8243; gutter_size=&#8221;3&#8243; column_width_percent=&#8221;100&#8243; shift_y=&#8221;0&#8243; z_index=&#8221;0&#8243; row_height_pixel=&#8221;200px&#8221;][vc_column column_width_percent=&#8221;100&#8243; position_vertical=&#8221;bottom&#8221; gutter_size=&#8221;3&#8243; overlay_alpha=&#8221;50&#8243; shift_x=&#8221;0&#8243; shift_y=&#8221;0&#8243; shift_y_down=&#8221;0&#8243; z_index=&#8221;0&#8243; medium_width=&#8221;0&#8243; mobile_width=&#8221;0&#8243; width=&#8221;1\/1&#8243;][\/vc_column][\/vc_row][vc_row [&hellip;]<\/p>\n","protected":false},"author":6,"featured_media":11088,"parent":0,"menu_order":0,"comment_status":"closed","ping_status":"closed","template":"","meta":{"footnotes":""},"class_list":["post-232686","page","type-page","status-publish","has-post-thumbnail","hentry"],"yoast_head":"<!-- This site is optimized with the Yoast SEO Premium plugin v24.9 (Yoast SEO v27.1.1) - https:\/\/yoast.com\/product\/yoast-seo-premium-wordpress\/ -->\n<title>\u00bfQuienes Somos?<\/title>\n<meta name=\"robots\" content=\"index, follow, max-snippet:-1, max-image-preview:large, max-video-preview:-1\" \/>\n<link rel=\"canonical\" href=\"https:\/\/dva.com\/co\/quienes-somos\/\" \/>\n<meta property=\"og:locale\" content=\"es_ES\" \/>\n<meta property=\"og:type\" content=\"article\" \/>\n<meta property=\"og:title\" content=\"\u00bfQuienes Somos?\" \/>\n<meta property=\"og:description\" content=\"[vc_row row_height_percent=&#8221;0&#8243; back_image=&#8221;11288&#8243; overlay_alpha=&#8221;50&#8243; gutter_size=&#8221;3&#8243; column_width_percent=&#8221;100&#8243; shift_y=&#8221;0&#8243; z_index=&#8221;0&#8243; row_height_pixel=&#8221;200px&#8221;][vc_column column_width_percent=&#8221;100&#8243; position_vertical=&#8221;bottom&#8221; gutter_size=&#8221;3&#8243; overlay_alpha=&#8221;50&#8243; shift_x=&#8221;0&#8243; shift_y=&#8221;0&#8243; shift_y_down=&#8221;0&#8243; z_index=&#8221;0&#8243; medium_width=&#8221;0&#8243; mobile_width=&#8221;0&#8243; width=&#8221;1\/1&#8243;][\/vc_column][\/vc_row][vc_row [&hellip;]\" \/>\n<meta property=\"og:url\" content=\"https:\/\/dva.com\/co\/quienes-somos\/\" \/>\n<meta property=\"og:site_name\" content=\"DVA\" \/>\n<meta property=\"article:publisher\" content=\"https:\/\/www.facebook.com\/dvaglobal\" \/>\n<meta property=\"og:image\" content=\"https:\/\/dva.com\/wp-content\/uploads\/2020\/07\/earth-header.jpg\" \/>\n\t<meta property=\"og:image:width\" content=\"2200\" \/>\n\t<meta property=\"og:image:height\" content=\"1000\" \/>\n\t<meta property=\"og:image:type\" content=\"image\/jpeg\" \/>\n<meta name=\"twitter:card\" content=\"summary_large_image\" \/>\n<meta name=\"twitter:label1\" content=\"Tiempo de lectura\" \/>\n\t<meta name=\"twitter:data1\" content=\"3 minutes\" \/>\n<script type=\"application\/ld+json\" class=\"yoast-schema-graph\">{\"@context\":\"https:\/\/schema.org\",\"@graph\":[{\"@type\":\"WebPage\",\"@id\":\"https:\/\/dva.com\/co\/quienes-somos\/\",\"url\":\"https:\/\/dva.com\/co\/quienes-somos\/\",\"name\":\"\u00bfQuienes Somos?\",\"isPartOf\":{\"@id\":\"https:\/\/dva.com\/mx\/#website\"},\"primaryImageOfPage\":{\"@id\":\"https:\/\/dva.com\/co\/quienes-somos\/#primaryimage\"},\"image\":{\"@id\":\"https:\/\/dva.com\/co\/quienes-somos\/#primaryimage\"},\"thumbnailUrl\":\"https:\/\/dva.com\/wp-content\/uploads\/2020\/07\/earth-header.jpg\",\"datePublished\":\"2026-02-18T18:20:02+00:00\",\"breadcrumb\":{\"@id\":\"https:\/\/dva.com\/co\/quienes-somos\/#breadcrumb\"},\"inLanguage\":\"es-CO\",\"potentialAction\":[{\"@type\":\"ReadAction\",\"target\":[\"https:\/\/dva.com\/co\/quienes-somos\/\"]}]},{\"@type\":\"ImageObject\",\"inLanguage\":\"es-CO\",\"@id\":\"https:\/\/dva.com\/co\/quienes-somos\/#primaryimage\",\"url\":\"https:\/\/dva.com\/wp-content\/uploads\/2020\/07\/earth-header.jpg\",\"contentUrl\":\"https:\/\/dva.com\/wp-content\/uploads\/2020\/07\/earth-header.jpg\",\"width\":2200,\"height\":1000},{\"@type\":\"BreadcrumbList\",\"@id\":\"https:\/\/dva.com\/co\/quienes-somos\/#breadcrumb\",\"itemListElement\":[{\"@type\":\"ListItem\",\"position\":1,\"name\":\"Home\",\"item\":\"https:\/\/dva.com\/co\/\"},{\"@type\":\"ListItem\",\"position\":2,\"name\":\"\u00bfQuienes Somos?\"}]},{\"@type\":\"WebSite\",\"@id\":\"https:\/\/dva.com\/mx\/#website\",\"url\":\"https:\/\/dva.com\/mx\/\",\"name\":\"DVA\",\"description\":\"GO FURTHER. TOGETHER\",\"publisher\":{\"@id\":\"https:\/\/dva.com\/mx\/#organization\"},\"potentialAction\":[{\"@type\":\"SearchAction\",\"target\":{\"@type\":\"EntryPoint\",\"urlTemplate\":\"https:\/\/dva.com\/mx\/?s={search_term_string}\"},\"query-input\":{\"@type\":\"PropertyValueSpecification\",\"valueRequired\":true,\"valueName\":\"search_term_string\"}}],\"inLanguage\":\"es-CO\"},{\"@type\":\"Organization\",\"@id\":\"https:\/\/dva.com\/mx\/#organization\",\"name\":\"DVA\",\"url\":\"https:\/\/dva.com\/mx\/\",\"logo\":{\"@type\":\"ImageObject\",\"inLanguage\":\"es-CO\",\"@id\":\"https:\/\/dva.com\/mx\/#\/schema\/logo\/image\/\",\"url\":\"https:\/\/dva.com\/wp-content\/uploads\/2020\/05\/dva-group-logo.svg\",\"contentUrl\":\"https:\/\/dva.com\/wp-content\/uploads\/2020\/05\/dva-group-logo.svg\",\"width\":\"1000\",\"height\":\"1000\",\"caption\":\"DVA\"},\"image\":{\"@id\":\"https:\/\/dva.com\/mx\/#\/schema\/logo\/image\/\"},\"sameAs\":[\"https:\/\/www.facebook.com\/dvaglobal\"]}]}<\/script>\n<!-- \/ Yoast SEO Premium plugin. -->","yoast_head_json":{"title":"\u00bfQuienes Somos?","robots":{"index":"index","follow":"follow","max-snippet":"max-snippet:-1","max-image-preview":"max-image-preview:large","max-video-preview":"max-video-preview:-1"},"canonical":"https:\/\/dva.com\/co\/quienes-somos\/","og_locale":"es_ES","og_type":"article","og_title":"\u00bfQuienes Somos?","og_description":"[vc_row row_height_percent=&#8221;0&#8243; back_image=&#8221;11288&#8243; overlay_alpha=&#8221;50&#8243; gutter_size=&#8221;3&#8243; column_width_percent=&#8221;100&#8243; shift_y=&#8221;0&#8243; z_index=&#8221;0&#8243; row_height_pixel=&#8221;200px&#8221;][vc_column column_width_percent=&#8221;100&#8243; position_vertical=&#8221;bottom&#8221; gutter_size=&#8221;3&#8243; overlay_alpha=&#8221;50&#8243; shift_x=&#8221;0&#8243; shift_y=&#8221;0&#8243; shift_y_down=&#8221;0&#8243; z_index=&#8221;0&#8243; medium_width=&#8221;0&#8243; mobile_width=&#8221;0&#8243; width=&#8221;1\/1&#8243;][\/vc_column][\/vc_row][vc_row [&hellip;]","og_url":"https:\/\/dva.com\/co\/quienes-somos\/","og_site_name":"DVA","article_publisher":"https:\/\/www.facebook.com\/dvaglobal","og_image":[{"width":2200,"height":1000,"url":"https:\/\/dva.com\/wp-content\/uploads\/2020\/07\/earth-header.jpg","type":"image\/jpeg"}],"twitter_card":"summary_large_image","twitter_misc":{"Tiempo de lectura":"3 minutes"},"schema":{"@context":"https:\/\/schema.org","@graph":[{"@type":"WebPage","@id":"https:\/\/dva.com\/co\/quienes-somos\/","url":"https:\/\/dva.com\/co\/quienes-somos\/","name":"\u00bfQuienes Somos?","isPartOf":{"@id":"https:\/\/dva.com\/mx\/#website"},"primaryImageOfPage":{"@id":"https:\/\/dva.com\/co\/quienes-somos\/#primaryimage"},"image":{"@id":"https:\/\/dva.com\/co\/quienes-somos\/#primaryimage"},"thumbnailUrl":"https:\/\/dva.com\/wp-content\/uploads\/2020\/07\/earth-header.jpg","datePublished":"2026-02-18T18:20:02+00:00","breadcrumb":{"@id":"https:\/\/dva.com\/co\/quienes-somos\/#breadcrumb"},"inLanguage":"es-CO","potentialAction":[{"@type":"ReadAction","target":["https:\/\/dva.com\/co\/quienes-somos\/"]}]},{"@type":"ImageObject","inLanguage":"es-CO","@id":"https:\/\/dva.com\/co\/quienes-somos\/#primaryimage","url":"https:\/\/dva.com\/wp-content\/uploads\/2020\/07\/earth-header.jpg","contentUrl":"https:\/\/dva.com\/wp-content\/uploads\/2020\/07\/earth-header.jpg","width":2200,"height":1000},{"@type":"BreadcrumbList","@id":"https:\/\/dva.com\/co\/quienes-somos\/#breadcrumb","itemListElement":[{"@type":"ListItem","position":1,"name":"Home","item":"https:\/\/dva.com\/co\/"},{"@type":"ListItem","position":2,"name":"\u00bfQuienes Somos?"}]},{"@type":"WebSite","@id":"https:\/\/dva.com\/mx\/#website","url":"https:\/\/dva.com\/mx\/","name":"DVA","description":"GO FURTHER. TOGETHER","publisher":{"@id":"https:\/\/dva.com\/mx\/#organization"},"potentialAction":[{"@type":"SearchAction","target":{"@type":"EntryPoint","urlTemplate":"https:\/\/dva.com\/mx\/?s={search_term_string}"},"query-input":{"@type":"PropertyValueSpecification","valueRequired":true,"valueName":"search_term_string"}}],"inLanguage":"es-CO"},{"@type":"Organization","@id":"https:\/\/dva.com\/mx\/#organization","name":"DVA","url":"https:\/\/dva.com\/mx\/","logo":{"@type":"ImageObject","inLanguage":"es-CO","@id":"https:\/\/dva.com\/mx\/#\/schema\/logo\/image\/","url":"https:\/\/dva.com\/wp-content\/uploads\/2020\/05\/dva-group-logo.svg","contentUrl":"https:\/\/dva.com\/wp-content\/uploads\/2020\/05\/dva-group-logo.svg","width":"1000","height":"1000","caption":"DVA"},"image":{"@id":"https:\/\/dva.com\/mx\/#\/schema\/logo\/image\/"},"sameAs":["https:\/\/www.facebook.com\/dvaglobal"]}]}},"_links":{"self":[{"href":"https:\/\/dva.com\/co\/wp-json\/wp\/v2\/pages\/232686","targetHints":{"allow":["GET"]}}],"collection":[{"href":"https:\/\/dva.com\/co\/wp-json\/wp\/v2\/pages"}],"about":[{"href":"https:\/\/dva.com\/co\/wp-json\/wp\/v2\/types\/page"}],"author":[{"embeddable":true,"href":"https:\/\/dva.com\/co\/wp-json\/wp\/v2\/users\/6"}],"replies":[{"embeddable":true,"href":"https:\/\/dva.com\/co\/wp-json\/wp\/v2\/comments?post=232686"}],"version-history":[{"count":0,"href":"https:\/\/dva.com\/co\/wp-json\/wp\/v2\/pages\/232686\/revisions"}],"wp:featuredmedia":[{"embeddable":true,"href":"https:\/\/dva.com\/co\/wp-json\/wp\/v2\/media\/11088"}],"wp:attachment":[{"href":"https:\/\/dva.com\/co\/wp-json\/wp\/v2\/media?parent=232686"}],"curies":[{"name":"wp","href":"https:\/\/api.w.org\/{rel}","templated":true}]}}