{"id":12045,"date":"2020-07-20T05:18:30","date_gmt":"2020-07-20T03:18:30","guid":{"rendered":"https:\/\/dva.com\/?page_id=12045"},"modified":"2020-07-20T14:29:12","modified_gmt":"2020-07-20T12:29:12","slug":"karrierestufen","status":"publish","type":"page","link":"https:\/\/dva.com\/de\/global\/karriere\/karrierestufen\/","title":{"rendered":"Karrierestufen"},"content":{"rendered":"<div class=\"wpb-content-wrapper\"><p>[vc_row row_height_percent=&#8220;0&#8243; back_image=&#8220;11770&#8243; overlay_alpha=&#8220;50&#8243; gutter_size=&#8220;3&#8243; column_width_percent=&#8220;100&#8243; shift_y=&#8220;0&#8243; z_index=&#8220;0&#8243; row_height_pixel=&#8220;200px&#8220;][vc_column column_width_percent=&#8220;100&#8243; position_vertical=&#8220;bottom&#8220; gutter_size=&#8220;3&#8243; overlay_alpha=&#8220;50&#8243; shift_x=&#8220;0&#8243; shift_y=&#8220;0&#8243; shift_y_down=&#8220;0&#8243; z_index=&#8220;0&#8243; medium_width=&#8220;0&#8243; mobile_width=&#8220;0&#8243; width=&#8220;1\/1&#8243;][\/vc_column][\/vc_row][vc_row row_height_percent=&#8220;0&#8243; overlay_alpha=&#8220;50&#8243; gutter_size=&#8220;3&#8243; column_width_use_pixel=&#8220;yes&#8220; shift_y=&#8220;0&#8243; z_index=&#8220;0&#8243; css=&#8220;.vc_custom_1595171854974{padding-top: 40px !important;}&#8220; column_width_pixel=&#8220;1150&#8243;][vc_column column_width_percent=&#8220;100&#8243; position_vertical=&#8220;middle&#8220; align_horizontal=&#8220;align_center&#8220; gutter_size=&#8220;3&#8243; overlay_alpha=&#8220;50&#8243; shift_x=&#8220;0&#8243; shift_y=&#8220;0&#8243; shift_y_down=&#8220;0&#8243; z_index=&#8220;0&#8243; medium_width=&#8220;0&#8243; mobile_width=&#8220;0&#8243; width=&#8220;1\/1&#8243;][vc_custom_heading text_size=&#8220;fontsize-668570&#8243; text_weight=&#8220;600&#8243; text_transform=&#8220;uppercase&#8220; text_height=&#8220;&#8220; text_color=&#8220;color-dva&#8220;]Professionals[\/vc_custom_heading][vc_custom_heading heading_semantic=&#8220;h3&#8243; text_weight=&#8220;400&#8243; text_height=&#8220;&#8220; text_color=&#8220;color-dva&#8220;]Die internationale Ausrichtung von DVA und die Vielf\u00e4ltigkeit der Aufgaben bieten eine Vielzahl von beruflichen Perspektiven und Erfolgsm\u00f6glichkeiten. Wir suchen Menschen, die gerne Verantwortung \u00fcbernehmen und ihre Expertise f\u00fcr sich und DVA zielf\u00fchrend einbringen m\u00f6chten. Wir bieten Ihnen nicht nur interessante Herausforderungen im internationalen Umfeld, sondern begleiten Sie auch in Ihrer beruflichen und pers\u00f6nlichen Weiterentwicklung.<\/p>\n<p>Die Leistungsf\u00e4higkeit unserer Mitarbeiter und die Qualit\u00e4t unserer Produkte sind die Grundlage f\u00fcr die weitere Entwicklung unseres Unternehmens in internationalen M\u00e4rkten. Wir bieten Ihnen verschiedene Einsatzm\u00f6glichkeiten. Informieren Sie sich \u00fcber die vakanten Stellen und werden Sie Teil des DVA Teams![\/vc_custom_heading][\/vc_column][\/vc_row][vc_row row_height_percent=&#8220;0&#8243; overlay_alpha=&#8220;50&#8243; equal_height=&#8220;yes&#8220; gutter_size=&#8220;3&#8243; column_width_percent=&#8220;100&#8243; shift_y=&#8220;0&#8243; z_index=&#8220;0&#8243; css=&#8220;.vc_custom_1595176752399{margin-bottom: 50px !important;}&#8220;][vc_column column_width_percent=&#8220;100&#8243; align_horizontal=&#8220;align_center&#8220; gutter_size=&#8220;3&#8243; back_color=&#8220;color-xsdn&#8220; overlay_alpha=&#8220;50&#8243; shift_x=&#8220;0&#8243; shift_y=&#8220;0&#8243; shift_y_down=&#8220;0&#8243; z_index=&#8220;0&#8243; medium_width=&#8220;0&#8243; mobile_width=&#8220;0&#8243; shadow=&#8220;xs&#8220; width=&#8220;1\/3&#8243;][vc_column_text]<\/p>\n<h3><img decoding=\"async\" class=\"aligncenter wp-image-78843\" src=\"https:\/\/dva.com\/wp-content\/uploads\/2018\/10\/teamwork.jpg\" alt=\"\" width=\"350\" height=\"100\" \/><\/h3>\n<h3>Teamplayer<\/h3>\n<p>DVA f\u00f6rdert Individualit\u00e4t und Teamgeist, da uns bewusst ist, dass unser Erfolg auf vielen Schultern getragen wird. Wir schaffen deshalb ein Arbeitsumfeld, in dem sich unsere Mitarbeiter gegenseitig unterst\u00fctzen. Denn nur gemeinsam k\u00f6nnen wir unsere Ziele erreichen![\/vc_column_text][\/vc_column][vc_column column_width_percent=&#8220;100&#8243; align_horizontal=&#8220;align_center&#8220; gutter_size=&#8220;3&#8243; back_color=&#8220;color-xsdn&#8220; overlay_alpha=&#8220;50&#8243; shift_x=&#8220;0&#8243; shift_y=&#8220;0&#8243; shift_y_down=&#8220;0&#8243; z_index=&#8220;0&#8243; medium_width=&#8220;0&#8243; mobile_width=&#8220;0&#8243; shadow=&#8220;xs&#8220; width=&#8220;1\/3&#8243;][vc_column_text]<\/p>\n<h3><img decoding=\"async\" class=\"aligncenter wp-image-78849\" src=\"https:\/\/dva.com\/wp-content\/uploads\/2018\/10\/motivation.jpg\" alt=\"\" width=\"350\" height=\"100\" \/><\/h3>\n<h3>Begeisterung<\/h3>\n<p>Wir suchen nach begeisterten Profis, die ihrer Leidenschaft folgen. Bei DVA bieten wir Ihnen viele M\u00f6glichkeiten, Ihre wahre Berufung zu finden &#8211; zum Beispiel als Lebensmitteltechnologe (m\/w), als Area Sales Manager (m\/w) oder Logistikmitarbeiter im Gro\u00df- und Au\u00dfenhandel (m\/w).[\/vc_column_text][\/vc_column][vc_column column_width_percent=&#8220;100&#8243; align_horizontal=&#8220;align_center&#8220; gutter_size=&#8220;3&#8243; back_color=&#8220;color-xsdn&#8220; overlay_alpha=&#8220;50&#8243; shift_x=&#8220;0&#8243; shift_y=&#8220;0&#8243; shift_y_down=&#8220;0&#8243; z_index=&#8220;0&#8243; medium_width=&#8220;0&#8243; mobile_width=&#8220;0&#8243; shadow=&#8220;xs&#8220; width=&#8220;1\/3&#8243;][vc_column_text]<\/p>\n<h3><img decoding=\"async\" class=\"aligncenter wp-image-78846\" src=\"https:\/\/dva.com\/wp-content\/uploads\/2018\/10\/open-mind.jpg\" alt=\"\" width=\"350\" height=\"100\" \/><\/h3>\n<h3>Offen f\u00fcr Vielfalt<\/h3>\n<p>DVA ist ein global agierender Konzern. Wir stehen t\u00e4glich vor spannenden Herausforderungen. Nur durch die Vielfalt unserer Belegschaft k\u00f6nnen wir uns diesen Anforderungen stellen. Unterschiedliche Denkweisen, Erfahrungen und Perspektiven k\u00f6nnen zu herausragenden Ergebnissen f\u00fchren. Wir sind fest davon \u00fcberzeugt, dass Vielfalt ein entscheidender Faktor f\u00fcr die Steigerung unserer Wettbewerbsf\u00e4higkeit ist.[\/vc_column_text][\/vc_column][\/vc_row][vc_row row_height_percent=&#8220;0&#8243; back_image=&#8220;11778&#8243; overlay_alpha=&#8220;50&#8243; gutter_size=&#8220;3&#8243; column_width_percent=&#8220;100&#8243; shift_y=&#8220;0&#8243; z_index=&#8220;0&#8243; row_height_pixel=&#8220;200px&#8220;][vc_column column_width_percent=&#8220;100&#8243; position_vertical=&#8220;bottom&#8220; gutter_size=&#8220;3&#8243; overlay_alpha=&#8220;50&#8243; shift_x=&#8220;0&#8243; shift_y=&#8220;0&#8243; shift_y_down=&#8220;0&#8243; z_index=&#8220;0&#8243; medium_width=&#8220;0&#8243; mobile_width=&#8220;0&#8243; width=&#8220;1\/1&#8243;][\/vc_column][\/vc_row][vc_row row_height_percent=&#8220;0&#8243; overlay_alpha=&#8220;50&#8243; gutter_size=&#8220;3&#8243; column_width_use_pixel=&#8220;yes&#8220; shift_y=&#8220;0&#8243; z_index=&#8220;0&#8243; css=&#8220;.vc_custom_1595177038866{padding-top: 40px !important;padding-bottom: 50px !important;}&#8220; column_width_pixel=&#8220;1150&#8243;][vc_column column_width_percent=&#8220;100&#8243; position_vertical=&#8220;middle&#8220; align_horizontal=&#8220;align_center&#8220; gutter_size=&#8220;3&#8243; overlay_alpha=&#8220;50&#8243; shift_x=&#8220;0&#8243; shift_y=&#8220;0&#8243; shift_y_down=&#8220;0&#8243; z_index=&#8220;0&#8243; medium_width=&#8220;0&#8243; mobile_width=&#8220;0&#8243; width=&#8220;1\/1&#8243;][vc_custom_heading text_size=&#8220;fontsize-668570&#8243; text_weight=&#8220;600&#8243; text_transform=&#8220;uppercase&#8220; text_height=&#8220;&#8220; text_color=&#8220;color-dva&#8220;]Werkstudenten[\/vc_custom_heading][vc_custom_heading heading_semantic=&#8220;h3&#8243; text_weight=&#8220;400&#8243; text_height=&#8220;&#8220; text_color=&#8220;color-dva&#8220;]Sie suchen eine spannende T\u00e4tigkeit in toller Arbeitsatmosph\u00e4re mit steilen Lernkurven und der Anteilnahme an der Erfolgsgeschichte eines gesund wachsenden Unternehmens? Dann sind Sie bei uns richtig! Wir betrachten Werkstudenten als eine Bereicherung des Teams und erkennen die Ideen und den Einsatz unserer Studierenden hoch an. Wir bieten Ihnen dabei praktische Unterst\u00fctzung und er\u00f6ffnen Ihnen auch perspektivisch interessante M\u00f6glichkeiten. W\u00e4hrend des Semesters k\u00f6nnen Sie bis zu 20 Stunden pro Woche in unserer Zentrale in Hamburg arbeiten. In den Semesterferien sogar in Vollzeit.[\/vc_custom_heading][vc_column_text]<\/p>\n<h3>Absolventen<\/h3>\n<p>Als Trainee nehmen Sie vom ersten Tag an aktiv an unserer Unternehmenskultur teil. Sie absolvieren die wichtigsten Schritte auf Ihrem Karriereweg. Wir sind uns unserer Verantwortung dabei bewusst, deshalb gestalten wir diesen Abschnitt mit gr\u00f6\u00dfter Sorgfalt und ber\u00fccksichtigen dabei Ihre St\u00e4rken und Vorlieben. Welchen Beruf Sie auch w\u00e4hlen: Wir sind f\u00fcr Sie da und bieten Ihnen das bestm\u00f6gliche Trainee-Programm.[\/vc_column_text][\/vc_column][\/vc_row][vc_row row_height_percent=&#8220;0&#8243; back_image=&#8220;11774&#8243; overlay_alpha=&#8220;50&#8243; gutter_size=&#8220;3&#8243; column_width_percent=&#8220;100&#8243; shift_y=&#8220;0&#8243; z_index=&#8220;0&#8243; row_height_pixel=&#8220;200px&#8220;][vc_column column_width_percent=&#8220;100&#8243; position_vertical=&#8220;bottom&#8220; gutter_size=&#8220;3&#8243; overlay_alpha=&#8220;50&#8243; shift_x=&#8220;0&#8243; shift_y=&#8220;0&#8243; shift_y_down=&#8220;0&#8243; z_index=&#8220;0&#8243; medium_width=&#8220;0&#8243; mobile_width=&#8220;0&#8243; width=&#8220;1\/1&#8243;][\/vc_column][\/vc_row][vc_row row_height_percent=&#8220;0&#8243; overlay_alpha=&#8220;50&#8243; gutter_size=&#8220;3&#8243; column_width_use_pixel=&#8220;yes&#8220; shift_y=&#8220;0&#8243; z_index=&#8220;0&#8243; css=&#8220;.vc_custom_1595171854974{padding-top: 40px !important;}&#8220; column_width_pixel=&#8220;1150&#8243;][vc_column column_width_percent=&#8220;100&#8243; position_vertical=&#8220;middle&#8220; align_horizontal=&#8220;align_center&#8220; gutter_size=&#8220;3&#8243; overlay_alpha=&#8220;50&#8243; shift_x=&#8220;0&#8243; shift_y=&#8220;0&#8243; shift_y_down=&#8220;0&#8243; z_index=&#8220;0&#8243; medium_width=&#8220;0&#8243; mobile_width=&#8220;0&#8243; width=&#8220;1\/1&#8243;][vc_custom_heading text_size=&#8220;fontsize-668570&#8243; text_weight=&#8220;600&#8243; text_transform=&#8220;uppercase&#8220; text_height=&#8220;&#8220; text_color=&#8220;color-dva&#8220;]Ausbildung bei DVA[\/vc_custom_heading][vc_custom_heading heading_semantic=&#8220;h3&#8243; text_weight=&#8220;400&#8243; text_height=&#8220;&#8220; text_color=&#8220;color-dva&#8220;]Sie packen Herausforderungen selbstst\u00e4ndig und zuverl\u00e4ssig an? Sie interessieren sich f\u00fcr internationale Zusammenh\u00e4nge von Wirtschaft und Handel? Kontaktieren Sie uns![\/vc_custom_heading][vc_row_inner row_inner_height_percent=&#8220;0&#8243; overlay_alpha=&#8220;50&#8243; equal_height=&#8220;yes&#8220; gutter_size=&#8220;3&#8243; shift_y=&#8220;0&#8243; z_index=&#8220;0&#8243;][vc_column_inner column_width_percent=&#8220;100&#8243; align_horizontal=&#8220;align_center&#8220; gutter_size=&#8220;3&#8243; back_color=&#8220;color-xsdn&#8220; overlay_alpha=&#8220;50&#8243; shift_x=&#8220;0&#8243; shift_y=&#8220;0&#8243; shift_y_down=&#8220;0&#8243; z_index=&#8220;0&#8243; medium_width=&#8220;0&#8243; mobile_width=&#8220;0&#8243; shadow=&#8220;xs&#8220; width=&#8220;1\/2&#8243;][vc_column_text]Wir bieten Ihnen den optimalen Einstieg in eine erfolgreiche Zukunft. Jungen Menschen gleich nach der Schule das Eintauchen in die Berufswelt zu erleichtern, geh\u00f6rt zu unseren Spezialit\u00e4ten. Wir machen diese pr\u00e4gende Erfahrung zu einem Erlebnis, das die Weichen f\u00fcr Ihre erfolgreiche Zukunft stellt.<\/p>\n<p>W\u00e4hrend der Ausbildung durchl\u00e4uft unser Nachwuchs viele unterschiedliche Abteilungen. So erh\u00e4lt jeder Auszubildende einen Einblick, wie ein globales Unternehmen funktioniert. W\u00e4hrend Ihrer Ausbildung achten wir darauf, dass Sie auf interessante Weise fundierte Kenntnisse in Ihrem zuk\u00fcnftigen Beruf erwerben.[\/vc_column_text][\/vc_column_inner][vc_column_inner column_width_percent=&#8220;100&#8243; align_horizontal=&#8220;align_center&#8220; gutter_size=&#8220;3&#8243; back_color=&#8220;color-xsdn&#8220; overlay_alpha=&#8220;50&#8243; shift_x=&#8220;0&#8243; shift_y=&#8220;0&#8243; shift_y_down=&#8220;0&#8243; z_index=&#8220;0&#8243; medium_width=&#8220;0&#8243; mobile_width=&#8220;0&#8243; shadow=&#8220;xs&#8220; width=&#8220;1\/2&#8243;][vc_column_text]Bei der DVA Group dauert die duale Ausbildung zwei oder zweieinhalb Jahre. W\u00e4hrend dieser Zeit lernen alle Auszubildenden, wie die unterschiedlichen Abteilungen eines internationalen Chemieunternehmens genau funktionieren. Als Kauffrau bzw. Kaufmann im Gro\u00df- und Au\u00dfenhandel handeln Sie mit G\u00fctern vieler verschiedener Branchen. Sie kaufen die Produkte bei Herstellern und Lieferanten f\u00fcr unsere Produktion ein oder verkaufen Sie an Handel, Handwerk und Industrie weiter.[\/vc_column_text][\/vc_column_inner][\/vc_row_inner][\/vc_column][\/vc_row]<\/p>\n<\/div>","protected":false},"excerpt":{"rendered":"<p>[vc_row row_height_percent=&#8220;0&#8243; back_image=&#8220;11770&#8243; overlay_alpha=&#8220;50&#8243; gutter_size=&#8220;3&#8243; column_width_percent=&#8220;100&#8243; shift_y=&#8220;0&#8243; z_index=&#8220;0&#8243; row_height_pixel=&#8220;200px&#8220;][vc_column column_width_percent=&#8220;100&#8243; position_vertical=&#8220;bottom&#8220; gutter_size=&#8220;3&#8243; overlay_alpha=&#8220;50&#8243; shift_x=&#8220;0&#8243; shift_y=&#8220;0&#8243; shift_y_down=&#8220;0&#8243; z_index=&#8220;0&#8243; medium_width=&#8220;0&#8243; mobile_width=&#8220;0&#8243; width=&#8220;1\/1&#8243;][\/vc_column][\/vc_row][vc_row [&hellip;]<\/p>\n","protected":false},"author":1,"featured_media":0,"parent":12036,"menu_order":0,"comment_status":"closed","ping_status":"closed","template":"","meta":{"footnotes":""},"class_list":["post-12045","page","type-page","status-publish","hentry"],"yoast_head":"<!-- This site is optimized with the Yoast SEO Premium plugin v24.9 (Yoast SEO v27.1.1) - https:\/\/yoast.com\/product\/yoast-seo-premium-wordpress\/ -->\n<title>Karrierestufen<\/title>\n<meta name=\"robots\" content=\"index, follow, max-snippet:-1, max-image-preview:large, max-video-preview:-1\" \/>\n<link rel=\"canonical\" href=\"https:\/\/dva.com\/global\/careers\/levels\/\" \/>\n<meta property=\"og:locale\" content=\"de_DE\" \/>\n<meta property=\"og:type\" content=\"article\" \/>\n<meta property=\"og:title\" content=\"Karrierestufen\" \/>\n<meta property=\"og:description\" content=\"[vc_row row_height_percent=&#8220;0&#8243; back_image=&#8220;11770&#8243; overlay_alpha=&#8220;50&#8243; gutter_size=&#8220;3&#8243; column_width_percent=&#8220;100&#8243; shift_y=&#8220;0&#8243; z_index=&#8220;0&#8243; row_height_pixel=&#8220;200px&#8220;][vc_column column_width_percent=&#8220;100&#8243; position_vertical=&#8220;bottom&#8220; gutter_size=&#8220;3&#8243; overlay_alpha=&#8220;50&#8243; shift_x=&#8220;0&#8243; shift_y=&#8220;0&#8243; shift_y_down=&#8220;0&#8243; z_index=&#8220;0&#8243; medium_width=&#8220;0&#8243; mobile_width=&#8220;0&#8243; width=&#8220;1\/1&#8243;][\/vc_column][\/vc_row][vc_row [&hellip;]\" \/>\n<meta property=\"og:url\" content=\"https:\/\/dva.com\/global\/careers\/levels\/\" \/>\n<meta property=\"og:site_name\" content=\"DVA\" \/>\n<meta property=\"article:publisher\" content=\"https:\/\/www.facebook.com\/dvaglobal\" \/>\n<meta property=\"article:modified_time\" content=\"2020-07-20T12:29:12+00:00\" \/>\n<meta property=\"og:image\" content=\"https:\/\/dva.com\/wp-content\/uploads\/2023\/03\/3.jpg\" \/>\n\t<meta property=\"og:image:width\" content=\"800\" \/>\n\t<meta property=\"og:image:height\" content=\"800\" \/>\n\t<meta property=\"og:image:type\" content=\"image\/jpeg\" \/>\n<meta name=\"twitter:card\" content=\"summary_large_image\" \/>\n<meta name=\"twitter:label1\" content=\"Gesch\u00e4tzte Lesezeit\" \/>\n\t<meta name=\"twitter:data1\" content=\"7\u00a0Minuten\" \/>\n<script type=\"application\/ld+json\" class=\"yoast-schema-graph\">{\"@context\":\"https:\/\/schema.org\",\"@graph\":[{\"@type\":\"WebPage\",\"@id\":\"https:\/\/dva.com\/global\/careers\/levels\/\",\"url\":\"https:\/\/dva.com\/global\/careers\/levels\/\",\"name\":\"Karrierestufen\",\"isPartOf\":{\"@id\":\"https:\/\/dva.com\/mx\/#website\"},\"primaryImageOfPage\":{\"@id\":\"https:\/\/dva.com\/global\/careers\/levels\/#primaryimage\"},\"image\":{\"@id\":\"https:\/\/dva.com\/global\/careers\/levels\/#primaryimage\"},\"thumbnailUrl\":\"https:\/\/dva.com\/wp-content\/uploads\/2018\/10\/teamwork.jpg\",\"datePublished\":\"2020-07-20T03:18:30+00:00\",\"dateModified\":\"2020-07-20T12:29:12+00:00\",\"breadcrumb\":{\"@id\":\"https:\/\/dva.com\/global\/careers\/levels\/#breadcrumb\"},\"inLanguage\":\"de\",\"potentialAction\":[{\"@type\":\"ReadAction\",\"target\":[\"https:\/\/dva.com\/global\/careers\/levels\/\"]}]},{\"@type\":\"ImageObject\",\"inLanguage\":\"de\",\"@id\":\"https:\/\/dva.com\/global\/careers\/levels\/#primaryimage\",\"url\":\"https:\/\/dva.com\/wp-content\/uploads\/2018\/10\/teamwork.jpg\",\"contentUrl\":\"https:\/\/dva.com\/wp-content\/uploads\/2018\/10\/teamwork.jpg\"},{\"@type\":\"BreadcrumbList\",\"@id\":\"https:\/\/dva.com\/global\/careers\/levels\/#breadcrumb\",\"itemListElement\":[{\"@type\":\"ListItem\",\"position\":1,\"name\":\"Home\",\"item\":\"https:\/\/dva.com\/de\/\"},{\"@type\":\"ListItem\",\"position\":2,\"name\":\"DVA Global \/ Germany\",\"item\":\"https:\/\/dva.com\/de\/\"},{\"@type\":\"ListItem\",\"position\":3,\"name\":\"Karriere\",\"item\":\"https:\/\/dva.com\/de\/global\/karriere\/\"},{\"@type\":\"ListItem\",\"position\":4,\"name\":\"Karrierestufen\"}]},{\"@type\":\"WebSite\",\"@id\":\"https:\/\/dva.com\/mx\/#website\",\"url\":\"https:\/\/dva.com\/mx\/\",\"name\":\"DVA\",\"description\":\"GO FURTHER. TOGETHER\",\"publisher\":{\"@id\":\"https:\/\/dva.com\/mx\/#organization\"},\"potentialAction\":[{\"@type\":\"SearchAction\",\"target\":{\"@type\":\"EntryPoint\",\"urlTemplate\":\"https:\/\/dva.com\/mx\/?s={search_term_string}\"},\"query-input\":{\"@type\":\"PropertyValueSpecification\",\"valueRequired\":true,\"valueName\":\"search_term_string\"}}],\"inLanguage\":\"de\"},{\"@type\":\"Organization\",\"@id\":\"https:\/\/dva.com\/mx\/#organization\",\"name\":\"DVA\",\"url\":\"https:\/\/dva.com\/mx\/\",\"logo\":{\"@type\":\"ImageObject\",\"inLanguage\":\"de\",\"@id\":\"https:\/\/dva.com\/mx\/#\/schema\/logo\/image\/\",\"url\":\"https:\/\/dva.com\/wp-content\/uploads\/2020\/05\/dva-group-logo.svg\",\"contentUrl\":\"https:\/\/dva.com\/wp-content\/uploads\/2020\/05\/dva-group-logo.svg\",\"width\":\"1000\",\"height\":\"1000\",\"caption\":\"DVA\"},\"image\":{\"@id\":\"https:\/\/dva.com\/mx\/#\/schema\/logo\/image\/\"},\"sameAs\":[\"https:\/\/www.facebook.com\/dvaglobal\"]}]}<\/script>\n<!-- \/ Yoast SEO Premium plugin. -->","yoast_head_json":{"title":"Karrierestufen","robots":{"index":"index","follow":"follow","max-snippet":"max-snippet:-1","max-image-preview":"max-image-preview:large","max-video-preview":"max-video-preview:-1"},"canonical":"https:\/\/dva.com\/global\/careers\/levels\/","og_locale":"de_DE","og_type":"article","og_title":"Karrierestufen","og_description":"[vc_row row_height_percent=&#8220;0&#8243; back_image=&#8220;11770&#8243; overlay_alpha=&#8220;50&#8243; gutter_size=&#8220;3&#8243; column_width_percent=&#8220;100&#8243; shift_y=&#8220;0&#8243; z_index=&#8220;0&#8243; row_height_pixel=&#8220;200px&#8220;][vc_column column_width_percent=&#8220;100&#8243; position_vertical=&#8220;bottom&#8220; gutter_size=&#8220;3&#8243; overlay_alpha=&#8220;50&#8243; shift_x=&#8220;0&#8243; shift_y=&#8220;0&#8243; shift_y_down=&#8220;0&#8243; z_index=&#8220;0&#8243; medium_width=&#8220;0&#8243; mobile_width=&#8220;0&#8243; width=&#8220;1\/1&#8243;][\/vc_column][\/vc_row][vc_row [&hellip;]","og_url":"https:\/\/dva.com\/global\/careers\/levels\/","og_site_name":"DVA","article_publisher":"https:\/\/www.facebook.com\/dvaglobal","article_modified_time":"2020-07-20T12:29:12+00:00","og_image":[{"width":800,"height":800,"url":"https:\/\/dva.com\/wp-content\/uploads\/2023\/03\/3.jpg","type":"image\/jpeg"}],"twitter_card":"summary_large_image","twitter_misc":{"Gesch\u00e4tzte Lesezeit":"7\u00a0Minuten"},"schema":{"@context":"https:\/\/schema.org","@graph":[{"@type":"WebPage","@id":"https:\/\/dva.com\/global\/careers\/levels\/","url":"https:\/\/dva.com\/global\/careers\/levels\/","name":"Karrierestufen","isPartOf":{"@id":"https:\/\/dva.com\/mx\/#website"},"primaryImageOfPage":{"@id":"https:\/\/dva.com\/global\/careers\/levels\/#primaryimage"},"image":{"@id":"https:\/\/dva.com\/global\/careers\/levels\/#primaryimage"},"thumbnailUrl":"https:\/\/dva.com\/wp-content\/uploads\/2018\/10\/teamwork.jpg","datePublished":"2020-07-20T03:18:30+00:00","dateModified":"2020-07-20T12:29:12+00:00","breadcrumb":{"@id":"https:\/\/dva.com\/global\/careers\/levels\/#breadcrumb"},"inLanguage":"de","potentialAction":[{"@type":"ReadAction","target":["https:\/\/dva.com\/global\/careers\/levels\/"]}]},{"@type":"ImageObject","inLanguage":"de","@id":"https:\/\/dva.com\/global\/careers\/levels\/#primaryimage","url":"https:\/\/dva.com\/wp-content\/uploads\/2018\/10\/teamwork.jpg","contentUrl":"https:\/\/dva.com\/wp-content\/uploads\/2018\/10\/teamwork.jpg"},{"@type":"BreadcrumbList","@id":"https:\/\/dva.com\/global\/careers\/levels\/#breadcrumb","itemListElement":[{"@type":"ListItem","position":1,"name":"Home","item":"https:\/\/dva.com\/de\/"},{"@type":"ListItem","position":2,"name":"DVA Global \/ Germany","item":"https:\/\/dva.com\/de\/"},{"@type":"ListItem","position":3,"name":"Karriere","item":"https:\/\/dva.com\/de\/global\/karriere\/"},{"@type":"ListItem","position":4,"name":"Karrierestufen"}]},{"@type":"WebSite","@id":"https:\/\/dva.com\/mx\/#website","url":"https:\/\/dva.com\/mx\/","name":"DVA","description":"GO FURTHER. TOGETHER","publisher":{"@id":"https:\/\/dva.com\/mx\/#organization"},"potentialAction":[{"@type":"SearchAction","target":{"@type":"EntryPoint","urlTemplate":"https:\/\/dva.com\/mx\/?s={search_term_string}"},"query-input":{"@type":"PropertyValueSpecification","valueRequired":true,"valueName":"search_term_string"}}],"inLanguage":"de"},{"@type":"Organization","@id":"https:\/\/dva.com\/mx\/#organization","name":"DVA","url":"https:\/\/dva.com\/mx\/","logo":{"@type":"ImageObject","inLanguage":"de","@id":"https:\/\/dva.com\/mx\/#\/schema\/logo\/image\/","url":"https:\/\/dva.com\/wp-content\/uploads\/2020\/05\/dva-group-logo.svg","contentUrl":"https:\/\/dva.com\/wp-content\/uploads\/2020\/05\/dva-group-logo.svg","width":"1000","height":"1000","caption":"DVA"},"image":{"@id":"https:\/\/dva.com\/mx\/#\/schema\/logo\/image\/"},"sameAs":["https:\/\/www.facebook.com\/dvaglobal"]}]}},"_links":{"self":[{"href":"https:\/\/dva.com\/de\/wp-json\/wp\/v2\/pages\/12045","targetHints":{"allow":["GET"]}}],"collection":[{"href":"https:\/\/dva.com\/de\/wp-json\/wp\/v2\/pages"}],"about":[{"href":"https:\/\/dva.com\/de\/wp-json\/wp\/v2\/types\/page"}],"author":[{"embeddable":true,"href":"https:\/\/dva.com\/de\/wp-json\/wp\/v2\/users\/1"}],"replies":[{"embeddable":true,"href":"https:\/\/dva.com\/de\/wp-json\/wp\/v2\/comments?post=12045"}],"version-history":[{"count":0,"href":"https:\/\/dva.com\/de\/wp-json\/wp\/v2\/pages\/12045\/revisions"}],"up":[{"embeddable":true,"href":"https:\/\/dva.com\/de\/wp-json\/wp\/v2\/pages\/12036"}],"wp:attachment":[{"href":"https:\/\/dva.com\/de\/wp-json\/wp\/v2\/media?parent=12045"}],"curies":[{"name":"wp","href":"https:\/\/api.w.org\/{rel}","templated":true}]}}