{"id":12051,"date":"2020-07-20T05:19:53","date_gmt":"2020-07-20T03:19:53","guid":{"rendered":"https:\/\/dva.com\/?page_id=12051"},"modified":"2020-07-20T14:36:37","modified_gmt":"2020-07-20T12:36:37","slug":"faq","status":"publish","type":"page","link":"https:\/\/dva.com\/de\/global\/karriere\/faq\/","title":{"rendered":"Job FAQ"},"content":{"rendered":"<div class=\"wpb-content-wrapper\"><p>[vc_row row_height_percent=&#8220;0&#8243; back_image=&#8220;11116&#8243; overlay_alpha=&#8220;50&#8243; gutter_size=&#8220;3&#8243; column_width_percent=&#8220;100&#8243; shift_y=&#8220;0&#8243; z_index=&#8220;0&#8243; row_height_pixel=&#8220;200px&#8220;][vc_column column_width_percent=&#8220;100&#8243; position_vertical=&#8220;bottom&#8220; gutter_size=&#8220;3&#8243; overlay_alpha=&#8220;50&#8243; shift_x=&#8220;0&#8243; shift_y=&#8220;0&#8243; shift_y_down=&#8220;0&#8243; z_index=&#8220;0&#8243; medium_width=&#8220;0&#8243; mobile_width=&#8220;0&#8243; width=&#8220;1\/1&#8243;][\/vc_column][\/vc_row][vc_row row_height_percent=&#8220;0&#8243; overlay_alpha=&#8220;50&#8243; gutter_size=&#8220;3&#8243; column_width_use_pixel=&#8220;yes&#8220; shift_y=&#8220;0&#8243; z_index=&#8220;0&#8243; css=&#8220;.vc_custom_1595171854974{padding-top: 40px !important;}&#8220; column_width_pixel=&#8220;1150&#8243;][vc_column column_width_percent=&#8220;100&#8243; position_vertical=&#8220;middle&#8220; align_horizontal=&#8220;align_center&#8220; gutter_size=&#8220;3&#8243; overlay_alpha=&#8220;50&#8243; shift_x=&#8220;0&#8243; shift_y=&#8220;0&#8243; shift_y_down=&#8220;0&#8243; z_index=&#8220;0&#8243; medium_width=&#8220;0&#8243; mobile_width=&#8220;0&#8243; width=&#8220;1\/1&#8243;][vc_custom_heading text_size=&#8220;fontsize-668570&#8243; text_weight=&#8220;600&#8243; text_transform=&#8220;uppercase&#8220; text_height=&#8220;&#8220; text_color=&#8220;color-dva&#8220;]H\u00e4ufig gestellte Fragen[\/vc_custom_heading][\/vc_column][\/vc_row][vc_row row_height_percent=&#8220;0&#8243; overlay_alpha=&#8220;50&#8243; gutter_size=&#8220;3&#8243; column_width_use_pixel=&#8220;yes&#8220; shift_y=&#8220;0&#8243; z_index=&#8220;0&#8243; row_name=&#8220;start&#8220; column_width_pixel=&#8220;1150&#8243;][vc_column width=&#8220;2\/3&#8243;][vc_accordion active_tab=&#8220;0&#8243;][vc_accordion_tab title=&#8220;Wie reiche ich meine Bewerbung bei DVA ein?&#8220; tab_id=&#8220;1526257315-1-57&#8243;][vc_column_text]Sie k\u00f6nnen sich online \u00fcber unser Portal bewerben. Wir bevorzugen papierlose Bewerbungen, da sie umweltfreundlich sind.[\/vc_column_text][\/vc_accordion_tab][vc_accordion_tab title=&#8220;Welche Dokumente sollte ich bei meiner Bewerbung einreichen?&#8220; tab_id=&#8220;1526257315-2-47&#8243;][vc_column_text]Wir bitten Sie um vollst\u00e4ndige Unterlagen bei der Bewerbung. Neben einem Anschreiben geh\u00f6ren ein Lebenslauf sowie Arbeits- und Ausbildungszeugnisse dazu.[\/vc_column_text][\/vc_accordion_tab][vc_accordion_tab title=&#8220;Wie werden Bewerber ausgew\u00e4hlt?&#8220; tab_id=&#8220;1526257610774-2-0&#8243;][vc_column_text]Falls Ihr berufliches Profil zu unserer Stellenausschreibung passt, laden wir Sie zu einem Gespr\u00e4ch ein. Hierdurch lernen Sie das Unternehmen und Ihren k\u00fcnftigen T\u00e4tigkeitsbereich pers\u00f6nlich kennenlernen.[\/vc_column_text][\/vc_accordion_tab][vc_accordion_tab title=&#8220;Ver\u00f6ffentlicht DVA alle ausgeschriebenen Stellen?&#8220; tab_id=&#8220;1526257627356-3-6&#8243;][vc_column_text]Ja, wir pr\u00e4sentieren alle offenen Stellen auf unserer <a href=\"https:\/\/dva.com\/de\/karriere\/jobs\/\"><strong>Karriereseite<\/strong><\/a>.[\/vc_column_text][\/vc_accordion_tab][vc_accordion_tab title=&#8220;Wie lange speichert die DVA Group meine Daten?&#8220; tab_id=&#8220;1526257641251-4-3&#8243;][vc_column_text]Wir behandeln Ihre Bewerbungsunterlagen streng vertraulich. Nur direkt betroffene Personen im Personalbereich und in den zust\u00e4ndigen Fachabteilungen erhalten Zugang zu Ihren Daten. Sobald das Bewerbungsverfahren abgeschlossen ist, behalten wir Ihre Daten noch f\u00fcr zwei Monate in unserer Datenbank. Anschlie\u00dfend werden diese vollst\u00e4ndig aus unserem System gel\u00f6scht. Nat\u00fcrlich k\u00f6nnen Sie jederzeit veranlassen, dass wir Ihre Daten sofort l\u00f6schen.[\/vc_column_text][\/vc_accordion_tab][\/vc_accordion][\/vc_column][vc_column column_width_percent=&#8220;100&#8243; gutter_size=&#8220;3&#8243; override_padding=&#8220;yes&#8220; column_padding=&#8220;0&#8243; back_color=&#8220;color-xsdn&#8220; overlay_color=&#8220;color-xsdn&#8220; overlay_alpha=&#8220;50&#8243; shift_x=&#8220;0&#8243; shift_y=&#8220;0&#8243; shift_y_down=&#8220;0&#8243; z_index=&#8220;0&#8243; medium_width=&#8220;0&#8243; mobile_width=&#8220;0&#8243; shadow=&#8220;xs&#8220; radius=&#8220;xs&#8220; width=&#8220;1\/3&#8243; css=&#8220;.vc_custom_1554909658954{padding-top: 0px !important;padding-right: 0px !important;padding-bottom: 0px !important;padding-left: 0px !important;}&#8220;][vc_column_text]<img decoding=\"async\" class=\"size-full wp-image-10854 aligncenter\" src=\"https:\/\/dva.com\/wp-content\/uploads\/2020\/07\/contact-dva.jpg\" alt=\"\" width=\"700\" height=\"450\" srcset=\"https:\/\/dva.com\/wp-content\/uploads\/2020\/07\/contact-dva.jpg 700w, https:\/\/dva.com\/wp-content\/uploads\/2020\/07\/contact-dva-300x193.jpg 300w\" sizes=\"(max-width: 700px) 100vw, 700px\" \/>[\/vc_column_text][vc_column_text css=&#8220;.vc_custom_1595248581001{margin-top: 0px !important;border-top-width: 0px !important;border-right-width: 10px !important;padding-top: 22px !important;padding-bottom: 25px !important;padding-left: 22px !important;}&#8220;]<\/p>\n<h3>Kontaktieren Sie uns<\/h3>\n<p><strong>Ana Pfister<\/strong><br \/>\nHead of Human Resources<\/p>\n<p><strong>Tel.:<\/strong> +49 (0) 40 822285 5<br \/>\n<strong>Email:<\/strong> <a href=\"\/de\/kontakt\">Kontaktformular<\/a>[\/vc_column_text][\/vc_column][\/vc_row]<\/p>\n<\/div>","protected":false},"excerpt":{"rendered":"<p>[vc_row row_height_percent=&#8220;0&#8243; back_image=&#8220;11116&#8243; overlay_alpha=&#8220;50&#8243; gutter_size=&#8220;3&#8243; column_width_percent=&#8220;100&#8243; shift_y=&#8220;0&#8243; z_index=&#8220;0&#8243; row_height_pixel=&#8220;200px&#8220;][vc_column column_width_percent=&#8220;100&#8243; position_vertical=&#8220;bottom&#8220; gutter_size=&#8220;3&#8243; overlay_alpha=&#8220;50&#8243; shift_x=&#8220;0&#8243; shift_y=&#8220;0&#8243; shift_y_down=&#8220;0&#8243; z_index=&#8220;0&#8243; medium_width=&#8220;0&#8243; mobile_width=&#8220;0&#8243; width=&#8220;1\/1&#8243;][\/vc_column][\/vc_row][vc_row [&hellip;]<\/p>\n","protected":false},"author":1,"featured_media":0,"parent":12036,"menu_order":0,"comment_status":"closed","ping_status":"closed","template":"","meta":{"footnotes":""},"class_list":["post-12051","page","type-page","status-publish","hentry"],"yoast_head":"<!-- This site is optimized with the Yoast SEO Premium plugin v24.9 (Yoast SEO v27.1.1) - https:\/\/yoast.com\/product\/yoast-seo-premium-wordpress\/ -->\n<title>Job FAQ<\/title>\n<meta name=\"robots\" content=\"index, follow, max-snippet:-1, max-image-preview:large, max-video-preview:-1\" \/>\n<link rel=\"canonical\" href=\"https:\/\/dva.com\/global\/careers\/faq\/\" \/>\n<meta property=\"og:locale\" content=\"de_DE\" \/>\n<meta property=\"og:type\" content=\"article\" \/>\n<meta property=\"og:title\" content=\"Job FAQ\" \/>\n<meta property=\"og:description\" content=\"[vc_row row_height_percent=&#8220;0&#8243; back_image=&#8220;11116&#8243; overlay_alpha=&#8220;50&#8243; gutter_size=&#8220;3&#8243; column_width_percent=&#8220;100&#8243; shift_y=&#8220;0&#8243; z_index=&#8220;0&#8243; row_height_pixel=&#8220;200px&#8220;][vc_column column_width_percent=&#8220;100&#8243; position_vertical=&#8220;bottom&#8220; gutter_size=&#8220;3&#8243; overlay_alpha=&#8220;50&#8243; shift_x=&#8220;0&#8243; shift_y=&#8220;0&#8243; shift_y_down=&#8220;0&#8243; z_index=&#8220;0&#8243; medium_width=&#8220;0&#8243; mobile_width=&#8220;0&#8243; width=&#8220;1\/1&#8243;][\/vc_column][\/vc_row][vc_row [&hellip;]\" \/>\n<meta property=\"og:url\" content=\"https:\/\/dva.com\/global\/careers\/faq\/\" \/>\n<meta property=\"og:site_name\" content=\"DVA\" \/>\n<meta property=\"article:publisher\" content=\"https:\/\/www.facebook.com\/dvaglobal\" \/>\n<meta property=\"article:modified_time\" content=\"2020-07-20T12:36:37+00:00\" \/>\n<meta property=\"og:image\" content=\"https:\/\/dva.com\/wp-content\/uploads\/2020\/07\/contact-dva.jpg\" \/>\n\t<meta property=\"og:image:width\" content=\"700\" \/>\n\t<meta property=\"og:image:height\" content=\"450\" \/>\n\t<meta property=\"og:image:type\" content=\"image\/jpeg\" \/>\n<meta name=\"twitter:card\" content=\"summary_large_image\" \/>\n<meta name=\"twitter:label1\" content=\"Gesch\u00e4tzte Lesezeit\" \/>\n\t<meta name=\"twitter:data1\" content=\"3\u00a0Minuten\" \/>\n<script type=\"application\/ld+json\" class=\"yoast-schema-graph\">{\"@context\":\"https:\/\/schema.org\",\"@graph\":[{\"@type\":\"WebPage\",\"@id\":\"https:\/\/dva.com\/global\/careers\/faq\/\",\"url\":\"https:\/\/dva.com\/global\/careers\/faq\/\",\"name\":\"Job FAQ\",\"isPartOf\":{\"@id\":\"https:\/\/dva.com\/mx\/#website\"},\"primaryImageOfPage\":{\"@id\":\"https:\/\/dva.com\/global\/careers\/faq\/#primaryimage\"},\"image\":{\"@id\":\"https:\/\/dva.com\/global\/careers\/faq\/#primaryimage\"},\"thumbnailUrl\":\"https:\/\/dva.com\/wp-content\/uploads\/2020\/07\/contact-dva.jpg\",\"datePublished\":\"2020-07-20T03:19:53+00:00\",\"dateModified\":\"2020-07-20T12:36:37+00:00\",\"breadcrumb\":{\"@id\":\"https:\/\/dva.com\/global\/careers\/faq\/#breadcrumb\"},\"inLanguage\":\"de\",\"potentialAction\":[{\"@type\":\"ReadAction\",\"target\":[\"https:\/\/dva.com\/global\/careers\/faq\/\"]}]},{\"@type\":\"ImageObject\",\"inLanguage\":\"de\",\"@id\":\"https:\/\/dva.com\/global\/careers\/faq\/#primaryimage\",\"url\":\"https:\/\/dva.com\/wp-content\/uploads\/2020\/07\/contact-dva.jpg\",\"contentUrl\":\"https:\/\/dva.com\/wp-content\/uploads\/2020\/07\/contact-dva.jpg\"},{\"@type\":\"BreadcrumbList\",\"@id\":\"https:\/\/dva.com\/global\/careers\/faq\/#breadcrumb\",\"itemListElement\":[{\"@type\":\"ListItem\",\"position\":1,\"name\":\"Home\",\"item\":\"https:\/\/dva.com\/de\/\"},{\"@type\":\"ListItem\",\"position\":2,\"name\":\"DVA Global \/ Germany\",\"item\":\"https:\/\/dva.com\/de\/\"},{\"@type\":\"ListItem\",\"position\":3,\"name\":\"Karriere\",\"item\":\"https:\/\/dva.com\/de\/global\/karriere\/\"},{\"@type\":\"ListItem\",\"position\":4,\"name\":\"Job FAQ\"}]},{\"@type\":\"WebSite\",\"@id\":\"https:\/\/dva.com\/mx\/#website\",\"url\":\"https:\/\/dva.com\/mx\/\",\"name\":\"DVA\",\"description\":\"GO FURTHER. TOGETHER\",\"publisher\":{\"@id\":\"https:\/\/dva.com\/mx\/#organization\"},\"potentialAction\":[{\"@type\":\"SearchAction\",\"target\":{\"@type\":\"EntryPoint\",\"urlTemplate\":\"https:\/\/dva.com\/mx\/?s={search_term_string}\"},\"query-input\":{\"@type\":\"PropertyValueSpecification\",\"valueRequired\":true,\"valueName\":\"search_term_string\"}}],\"inLanguage\":\"de\"},{\"@type\":\"Organization\",\"@id\":\"https:\/\/dva.com\/mx\/#organization\",\"name\":\"DVA\",\"url\":\"https:\/\/dva.com\/mx\/\",\"logo\":{\"@type\":\"ImageObject\",\"inLanguage\":\"de\",\"@id\":\"https:\/\/dva.com\/mx\/#\/schema\/logo\/image\/\",\"url\":\"https:\/\/dva.com\/wp-content\/uploads\/2020\/05\/dva-group-logo.svg\",\"contentUrl\":\"https:\/\/dva.com\/wp-content\/uploads\/2020\/05\/dva-group-logo.svg\",\"width\":\"1000\",\"height\":\"1000\",\"caption\":\"DVA\"},\"image\":{\"@id\":\"https:\/\/dva.com\/mx\/#\/schema\/logo\/image\/\"},\"sameAs\":[\"https:\/\/www.facebook.com\/dvaglobal\"]}]}<\/script>\n<!-- \/ Yoast SEO Premium plugin. -->","yoast_head_json":{"title":"Job FAQ","robots":{"index":"index","follow":"follow","max-snippet":"max-snippet:-1","max-image-preview":"max-image-preview:large","max-video-preview":"max-video-preview:-1"},"canonical":"https:\/\/dva.com\/global\/careers\/faq\/","og_locale":"de_DE","og_type":"article","og_title":"Job FAQ","og_description":"[vc_row row_height_percent=&#8220;0&#8243; back_image=&#8220;11116&#8243; overlay_alpha=&#8220;50&#8243; gutter_size=&#8220;3&#8243; column_width_percent=&#8220;100&#8243; shift_y=&#8220;0&#8243; z_index=&#8220;0&#8243; row_height_pixel=&#8220;200px&#8220;][vc_column column_width_percent=&#8220;100&#8243; position_vertical=&#8220;bottom&#8220; gutter_size=&#8220;3&#8243; overlay_alpha=&#8220;50&#8243; shift_x=&#8220;0&#8243; shift_y=&#8220;0&#8243; shift_y_down=&#8220;0&#8243; z_index=&#8220;0&#8243; medium_width=&#8220;0&#8243; mobile_width=&#8220;0&#8243; width=&#8220;1\/1&#8243;][\/vc_column][\/vc_row][vc_row [&hellip;]","og_url":"https:\/\/dva.com\/global\/careers\/faq\/","og_site_name":"DVA","article_publisher":"https:\/\/www.facebook.com\/dvaglobal","article_modified_time":"2020-07-20T12:36:37+00:00","og_image":[{"width":700,"height":450,"url":"https:\/\/dva.com\/wp-content\/uploads\/2020\/07\/contact-dva.jpg","type":"image\/jpeg"}],"twitter_card":"summary_large_image","twitter_misc":{"Gesch\u00e4tzte Lesezeit":"3\u00a0Minuten"},"schema":{"@context":"https:\/\/schema.org","@graph":[{"@type":"WebPage","@id":"https:\/\/dva.com\/global\/careers\/faq\/","url":"https:\/\/dva.com\/global\/careers\/faq\/","name":"Job FAQ","isPartOf":{"@id":"https:\/\/dva.com\/mx\/#website"},"primaryImageOfPage":{"@id":"https:\/\/dva.com\/global\/careers\/faq\/#primaryimage"},"image":{"@id":"https:\/\/dva.com\/global\/careers\/faq\/#primaryimage"},"thumbnailUrl":"https:\/\/dva.com\/wp-content\/uploads\/2020\/07\/contact-dva.jpg","datePublished":"2020-07-20T03:19:53+00:00","dateModified":"2020-07-20T12:36:37+00:00","breadcrumb":{"@id":"https:\/\/dva.com\/global\/careers\/faq\/#breadcrumb"},"inLanguage":"de","potentialAction":[{"@type":"ReadAction","target":["https:\/\/dva.com\/global\/careers\/faq\/"]}]},{"@type":"ImageObject","inLanguage":"de","@id":"https:\/\/dva.com\/global\/careers\/faq\/#primaryimage","url":"https:\/\/dva.com\/wp-content\/uploads\/2020\/07\/contact-dva.jpg","contentUrl":"https:\/\/dva.com\/wp-content\/uploads\/2020\/07\/contact-dva.jpg"},{"@type":"BreadcrumbList","@id":"https:\/\/dva.com\/global\/careers\/faq\/#breadcrumb","itemListElement":[{"@type":"ListItem","position":1,"name":"Home","item":"https:\/\/dva.com\/de\/"},{"@type":"ListItem","position":2,"name":"DVA Global \/ Germany","item":"https:\/\/dva.com\/de\/"},{"@type":"ListItem","position":3,"name":"Karriere","item":"https:\/\/dva.com\/de\/global\/karriere\/"},{"@type":"ListItem","position":4,"name":"Job FAQ"}]},{"@type":"WebSite","@id":"https:\/\/dva.com\/mx\/#website","url":"https:\/\/dva.com\/mx\/","name":"DVA","description":"GO FURTHER. TOGETHER","publisher":{"@id":"https:\/\/dva.com\/mx\/#organization"},"potentialAction":[{"@type":"SearchAction","target":{"@type":"EntryPoint","urlTemplate":"https:\/\/dva.com\/mx\/?s={search_term_string}"},"query-input":{"@type":"PropertyValueSpecification","valueRequired":true,"valueName":"search_term_string"}}],"inLanguage":"de"},{"@type":"Organization","@id":"https:\/\/dva.com\/mx\/#organization","name":"DVA","url":"https:\/\/dva.com\/mx\/","logo":{"@type":"ImageObject","inLanguage":"de","@id":"https:\/\/dva.com\/mx\/#\/schema\/logo\/image\/","url":"https:\/\/dva.com\/wp-content\/uploads\/2020\/05\/dva-group-logo.svg","contentUrl":"https:\/\/dva.com\/wp-content\/uploads\/2020\/05\/dva-group-logo.svg","width":"1000","height":"1000","caption":"DVA"},"image":{"@id":"https:\/\/dva.com\/mx\/#\/schema\/logo\/image\/"},"sameAs":["https:\/\/www.facebook.com\/dvaglobal"]}]}},"_links":{"self":[{"href":"https:\/\/dva.com\/de\/wp-json\/wp\/v2\/pages\/12051","targetHints":{"allow":["GET"]}}],"collection":[{"href":"https:\/\/dva.com\/de\/wp-json\/wp\/v2\/pages"}],"about":[{"href":"https:\/\/dva.com\/de\/wp-json\/wp\/v2\/types\/page"}],"author":[{"embeddable":true,"href":"https:\/\/dva.com\/de\/wp-json\/wp\/v2\/users\/1"}],"replies":[{"embeddable":true,"href":"https:\/\/dva.com\/de\/wp-json\/wp\/v2\/comments?post=12051"}],"version-history":[{"count":0,"href":"https:\/\/dva.com\/de\/wp-json\/wp\/v2\/pages\/12051\/revisions"}],"up":[{"embeddable":true,"href":"https:\/\/dva.com\/de\/wp-json\/wp\/v2\/pages\/12036"}],"wp:attachment":[{"href":"https:\/\/dva.com\/de\/wp-json\/wp\/v2\/media?parent=12051"}],"curies":[{"name":"wp","href":"https:\/\/api.w.org\/{rel}","templated":true}]}}