{"id":12239,"date":"2020-07-20T15:58:45","date_gmt":"2020-07-20T13:58:45","guid":{"rendered":"https:\/\/dva.com\/?page_id=12239"},"modified":"2020-07-20T15:58:45","modified_gmt":"2020-07-20T13:58:45","slug":"niveles-de-carrera","status":"publish","type":"page","link":"https:\/\/dva.com\/es\/global\/carrera\/niveles-de-carrera\/","title":{"rendered":"Niveles de carrera"},"content":{"rendered":"<div class=\"wpb-content-wrapper\"><p>[vc_row row_height_percent=&#8221;0&#8243; back_image=&#8221;11770&#8243; overlay_alpha=&#8221;50&#8243; gutter_size=&#8221;3&#8243; column_width_percent=&#8221;100&#8243; shift_y=&#8221;0&#8243; z_index=&#8221;0&#8243; row_height_pixel=&#8221;200px&#8221;][vc_column column_width_percent=&#8221;100&#8243; position_vertical=&#8221;bottom&#8221; gutter_size=&#8221;3&#8243; overlay_alpha=&#8221;50&#8243; shift_x=&#8221;0&#8243; shift_y=&#8221;0&#8243; shift_y_down=&#8221;0&#8243; z_index=&#8221;0&#8243; medium_width=&#8221;0&#8243; mobile_width=&#8221;0&#8243; width=&#8221;1\/1&#8243;][\/vc_column][\/vc_row][vc_row row_height_percent=&#8221;0&#8243; overlay_alpha=&#8221;50&#8243; gutter_size=&#8221;3&#8243; column_width_use_pixel=&#8221;yes&#8221; shift_y=&#8221;0&#8243; z_index=&#8221;0&#8243; css=&#8221;.vc_custom_1595171854974{padding-top: 40px !important;}&#8221; column_width_pixel=&#8221;1150&#8243;][vc_column column_width_percent=&#8221;100&#8243; position_vertical=&#8221;middle&#8221; align_horizontal=&#8221;align_center&#8221; gutter_size=&#8221;3&#8243; overlay_alpha=&#8221;50&#8243; shift_x=&#8221;0&#8243; shift_y=&#8221;0&#8243; shift_y_down=&#8221;0&#8243; z_index=&#8221;0&#8243; medium_width=&#8221;0&#8243; mobile_width=&#8221;0&#8243; width=&#8221;1\/1&#8243;][vc_custom_heading text_size=&#8221;fontsize-668570&#8243; text_weight=&#8221;600&#8243; text_transform=&#8221;uppercase&#8221; text_height=&#8221;&#8221; text_color=&#8221;color-dva&#8221;]Profesionales[\/vc_custom_heading][vc_custom_heading heading_semantic=&#8221;h3&#8243; text_weight=&#8221;400&#8243; text_height=&#8221;&#8221; text_color=&#8221;color-dva&#8221;]\u00a1Comencemos una asociaci\u00f3n mutuamente beneficiosa! \u00bfBusca un nuevo desaf\u00edo como profesional? Entonces deber\u00edamos conocernos mejor. Podemos ofrecerle una selecci\u00f3n de puestos de trabajos atractivos y muchas oportunidades para desarrollar sus talentos. Necesitamos constantemente profesionales en todos los niveles de acceso. Con DVA usted puede dar el siguiente paso en su carrera profesional mientras aumenta sus niveles de capacidad en un ambiente de trabajo motivador y amigable.[\/vc_custom_heading][\/vc_column][\/vc_row][vc_row row_height_percent=&#8221;0&#8243; overlay_alpha=&#8221;50&#8243; equal_height=&#8221;yes&#8221; gutter_size=&#8221;3&#8243; column_width_percent=&#8221;100&#8243; shift_y=&#8221;0&#8243; z_index=&#8221;0&#8243; css=&#8221;.vc_custom_1595176752399{margin-bottom: 50px !important;}&#8221;][vc_column column_width_percent=&#8221;100&#8243; align_horizontal=&#8221;align_center&#8221; gutter_size=&#8221;3&#8243; back_color=&#8221;color-xsdn&#8221; overlay_alpha=&#8221;50&#8243; shift_x=&#8221;0&#8243; shift_y=&#8221;0&#8243; shift_y_down=&#8221;0&#8243; z_index=&#8221;0&#8243; medium_width=&#8221;0&#8243; mobile_width=&#8221;0&#8243; shadow=&#8221;xs&#8221; width=&#8221;1\/3&#8243;][vc_column_text]<\/p>\n<h3><img decoding=\"async\" class=\"aligncenter wp-image-78843\" src=\"https:\/\/dva.com\/wp-content\/uploads\/2018\/10\/teamwork.jpg\" alt=\"\" width=\"350\" height=\"100\" \/><\/h3>\n<h3>Jugadores de equipo<\/h3>\n<p>Fomentamos la individualidad a la vez que nuestro esp\u00edritu de equipo. Apreciamos la experiencia \u00fanica de cada empleado al trabajar en equipo. Sabemos que el \u00e9xito corporativo se apoya en muchos hombros. Por lo tanto, generamos un ambiente de trabajo en el que los compa\u00f1eros se apoyan mutuamente. Solo juntos podremos alcanzar nuestros objetivos comunes.[\/vc_column_text][\/vc_column][vc_column column_width_percent=&#8221;100&#8243; align_horizontal=&#8221;align_center&#8221; gutter_size=&#8221;3&#8243; back_color=&#8221;color-xsdn&#8221; overlay_alpha=&#8221;50&#8243; shift_x=&#8221;0&#8243; shift_y=&#8221;0&#8243; shift_y_down=&#8221;0&#8243; z_index=&#8221;0&#8243; medium_width=&#8221;0&#8243; mobile_width=&#8221;0&#8243; shadow=&#8221;xs&#8221; width=&#8221;1\/3&#8243;][vc_column_text]<\/p>\n<h3><img decoding=\"async\" class=\"aligncenter wp-image-78849\" src=\"https:\/\/dva.com\/wp-content\/uploads\/2018\/10\/motivation.jpg\" alt=\"\" width=\"350\" height=\"100\" \/><\/h3>\n<h3>Entusiasmo<\/h3>\n<p>Creemos en amar lo que se hace para ganarse la vida. Por eso buscamos profesionales entusiastas que sigan su pasi\u00f3n. En DVA le ofrecemos muchas posibilidades para encontrar su verdadera vocaci\u00f3n, por ejemplo como tecn\u00f3logo de alimentos (h\/m), como gerente de ventas (h\/m) o como asistente de direcci\u00f3n en comercio exterior y mayorista (h\/m).[\/vc_column_text][\/vc_column][vc_column column_width_percent=&#8221;100&#8243; align_horizontal=&#8221;align_center&#8221; gutter_size=&#8221;3&#8243; back_color=&#8221;color-xsdn&#8221; overlay_alpha=&#8221;50&#8243; shift_x=&#8221;0&#8243; shift_y=&#8221;0&#8243; shift_y_down=&#8221;0&#8243; z_index=&#8221;0&#8243; medium_width=&#8221;0&#8243; mobile_width=&#8221;0&#8243; shadow=&#8221;xs&#8221; width=&#8221;1\/3&#8243;][vc_column_text]<\/p>\n<h3><img decoding=\"async\" class=\"aligncenter wp-image-78846\" src=\"https:\/\/dva.com\/wp-content\/uploads\/2018\/10\/open-mind.jpg\" alt=\"\" width=\"350\" height=\"100\" \/><\/h3>\n<h3>Mentes abiertas para la diversidad<\/h3>\n<p>DVA opera en todo el mundo, por lo tanto, nos enfrentamos a diario a diversos retos. Solo la diversidad de nuestra plantilla nos permite hacer frente a estos problemas. Las diversas mentalidades, experiencias y perspectivas de nuestros empleados pueden producir resultados sorprendentes. Creemos firmemente que la diversidad es un factor clave para aumentar nuestra competitividad.[\/vc_column_text][\/vc_column][\/vc_row][vc_row row_height_percent=&#8221;0&#8243; back_image=&#8221;11778&#8243; overlay_alpha=&#8221;50&#8243; gutter_size=&#8221;3&#8243; column_width_percent=&#8221;100&#8243; shift_y=&#8221;0&#8243; z_index=&#8221;0&#8243; row_height_pixel=&#8221;200px&#8221;][vc_column column_width_percent=&#8221;100&#8243; position_vertical=&#8221;bottom&#8221; gutter_size=&#8221;3&#8243; overlay_alpha=&#8221;50&#8243; shift_x=&#8221;0&#8243; shift_y=&#8221;0&#8243; shift_y_down=&#8221;0&#8243; z_index=&#8221;0&#8243; medium_width=&#8221;0&#8243; mobile_width=&#8221;0&#8243; width=&#8221;1\/1&#8243;][\/vc_column][\/vc_row][vc_row row_height_percent=&#8221;0&#8243; overlay_alpha=&#8221;50&#8243; gutter_size=&#8221;3&#8243; column_width_use_pixel=&#8221;yes&#8221; shift_y=&#8221;0&#8243; z_index=&#8221;0&#8243; css=&#8221;.vc_custom_1595177038866{padding-top: 40px !important;padding-bottom: 50px !important;}&#8221; column_width_pixel=&#8221;1150&#8243;][vc_column column_width_percent=&#8221;100&#8243; position_vertical=&#8221;middle&#8221; align_horizontal=&#8221;align_center&#8221; gutter_size=&#8221;3&#8243; overlay_alpha=&#8221;50&#8243; shift_x=&#8221;0&#8243; shift_y=&#8221;0&#8243; shift_y_down=&#8221;0&#8243; z_index=&#8221;0&#8243; medium_width=&#8221;0&#8243; mobile_width=&#8221;0&#8243; width=&#8221;1\/1&#8243;][vc_custom_heading text_size=&#8221;fontsize-668570&#8243; text_weight=&#8221;600&#8243; text_transform=&#8221;uppercase&#8221; text_height=&#8221;&#8221; text_color=&#8221;color-dva&#8221;]Estudiantes y graduados[\/vc_custom_heading][vc_custom_heading heading_semantic=&#8221;h3&#8243; text_weight=&#8221;400&#8243; text_height=&#8221;&#8221; text_color=&#8221;color-dva&#8221;]DVA es su puerta a un futuro pr\u00f3spero. Los estudiantes o aprendices que trabajan pueden aprovechar esta oportunidad con DVA y comenzar su carrera con nosotros mientras contin\u00faan con sus estudios. Somos una empresa de \u00e9xito que opera en todo el mundo. Los estudiantes y graduados pueden acceder con nosotros a una carrera profesional en gesti\u00f3n o con la funci\u00f3n de especialistas.[\/vc_custom_heading][vc_column_text]<\/p>\n<h3><strong>Oportunidades para estudiantes que trabajan<\/strong><\/h3>\n<p>\u00bfBusca un trabajo atractivo como apoyo para sus estudios? Consulte nuestras diferentes opciones para los estudiantes que trabajan.<\/p>\n<p>Con DVA puede encontrar un trabajo en un campo que se adapte perfectamente a sus necesidades. Ofrecemos constantemente oportunidades interesantes en diferentes sectores. Aproveche la oportunidad para demostrar sus conocimientos y habilidades en un entorno de trabajo interesante. Durante el trimestre, puede trabajar hasta 20 horas a la semana con nosotros en nuestra sede central en Hamburgo. Entre trimestres, puede incluso trabajar a tiempo completo con nosotros.[\/vc_column_text][\/vc_column][\/vc_row][vc_row row_height_percent=&#8221;0&#8243; back_image=&#8221;11774&#8243; overlay_alpha=&#8221;50&#8243; gutter_size=&#8221;3&#8243; column_width_percent=&#8221;100&#8243; shift_y=&#8221;0&#8243; z_index=&#8221;0&#8243; row_height_pixel=&#8221;200px&#8221;][vc_column column_width_percent=&#8221;100&#8243; position_vertical=&#8221;bottom&#8221; gutter_size=&#8221;3&#8243; overlay_alpha=&#8221;50&#8243; shift_x=&#8221;0&#8243; shift_y=&#8221;0&#8243; shift_y_down=&#8221;0&#8243; z_index=&#8221;0&#8243; medium_width=&#8221;0&#8243; mobile_width=&#8221;0&#8243; width=&#8221;1\/1&#8243;][\/vc_column][\/vc_row][vc_row row_height_percent=&#8221;0&#8243; overlay_alpha=&#8221;50&#8243; gutter_size=&#8221;3&#8243; column_width_use_pixel=&#8221;yes&#8221; shift_y=&#8221;0&#8243; z_index=&#8221;0&#8243; css=&#8221;.vc_custom_1595171854974{padding-top: 40px !important;}&#8221; column_width_pixel=&#8221;1150&#8243;][vc_column column_width_percent=&#8221;100&#8243; position_vertical=&#8221;middle&#8221; align_horizontal=&#8221;align_center&#8221; gutter_size=&#8221;3&#8243; overlay_alpha=&#8221;50&#8243; shift_x=&#8221;0&#8243; shift_y=&#8221;0&#8243; shift_y_down=&#8221;0&#8243; z_index=&#8221;0&#8243; medium_width=&#8221;0&#8243; mobile_width=&#8221;0&#8243; width=&#8221;1\/1&#8243;][vc_custom_heading text_size=&#8221;fontsize-668570&#8243; text_weight=&#8221;600&#8243; text_transform=&#8221;uppercase&#8221; text_height=&#8221;&#8221; text_color=&#8221;color-dva&#8221;]Programa para aprendices[\/vc_custom_heading][vc_custom_heading heading_semantic=&#8221;h3&#8243; text_weight=&#8221;400&#8243; text_height=&#8221;&#8221; text_color=&#8221;color-dva&#8221;]\u00bfTe enfrentas a los retos de forma independiente y fiable? \u00bfEst\u00e1s interesado en los enlaces internacionales entre negocios y comercio? \u00a1Cont\u00e1ctenos![\/vc_custom_heading][vc_row_inner row_inner_height_percent=&#8221;0&#8243; overlay_alpha=&#8221;50&#8243; equal_height=&#8221;yes&#8221; gutter_size=&#8221;3&#8243; shift_y=&#8221;0&#8243; z_index=&#8221;0&#8243;][vc_column_inner column_width_percent=&#8221;100&#8243; align_horizontal=&#8221;align_center&#8221; gutter_size=&#8221;3&#8243; back_color=&#8221;color-xsdn&#8221; overlay_alpha=&#8221;50&#8243; shift_x=&#8221;0&#8243; shift_y=&#8221;0&#8243; shift_y_down=&#8221;0&#8243; z_index=&#8221;0&#8243; medium_width=&#8221;0&#8243; mobile_width=&#8221;0&#8243; shadow=&#8221;xs&#8221; width=&#8221;1\/2&#8243;][vc_column_text]Un programa para aprendices es un paso importante en su vida profesional. Somos conscientes de la enorme responsabilidad de nuestros aprendices. Por este motivo, estamos codise\u00f1ando esta experiencia para cada empleado. De este modo, nos aseguramos de que cada aprendiz disfrute de una experiencia laboral vers\u00e1til y exhaustiva. Como aprendiz, usted se une a nuestra cultura corporativa desde el primer d\u00eda.[\/vc_column_text][\/vc_column_inner][vc_column_inner column_width_percent=&#8221;100&#8243; align_horizontal=&#8221;align_center&#8221; gutter_size=&#8221;3&#8243; back_color=&#8221;color-xsdn&#8221; overlay_alpha=&#8221;50&#8243; shift_x=&#8221;0&#8243; shift_y=&#8221;0&#8243; shift_y_down=&#8221;0&#8243; z_index=&#8221;0&#8243; medium_width=&#8221;0&#8243; mobile_width=&#8221;0&#8243; shadow=&#8221;xs&#8221; width=&#8221;1\/2&#8243;][vc_column_text]Usted da el primer paso hacia su futura vida como profesional: un momento decisivo para todos. Dise\u00f1amos su carrera con el mayor cuidado posible, dando peque\u00f1os pasos y teniendo en cuenta las deficiencias, fortalezas y preferencias. Cualquiera que sea la profesi\u00f3n que elija: estamos a su disposici\u00f3n para ofrecerle la mejor formaci\u00f3n posible.[\/vc_column_text][\/vc_column_inner][\/vc_row_inner][\/vc_column][\/vc_row]<\/p>\n<\/div>","protected":false},"excerpt":{"rendered":"<p>[vc_row row_height_percent=&#8221;0&#8243; back_image=&#8221;11770&#8243; overlay_alpha=&#8221;50&#8243; gutter_size=&#8221;3&#8243; column_width_percent=&#8221;100&#8243; shift_y=&#8221;0&#8243; z_index=&#8221;0&#8243; row_height_pixel=&#8221;200px&#8221;][vc_column column_width_percent=&#8221;100&#8243; position_vertical=&#8221;bottom&#8221; gutter_size=&#8221;3&#8243; overlay_alpha=&#8221;50&#8243; shift_x=&#8221;0&#8243; shift_y=&#8221;0&#8243; shift_y_down=&#8221;0&#8243; z_index=&#8221;0&#8243; medium_width=&#8221;0&#8243; mobile_width=&#8221;0&#8243; width=&#8221;1\/1&#8243;][\/vc_column][\/vc_row][vc_row [&hellip;]<\/p>\n","protected":false},"author":1,"featured_media":0,"parent":12303,"menu_order":0,"comment_status":"closed","ping_status":"closed","template":"","meta":{"footnotes":""},"class_list":["post-12239","page","type-page","status-publish","hentry"],"yoast_head":"<!-- This site is optimized with the Yoast SEO Premium plugin v24.9 (Yoast SEO v27.1.1) - https:\/\/yoast.com\/product\/yoast-seo-premium-wordpress\/ -->\n<title>Niveles de carrera<\/title>\n<meta name=\"robots\" content=\"index, follow, max-snippet:-1, max-image-preview:large, max-video-preview:-1\" \/>\n<link rel=\"canonical\" href=\"https:\/\/dva.com\/es\/global\/carrera\/niveles-de-carrera\/\" \/>\n<meta property=\"og:locale\" content=\"es_ES\" \/>\n<meta property=\"og:type\" content=\"article\" \/>\n<meta property=\"og:title\" content=\"Niveles de carrera\" \/>\n<meta property=\"og:description\" content=\"[vc_row row_height_percent=&#8221;0&#8243; back_image=&#8221;11770&#8243; overlay_alpha=&#8221;50&#8243; gutter_size=&#8221;3&#8243; column_width_percent=&#8221;100&#8243; shift_y=&#8221;0&#8243; z_index=&#8221;0&#8243; row_height_pixel=&#8221;200px&#8221;][vc_column column_width_percent=&#8221;100&#8243; position_vertical=&#8221;bottom&#8221; gutter_size=&#8221;3&#8243; overlay_alpha=&#8221;50&#8243; shift_x=&#8221;0&#8243; shift_y=&#8221;0&#8243; shift_y_down=&#8221;0&#8243; z_index=&#8221;0&#8243; medium_width=&#8221;0&#8243; mobile_width=&#8221;0&#8243; width=&#8221;1\/1&#8243;][\/vc_column][\/vc_row][vc_row [&hellip;]\" \/>\n<meta property=\"og:url\" content=\"https:\/\/dva.com\/es\/global\/carrera\/niveles-de-carrera\/\" \/>\n<meta property=\"og:site_name\" content=\"DVA\" \/>\n<meta property=\"article:publisher\" content=\"https:\/\/www.facebook.com\/dvaglobal\" \/>\n<meta property=\"og:image\" content=\"https:\/\/dva.com\/wp-content\/uploads\/2023\/03\/3.jpg\" \/>\n\t<meta property=\"og:image:width\" content=\"800\" \/>\n\t<meta property=\"og:image:height\" content=\"800\" \/>\n\t<meta property=\"og:image:type\" content=\"image\/jpeg\" \/>\n<meta name=\"twitter:card\" content=\"summary_large_image\" \/>\n<meta name=\"twitter:label1\" content=\"Tiempo de lectura\" \/>\n\t<meta name=\"twitter:data1\" content=\"6 minutes\" \/>\n<script type=\"application\/ld+json\" class=\"yoast-schema-graph\">{\"@context\":\"https:\/\/schema.org\",\"@graph\":[{\"@type\":\"WebPage\",\"@id\":\"https:\/\/dva.com\/es\/global\/carrera\/niveles-de-carrera\/\",\"url\":\"https:\/\/dva.com\/es\/global\/carrera\/niveles-de-carrera\/\",\"name\":\"Niveles de carrera\",\"isPartOf\":{\"@id\":\"https:\/\/dva.com\/mx\/#website\"},\"primaryImageOfPage\":{\"@id\":\"https:\/\/dva.com\/es\/global\/carrera\/niveles-de-carrera\/#primaryimage\"},\"image\":{\"@id\":\"https:\/\/dva.com\/es\/global\/carrera\/niveles-de-carrera\/#primaryimage\"},\"thumbnailUrl\":\"https:\/\/dva.com\/wp-content\/uploads\/2018\/10\/teamwork.jpg\",\"datePublished\":\"2020-07-20T13:58:45+00:00\",\"breadcrumb\":{\"@id\":\"https:\/\/dva.com\/es\/global\/carrera\/niveles-de-carrera\/#breadcrumb\"},\"inLanguage\":\"es-ES\",\"potentialAction\":[{\"@type\":\"ReadAction\",\"target\":[\"https:\/\/dva.com\/es\/global\/carrera\/niveles-de-carrera\/\"]}]},{\"@type\":\"ImageObject\",\"inLanguage\":\"es-ES\",\"@id\":\"https:\/\/dva.com\/es\/global\/carrera\/niveles-de-carrera\/#primaryimage\",\"url\":\"https:\/\/dva.com\/wp-content\/uploads\/2018\/10\/teamwork.jpg\",\"contentUrl\":\"https:\/\/dva.com\/wp-content\/uploads\/2018\/10\/teamwork.jpg\"},{\"@type\":\"BreadcrumbList\",\"@id\":\"https:\/\/dva.com\/es\/global\/carrera\/niveles-de-carrera\/#breadcrumb\",\"itemListElement\":[{\"@type\":\"ListItem\",\"position\":1,\"name\":\"Home\",\"item\":\"https:\/\/dva.com\/es\/\"},{\"@type\":\"ListItem\",\"position\":2,\"name\":\"DVA Global \/ Spanish\",\"item\":\"https:\/\/dva.com\/es\/\"},{\"@type\":\"ListItem\",\"position\":3,\"name\":\"Carrera\",\"item\":\"https:\/\/dva.com\/global\/careers\/\"},{\"@type\":\"ListItem\",\"position\":4,\"name\":\"Niveles de carrera\"}]},{\"@type\":\"WebSite\",\"@id\":\"https:\/\/dva.com\/mx\/#website\",\"url\":\"https:\/\/dva.com\/mx\/\",\"name\":\"DVA\",\"description\":\"GO FURTHER. TOGETHER\",\"publisher\":{\"@id\":\"https:\/\/dva.com\/mx\/#organization\"},\"potentialAction\":[{\"@type\":\"SearchAction\",\"target\":{\"@type\":\"EntryPoint\",\"urlTemplate\":\"https:\/\/dva.com\/mx\/?s={search_term_string}\"},\"query-input\":{\"@type\":\"PropertyValueSpecification\",\"valueRequired\":true,\"valueName\":\"search_term_string\"}}],\"inLanguage\":\"es-ES\"},{\"@type\":\"Organization\",\"@id\":\"https:\/\/dva.com\/mx\/#organization\",\"name\":\"DVA\",\"url\":\"https:\/\/dva.com\/mx\/\",\"logo\":{\"@type\":\"ImageObject\",\"inLanguage\":\"es-ES\",\"@id\":\"https:\/\/dva.com\/mx\/#\/schema\/logo\/image\/\",\"url\":\"https:\/\/dva.com\/wp-content\/uploads\/2020\/05\/dva-group-logo.svg\",\"contentUrl\":\"https:\/\/dva.com\/wp-content\/uploads\/2020\/05\/dva-group-logo.svg\",\"width\":\"1000\",\"height\":\"1000\",\"caption\":\"DVA\"},\"image\":{\"@id\":\"https:\/\/dva.com\/mx\/#\/schema\/logo\/image\/\"},\"sameAs\":[\"https:\/\/www.facebook.com\/dvaglobal\"]}]}<\/script>\n<!-- \/ Yoast SEO Premium plugin. -->","yoast_head_json":{"title":"Niveles de carrera","robots":{"index":"index","follow":"follow","max-snippet":"max-snippet:-1","max-image-preview":"max-image-preview:large","max-video-preview":"max-video-preview:-1"},"canonical":"https:\/\/dva.com\/es\/global\/carrera\/niveles-de-carrera\/","og_locale":"es_ES","og_type":"article","og_title":"Niveles de carrera","og_description":"[vc_row row_height_percent=&#8221;0&#8243; back_image=&#8221;11770&#8243; overlay_alpha=&#8221;50&#8243; gutter_size=&#8221;3&#8243; column_width_percent=&#8221;100&#8243; shift_y=&#8221;0&#8243; z_index=&#8221;0&#8243; row_height_pixel=&#8221;200px&#8221;][vc_column column_width_percent=&#8221;100&#8243; position_vertical=&#8221;bottom&#8221; gutter_size=&#8221;3&#8243; overlay_alpha=&#8221;50&#8243; shift_x=&#8221;0&#8243; shift_y=&#8221;0&#8243; shift_y_down=&#8221;0&#8243; z_index=&#8221;0&#8243; medium_width=&#8221;0&#8243; mobile_width=&#8221;0&#8243; width=&#8221;1\/1&#8243;][\/vc_column][\/vc_row][vc_row [&hellip;]","og_url":"https:\/\/dva.com\/es\/global\/carrera\/niveles-de-carrera\/","og_site_name":"DVA","article_publisher":"https:\/\/www.facebook.com\/dvaglobal","og_image":[{"width":800,"height":800,"url":"https:\/\/dva.com\/wp-content\/uploads\/2023\/03\/3.jpg","type":"image\/jpeg"}],"twitter_card":"summary_large_image","twitter_misc":{"Tiempo de lectura":"6 minutes"},"schema":{"@context":"https:\/\/schema.org","@graph":[{"@type":"WebPage","@id":"https:\/\/dva.com\/es\/global\/carrera\/niveles-de-carrera\/","url":"https:\/\/dva.com\/es\/global\/carrera\/niveles-de-carrera\/","name":"Niveles de carrera","isPartOf":{"@id":"https:\/\/dva.com\/mx\/#website"},"primaryImageOfPage":{"@id":"https:\/\/dva.com\/es\/global\/carrera\/niveles-de-carrera\/#primaryimage"},"image":{"@id":"https:\/\/dva.com\/es\/global\/carrera\/niveles-de-carrera\/#primaryimage"},"thumbnailUrl":"https:\/\/dva.com\/wp-content\/uploads\/2018\/10\/teamwork.jpg","datePublished":"2020-07-20T13:58:45+00:00","breadcrumb":{"@id":"https:\/\/dva.com\/es\/global\/carrera\/niveles-de-carrera\/#breadcrumb"},"inLanguage":"es-ES","potentialAction":[{"@type":"ReadAction","target":["https:\/\/dva.com\/es\/global\/carrera\/niveles-de-carrera\/"]}]},{"@type":"ImageObject","inLanguage":"es-ES","@id":"https:\/\/dva.com\/es\/global\/carrera\/niveles-de-carrera\/#primaryimage","url":"https:\/\/dva.com\/wp-content\/uploads\/2018\/10\/teamwork.jpg","contentUrl":"https:\/\/dva.com\/wp-content\/uploads\/2018\/10\/teamwork.jpg"},{"@type":"BreadcrumbList","@id":"https:\/\/dva.com\/es\/global\/carrera\/niveles-de-carrera\/#breadcrumb","itemListElement":[{"@type":"ListItem","position":1,"name":"Home","item":"https:\/\/dva.com\/es\/"},{"@type":"ListItem","position":2,"name":"DVA Global \/ Spanish","item":"https:\/\/dva.com\/es\/"},{"@type":"ListItem","position":3,"name":"Carrera","item":"https:\/\/dva.com\/global\/careers\/"},{"@type":"ListItem","position":4,"name":"Niveles de carrera"}]},{"@type":"WebSite","@id":"https:\/\/dva.com\/mx\/#website","url":"https:\/\/dva.com\/mx\/","name":"DVA","description":"GO FURTHER. TOGETHER","publisher":{"@id":"https:\/\/dva.com\/mx\/#organization"},"potentialAction":[{"@type":"SearchAction","target":{"@type":"EntryPoint","urlTemplate":"https:\/\/dva.com\/mx\/?s={search_term_string}"},"query-input":{"@type":"PropertyValueSpecification","valueRequired":true,"valueName":"search_term_string"}}],"inLanguage":"es-ES"},{"@type":"Organization","@id":"https:\/\/dva.com\/mx\/#organization","name":"DVA","url":"https:\/\/dva.com\/mx\/","logo":{"@type":"ImageObject","inLanguage":"es-ES","@id":"https:\/\/dva.com\/mx\/#\/schema\/logo\/image\/","url":"https:\/\/dva.com\/wp-content\/uploads\/2020\/05\/dva-group-logo.svg","contentUrl":"https:\/\/dva.com\/wp-content\/uploads\/2020\/05\/dva-group-logo.svg","width":"1000","height":"1000","caption":"DVA"},"image":{"@id":"https:\/\/dva.com\/mx\/#\/schema\/logo\/image\/"},"sameAs":["https:\/\/www.facebook.com\/dvaglobal"]}]}},"_links":{"self":[{"href":"https:\/\/dva.com\/es\/wp-json\/wp\/v2\/pages\/12239","targetHints":{"allow":["GET"]}}],"collection":[{"href":"https:\/\/dva.com\/es\/wp-json\/wp\/v2\/pages"}],"about":[{"href":"https:\/\/dva.com\/es\/wp-json\/wp\/v2\/types\/page"}],"author":[{"embeddable":true,"href":"https:\/\/dva.com\/es\/wp-json\/wp\/v2\/users\/1"}],"replies":[{"embeddable":true,"href":"https:\/\/dva.com\/es\/wp-json\/wp\/v2\/comments?post=12239"}],"version-history":[{"count":0,"href":"https:\/\/dva.com\/es\/wp-json\/wp\/v2\/pages\/12239\/revisions"}],"up":[{"embeddable":true,"href":"https:\/\/dva.com\/es\/wp-json\/wp\/v2\/pages\/12303"}],"wp:attachment":[{"href":"https:\/\/dva.com\/es\/wp-json\/wp\/v2\/media?parent=12239"}],"curies":[{"name":"wp","href":"https:\/\/api.w.org\/{rel}","templated":true}]}}