{"id":53620,"date":"2021-04-07T23:43:46","date_gmt":"2021-04-07T21:43:46","guid":{"rendered":"https:\/\/dva.com\/?page_id=53620"},"modified":"2023-07-03T09:13:22","modified_gmt":"2023-07-03T07:13:22","slug":"eco-maximize","status":"publish","type":"page","link":"https:\/\/dva.com\/es\/agro\/productos\/incentia\/eco-maximize\/","title":{"rendered":"Eco Maximize"},"content":{"rendered":"<div class=\"wpb-content-wrapper\"><p>[vc_row row_height_percent=&#8221;0&#8243; back_color=&#8221;color-lxmt&#8221; overlay_alpha=&#8221;50&#8243; gutter_size=&#8221;3&#8243; column_width_use_pixel=&#8221;yes&#8221; shift_y=&#8221;0&#8243; z_index=&#8221;0&#8243; column_width_pixel=&#8221;1200&#8243; css=&#8221;.vc_custom_1685597337680{margin-top: 50px !important;padding-top: 50px !important;padding-bottom: 40px !important;}&#8221; uncode_shortcode_id=&#8221;964276&#8243; back_color_type=&#8221;uncode-palette&#8221; shape_dividers=&#8221;&#8221;][vc_column column_width_percent=&#8221;100&#8243; align_horizontal=&#8221;align_center&#8221; gutter_size=&#8221;2&#8243; back_color=&#8221;color-xsdn&#8221; overlay_alpha=&#8221;50&#8243; shift_x=&#8221;0&#8243; shift_y=&#8221;0&#8243; shift_y_fixed=&#8221;yes&#8221; shift_y_down=&#8221;0&#8243; z_index=&#8221;0&#8243; medium_width=&#8221;0&#8243; mobile_width=&#8221;0&#8243; shadow=&#8221;xs&#8221; width=&#8221;1\/3&#8243; uncode_shortcode_id=&#8221;111096&#8243; back_color_type=&#8221;uncode-palette&#8221;][uncode_block id=&#8221;24011&#8243; inside_column=&#8221;yes&#8221;][\/vc_column][vc_column column_width_percent=&#8221;100&#8243; gutter_size=&#8221;2&#8243; back_color=&#8221;color-xsdn&#8221; overlay_alpha=&#8221;50&#8243; shift_x=&#8221;0&#8243; shift_y=&#8221;0&#8243; shift_y_down=&#8221;0&#8243; z_index=&#8221;0&#8243; medium_width=&#8221;0&#8243; mobile_width=&#8221;0&#8243; shadow=&#8221;xs&#8221; width=&#8221;2\/3&#8243;][vc_column_text]<img decoding=\"async\" class=\"alignnone wp-image-54173\" src=\"https:\/\/dva.com\/wp-content\/uploads\/2021\/04\/ECO-MAXIMIZE.jpg\" alt=\"\" width=\"300\" height=\"88\" \/>[\/vc_column_text][vc_column_text text_lead=&#8221;yes&#8221; css=&#8221;.vc_custom_1618774581797{padding-bottom: 20px !important;}&#8221;]Incentia Eco Maximize, es un producto que contiene una alta concentraci\u00f3n de extracto de algas puro <em>(Ascophyllum nodosum),<\/em> formulado con el objetivo de asegurar la m\u00e1xima eficiencia en la asimilaci\u00f3n y translocaci\u00f3n a todas las partes de la planta. Esta formulaci\u00f3n contiene enzimas y coenzimas naturales para maximizar la absorci\u00f3n de los nutrientes por las plantas. Obtenidos por Adem\u00e1s se incorporan amino\u00e1cidos libres de origen vegetal, obtenidos por hidr\u00f3lisis enzim\u00e1tica que confieren al producto un refuerzo en los amino\u00e1cidos presentes en el alga. La incorporaci\u00f3n de microelementos como Fe, Mn y Zn en forma quelada confiere un aporte de \u00e9stos a los cultivos para sus procesos de enraizamiento, floraci\u00f3n, fructificaci\u00f3n y el crecimiento vegetativo.[\/vc_column_text][vc_row_inner row_inner_height_percent=&#8221;0&#8243; overlay_alpha=&#8221;50&#8243; gutter_size=&#8221;3&#8243; border_color=&#8221;color-179429&#8243; border_style=&#8221;dotted&#8221; shift_y=&#8221;0&#8243; z_index=&#8221;0&#8243; css=&#8221;.vc_custom_1592093037321{margin-top: 0px !important;margin-bottom: 0px !important;border-bottom-width: 1px !important;padding-top: 10px !important;padding-bottom: 10px !important;}&#8221;][vc_column_inner column_width_percent=&#8221;100&#8243; position_vertical=&#8221;middle&#8221; gutter_size=&#8221;0&#8243; override_padding=&#8221;yes&#8221; column_padding=&#8221;0&#8243; overlay_alpha=&#8221;50&#8243; shift_x=&#8221;0&#8243; shift_y=&#8221;0&#8243; shift_y_down=&#8221;0&#8243; z_index=&#8221;0&#8243; medium_width=&#8221;0&#8243; mobile_width=&#8221;0&#8243; width=&#8221;1\/3&#8243; css=&#8221;.vc_custom_1592090273014{padding-top: 0px !important;padding-bottom: 0px !important;}&#8221;][vc_custom_heading text_color=&#8221;color-dva&#8221; heading_semantic=&#8221;h3&#8243; text_size=&#8221;h5&#8243; text_weight=&#8221;500&#8243; text_height=&#8221;&#8221;]Producto \/ Marca:[\/vc_custom_heading][\/vc_column_inner][vc_column_inner column_width_percent=&#8221;100&#8243; position_vertical=&#8221;middle&#8221; gutter_size=&#8221;0&#8243; override_padding=&#8221;yes&#8221; column_padding=&#8221;0&#8243; overlay_alpha=&#8221;50&#8243; shift_x=&#8221;0&#8243; shift_y=&#8221;0&#8243; shift_y_down=&#8221;0&#8243; z_index=&#8221;0&#8243; medium_width=&#8221;0&#8243; mobile_width=&#8221;0&#8243; width=&#8221;2\/3&#8243; css=&#8221;.vc_custom_1592090277292{padding-top: 0px !important;padding-bottom: 0px !important;}&#8221;][vc_custom_heading auto_text=&#8221;yes&#8221; text_color=&#8221;color-jevc&#8221; heading_semantic=&#8221;h1&#8243; text_size=&#8221;h4&#8243; text_weight=&#8221;700&#8243; text_transform=&#8221;uppercase&#8221; text_height=&#8221;&#8221;][\/vc_custom_heading][\/vc_column_inner][\/vc_row_inner][vc_row_inner row_inner_height_percent=&#8221;0&#8243; overlay_alpha=&#8221;50&#8243; gutter_size=&#8221;3&#8243; border_color=&#8221;color-179429&#8243; border_style=&#8221;dotted&#8221; shift_y=&#8221;0&#8243; z_index=&#8221;0&#8243; css=&#8221;.vc_custom_1592093043261{margin-top: 0px !important;margin-bottom: 0px !important;border-bottom-width: 1px !important;padding-top: 10px !important;padding-bottom: 10px !important;}&#8221;][vc_column_inner column_width_percent=&#8221;100&#8243; position_vertical=&#8221;middle&#8221; gutter_size=&#8221;0&#8243; override_padding=&#8221;yes&#8221; column_padding=&#8221;0&#8243; overlay_alpha=&#8221;50&#8243; shift_x=&#8221;0&#8243; shift_y=&#8221;0&#8243; shift_y_down=&#8221;0&#8243; z_index=&#8221;0&#8243; medium_width=&#8221;0&#8243; mobile_width=&#8221;0&#8243; width=&#8221;1\/3&#8243; css=&#8221;.vc_custom_1592090273014{padding-top: 0px !important;padding-bottom: 0px !important;}&#8221;][vc_custom_heading text_color=&#8221;color-dva&#8221; heading_semantic=&#8221;h3&#8243; text_size=&#8221;h5&#8243; text_weight=&#8221;500&#8243; text_height=&#8221;&#8221;]Tipo de Producto:[\/vc_custom_heading][\/vc_column_inner][vc_column_inner column_width_percent=&#8221;100&#8243; position_vertical=&#8221;middle&#8221; gutter_size=&#8221;0&#8243; override_padding=&#8221;yes&#8221; column_padding=&#8221;0&#8243; overlay_alpha=&#8221;50&#8243; shift_x=&#8221;0&#8243; shift_y=&#8221;0&#8243; shift_y_down=&#8221;0&#8243; z_index=&#8221;0&#8243; medium_width=&#8221;0&#8243; mobile_width=&#8221;0&#8243; width=&#8221;2\/3&#8243; css=&#8221;.vc_custom_1592090277292{padding-top: 0px !important;padding-bottom: 0px !important;}&#8221;][vc_column_text css=&#8221;.vc_custom_1617831669748{margin-top: 0px !important;margin-bottom: 0px !important;padding-top: 0px !important;padding-bottom: 0px !important;}&#8221;]Fertilizante ecol\u00f3gico. Mezcla l\u00edquida de amino\u00e1cidos y extracto de algas con microelementos<\/p>\n<p>[\/vc_column_text][\/vc_column_inner][\/vc_row_inner][vc_row_inner row_inner_height_percent=&#8221;0&#8243; overlay_alpha=&#8221;50&#8243; gutter_size=&#8221;3&#8243; border_color=&#8221;color-179429&#8243; border_style=&#8221;dotted&#8221; shift_y=&#8221;0&#8243; z_index=&#8221;0&#8243; css=&#8221;.vc_custom_1592093049256{margin-top: 0px !important;margin-bottom: 0px !important;border-bottom-width: 1px !important;padding-top: 10px !important;padding-bottom: 10px !important;}&#8221;][vc_column_inner column_width_percent=&#8221;100&#8243; position_vertical=&#8221;middle&#8221; gutter_size=&#8221;0&#8243; override_padding=&#8221;yes&#8221; column_padding=&#8221;0&#8243; overlay_alpha=&#8221;50&#8243; shift_x=&#8221;0&#8243; shift_y=&#8221;0&#8243; shift_y_down=&#8221;0&#8243; z_index=&#8221;0&#8243; medium_width=&#8221;0&#8243; mobile_width=&#8221;0&#8243; width=&#8221;1\/3&#8243; css=&#8221;.vc_custom_1592090273014{padding-top: 0px !important;padding-bottom: 0px !important;}&#8221;][vc_custom_heading text_color=&#8221;color-dva&#8221; heading_semantic=&#8221;h3&#8243; text_size=&#8221;h5&#8243; text_weight=&#8221;500&#8243; text_height=&#8221;&#8221;]Composici\u00f3n:[\/vc_custom_heading][\/vc_column_inner][vc_column_inner column_width_percent=&#8221;100&#8243; position_vertical=&#8221;middle&#8221; gutter_size=&#8221;0&#8243; override_padding=&#8221;yes&#8221; column_padding=&#8221;0&#8243; overlay_alpha=&#8221;50&#8243; shift_x=&#8221;0&#8243; shift_y=&#8221;0&#8243; shift_y_down=&#8221;0&#8243; z_index=&#8221;0&#8243; medium_width=&#8221;0&#8243; mobile_width=&#8221;0&#8243; width=&#8221;2\/3&#8243; css=&#8221;.vc_custom_1592090277292{padding-top: 0px !important;padding-bottom: 0px !important;}&#8221;][vc_column_text css=&#8221;.vc_custom_1619868947162{margin-top: 0px !important;margin-bottom: 0px !important;padding-top: 0px !important;padding-bottom: 0px !important;}&#8221;]<\/p>\n<table style=\"height: 176px;\" width=\"236\">\n<tbody>\n<tr>\n<td>Amino\u00e1cidos libres (Origen vegetal)<\/td>\n<td>2%<\/td>\n<\/tr>\n<tr>\n<td>Ac. Alg\u00ednico<\/td>\n<td>2,8%<\/td>\n<\/tr>\n<tr>\n<td>Manitol<\/td>\n<td>0,7%<\/td>\n<\/tr>\n<tr>\n<td>Extracto del alga Ascophyllum nodosum<\/td>\n<td>15%<\/td>\n<\/tr>\n<tr>\n<td>\u00d3xido de Potasio soluble en agua (Subscript: K<sub>2<\/sub>O)<\/td>\n<td>3%<\/td>\n<\/tr>\n<tr>\n<td>Hierro soluble en agua (quelatado por EDTA)<\/td>\n<td>0,1%<\/td>\n<\/tr>\n<tr>\n<td>Manganeso soluble en agua (quelatado por EDTA)<\/td>\n<td>0,1%<\/td>\n<\/tr>\n<tr>\n<td>Zinc soluble en agua (quelatado por EDTA)<\/td>\n<td>0,15%<\/td>\n<\/tr>\n<\/tbody>\n<\/table>\n<p>[\/vc_column_text][\/vc_column_inner][\/vc_row_inner][vc_row_inner row_inner_height_percent=&#8221;0&#8243; overlay_alpha=&#8221;50&#8243; gutter_size=&#8221;3&#8243; border_color=&#8221;color-179429&#8243; border_style=&#8221;dotted&#8221; shift_y=&#8221;0&#8243; z_index=&#8221;0&#8243; css=&#8221;.vc_custom_1592093065647{margin-top: 0px !important;margin-bottom: 0px !important;border-bottom-width: 1px !important;padding-top: 10px !important;padding-bottom: 10px !important;}&#8221;][vc_column_inner column_width_percent=&#8221;100&#8243; position_vertical=&#8221;middle&#8221; gutter_size=&#8221;0&#8243; override_padding=&#8221;yes&#8221; column_padding=&#8221;0&#8243; overlay_alpha=&#8221;50&#8243; shift_x=&#8221;0&#8243; shift_y=&#8221;0&#8243; shift_y_down=&#8221;0&#8243; z_index=&#8221;0&#8243; medium_width=&#8221;0&#8243; mobile_width=&#8221;0&#8243; width=&#8221;1\/3&#8243; css=&#8221;.vc_custom_1592090273014{padding-top: 0px !important;padding-bottom: 0px !important;}&#8221;][vc_custom_heading text_color=&#8221;color-dva&#8221; heading_semantic=&#8221;h3&#8243; text_size=&#8221;h5&#8243; text_weight=&#8221;500&#8243; text_height=&#8221;&#8221;]Cultivos:[\/vc_custom_heading][\/vc_column_inner][vc_column_inner column_width_percent=&#8221;100&#8243; position_vertical=&#8221;middle&#8221; gutter_size=&#8221;0&#8243; override_padding=&#8221;yes&#8221; column_padding=&#8221;0&#8243; overlay_alpha=&#8221;50&#8243; shift_x=&#8221;0&#8243; shift_y=&#8221;0&#8243; shift_y_down=&#8221;0&#8243; z_index=&#8221;0&#8243; medium_width=&#8221;0&#8243; mobile_width=&#8221;0&#8243; width=&#8221;2\/3&#8243; css=&#8221;.vc_custom_1592090277292{padding-top: 0px !important;padding-bottom: 0px !important;}&#8221;][vc_column_text css=&#8221;.vc_custom_1618818211453{margin-top: 0px !important;margin-bottom: 0px !important;padding-top: 0px !important;padding-bottom: 0px !important;}&#8221;]Aguacate, mango, platanera, citricos, algod\u00f3n, ar\u00e1ndanos y berries, arroz, caf\u00e9 y cacao, capsicum, papricas, pimientos, tomates, alcachofa y otras hortalizas, solanaceas, cucurbitaceas, patata, vid, tratamiento de semillas de cereales (starter), viveros de frutales y ornamentales[\/vc_column_text][\/vc_column_inner][\/vc_row_inner][vc_row_inner row_inner_height_percent=&#8221;0&#8243; overlay_alpha=&#8221;50&#8243; gutter_size=&#8221;3&#8243; border_color=&#8221;color-179429&#8243; border_style=&#8221;dotted&#8221; shift_y=&#8221;0&#8243; z_index=&#8221;0&#8243; css=&#8221;.vc_custom_1592093065647{margin-top: 0px !important;margin-bottom: 0px !important;border-bottom-width: 1px !important;padding-top: 10px !important;padding-bottom: 10px !important;}&#8221;][vc_column_inner column_width_percent=&#8221;100&#8243; position_vertical=&#8221;middle&#8221; gutter_size=&#8221;0&#8243; override_padding=&#8221;yes&#8221; column_padding=&#8221;0&#8243; overlay_alpha=&#8221;50&#8243; shift_x=&#8221;0&#8243; shift_y=&#8221;0&#8243; shift_y_down=&#8221;0&#8243; z_index=&#8221;0&#8243; medium_width=&#8221;0&#8243; mobile_width=&#8221;0&#8243; width=&#8221;1\/3&#8243; css=&#8221;.vc_custom_1592090273014{padding-top: 0px !important;padding-bottom: 0px !important;}&#8221;][vc_custom_heading text_color=&#8221;color-dva&#8221; heading_semantic=&#8221;h3&#8243; text_size=&#8221;h5&#8243; text_weight=&#8221;500&#8243; text_height=&#8221;&#8221;]Observaciones:[\/vc_custom_heading][\/vc_column_inner][vc_column_inner column_width_percent=&#8221;100&#8243; position_vertical=&#8221;middle&#8221; gutter_size=&#8221;0&#8243; override_padding=&#8221;yes&#8221; column_padding=&#8221;0&#8243; overlay_alpha=&#8221;50&#8243; shift_x=&#8221;0&#8243; shift_y=&#8221;0&#8243; shift_y_down=&#8221;0&#8243; z_index=&#8221;0&#8243; medium_width=&#8221;0&#8243; mobile_width=&#8221;0&#8243; width=&#8221;2\/3&#8243; css=&#8221;.vc_custom_1592090277292{padding-top: 0px !important;padding-bottom: 0px !important;}&#8221;][vc_column_text css=&#8221;.vc_custom_1617831726281{margin-top: 0px !important;margin-bottom: 0px !important;padding-top: 0px !important;padding-bottom: 0px !important;}&#8221;]-<\/p>\n<p>[\/vc_column_text][\/vc_column_inner][\/vc_row_inner][vc_row_inner row_inner_height_percent=&#8221;0&#8243; overlay_alpha=&#8221;50&#8243; gutter_size=&#8221;3&#8243; border_color=&#8221;color-179429&#8243; border_style=&#8221;dotted&#8221; shift_y=&#8221;0&#8243; z_index=&#8221;0&#8243; css=&#8221;.vc_custom_1592093075802{margin-top: 0px !important;margin-bottom: 0px !important;border-bottom-width: 1px !important;padding-top: 10px !important;padding-bottom: 10px !important;}&#8221;][vc_column_inner column_width_percent=&#8221;100&#8243; position_vertical=&#8221;middle&#8221; gutter_size=&#8221;0&#8243; override_padding=&#8221;yes&#8221; column_padding=&#8221;0&#8243; overlay_alpha=&#8221;50&#8243; shift_x=&#8221;0&#8243; shift_y=&#8221;0&#8243; shift_y_down=&#8221;0&#8243; z_index=&#8221;0&#8243; medium_width=&#8221;0&#8243; mobile_width=&#8221;0&#8243; width=&#8221;1\/3&#8243; css=&#8221;.vc_custom_1592090273014{padding-top: 0px !important;padding-bottom: 0px !important;}&#8221;][vc_custom_heading text_color=&#8221;color-dva&#8221; heading_semantic=&#8221;h3&#8243; text_size=&#8221;h5&#8243; text_weight=&#8221;500&#8243; text_height=&#8221;&#8221;]Envases:[\/vc_custom_heading][\/vc_column_inner][vc_column_inner column_width_percent=&#8221;100&#8243; position_vertical=&#8221;middle&#8221; gutter_size=&#8221;0&#8243; override_padding=&#8221;yes&#8221; column_padding=&#8221;0&#8243; overlay_alpha=&#8221;50&#8243; shift_x=&#8221;0&#8243; shift_y=&#8221;0&#8243; shift_y_down=&#8221;0&#8243; z_index=&#8221;0&#8243; medium_width=&#8221;0&#8243; mobile_width=&#8221;0&#8243; width=&#8221;2\/3&#8243; css=&#8221;.vc_custom_1592090277292{padding-top: 0px !important;padding-bottom: 0px !important;}&#8221;][vc_column_text css=&#8221;.vc_custom_1617579287185{margin-top: 0px !important;margin-bottom: 0px !important;padding-top: 0px !important;padding-bottom: 0px !important;}&#8221;]1L, 5L, 10L, 20L[\/vc_column_text][\/vc_column_inner][\/vc_row_inner][vc_column_text css=&#8221;.vc_custom_1598310452059{padding-top: 10px !important;}&#8221;]<img decoding=\"async\" class=\"alignleft wp-image-2566\" src=\"https:\/\/dva.com\/wp-content\/uploads\/2020\/06\/dva-german-quality.jpg\" alt=\"\" width=\"100\" height=\"100\" \/>[\/vc_column_text][\/vc_column][\/vc_row][vc_row row_height_percent=&#8221;0&#8243; overlay_alpha=&#8221;50&#8243; gutter_size=&#8221;3&#8243; column_width_use_pixel=&#8221;yes&#8221; shift_y=&#8221;0&#8243; z_index=&#8221;0&#8243; column_width_pixel=&#8221;1200&#8243;][vc_column width=&#8221;1\/1&#8243;][uncode_block id=&#8221;13374&#8243;][\/vc_column][\/vc_row]<\/p>\n<\/div>","protected":false},"excerpt":{"rendered":"<p>[vc_row row_height_percent=&#8221;0&#8243; back_color=&#8221;color-lxmt&#8221; overlay_alpha=&#8221;50&#8243; gutter_size=&#8221;3&#8243; column_width_use_pixel=&#8221;yes&#8221; shift_y=&#8221;0&#8243; z_index=&#8221;0&#8243; column_width_pixel=&#8221;1200&#8243; css=&#8221;.vc_custom_1685597337680{margin-top: 50px !important;padding-top: 50px !important;padding-bottom: 40px !important;}&#8221; uncode_shortcode_id=&#8221;964276&#8243; back_color_type=&#8221;uncode-palette&#8221; shape_dividers=&#8221;&#8221;][vc_column column_width_percent=&#8221;100&#8243; [&hellip;]<\/p>\n","protected":false},"author":1,"featured_media":54130,"parent":53297,"menu_order":0,"comment_status":"closed","ping_status":"closed","template":"","meta":{"footnotes":""},"class_list":["post-53620","page","type-page","status-publish","has-post-thumbnail","hentry","page_category-incentia-3"],"yoast_head":"<!-- This site is optimized with the Yoast SEO Premium plugin v24.9 (Yoast SEO v27.1.1) - https:\/\/yoast.com\/product\/yoast-seo-premium-wordpress\/ -->\n<title>Eco Maximize | INCENTIA | DVA Espa\u00f1a<\/title>\n<meta name=\"description\" content=\"INCENTIA Eco Maximize: Fertilizante ecol\u00f3gico con extracto de algas, amino\u00e1cidos y microelementos. \u00a1Mejora la asimilaci\u00f3n y crecimiento de tus plantas!\" \/>\n<meta name=\"robots\" content=\"index, follow, max-snippet:-1, max-image-preview:large, max-video-preview:-1\" \/>\n<link rel=\"canonical\" href=\"https:\/\/dva.com\/es\/agro\/productos\/incentia\/eco-maximize\/\" \/>\n<meta property=\"og:locale\" content=\"es_ES\" \/>\n<meta property=\"og:type\" content=\"article\" \/>\n<meta property=\"og:title\" content=\"Eco Maximize\" \/>\n<meta property=\"og:description\" content=\"INCENTIA Eco Maximize: Fertilizante ecol\u00f3gico con extracto de algas, amino\u00e1cidos y microelementos. \u00a1Mejora la asimilaci\u00f3n y crecimiento de tus plantas!\" \/>\n<meta property=\"og:url\" content=\"https:\/\/dva.com\/es\/agro\/productos\/incentia\/eco-maximize\/\" \/>\n<meta property=\"og:site_name\" content=\"DVA\" \/>\n<meta property=\"article:publisher\" content=\"https:\/\/www.facebook.com\/dvaglobal\" \/>\n<meta property=\"article:modified_time\" content=\"2023-07-03T07:13:22+00:00\" \/>\n<meta property=\"og:image\" content=\"https:\/\/dva.com\/wp-content\/uploads\/2021\/04\/800x800-100-4.jpg\" \/>\n\t<meta property=\"og:image:width\" content=\"806\" \/>\n\t<meta property=\"og:image:height\" content=\"806\" \/>\n\t<meta property=\"og:image:type\" content=\"image\/jpeg\" \/>\n<meta name=\"twitter:card\" content=\"summary_large_image\" \/>\n<meta name=\"twitter:label1\" content=\"Tiempo de lectura\" \/>\n\t<meta name=\"twitter:data1\" content=\"4 minutes\" \/>\n<script type=\"application\/ld+json\" class=\"yoast-schema-graph\">{\"@context\":\"https:\/\/schema.org\",\"@graph\":[{\"@type\":\"WebPage\",\"@id\":\"https:\/\/dva.com\/es\/agro\/productos\/incentia\/eco-maximize\/\",\"url\":\"https:\/\/dva.com\/es\/agro\/productos\/incentia\/eco-maximize\/\",\"name\":\"Eco Maximize | INCENTIA | DVA Espa\u00f1a\",\"isPartOf\":{\"@id\":\"https:\/\/dva.com\/mx\/#website\"},\"primaryImageOfPage\":{\"@id\":\"https:\/\/dva.com\/es\/agro\/productos\/incentia\/eco-maximize\/#primaryimage\"},\"image\":{\"@id\":\"https:\/\/dva.com\/es\/agro\/productos\/incentia\/eco-maximize\/#primaryimage\"},\"thumbnailUrl\":\"https:\/\/dva.com\/wp-content\/uploads\/2021\/04\/800x800-100-4.jpg\",\"datePublished\":\"2021-04-07T21:43:46+00:00\",\"dateModified\":\"2023-07-03T07:13:22+00:00\",\"description\":\"INCENTIA Eco Maximize: Fertilizante ecol\u00f3gico con extracto de algas, amino\u00e1cidos y microelementos. \u00a1Mejora la asimilaci\u00f3n y crecimiento de tus plantas!\",\"breadcrumb\":{\"@id\":\"https:\/\/dva.com\/es\/agro\/productos\/incentia\/eco-maximize\/#breadcrumb\"},\"inLanguage\":\"es-ES\",\"potentialAction\":[{\"@type\":\"ReadAction\",\"target\":[\"https:\/\/dva.com\/es\/agro\/productos\/incentia\/eco-maximize\/\"]}]},{\"@type\":\"ImageObject\",\"inLanguage\":\"es-ES\",\"@id\":\"https:\/\/dva.com\/es\/agro\/productos\/incentia\/eco-maximize\/#primaryimage\",\"url\":\"https:\/\/dva.com\/wp-content\/uploads\/2021\/04\/800x800-100-4.jpg\",\"contentUrl\":\"https:\/\/dva.com\/wp-content\/uploads\/2021\/04\/800x800-100-4.jpg\",\"width\":806,\"height\":806},{\"@type\":\"BreadcrumbList\",\"@id\":\"https:\/\/dva.com\/es\/agro\/productos\/incentia\/eco-maximize\/#breadcrumb\",\"itemListElement\":[{\"@type\":\"ListItem\",\"position\":1,\"name\":\"Home\",\"item\":\"https:\/\/dva.com\/es\/\"},{\"@type\":\"ListItem\",\"position\":2,\"name\":\"DVA AGRO Espa\u00f1a\",\"item\":\"https:\/\/dva.com\/es\/agro\/\"},{\"@type\":\"ListItem\",\"position\":3,\"name\":\"Cartera de productos\",\"item\":\"https:\/\/dva.com\/es\/agro\/productos\/\"},{\"@type\":\"ListItem\",\"position\":4,\"name\":\"Incentia\",\"item\":\"https:\/\/dva.com\/es\/agro\/productos\/incentia\/\"},{\"@type\":\"ListItem\",\"position\":5,\"name\":\"Eco Maximize\"}]},{\"@type\":\"WebSite\",\"@id\":\"https:\/\/dva.com\/mx\/#website\",\"url\":\"https:\/\/dva.com\/mx\/\",\"name\":\"DVA\",\"description\":\"GO FURTHER. TOGETHER\",\"publisher\":{\"@id\":\"https:\/\/dva.com\/mx\/#organization\"},\"potentialAction\":[{\"@type\":\"SearchAction\",\"target\":{\"@type\":\"EntryPoint\",\"urlTemplate\":\"https:\/\/dva.com\/mx\/?s={search_term_string}\"},\"query-input\":{\"@type\":\"PropertyValueSpecification\",\"valueRequired\":true,\"valueName\":\"search_term_string\"}}],\"inLanguage\":\"es-ES\"},{\"@type\":\"Organization\",\"@id\":\"https:\/\/dva.com\/mx\/#organization\",\"name\":\"DVA\",\"url\":\"https:\/\/dva.com\/mx\/\",\"logo\":{\"@type\":\"ImageObject\",\"inLanguage\":\"es-ES\",\"@id\":\"https:\/\/dva.com\/mx\/#\/schema\/logo\/image\/\",\"url\":\"https:\/\/dva.com\/wp-content\/uploads\/2020\/05\/dva-group-logo.svg\",\"contentUrl\":\"https:\/\/dva.com\/wp-content\/uploads\/2020\/05\/dva-group-logo.svg\",\"width\":\"1000\",\"height\":\"1000\",\"caption\":\"DVA\"},\"image\":{\"@id\":\"https:\/\/dva.com\/mx\/#\/schema\/logo\/image\/\"},\"sameAs\":[\"https:\/\/www.facebook.com\/dvaglobal\"]}]}<\/script>\n<!-- \/ Yoast SEO Premium plugin. -->","yoast_head_json":{"title":"Eco Maximize | INCENTIA | DVA Espa\u00f1a","description":"INCENTIA Eco Maximize: Fertilizante ecol\u00f3gico con extracto de algas, amino\u00e1cidos y microelementos. \u00a1Mejora la asimilaci\u00f3n y crecimiento de tus plantas!","robots":{"index":"index","follow":"follow","max-snippet":"max-snippet:-1","max-image-preview":"max-image-preview:large","max-video-preview":"max-video-preview:-1"},"canonical":"https:\/\/dva.com\/es\/agro\/productos\/incentia\/eco-maximize\/","og_locale":"es_ES","og_type":"article","og_title":"Eco Maximize","og_description":"INCENTIA Eco Maximize: Fertilizante ecol\u00f3gico con extracto de algas, amino\u00e1cidos y microelementos. \u00a1Mejora la asimilaci\u00f3n y crecimiento de tus plantas!","og_url":"https:\/\/dva.com\/es\/agro\/productos\/incentia\/eco-maximize\/","og_site_name":"DVA","article_publisher":"https:\/\/www.facebook.com\/dvaglobal","article_modified_time":"2023-07-03T07:13:22+00:00","og_image":[{"width":806,"height":806,"url":"https:\/\/dva.com\/wp-content\/uploads\/2021\/04\/800x800-100-4.jpg","type":"image\/jpeg"}],"twitter_card":"summary_large_image","twitter_misc":{"Tiempo de lectura":"4 minutes"},"schema":{"@context":"https:\/\/schema.org","@graph":[{"@type":"WebPage","@id":"https:\/\/dva.com\/es\/agro\/productos\/incentia\/eco-maximize\/","url":"https:\/\/dva.com\/es\/agro\/productos\/incentia\/eco-maximize\/","name":"Eco Maximize | INCENTIA | DVA Espa\u00f1a","isPartOf":{"@id":"https:\/\/dva.com\/mx\/#website"},"primaryImageOfPage":{"@id":"https:\/\/dva.com\/es\/agro\/productos\/incentia\/eco-maximize\/#primaryimage"},"image":{"@id":"https:\/\/dva.com\/es\/agro\/productos\/incentia\/eco-maximize\/#primaryimage"},"thumbnailUrl":"https:\/\/dva.com\/wp-content\/uploads\/2021\/04\/800x800-100-4.jpg","datePublished":"2021-04-07T21:43:46+00:00","dateModified":"2023-07-03T07:13:22+00:00","description":"INCENTIA Eco Maximize: Fertilizante ecol\u00f3gico con extracto de algas, amino\u00e1cidos y microelementos. \u00a1Mejora la asimilaci\u00f3n y crecimiento de tus plantas!","breadcrumb":{"@id":"https:\/\/dva.com\/es\/agro\/productos\/incentia\/eco-maximize\/#breadcrumb"},"inLanguage":"es-ES","potentialAction":[{"@type":"ReadAction","target":["https:\/\/dva.com\/es\/agro\/productos\/incentia\/eco-maximize\/"]}]},{"@type":"ImageObject","inLanguage":"es-ES","@id":"https:\/\/dva.com\/es\/agro\/productos\/incentia\/eco-maximize\/#primaryimage","url":"https:\/\/dva.com\/wp-content\/uploads\/2021\/04\/800x800-100-4.jpg","contentUrl":"https:\/\/dva.com\/wp-content\/uploads\/2021\/04\/800x800-100-4.jpg","width":806,"height":806},{"@type":"BreadcrumbList","@id":"https:\/\/dva.com\/es\/agro\/productos\/incentia\/eco-maximize\/#breadcrumb","itemListElement":[{"@type":"ListItem","position":1,"name":"Home","item":"https:\/\/dva.com\/es\/"},{"@type":"ListItem","position":2,"name":"DVA AGRO Espa\u00f1a","item":"https:\/\/dva.com\/es\/agro\/"},{"@type":"ListItem","position":3,"name":"Cartera de productos","item":"https:\/\/dva.com\/es\/agro\/productos\/"},{"@type":"ListItem","position":4,"name":"Incentia","item":"https:\/\/dva.com\/es\/agro\/productos\/incentia\/"},{"@type":"ListItem","position":5,"name":"Eco Maximize"}]},{"@type":"WebSite","@id":"https:\/\/dva.com\/mx\/#website","url":"https:\/\/dva.com\/mx\/","name":"DVA","description":"GO FURTHER. TOGETHER","publisher":{"@id":"https:\/\/dva.com\/mx\/#organization"},"potentialAction":[{"@type":"SearchAction","target":{"@type":"EntryPoint","urlTemplate":"https:\/\/dva.com\/mx\/?s={search_term_string}"},"query-input":{"@type":"PropertyValueSpecification","valueRequired":true,"valueName":"search_term_string"}}],"inLanguage":"es-ES"},{"@type":"Organization","@id":"https:\/\/dva.com\/mx\/#organization","name":"DVA","url":"https:\/\/dva.com\/mx\/","logo":{"@type":"ImageObject","inLanguage":"es-ES","@id":"https:\/\/dva.com\/mx\/#\/schema\/logo\/image\/","url":"https:\/\/dva.com\/wp-content\/uploads\/2020\/05\/dva-group-logo.svg","contentUrl":"https:\/\/dva.com\/wp-content\/uploads\/2020\/05\/dva-group-logo.svg","width":"1000","height":"1000","caption":"DVA"},"image":{"@id":"https:\/\/dva.com\/mx\/#\/schema\/logo\/image\/"},"sameAs":["https:\/\/www.facebook.com\/dvaglobal"]}]}},"_links":{"self":[{"href":"https:\/\/dva.com\/es\/wp-json\/wp\/v2\/pages\/53620","targetHints":{"allow":["GET"]}}],"collection":[{"href":"https:\/\/dva.com\/es\/wp-json\/wp\/v2\/pages"}],"about":[{"href":"https:\/\/dva.com\/es\/wp-json\/wp\/v2\/types\/page"}],"author":[{"embeddable":true,"href":"https:\/\/dva.com\/es\/wp-json\/wp\/v2\/users\/1"}],"replies":[{"embeddable":true,"href":"https:\/\/dva.com\/es\/wp-json\/wp\/v2\/comments?post=53620"}],"version-history":[{"count":0,"href":"https:\/\/dva.com\/es\/wp-json\/wp\/v2\/pages\/53620\/revisions"}],"up":[{"embeddable":true,"href":"https:\/\/dva.com\/es\/wp-json\/wp\/v2\/pages\/53297"}],"wp:featuredmedia":[{"embeddable":true,"href":"https:\/\/dva.com\/es\/wp-json\/wp\/v2\/media\/54130"}],"wp:attachment":[{"href":"https:\/\/dva.com\/es\/wp-json\/wp\/v2\/media?parent=53620"}],"curies":[{"name":"wp","href":"https:\/\/api.w.org\/{rel}","templated":true}]}}