{"id":53640,"date":"2021-04-08T00:03:15","date_gmt":"2021-04-07T22:03:15","guid":{"rendered":"https:\/\/dva.com\/?page_id=53640"},"modified":"2023-07-03T09:05:18","modified_gmt":"2023-07-03T07:05:18","slug":"gel-17-17-17-mix","status":"publish","type":"page","link":"https:\/\/dva.com\/es\/agro\/productos\/incentia\/gel-17-17-17-mix\/","title":{"rendered":"Gel 17-17-17 + mix"},"content":{"rendered":"<div class=\"wpb-content-wrapper\"><p>[vc_row row_height_percent=&#8221;0&#8243; back_color=&#8221;color-lxmt&#8221; overlay_alpha=&#8221;50&#8243; gutter_size=&#8221;3&#8243; column_width_use_pixel=&#8221;yes&#8221; shift_y=&#8221;0&#8243; z_index=&#8221;0&#8243; column_width_pixel=&#8221;1200&#8243; css=&#8221;.vc_custom_1685597050027{margin-top: 50px !important;padding-top: 50px !important;padding-bottom: 40px !important;}&#8221; uncode_shortcode_id=&#8221;156398&#8243; back_color_type=&#8221;uncode-palette&#8221; shape_dividers=&#8221;&#8221;][vc_column column_width_percent=&#8221;100&#8243; align_horizontal=&#8221;align_center&#8221; gutter_size=&#8221;2&#8243; back_color=&#8221;color-xsdn&#8221; overlay_alpha=&#8221;50&#8243; shift_x=&#8221;0&#8243; shift_y=&#8221;0&#8243; shift_y_fixed=&#8221;yes&#8221; shift_y_down=&#8221;0&#8243; z_index=&#8221;0&#8243; medium_width=&#8221;0&#8243; mobile_width=&#8221;0&#8243; shadow=&#8221;xs&#8221; width=&#8221;1\/3&#8243; uncode_shortcode_id=&#8221;660175&#8243; back_color_type=&#8221;uncode-palette&#8221;][uncode_block id=&#8221;24011&#8243; inside_column=&#8221;yes&#8221;][\/vc_column][vc_column column_width_percent=&#8221;100&#8243; gutter_size=&#8221;2&#8243; back_color=&#8221;color-xsdn&#8221; overlay_alpha=&#8221;50&#8243; shift_x=&#8221;0&#8243; shift_y=&#8221;0&#8243; shift_y_down=&#8221;0&#8243; z_index=&#8221;0&#8243; medium_width=&#8221;0&#8243; mobile_width=&#8221;0&#8243; shadow=&#8221;xs&#8221; width=&#8221;2\/3&#8243;][vc_column_text]<img decoding=\"async\" class=\"alignnone wp-image-54614\" src=\"https:\/\/dva.com\/wp-content\/uploads\/2021\/04\/GEL-17-17-17-MIX.jpg\" alt=\"\" width=\"320\" height=\"88\" \/>[\/vc_column_text][vc_column_text text_lead=&#8221;yes&#8221; css=&#8221;.vc_custom_1618775751750{padding-bottom: 20px !important;}&#8221;]Incentia GEL 17-17-17 + MIX7 es un fertilizante foliar equilibrado en los tres macronutrientes principales, con un equilibrio 1-1-1 compensado con micronutrientes y pobre en cloro. Se recomienda su uso como fertilizante foliar. La estructura en forma de gel disminuye la tensi\u00f3n superficial de la gota que se forma, aumenta la retenci\u00f3n en las hojas, y favorece la apertura estom\u00e1tica y la absorci\u00f3n cuticular, por lo que se optimiza la eficacia del tratamiento.[\/vc_column_text][vc_row_inner row_inner_height_percent=&#8221;0&#8243; overlay_alpha=&#8221;50&#8243; gutter_size=&#8221;3&#8243; border_color=&#8221;color-179429&#8243; border_style=&#8221;dotted&#8221; shift_y=&#8221;0&#8243; z_index=&#8221;0&#8243; css=&#8221;.vc_custom_1592093037321{margin-top: 0px !important;margin-bottom: 0px !important;border-bottom-width: 1px !important;padding-top: 10px !important;padding-bottom: 10px !important;}&#8221;][vc_column_inner column_width_percent=&#8221;100&#8243; position_vertical=&#8221;middle&#8221; gutter_size=&#8221;0&#8243; override_padding=&#8221;yes&#8221; column_padding=&#8221;0&#8243; overlay_alpha=&#8221;50&#8243; shift_x=&#8221;0&#8243; shift_y=&#8221;0&#8243; shift_y_down=&#8221;0&#8243; z_index=&#8221;0&#8243; medium_width=&#8221;0&#8243; mobile_width=&#8221;0&#8243; width=&#8221;1\/3&#8243; css=&#8221;.vc_custom_1592090273014{padding-top: 0px !important;padding-bottom: 0px !important;}&#8221;][vc_custom_heading text_color=&#8221;color-dva&#8221; heading_semantic=&#8221;h3&#8243; text_size=&#8221;h5&#8243; text_weight=&#8221;500&#8243; text_height=&#8221;&#8221;]Producto \/ Marca:[\/vc_custom_heading][\/vc_column_inner][vc_column_inner column_width_percent=&#8221;100&#8243; position_vertical=&#8221;middle&#8221; gutter_size=&#8221;0&#8243; override_padding=&#8221;yes&#8221; column_padding=&#8221;0&#8243; overlay_alpha=&#8221;50&#8243; shift_x=&#8221;0&#8243; shift_y=&#8221;0&#8243; shift_y_down=&#8221;0&#8243; z_index=&#8221;0&#8243; medium_width=&#8221;0&#8243; mobile_width=&#8221;0&#8243; width=&#8221;2\/3&#8243; css=&#8221;.vc_custom_1592090277292{padding-top: 0px !important;padding-bottom: 0px !important;}&#8221;][vc_custom_heading auto_text=&#8221;yes&#8221; text_color=&#8221;color-jevc&#8221; heading_semantic=&#8221;h1&#8243; text_size=&#8221;h4&#8243; text_weight=&#8221;700&#8243; text_transform=&#8221;uppercase&#8221; text_height=&#8221;&#8221;][\/vc_custom_heading][\/vc_column_inner][\/vc_row_inner][vc_row_inner row_inner_height_percent=&#8221;0&#8243; overlay_alpha=&#8221;50&#8243; gutter_size=&#8221;3&#8243; border_color=&#8221;color-179429&#8243; border_style=&#8221;dotted&#8221; shift_y=&#8221;0&#8243; z_index=&#8221;0&#8243; css=&#8221;.vc_custom_1592093043261{margin-top: 0px !important;margin-bottom: 0px !important;border-bottom-width: 1px !important;padding-top: 10px !important;padding-bottom: 10px !important;}&#8221;][vc_column_inner column_width_percent=&#8221;100&#8243; position_vertical=&#8221;middle&#8221; gutter_size=&#8221;0&#8243; override_padding=&#8221;yes&#8221; column_padding=&#8221;0&#8243; overlay_alpha=&#8221;50&#8243; shift_x=&#8221;0&#8243; shift_y=&#8221;0&#8243; shift_y_down=&#8221;0&#8243; z_index=&#8221;0&#8243; medium_width=&#8221;0&#8243; mobile_width=&#8221;0&#8243; width=&#8221;1\/3&#8243; css=&#8221;.vc_custom_1592090273014{padding-top: 0px !important;padding-bottom: 0px !important;}&#8221;][vc_custom_heading text_color=&#8221;color-dva&#8221; heading_semantic=&#8221;h3&#8243; text_size=&#8221;h5&#8243; text_weight=&#8221;500&#8243; text_height=&#8221;&#8221;]Tipo de Producto:[\/vc_custom_heading][\/vc_column_inner][vc_column_inner column_width_percent=&#8221;100&#8243; position_vertical=&#8221;middle&#8221; gutter_size=&#8221;0&#8243; override_padding=&#8221;yes&#8221; column_padding=&#8221;0&#8243; overlay_alpha=&#8221;50&#8243; shift_x=&#8221;0&#8243; shift_y=&#8221;0&#8243; shift_y_down=&#8221;0&#8243; z_index=&#8221;0&#8243; medium_width=&#8221;0&#8243; mobile_width=&#8221;0&#8243; width=&#8221;2\/3&#8243; css=&#8221;.vc_custom_1592090277292{padding-top: 0px !important;padding-bottom: 0px !important;}&#8221;][vc_column_text css=&#8221;.vc_custom_1618775761375{margin-top: 0px !important;margin-bottom: 0px !important;padding-top: 0px !important;padding-bottom: 0px !important;}&#8221;]ABONO CE<\/p>\n<p>Soluci\u00f3n de abono NPK 12,5-12,5-12,5 con micronutrientes[\/vc_column_text][\/vc_column_inner][\/vc_row_inner][vc_row_inner row_inner_height_percent=&#8221;0&#8243; overlay_alpha=&#8221;50&#8243; gutter_size=&#8221;3&#8243; border_color=&#8221;color-179429&#8243; border_style=&#8221;dotted&#8221; shift_y=&#8221;0&#8243; z_index=&#8221;0&#8243; css=&#8221;.vc_custom_1592093049256{margin-top: 0px !important;margin-bottom: 0px !important;border-bottom-width: 1px !important;padding-top: 10px !important;padding-bottom: 10px !important;}&#8221;][vc_column_inner column_width_percent=&#8221;100&#8243; position_vertical=&#8221;middle&#8221; gutter_size=&#8221;0&#8243; override_padding=&#8221;yes&#8221; column_padding=&#8221;0&#8243; overlay_alpha=&#8221;50&#8243; shift_x=&#8221;0&#8243; shift_y=&#8221;0&#8243; shift_y_down=&#8221;0&#8243; z_index=&#8221;0&#8243; medium_width=&#8221;0&#8243; mobile_width=&#8221;0&#8243; width=&#8221;1\/3&#8243; css=&#8221;.vc_custom_1592090273014{padding-top: 0px !important;padding-bottom: 0px !important;}&#8221;][vc_custom_heading text_color=&#8221;color-dva&#8221; heading_semantic=&#8221;h3&#8243; text_size=&#8221;h5&#8243; text_weight=&#8221;500&#8243; text_height=&#8221;&#8221;]Composici\u00f3n:[\/vc_custom_heading][\/vc_column_inner][vc_column_inner column_width_percent=&#8221;100&#8243; position_vertical=&#8221;middle&#8221; gutter_size=&#8221;0&#8243; override_padding=&#8221;yes&#8221; column_padding=&#8221;0&#8243; overlay_alpha=&#8221;50&#8243; shift_x=&#8221;0&#8243; shift_y=&#8221;0&#8243; shift_y_down=&#8221;0&#8243; z_index=&#8221;0&#8243; medium_width=&#8221;0&#8243; mobile_width=&#8221;0&#8243; width=&#8221;2\/3&#8243; css=&#8221;.vc_custom_1592090277292{padding-top: 0px !important;padding-bottom: 0px !important;}&#8221;][vc_column_text css=&#8221;.vc_custom_1619870975294{margin-top: 0px !important;margin-bottom: 0px !important;padding-top: 0px !important;padding-bottom: 0px !important;}&#8221;]<\/p>\n<table style=\"height: 176px;\" width=\"236\">\n<tbody>\n<tr>\n<td>Nitr\u00f3geno total (N)<\/td>\n<td>9%<\/td>\n<\/tr>\n<tr>\n<td>Pent\u00f3xido de fosforo soluble en agua (P<sub>2<\/sub>O<sub>5<\/sub>)<\/td>\n<td>12,05%<\/td>\n<\/tr>\n<tr>\n<td>\u00d3xido de potasio soluble en agua (K<sub>2<\/sub>O)<\/td>\n<td>12,05%<\/td>\n<\/tr>\n<tr>\n<td>Boro soluble en agua (B)<\/td>\n<td>0,01%<\/td>\n<\/tr>\n<tr>\n<td>Cobre soluble en agua (quelatado por EDTA)<\/td>\n<td>0,005%<\/td>\n<\/tr>\n<tr>\n<td>Hierro soluble en agua (quelatado por EDTA)<\/td>\n<td>0,12%<\/td>\n<\/tr>\n<tr>\n<td>Manganeso soluble en agua (quelatado por EDTA)<\/td>\n<td>0,006%<\/td>\n<\/tr>\n<tr>\n<td>Molibdeno soluble en agua (Mo)<\/td>\n<td>0,003%<\/td>\n<\/tr>\n<tr>\n<td>Manganeso soluble en agua (quelatado por EDTA)<\/td>\n<td>0,6%<\/td>\n<\/tr>\n<tr>\n<td>Molibdeno soluble en agua (Mo)<\/td>\n<td>0,003%<\/td>\n<\/tr>\n<tr>\n<td>Zinc soluble en agua (quelatado por EDTA)<\/td>\n<td>0,1%<\/td>\n<\/tr>\n<\/tbody>\n<\/table>\n<p>[\/vc_column_text][\/vc_column_inner][\/vc_row_inner][vc_row_inner row_inner_height_percent=&#8221;0&#8243; overlay_alpha=&#8221;50&#8243; gutter_size=&#8221;3&#8243; border_color=&#8221;color-179429&#8243; border_style=&#8221;dotted&#8221; shift_y=&#8221;0&#8243; z_index=&#8221;0&#8243; css=&#8221;.vc_custom_1592093065647{margin-top: 0px !important;margin-bottom: 0px !important;border-bottom-width: 1px !important;padding-top: 10px !important;padding-bottom: 10px !important;}&#8221;][vc_column_inner column_width_percent=&#8221;100&#8243; position_vertical=&#8221;middle&#8221; gutter_size=&#8221;0&#8243; override_padding=&#8221;yes&#8221; column_padding=&#8221;0&#8243; overlay_alpha=&#8221;50&#8243; shift_x=&#8221;0&#8243; shift_y=&#8221;0&#8243; shift_y_down=&#8221;0&#8243; z_index=&#8221;0&#8243; medium_width=&#8221;0&#8243; mobile_width=&#8221;0&#8243; width=&#8221;1\/3&#8243; css=&#8221;.vc_custom_1592090273014{padding-top: 0px !important;padding-bottom: 0px !important;}&#8221;][vc_custom_heading text_color=&#8221;color-dva&#8221; heading_semantic=&#8221;h3&#8243; text_size=&#8221;h5&#8243; text_weight=&#8221;500&#8243; text_height=&#8221;&#8221;]Cultivos:[\/vc_custom_heading][\/vc_column_inner][vc_column_inner column_width_percent=&#8221;100&#8243; position_vertical=&#8221;middle&#8221; gutter_size=&#8221;0&#8243; override_padding=&#8221;yes&#8221; column_padding=&#8221;0&#8243; overlay_alpha=&#8221;50&#8243; shift_x=&#8221;0&#8243; shift_y=&#8221;0&#8243; shift_y_down=&#8221;0&#8243; z_index=&#8221;0&#8243; medium_width=&#8221;0&#8243; mobile_width=&#8221;0&#8243; width=&#8221;2\/3&#8243; css=&#8221;.vc_custom_1592090277292{padding-top: 0px !important;padding-bottom: 0px !important;}&#8221;][vc_column_text css=&#8221;.vc_custom_1617832953627{margin-top: 0px !important;margin-bottom: 0px !important;padding-top: 0px !important;padding-bottom: 0px !important;}&#8221;]Olivo, Hortalizas, Frutas y C\u00edtricos<\/p>\n<p>[\/vc_column_text][\/vc_column_inner][\/vc_row_inner][vc_row_inner row_inner_height_percent=&#8221;0&#8243; overlay_alpha=&#8221;50&#8243; gutter_size=&#8221;3&#8243; border_color=&#8221;color-179429&#8243; border_style=&#8221;dotted&#8221; shift_y=&#8221;0&#8243; z_index=&#8221;0&#8243; css=&#8221;.vc_custom_1592093065647{margin-top: 0px !important;margin-bottom: 0px !important;border-bottom-width: 1px !important;padding-top: 10px !important;padding-bottom: 10px !important;}&#8221;][vc_column_inner column_width_percent=&#8221;100&#8243; position_vertical=&#8221;middle&#8221; gutter_size=&#8221;0&#8243; override_padding=&#8221;yes&#8221; column_padding=&#8221;0&#8243; overlay_alpha=&#8221;50&#8243; shift_x=&#8221;0&#8243; shift_y=&#8221;0&#8243; shift_y_down=&#8221;0&#8243; z_index=&#8221;0&#8243; medium_width=&#8221;0&#8243; mobile_width=&#8221;0&#8243; width=&#8221;1\/3&#8243; css=&#8221;.vc_custom_1592090273014{padding-top: 0px !important;padding-bottom: 0px !important;}&#8221;][vc_custom_heading text_color=&#8221;color-dva&#8221; heading_semantic=&#8221;h3&#8243; text_size=&#8221;h5&#8243; text_weight=&#8221;500&#8243; text_height=&#8221;&#8221;]Observaciones:[\/vc_custom_heading][\/vc_column_inner][vc_column_inner column_width_percent=&#8221;100&#8243; position_vertical=&#8221;middle&#8221; gutter_size=&#8221;0&#8243; override_padding=&#8221;yes&#8221; column_padding=&#8221;0&#8243; overlay_alpha=&#8221;50&#8243; shift_x=&#8221;0&#8243; shift_y=&#8221;0&#8243; shift_y_down=&#8221;0&#8243; z_index=&#8221;0&#8243; medium_width=&#8221;0&#8243; mobile_width=&#8221;0&#8243; width=&#8221;2\/3&#8243; css=&#8221;.vc_custom_1592090277292{padding-top: 0px !important;padding-bottom: 0px !important;}&#8221;][vc_column_text css=&#8221;.vc_custom_1617832556657{margin-top: 0px !important;margin-bottom: 0px !important;padding-top: 0px !important;padding-bottom: 0px !important;}&#8221;]-<\/p>\n<p>[\/vc_column_text][\/vc_column_inner][\/vc_row_inner][vc_row_inner row_inner_height_percent=&#8221;0&#8243; overlay_alpha=&#8221;50&#8243; gutter_size=&#8221;3&#8243; border_color=&#8221;color-179429&#8243; border_style=&#8221;dotted&#8221; shift_y=&#8221;0&#8243; z_index=&#8221;0&#8243; css=&#8221;.vc_custom_1592093075802{margin-top: 0px !important;margin-bottom: 0px !important;border-bottom-width: 1px !important;padding-top: 10px !important;padding-bottom: 10px !important;}&#8221;][vc_column_inner column_width_percent=&#8221;100&#8243; position_vertical=&#8221;middle&#8221; gutter_size=&#8221;0&#8243; override_padding=&#8221;yes&#8221; column_padding=&#8221;0&#8243; overlay_alpha=&#8221;50&#8243; shift_x=&#8221;0&#8243; shift_y=&#8221;0&#8243; shift_y_down=&#8221;0&#8243; z_index=&#8221;0&#8243; medium_width=&#8221;0&#8243; mobile_width=&#8221;0&#8243; width=&#8221;1\/3&#8243; css=&#8221;.vc_custom_1592090273014{padding-top: 0px !important;padding-bottom: 0px !important;}&#8221;][vc_custom_heading text_color=&#8221;color-dva&#8221; heading_semantic=&#8221;h3&#8243; text_size=&#8221;h5&#8243; text_weight=&#8221;500&#8243; text_height=&#8221;&#8221;]Envases:[\/vc_custom_heading][\/vc_column_inner][vc_column_inner column_width_percent=&#8221;100&#8243; position_vertical=&#8221;middle&#8221; gutter_size=&#8221;0&#8243; override_padding=&#8221;yes&#8221; column_padding=&#8221;0&#8243; overlay_alpha=&#8221;50&#8243; shift_x=&#8221;0&#8243; shift_y=&#8221;0&#8243; shift_y_down=&#8221;0&#8243; z_index=&#8221;0&#8243; medium_width=&#8221;0&#8243; mobile_width=&#8221;0&#8243; width=&#8221;2\/3&#8243; css=&#8221;.vc_custom_1592090277292{padding-top: 0px !important;padding-bottom: 0px !important;}&#8221;][vc_column_text css=&#8221;.vc_custom_1617579287185{margin-top: 0px !important;margin-bottom: 0px !important;padding-top: 0px !important;padding-bottom: 0px !important;}&#8221;]1L, 5L, 10L, 20L[\/vc_column_text][\/vc_column_inner][\/vc_row_inner][\/vc_column][\/vc_row][vc_row row_height_percent=&#8221;0&#8243; overlay_alpha=&#8221;50&#8243; gutter_size=&#8221;3&#8243; column_width_use_pixel=&#8221;yes&#8221; shift_y=&#8221;0&#8243; z_index=&#8221;0&#8243; column_width_pixel=&#8221;1200&#8243;][vc_column width=&#8221;1\/1&#8243;][uncode_block id=&#8221;13374&#8243;][\/vc_column][\/vc_row]<\/p>\n<\/div>","protected":false},"excerpt":{"rendered":"<p>[vc_row row_height_percent=&#8221;0&#8243; back_color=&#8221;color-lxmt&#8221; overlay_alpha=&#8221;50&#8243; gutter_size=&#8221;3&#8243; column_width_use_pixel=&#8221;yes&#8221; shift_y=&#8221;0&#8243; z_index=&#8221;0&#8243; column_width_pixel=&#8221;1200&#8243; css=&#8221;.vc_custom_1685597050027{margin-top: 50px !important;padding-top: 50px !important;padding-bottom: 40px !important;}&#8221; uncode_shortcode_id=&#8221;156398&#8243; back_color_type=&#8221;uncode-palette&#8221; shape_dividers=&#8221;&#8221;][vc_column column_width_percent=&#8221;100&#8243; [&hellip;]<\/p>\n","protected":false},"author":1,"featured_media":54571,"parent":53297,"menu_order":0,"comment_status":"closed","ping_status":"closed","template":"","meta":{"footnotes":""},"class_list":["post-53640","page","type-page","status-publish","has-post-thumbnail","hentry","page_category-incentia-3"],"yoast_head":"<!-- This site is optimized with the Yoast SEO Premium plugin v24.9 (Yoast SEO v27.1.1) - https:\/\/yoast.com\/product\/yoast-seo-premium-wordpress\/ -->\n<title>Gel 17-17-17 + mix | INCENTIA | DVA Espa\u00f1a<\/title>\n<meta name=\"description\" content=\"Gel 17-17-17 + mix es un nutriente de alta calidad para su uso como fertilizante foliar para Espa\u00f1a por DVA INCENTIA.\" \/>\n<meta name=\"robots\" content=\"index, follow, max-snippet:-1, max-image-preview:large, max-video-preview:-1\" \/>\n<link rel=\"canonical\" href=\"https:\/\/dva.com\/es\/agro\/productos\/incentia\/gel-17-17-17-mix\/\" \/>\n<meta property=\"og:locale\" content=\"es_ES\" \/>\n<meta property=\"og:type\" content=\"article\" \/>\n<meta property=\"og:title\" content=\"Gel 17-17-17 + mix\" \/>\n<meta property=\"og:description\" content=\"Gel 17-17-17 + mix es un nutriente de alta calidad para su uso como fertilizante foliar para Espa\u00f1a por DVA INCENTIA.\" \/>\n<meta property=\"og:url\" content=\"https:\/\/dva.com\/es\/agro\/productos\/incentia\/gel-17-17-17-mix\/\" \/>\n<meta property=\"og:site_name\" content=\"DVA\" \/>\n<meta property=\"article:publisher\" content=\"https:\/\/www.facebook.com\/dvaglobal\" \/>\n<meta property=\"article:modified_time\" content=\"2023-07-03T07:05:18+00:00\" \/>\n<meta property=\"og:image\" content=\"https:\/\/dva.com\/wp-content\/uploads\/2021\/04\/800x800-100-9.jpg\" \/>\n\t<meta property=\"og:image:width\" content=\"806\" \/>\n\t<meta property=\"og:image:height\" content=\"806\" \/>\n\t<meta property=\"og:image:type\" content=\"image\/jpeg\" \/>\n<meta name=\"twitter:card\" content=\"summary_large_image\" \/>\n<meta name=\"twitter:label1\" content=\"Tiempo de lectura\" \/>\n\t<meta name=\"twitter:data1\" content=\"4 minutes\" \/>\n<script type=\"application\/ld+json\" class=\"yoast-schema-graph\">{\"@context\":\"https:\/\/schema.org\",\"@graph\":[{\"@type\":\"WebPage\",\"@id\":\"https:\/\/dva.com\/es\/agro\/productos\/incentia\/gel-17-17-17-mix\/\",\"url\":\"https:\/\/dva.com\/es\/agro\/productos\/incentia\/gel-17-17-17-mix\/\",\"name\":\"Gel 17-17-17 + mix | INCENTIA | DVA Espa\u00f1a\",\"isPartOf\":{\"@id\":\"https:\/\/dva.com\/mx\/#website\"},\"primaryImageOfPage\":{\"@id\":\"https:\/\/dva.com\/es\/agro\/productos\/incentia\/gel-17-17-17-mix\/#primaryimage\"},\"image\":{\"@id\":\"https:\/\/dva.com\/es\/agro\/productos\/incentia\/gel-17-17-17-mix\/#primaryimage\"},\"thumbnailUrl\":\"https:\/\/dva.com\/wp-content\/uploads\/2021\/04\/800x800-100-9.jpg\",\"datePublished\":\"2021-04-07T22:03:15+00:00\",\"dateModified\":\"2023-07-03T07:05:18+00:00\",\"description\":\"Gel 17-17-17 + mix es un nutriente de alta calidad para su uso como fertilizante foliar para Espa\u00f1a por DVA INCENTIA.\",\"breadcrumb\":{\"@id\":\"https:\/\/dva.com\/es\/agro\/productos\/incentia\/gel-17-17-17-mix\/#breadcrumb\"},\"inLanguage\":\"es-ES\",\"potentialAction\":[{\"@type\":\"ReadAction\",\"target\":[\"https:\/\/dva.com\/es\/agro\/productos\/incentia\/gel-17-17-17-mix\/\"]}]},{\"@type\":\"ImageObject\",\"inLanguage\":\"es-ES\",\"@id\":\"https:\/\/dva.com\/es\/agro\/productos\/incentia\/gel-17-17-17-mix\/#primaryimage\",\"url\":\"https:\/\/dva.com\/wp-content\/uploads\/2021\/04\/800x800-100-9.jpg\",\"contentUrl\":\"https:\/\/dva.com\/wp-content\/uploads\/2021\/04\/800x800-100-9.jpg\",\"width\":806,\"height\":806},{\"@type\":\"BreadcrumbList\",\"@id\":\"https:\/\/dva.com\/es\/agro\/productos\/incentia\/gel-17-17-17-mix\/#breadcrumb\",\"itemListElement\":[{\"@type\":\"ListItem\",\"position\":1,\"name\":\"Home\",\"item\":\"https:\/\/dva.com\/es\/\"},{\"@type\":\"ListItem\",\"position\":2,\"name\":\"DVA AGRO Espa\u00f1a\",\"item\":\"https:\/\/dva.com\/es\/agro\/\"},{\"@type\":\"ListItem\",\"position\":3,\"name\":\"Cartera de productos\",\"item\":\"https:\/\/dva.com\/es\/agro\/productos\/\"},{\"@type\":\"ListItem\",\"position\":4,\"name\":\"Incentia\",\"item\":\"https:\/\/dva.com\/es\/agro\/productos\/incentia\/\"},{\"@type\":\"ListItem\",\"position\":5,\"name\":\"Gel 17-17-17 + mix\"}]},{\"@type\":\"WebSite\",\"@id\":\"https:\/\/dva.com\/mx\/#website\",\"url\":\"https:\/\/dva.com\/mx\/\",\"name\":\"DVA\",\"description\":\"GO FURTHER. TOGETHER\",\"publisher\":{\"@id\":\"https:\/\/dva.com\/mx\/#organization\"},\"potentialAction\":[{\"@type\":\"SearchAction\",\"target\":{\"@type\":\"EntryPoint\",\"urlTemplate\":\"https:\/\/dva.com\/mx\/?s={search_term_string}\"},\"query-input\":{\"@type\":\"PropertyValueSpecification\",\"valueRequired\":true,\"valueName\":\"search_term_string\"}}],\"inLanguage\":\"es-ES\"},{\"@type\":\"Organization\",\"@id\":\"https:\/\/dva.com\/mx\/#organization\",\"name\":\"DVA\",\"url\":\"https:\/\/dva.com\/mx\/\",\"logo\":{\"@type\":\"ImageObject\",\"inLanguage\":\"es-ES\",\"@id\":\"https:\/\/dva.com\/mx\/#\/schema\/logo\/image\/\",\"url\":\"https:\/\/dva.com\/wp-content\/uploads\/2020\/05\/dva-group-logo.svg\",\"contentUrl\":\"https:\/\/dva.com\/wp-content\/uploads\/2020\/05\/dva-group-logo.svg\",\"width\":\"1000\",\"height\":\"1000\",\"caption\":\"DVA\"},\"image\":{\"@id\":\"https:\/\/dva.com\/mx\/#\/schema\/logo\/image\/\"},\"sameAs\":[\"https:\/\/www.facebook.com\/dvaglobal\"]}]}<\/script>\n<!-- \/ Yoast SEO Premium plugin. -->","yoast_head_json":{"title":"Gel 17-17-17 + mix | INCENTIA | DVA Espa\u00f1a","description":"Gel 17-17-17 + mix es un nutriente de alta calidad para su uso como fertilizante foliar para Espa\u00f1a por DVA INCENTIA.","robots":{"index":"index","follow":"follow","max-snippet":"max-snippet:-1","max-image-preview":"max-image-preview:large","max-video-preview":"max-video-preview:-1"},"canonical":"https:\/\/dva.com\/es\/agro\/productos\/incentia\/gel-17-17-17-mix\/","og_locale":"es_ES","og_type":"article","og_title":"Gel 17-17-17 + mix","og_description":"Gel 17-17-17 + mix es un nutriente de alta calidad para su uso como fertilizante foliar para Espa\u00f1a por DVA INCENTIA.","og_url":"https:\/\/dva.com\/es\/agro\/productos\/incentia\/gel-17-17-17-mix\/","og_site_name":"DVA","article_publisher":"https:\/\/www.facebook.com\/dvaglobal","article_modified_time":"2023-07-03T07:05:18+00:00","og_image":[{"width":806,"height":806,"url":"https:\/\/dva.com\/wp-content\/uploads\/2021\/04\/800x800-100-9.jpg","type":"image\/jpeg"}],"twitter_card":"summary_large_image","twitter_misc":{"Tiempo de lectura":"4 minutes"},"schema":{"@context":"https:\/\/schema.org","@graph":[{"@type":"WebPage","@id":"https:\/\/dva.com\/es\/agro\/productos\/incentia\/gel-17-17-17-mix\/","url":"https:\/\/dva.com\/es\/agro\/productos\/incentia\/gel-17-17-17-mix\/","name":"Gel 17-17-17 + mix | INCENTIA | DVA Espa\u00f1a","isPartOf":{"@id":"https:\/\/dva.com\/mx\/#website"},"primaryImageOfPage":{"@id":"https:\/\/dva.com\/es\/agro\/productos\/incentia\/gel-17-17-17-mix\/#primaryimage"},"image":{"@id":"https:\/\/dva.com\/es\/agro\/productos\/incentia\/gel-17-17-17-mix\/#primaryimage"},"thumbnailUrl":"https:\/\/dva.com\/wp-content\/uploads\/2021\/04\/800x800-100-9.jpg","datePublished":"2021-04-07T22:03:15+00:00","dateModified":"2023-07-03T07:05:18+00:00","description":"Gel 17-17-17 + mix es un nutriente de alta calidad para su uso como fertilizante foliar para Espa\u00f1a por DVA INCENTIA.","breadcrumb":{"@id":"https:\/\/dva.com\/es\/agro\/productos\/incentia\/gel-17-17-17-mix\/#breadcrumb"},"inLanguage":"es-ES","potentialAction":[{"@type":"ReadAction","target":["https:\/\/dva.com\/es\/agro\/productos\/incentia\/gel-17-17-17-mix\/"]}]},{"@type":"ImageObject","inLanguage":"es-ES","@id":"https:\/\/dva.com\/es\/agro\/productos\/incentia\/gel-17-17-17-mix\/#primaryimage","url":"https:\/\/dva.com\/wp-content\/uploads\/2021\/04\/800x800-100-9.jpg","contentUrl":"https:\/\/dva.com\/wp-content\/uploads\/2021\/04\/800x800-100-9.jpg","width":806,"height":806},{"@type":"BreadcrumbList","@id":"https:\/\/dva.com\/es\/agro\/productos\/incentia\/gel-17-17-17-mix\/#breadcrumb","itemListElement":[{"@type":"ListItem","position":1,"name":"Home","item":"https:\/\/dva.com\/es\/"},{"@type":"ListItem","position":2,"name":"DVA AGRO Espa\u00f1a","item":"https:\/\/dva.com\/es\/agro\/"},{"@type":"ListItem","position":3,"name":"Cartera de productos","item":"https:\/\/dva.com\/es\/agro\/productos\/"},{"@type":"ListItem","position":4,"name":"Incentia","item":"https:\/\/dva.com\/es\/agro\/productos\/incentia\/"},{"@type":"ListItem","position":5,"name":"Gel 17-17-17 + mix"}]},{"@type":"WebSite","@id":"https:\/\/dva.com\/mx\/#website","url":"https:\/\/dva.com\/mx\/","name":"DVA","description":"GO FURTHER. TOGETHER","publisher":{"@id":"https:\/\/dva.com\/mx\/#organization"},"potentialAction":[{"@type":"SearchAction","target":{"@type":"EntryPoint","urlTemplate":"https:\/\/dva.com\/mx\/?s={search_term_string}"},"query-input":{"@type":"PropertyValueSpecification","valueRequired":true,"valueName":"search_term_string"}}],"inLanguage":"es-ES"},{"@type":"Organization","@id":"https:\/\/dva.com\/mx\/#organization","name":"DVA","url":"https:\/\/dva.com\/mx\/","logo":{"@type":"ImageObject","inLanguage":"es-ES","@id":"https:\/\/dva.com\/mx\/#\/schema\/logo\/image\/","url":"https:\/\/dva.com\/wp-content\/uploads\/2020\/05\/dva-group-logo.svg","contentUrl":"https:\/\/dva.com\/wp-content\/uploads\/2020\/05\/dva-group-logo.svg","width":"1000","height":"1000","caption":"DVA"},"image":{"@id":"https:\/\/dva.com\/mx\/#\/schema\/logo\/image\/"},"sameAs":["https:\/\/www.facebook.com\/dvaglobal"]}]}},"_links":{"self":[{"href":"https:\/\/dva.com\/es\/wp-json\/wp\/v2\/pages\/53640","targetHints":{"allow":["GET"]}}],"collection":[{"href":"https:\/\/dva.com\/es\/wp-json\/wp\/v2\/pages"}],"about":[{"href":"https:\/\/dva.com\/es\/wp-json\/wp\/v2\/types\/page"}],"author":[{"embeddable":true,"href":"https:\/\/dva.com\/es\/wp-json\/wp\/v2\/users\/1"}],"replies":[{"embeddable":true,"href":"https:\/\/dva.com\/es\/wp-json\/wp\/v2\/comments?post=53640"}],"version-history":[{"count":0,"href":"https:\/\/dva.com\/es\/wp-json\/wp\/v2\/pages\/53640\/revisions"}],"up":[{"embeddable":true,"href":"https:\/\/dva.com\/es\/wp-json\/wp\/v2\/pages\/53297"}],"wp:featuredmedia":[{"embeddable":true,"href":"https:\/\/dva.com\/es\/wp-json\/wp\/v2\/media\/54571"}],"wp:attachment":[{"href":"https:\/\/dva.com\/es\/wp-json\/wp\/v2\/media?parent=53640"}],"curies":[{"name":"wp","href":"https:\/\/api.w.org\/{rel}","templated":true}]}}