{"id":11040,"date":"2018-10-29T13:46:01","date_gmt":"2018-10-29T12:46:01","guid":{"rendered":"https:\/\/www.dva.endustry.de\/?page_id=11040"},"modified":"2022-03-28T01:53:02","modified_gmt":"2022-03-27T23:53:02","slug":"empresa","status":"publish","type":"page","link":"https:\/\/dva.com\/mx\/empresa\/","title":{"rendered":"\u00bfQuienes Somos?"},"content":{"rendered":"<div class=\"wpb-content-wrapper\"><p>[vc_row row_height_percent=&#8221;0&#8243; back_image=&#8221;11288&#8243; overlay_alpha=&#8221;50&#8243; gutter_size=&#8221;3&#8243; column_width_percent=&#8221;100&#8243; shift_y=&#8221;0&#8243; z_index=&#8221;0&#8243; row_height_pixel=&#8221;200px&#8221;][vc_column column_width_percent=&#8221;100&#8243; position_vertical=&#8221;bottom&#8221; gutter_size=&#8221;3&#8243; overlay_alpha=&#8221;50&#8243; shift_x=&#8221;0&#8243; shift_y=&#8221;0&#8243; shift_y_down=&#8221;0&#8243; z_index=&#8221;0&#8243; medium_width=&#8221;0&#8243; mobile_width=&#8221;0&#8243; width=&#8221;1\/1&#8243;][\/vc_column][\/vc_row][vc_row row_height_percent=&#8221;0&#8243; overlay_alpha=&#8221;50&#8243; gutter_size=&#8221;3&#8243; column_width_use_pixel=&#8221;yes&#8221; shift_y=&#8221;0&#8243; z_index=&#8221;0&#8243; css=&#8221;.vc_custom_1595171854974{padding-top: 40px !important;}&#8221; column_width_pixel=&#8221;1150&#8243;][vc_column column_width_percent=&#8221;100&#8243; position_vertical=&#8221;middle&#8221; align_horizontal=&#8221;align_center&#8221; gutter_size=&#8221;3&#8243; overlay_alpha=&#8221;50&#8243; shift_x=&#8221;0&#8243; shift_y=&#8221;0&#8243; shift_y_down=&#8221;0&#8243; z_index=&#8221;0&#8243; medium_width=&#8221;0&#8243; mobile_width=&#8221;0&#8243; width=&#8221;1\/1&#8243;][vc_custom_heading text_color=&#8221;color-dva&#8221; text_size=&#8221;fontsize-668570&#8243; text_weight=&#8221;400&#8243; text_transform=&#8221;uppercase&#8221; text_height=&#8221;&#8221;]<span style=\"color: #000000;\">50 a\u00f1os de experiencia.<\/span><br \/>\n<strong>GO FURTHER. TOGETHER<\/strong>[\/vc_custom_heading][vc_separator sep_color=&#8221;color-gyho&#8221;][vc_column_text text_lead=&#8221;yes&#8221;]Con relaciones comerciales en m\u00e1s de 70 pa\u00edses y oficinas en 14 sedes a nivel mudial. Nuestras actividades en M\u00e9xico iniciaron con la importaci\u00f3n y distribuci\u00f3n de materias primas para la industria farmac\u00e9utica, posteriormente la empresa se diversific\u00f3 en los mercados alimenticio, qu\u00edmico, agroqu\u00edmico y cuidado personal. Actualmente contamos con tres sucursales: Guadalajara, M\u00e9xico y Monterrey con las que atendemos todo el Territorio Nacional.[\/vc_column_text][\/vc_column][\/vc_row][vc_row row_height_percent=&#8221;0&#8243; overlay_alpha=&#8221;50&#8243; gutter_size=&#8221;3&#8243; column_width_use_pixel=&#8221;yes&#8221; shift_y=&#8221;0&#8243; z_index=&#8221;0&#8243; column_width_pixel=&#8221;800&#8243; css=&#8221;.vc_custom_1595172287555{padding-bottom: 40px !important;}&#8221;][vc_column width=&#8221;1\/1&#8243;][vc_column_text]https:\/\/www.youtube.com\/watch?v=vVtxGrfYLwI[\/vc_column_text][\/vc_column][\/vc_row][vc_row row_height_percent=&#8221;0&#8243; overlay_alpha=&#8221;50&#8243; gutter_size=&#8221;3&#8243; column_width_use_pixel=&#8221;yes&#8221; shift_y=&#8221;0&#8243; z_index=&#8221;0&#8243; column_width_pixel=&#8221;1000&#8243;][vc_column width=&#8221;1\/3&#8243;][vc_custom_heading text_size=&#8221;h3&#8243; sub_reduced=&#8221;yes&#8221; subheading=&#8221;Mejoramos continuamente&#8221;]NUESTRA VISI\u00d3N[\/vc_custom_heading][vc_column_text]Mejoramos continuamente para que nuestros clientes y proveedores nos prefieran para ser socios de negocios, y as\u00ed, contribuir a mejorar sus resultados.<\/p>\n<p>Los accionistas tengan crecimiento financiero s\u00f3lido.<\/p>\n<p>Nuestra gente encuentre un extraordinario lugar para trabajar, adem\u00e1s de reconocimiento y opciones para su desarrollo humano y profesional.[\/vc_column_text][\/vc_column][vc_column width=&#8221;1\/3&#8243;][vc_custom_heading text_size=&#8221;h3&#8243; sub_reduced=&#8221;yes&#8221; subheading=&#8221;Proveemos constantemente soluciones&#8221;]NUESTRA MISI\u00d3N[\/vc_custom_heading][vc_column_text]En DVA creamos y proveemos constantemente soluciones que contribuyen al \u00e9xito de nuestros clientes conquistando su confianza a trav\u00e9s del soporte t\u00e9cnico y servicio.[\/vc_column_text][\/vc_column][vc_column width=&#8221;1\/3&#8243;][vc_custom_heading text_size=&#8221;h3&#8243; sub_reduced=&#8221;yes&#8221; subheading=&#8221;Creemos en nuestros principios&#8221;]NUESTROS VALORES[\/vc_custom_heading][vc_column_text]<\/p>\n<ul>\n<li>Pasi\u00f3n<\/li>\n<li>Integridad<\/li>\n<li>Compromiso<\/li>\n<li>Trabajo en equipo<\/li>\n<li>Honestidad<\/li>\n<li>Confianza<\/li>\n<\/ul>\n<p>[\/vc_column_text][\/vc_column][\/vc_row][vc_row row_height_percent=&#8221;0&#8243; overlay_alpha=&#8221;50&#8243; gutter_size=&#8221;3&#8243; column_width_use_pixel=&#8221;yes&#8221; shift_y=&#8221;0&#8243; z_index=&#8221;0&#8243; css=&#8221;.vc_custom_1596067172270{padding-top: 113px !important;}&#8221; column_width_pixel=&#8221;1000&#8243;][vc_column column_width_percent=&#8221;100&#8243; align_horizontal=&#8221;align_center&#8221; gutter_size=&#8221;3&#8243; overlay_alpha=&#8221;50&#8243; shift_x=&#8221;0&#8243; shift_y=&#8221;0&#8243; shift_y_down=&#8221;0&#8243; z_index=&#8221;0&#8243; align_medium=&#8221;align_center_tablet&#8221; medium_width=&#8221;0&#8243; align_mobile=&#8221;align_center_mobile&#8221; mobile_width=&#8221;0&#8243; width=&#8221;1\/1&#8243;][vc_custom_heading text_color=&#8221;color-dva&#8221; text_size=&#8221;fontsize-668570&#8243; text_weight=&#8221;600&#8243; text_transform=&#8221;uppercase&#8221; text_height=&#8221;&#8221;]Nuestras divisiones de negocios[\/vc_custom_heading][vc_row_inner row_inner_height_percent=&#8221;0&#8243; overlay_alpha=&#8221;50&#8243; equal_height=&#8221;yes&#8221; gutter_size=&#8221;3&#8243; shift_y=&#8221;0&#8243; z_index=&#8221;0&#8243; css=&#8221;.vc_custom_1594334171751{padding-top: 25px !important;}&#8221;][vc_column_inner column_width_percent=&#8221;100&#8243; align_horizontal=&#8221;align_center&#8221; gutter_size=&#8221;0&#8243; override_padding=&#8221;yes&#8221; column_padding=&#8221;0&#8243; style=&#8221;light&#8221; overlay_alpha=&#8221;50&#8243; shift_x=&#8221;0&#8243; shift_y=&#8221;0&#8243; shift_y_down=&#8221;0&#8243; z_index=&#8221;0&#8243; medium_width=&#8221;0&#8243; mobile_width=&#8221;0&#8243; shadow=&#8221;xs&#8221; width=&#8221;1\/3&#8243; css=&#8221;.vc_custom_1594334178984{padding-bottom: 30px !important;}&#8221;][vc_column_text]<a href=\"https:\/\/dva.com\/mx\/agro\/\"><img decoding=\"async\" class=\"alignnone size-full wp-image-8979\" src=\"https:\/\/dva.com\/wp-content\/uploads\/2020\/07\/dva-agro.jpg\" alt=\"\" width=\"600\" height=\"700\" srcset=\"https:\/\/dva.com\/wp-content\/uploads\/2020\/07\/dva-agro.jpg 600w, https:\/\/dva.com\/wp-content\/uploads\/2020\/07\/dva-agro-257x300.jpg 257w\" sizes=\"(max-width: 600px) 100vw, 600px\" \/><\/a>[\/vc_column_text][vc_column_text css=&#8221;.vc_custom_1648425134210{padding-top: 20px !important;padding-bottom: 20px !important;}&#8221; uncode_shortcode_id=&#8221;164683&#8243;]<\/p>\n<h1><a href=\"https:\/\/dva.com\/mx\/agro\/\"><span style=\"color: #0047ba;\"><strong>DVA PROTECCI\u00d2N DE CULTIVOS<\/strong><\/span><\/a><\/h1>\n<p><em>Soluciones de granjero de la m\u00e1s alta calidad. Dise\u00f1adas en Alemania.<\/em>[\/vc_column_text][vc_button button_color=&#8221;color-wvjs&#8221; size=&#8221;btn-link&#8221; icon_position=&#8221;right&#8221; icon=&#8221;fa fa-arrow-right-thick&#8221; link=&#8221;url:https%3A%2F%2Fdev.greatideasinaction.com%2Fdva%2Fmx%2Fagro%2F|title:proteccion%20de%20cultivos||&#8221;]Portafolio de productos[\/vc_button][\/vc_column_inner][vc_column_inner column_width_percent=&#8221;100&#8243; align_horizontal=&#8221;align_center&#8221; gutter_size=&#8221;0&#8243; override_padding=&#8221;yes&#8221; column_padding=&#8221;0&#8243; style=&#8221;light&#8221; overlay_alpha=&#8221;50&#8243; shift_x=&#8221;0&#8243; shift_y=&#8221;0&#8243; shift_y_down=&#8221;0&#8243; z_index=&#8221;0&#8243; medium_width=&#8221;0&#8243; mobile_width=&#8221;0&#8243; shadow=&#8221;xs&#8221; width=&#8221;1\/3&#8243; css=&#8221;.vc_custom_1594334185036{padding-bottom: 25px !important;}&#8221;][vc_column_text]<a href=\"https:\/\/dva.com\/mx\/alimentos\/\"><img decoding=\"async\" class=\"alignnone size-full wp-image-8987\" src=\"https:\/\/dva.com\/wp-content\/uploads\/2020\/07\/dva-foods.jpg\" alt=\"\" width=\"600\" height=\"700\" srcset=\"https:\/\/dva.com\/wp-content\/uploads\/2020\/07\/dva-foods.jpg 600w, https:\/\/dva.com\/wp-content\/uploads\/2020\/07\/dva-foods-257x300.jpg 257w\" sizes=\"(max-width: 600px) 100vw, 600px\" \/><\/a>[\/vc_column_text][vc_column_text css=&#8221;.vc_custom_1648425147373{padding-top: 20px !important;padding-bottom: 20px !important;}&#8221; uncode_shortcode_id=&#8221;374271&#8243;]<\/p>\n<h1><a href=\"https:\/\/dva.com\/mx\/alimentos\/\"><span style=\"color: #0047ba;\"><strong>DVA ALIMENTOS<\/strong><\/span><\/a><\/h1>\n<p><em>Sistemas de estabilizaci\u00f3n de alimentos, mezclas de micronutrientes y materias primas.<\/em>[\/vc_column_text][vc_button button_color=&#8221;color-wvjs&#8221; size=&#8221;btn-link&#8221; icon_position=&#8221;right&#8221; icon=&#8221;fa fa-arrow-right-thick&#8221; link=&#8221;url:https%3A%2F%2Fdev.greatideasinaction.com%2Fdva%2Fmx%2Falimentos%2F|title:alimentos||&#8221;]Portafolio de productos[\/vc_button][\/vc_column_inner][vc_column_inner column_width_percent=&#8221;100&#8243; align_horizontal=&#8221;align_center&#8221; gutter_size=&#8221;0&#8243; override_padding=&#8221;yes&#8221; column_padding=&#8221;0&#8243; style=&#8221;light&#8221; overlay_alpha=&#8221;50&#8243; shift_x=&#8221;0&#8243; shift_y=&#8221;0&#8243; shift_y_down=&#8221;0&#8243; z_index=&#8221;0&#8243; medium_width=&#8221;0&#8243; mobile_width=&#8221;0&#8243; shadow=&#8221;xs&#8221; width=&#8221;1\/3&#8243; css=&#8221;.vc_custom_1594334192070{padding-bottom: 25px !important;}&#8221;][vc_column_text]<a href=\"https:\/\/dva.com\/mx\/farmaceutica\/\"><img decoding=\"async\" class=\"alignnone size-full wp-image-8983\" src=\"https:\/\/dva.com\/wp-content\/uploads\/2020\/07\/dva-health.jpg\" alt=\"\" width=\"600\" height=\"700\" srcset=\"https:\/\/dva.com\/wp-content\/uploads\/2020\/07\/dva-health.jpg 600w, https:\/\/dva.com\/wp-content\/uploads\/2020\/07\/dva-health-257x300.jpg 257w\" sizes=\"(max-width: 600px) 100vw, 600px\" \/><\/a>[\/vc_column_text][vc_column_text css=&#8221;.vc_custom_1648425160367{padding-top: 20px !important;padding-bottom: 20px !important;}&#8221; uncode_shortcode_id=&#8221;156450&#8243;]<\/p>\n<h1><a href=\"https:\/\/dva.com\/mx\/farmaceutica\/\"><span style=\"color: #0047ba;\"><strong>DVA FARMACE\u00daTICA<\/strong><\/span><\/a><\/h1>\n<p><em>Recubrimientos de tabletas y materias primas para productos farmac\u00e9uticos.<\/em>[\/vc_column_text][vc_button button_color=&#8221;color-wvjs&#8221; size=&#8221;btn-link&#8221; icon_position=&#8221;right&#8221; icon=&#8221;fa fa-arrow-right-thick&#8221; link=&#8221;url:https%3A%2F%2Fdev.greatideasinaction.com%2Fdva%2Fmx%2Ffarmaceutica%2F|title:farmaceutica||&#8221;]Portafolio de productos[\/vc_button][\/vc_column_inner][\/vc_row_inner][\/vc_column][\/vc_row][vc_row row_height_percent=&#8221;0&#8243; overlay_alpha=&#8221;50&#8243; gutter_size=&#8221;3&#8243; column_width_use_pixel=&#8221;yes&#8221; shift_y=&#8221;0&#8243; z_index=&#8221;0&#8243; css=&#8221;.vc_custom_1596066770568{padding-bottom: 15px !important;}&#8221; column_width_pixel=&#8221;700&#8243;][vc_column column_width_percent=&#8221;100&#8243; align_horizontal=&#8221;align_center&#8221; gutter_size=&#8221;3&#8243; overlay_alpha=&#8221;50&#8243; shift_x=&#8221;0&#8243; shift_y=&#8221;0&#8243; shift_y_down=&#8221;0&#8243; z_index=&#8221;0&#8243; align_medium=&#8221;align_center_tablet&#8221; medium_width=&#8221;0&#8243; align_mobile=&#8221;align_center_mobile&#8221; mobile_width=&#8221;0&#8243; width=&#8221;1\/1&#8243;][vc_row_inner row_inner_height_percent=&#8221;0&#8243; overlay_alpha=&#8221;50&#8243; equal_height=&#8221;yes&#8221; gutter_size=&#8221;3&#8243; shift_y=&#8221;0&#8243; z_index=&#8221;0&#8243;][vc_column_inner column_width_percent=&#8221;100&#8243; align_horizontal=&#8221;align_center&#8221; gutter_size=&#8221;0&#8243; override_padding=&#8221;yes&#8221; column_padding=&#8221;0&#8243; style=&#8221;light&#8221; overlay_alpha=&#8221;50&#8243; shift_x=&#8221;0&#8243; shift_y=&#8221;0&#8243; shift_y_down=&#8221;0&#8243; z_index=&#8221;0&#8243; medium_width=&#8221;0&#8243; mobile_width=&#8221;0&#8243; shadow=&#8221;xs&#8221; width=&#8221;1\/2&#8243; css=&#8221;.vc_custom_1594334198712{padding-bottom: 25px !important;}&#8221;][vc_column_text]<a href=\"https:\/\/dva.com\/mx\/plasticos-de-ingenieria\/\"><img decoding=\"async\" class=\"alignnone size-full wp-image-8975\" src=\"https:\/\/dva.com\/wp-content\/uploads\/2020\/07\/dva-plastics.jpg\" alt=\"\" width=\"600\" height=\"700\" srcset=\"https:\/\/dva.com\/wp-content\/uploads\/2020\/07\/dva-plastics.jpg 600w, https:\/\/dva.com\/wp-content\/uploads\/2020\/07\/dva-plastics-257x300.jpg 257w\" sizes=\"(max-width: 600px) 100vw, 600px\" \/><\/a>[\/vc_column_text][vc_column_text css=&#8221;.vc_custom_1648425175640{padding-top: 20px !important;padding-bottom: 20px !important;}&#8221; uncode_shortcode_id=&#8221;163019&#8243;]<\/p>\n<h1><a href=\"https:\/\/dva.com\/mx\/plasticos-de-ingenieria\/\"><span style=\"color: #0047ba;\"><strong>DVA PL\u00c1STICOS DE INGENIER\u00cdA<\/strong><\/span><\/a><\/h1>\n<p><em>Distribuci\u00f3n mundial de pl\u00e1sticos de ingenier\u00eda.<\/em>[\/vc_column_text][vc_button button_color=&#8221;color-wvjs&#8221; size=&#8221;btn-link&#8221; icon_position=&#8221;right&#8221; icon=&#8221;fa fa-arrow-right-thick&#8221; link=&#8221;url:https%3A%2F%2Fdev.greatideasinaction.com%2Fdva%2Fmx%2Fplasticos-de-ingenieria%2F|title:plasticos%20de%20ingenieria||&#8221;]Portafolio de productos[\/vc_button][\/vc_column_inner][vc_column_inner column_width_percent=&#8221;100&#8243; align_horizontal=&#8221;align_center&#8221; gutter_size=&#8221;0&#8243; override_padding=&#8221;yes&#8221; column_padding=&#8221;0&#8243; style=&#8221;light&#8221; overlay_alpha=&#8221;50&#8243; shift_x=&#8221;0&#8243; shift_y=&#8221;0&#8243; shift_y_down=&#8221;0&#8243; z_index=&#8221;0&#8243; medium_width=&#8221;0&#8243; mobile_width=&#8221;0&#8243; shadow=&#8221;xs&#8221; width=&#8221;1\/2&#8243; css=&#8221;.vc_custom_1594334192070{padding-bottom: 25px !important;}&#8221;][vc_column_text]<a href=\"https:\/\/dva.com\/mx\/quimicos-industriales-y-de-consumo\/\"><img decoding=\"async\" class=\"alignnone size-full wp-image-13072\" src=\"https:\/\/dva.com\/wp-content\/uploads\/2020\/07\/Qui\u0301micos-industriales-y-de-consumo.jpg\" alt=\"\" width=\"600\" height=\"700\" srcset=\"https:\/\/dva.com\/wp-content\/uploads\/2020\/07\/Qui\u0301micos-industriales-y-de-consumo.jpg 600w, https:\/\/dva.com\/wp-content\/uploads\/2020\/07\/Qui\u0301micos-industriales-y-de-consumo-257x300.jpg 257w\" sizes=\"(max-width: 600px) 100vw, 600px\" \/><\/a>[\/vc_column_text][vc_column_text css=&#8221;.vc_custom_1648425180354{padding-top: 20px !important;padding-bottom: 20px !important;}&#8221; uncode_shortcode_id=&#8221;254554&#8243;]<\/p>\n<h1><a href=\"https:\/\/dva.com\/mx\/quimicos-industriales-y-de-consumo\/\"><span style=\"color: #0047ba;\"><strong>DVA ICS<\/strong><\/span><\/a><\/h1>\n<p><em>Qu\u00edmicos industriales y de consumo.<\/em>[\/vc_column_text][vc_button button_color=&#8221;color-wvjs&#8221; size=&#8221;btn-link&#8221; icon_position=&#8221;right&#8221; icon=&#8221;fa fa-arrow-right-thick&#8221; link=&#8221;url:https%3A%2F%2Fdev.greatideasinaction.com%2Fdva%2Fmx%2Fquimicos-industriales-y-de-consumo%2F|title:ICS||&#8221;]Portafolio de productos[\/vc_button][\/vc_column_inner][\/vc_row_inner][\/vc_column][\/vc_row]<\/p>\n<\/div>","protected":false},"excerpt":{"rendered":"<p>[vc_row row_height_percent=&#8221;0&#8243; back_image=&#8221;11288&#8243; overlay_alpha=&#8221;50&#8243; gutter_size=&#8221;3&#8243; column_width_percent=&#8221;100&#8243; shift_y=&#8221;0&#8243; z_index=&#8221;0&#8243; row_height_pixel=&#8221;200px&#8221;][vc_column column_width_percent=&#8221;100&#8243; position_vertical=&#8221;bottom&#8221; gutter_size=&#8221;3&#8243; overlay_alpha=&#8221;50&#8243; shift_x=&#8221;0&#8243; shift_y=&#8221;0&#8243; shift_y_down=&#8221;0&#8243; z_index=&#8221;0&#8243; medium_width=&#8221;0&#8243; mobile_width=&#8221;0&#8243; width=&#8221;1\/1&#8243;][\/vc_column][\/vc_row][vc_row [&hellip;]<\/p>\n","protected":false},"author":1,"featured_media":11088,"parent":0,"menu_order":0,"comment_status":"closed","ping_status":"closed","template":"","meta":{"footnotes":""},"class_list":["post-11040","page","type-page","status-publish","has-post-thumbnail","hentry"],"yoast_head":"<!-- This site is optimized with the Yoast SEO Premium plugin v24.9 (Yoast SEO v27.1.1) - https:\/\/yoast.com\/product\/yoast-seo-premium-wordpress\/ -->\n<title>\u00bfQuienes Somos?<\/title>\n<meta name=\"robots\" content=\"index, follow, max-snippet:-1, max-image-preview:large, max-video-preview:-1\" \/>\n<link rel=\"canonical\" href=\"https:\/\/dva.com\/mx\/empresa\/\" \/>\n<meta property=\"og:locale\" content=\"es_MX\" \/>\n<meta property=\"og:type\" content=\"article\" \/>\n<meta property=\"og:title\" content=\"\u00bfQuienes Somos?\" \/>\n<meta property=\"og:description\" content=\"[vc_row row_height_percent=&#8221;0&#8243; back_image=&#8221;11288&#8243; overlay_alpha=&#8221;50&#8243; gutter_size=&#8221;3&#8243; column_width_percent=&#8221;100&#8243; shift_y=&#8221;0&#8243; z_index=&#8221;0&#8243; row_height_pixel=&#8221;200px&#8221;][vc_column column_width_percent=&#8221;100&#8243; position_vertical=&#8221;bottom&#8221; gutter_size=&#8221;3&#8243; overlay_alpha=&#8221;50&#8243; shift_x=&#8221;0&#8243; shift_y=&#8221;0&#8243; shift_y_down=&#8221;0&#8243; z_index=&#8221;0&#8243; medium_width=&#8221;0&#8243; mobile_width=&#8221;0&#8243; width=&#8221;1\/1&#8243;][\/vc_column][\/vc_row][vc_row [&hellip;]\" \/>\n<meta property=\"og:url\" content=\"https:\/\/dva.com\/mx\/empresa\/\" \/>\n<meta property=\"og:site_name\" content=\"DVA\" \/>\n<meta property=\"article:publisher\" content=\"https:\/\/www.facebook.com\/dvaglobal\" \/>\n<meta property=\"article:modified_time\" content=\"2022-03-27T23:53:02+00:00\" \/>\n<meta property=\"og:image\" content=\"https:\/\/dva.com\/wp-content\/uploads\/2020\/07\/earth-header.jpg\" \/>\n\t<meta property=\"og:image:width\" content=\"2200\" \/>\n\t<meta property=\"og:image:height\" content=\"1000\" \/>\n\t<meta property=\"og:image:type\" content=\"image\/jpeg\" \/>\n<meta name=\"twitter:card\" content=\"summary_large_image\" \/>\n<meta name=\"twitter:label1\" content=\"Tiempo de lectura\" \/>\n\t<meta name=\"twitter:data1\" content=\"4 minutes\" \/>\n<script type=\"application\/ld+json\" class=\"yoast-schema-graph\">{\"@context\":\"https:\/\/schema.org\",\"@graph\":[{\"@type\":\"WebPage\",\"@id\":\"https:\/\/dva.com\/mx\/empresa\/\",\"url\":\"https:\/\/dva.com\/mx\/empresa\/\",\"name\":\"\u00bfQuienes Somos?\",\"isPartOf\":{\"@id\":\"https:\/\/dva.com\/mx\/#website\"},\"primaryImageOfPage\":{\"@id\":\"https:\/\/dva.com\/mx\/empresa\/#primaryimage\"},\"image\":{\"@id\":\"https:\/\/dva.com\/mx\/empresa\/#primaryimage\"},\"thumbnailUrl\":\"https:\/\/dva.com\/wp-content\/uploads\/2020\/07\/earth-header.jpg\",\"datePublished\":\"2018-10-29T12:46:01+00:00\",\"dateModified\":\"2022-03-27T23:53:02+00:00\",\"breadcrumb\":{\"@id\":\"https:\/\/dva.com\/mx\/empresa\/#breadcrumb\"},\"inLanguage\":\"es-MX\",\"potentialAction\":[{\"@type\":\"ReadAction\",\"target\":[\"https:\/\/dva.com\/mx\/empresa\/\"]}]},{\"@type\":\"ImageObject\",\"inLanguage\":\"es-MX\",\"@id\":\"https:\/\/dva.com\/mx\/empresa\/#primaryimage\",\"url\":\"https:\/\/dva.com\/wp-content\/uploads\/2020\/07\/earth-header.jpg\",\"contentUrl\":\"https:\/\/dva.com\/wp-content\/uploads\/2020\/07\/earth-header.jpg\",\"width\":2200,\"height\":1000},{\"@type\":\"BreadcrumbList\",\"@id\":\"https:\/\/dva.com\/mx\/empresa\/#breadcrumb\",\"itemListElement\":[{\"@type\":\"ListItem\",\"position\":1,\"name\":\"Home\",\"item\":\"https:\/\/dva.com\/mx\/\"},{\"@type\":\"ListItem\",\"position\":2,\"name\":\"\u00bfQuienes Somos?\"}]},{\"@type\":\"WebSite\",\"@id\":\"https:\/\/dva.com\/mx\/#website\",\"url\":\"https:\/\/dva.com\/mx\/\",\"name\":\"DVA\",\"description\":\"GO FURTHER. TOGETHER\",\"publisher\":{\"@id\":\"https:\/\/dva.com\/mx\/#organization\"},\"potentialAction\":[{\"@type\":\"SearchAction\",\"target\":{\"@type\":\"EntryPoint\",\"urlTemplate\":\"https:\/\/dva.com\/mx\/?s={search_term_string}\"},\"query-input\":{\"@type\":\"PropertyValueSpecification\",\"valueRequired\":true,\"valueName\":\"search_term_string\"}}],\"inLanguage\":\"es-MX\"},{\"@type\":\"Organization\",\"@id\":\"https:\/\/dva.com\/mx\/#organization\",\"name\":\"DVA\",\"url\":\"https:\/\/dva.com\/mx\/\",\"logo\":{\"@type\":\"ImageObject\",\"inLanguage\":\"es-MX\",\"@id\":\"https:\/\/dva.com\/mx\/#\/schema\/logo\/image\/\",\"url\":\"https:\/\/dva.com\/wp-content\/uploads\/2020\/05\/dva-group-logo.svg\",\"contentUrl\":\"https:\/\/dva.com\/wp-content\/uploads\/2020\/05\/dva-group-logo.svg\",\"width\":\"1000\",\"height\":\"1000\",\"caption\":\"DVA\"},\"image\":{\"@id\":\"https:\/\/dva.com\/mx\/#\/schema\/logo\/image\/\"},\"sameAs\":[\"https:\/\/www.facebook.com\/dvaglobal\"]}]}<\/script>\n<!-- \/ Yoast SEO Premium plugin. -->","yoast_head_json":{"title":"\u00bfQuienes Somos?","robots":{"index":"index","follow":"follow","max-snippet":"max-snippet:-1","max-image-preview":"max-image-preview:large","max-video-preview":"max-video-preview:-1"},"canonical":"https:\/\/dva.com\/mx\/empresa\/","og_locale":"es_MX","og_type":"article","og_title":"\u00bfQuienes Somos?","og_description":"[vc_row row_height_percent=&#8221;0&#8243; back_image=&#8221;11288&#8243; overlay_alpha=&#8221;50&#8243; gutter_size=&#8221;3&#8243; column_width_percent=&#8221;100&#8243; shift_y=&#8221;0&#8243; z_index=&#8221;0&#8243; row_height_pixel=&#8221;200px&#8221;][vc_column column_width_percent=&#8221;100&#8243; position_vertical=&#8221;bottom&#8221; gutter_size=&#8221;3&#8243; overlay_alpha=&#8221;50&#8243; shift_x=&#8221;0&#8243; shift_y=&#8221;0&#8243; shift_y_down=&#8221;0&#8243; z_index=&#8221;0&#8243; medium_width=&#8221;0&#8243; mobile_width=&#8221;0&#8243; width=&#8221;1\/1&#8243;][\/vc_column][\/vc_row][vc_row [&hellip;]","og_url":"https:\/\/dva.com\/mx\/empresa\/","og_site_name":"DVA","article_publisher":"https:\/\/www.facebook.com\/dvaglobal","article_modified_time":"2022-03-27T23:53:02+00:00","og_image":[{"width":2200,"height":1000,"url":"https:\/\/dva.com\/wp-content\/uploads\/2020\/07\/earth-header.jpg","type":"image\/jpeg"}],"twitter_card":"summary_large_image","twitter_misc":{"Tiempo de lectura":"4 minutes"},"schema":{"@context":"https:\/\/schema.org","@graph":[{"@type":"WebPage","@id":"https:\/\/dva.com\/mx\/empresa\/","url":"https:\/\/dva.com\/mx\/empresa\/","name":"\u00bfQuienes Somos?","isPartOf":{"@id":"https:\/\/dva.com\/mx\/#website"},"primaryImageOfPage":{"@id":"https:\/\/dva.com\/mx\/empresa\/#primaryimage"},"image":{"@id":"https:\/\/dva.com\/mx\/empresa\/#primaryimage"},"thumbnailUrl":"https:\/\/dva.com\/wp-content\/uploads\/2020\/07\/earth-header.jpg","datePublished":"2018-10-29T12:46:01+00:00","dateModified":"2022-03-27T23:53:02+00:00","breadcrumb":{"@id":"https:\/\/dva.com\/mx\/empresa\/#breadcrumb"},"inLanguage":"es-MX","potentialAction":[{"@type":"ReadAction","target":["https:\/\/dva.com\/mx\/empresa\/"]}]},{"@type":"ImageObject","inLanguage":"es-MX","@id":"https:\/\/dva.com\/mx\/empresa\/#primaryimage","url":"https:\/\/dva.com\/wp-content\/uploads\/2020\/07\/earth-header.jpg","contentUrl":"https:\/\/dva.com\/wp-content\/uploads\/2020\/07\/earth-header.jpg","width":2200,"height":1000},{"@type":"BreadcrumbList","@id":"https:\/\/dva.com\/mx\/empresa\/#breadcrumb","itemListElement":[{"@type":"ListItem","position":1,"name":"Home","item":"https:\/\/dva.com\/mx\/"},{"@type":"ListItem","position":2,"name":"\u00bfQuienes Somos?"}]},{"@type":"WebSite","@id":"https:\/\/dva.com\/mx\/#website","url":"https:\/\/dva.com\/mx\/","name":"DVA","description":"GO FURTHER. TOGETHER","publisher":{"@id":"https:\/\/dva.com\/mx\/#organization"},"potentialAction":[{"@type":"SearchAction","target":{"@type":"EntryPoint","urlTemplate":"https:\/\/dva.com\/mx\/?s={search_term_string}"},"query-input":{"@type":"PropertyValueSpecification","valueRequired":true,"valueName":"search_term_string"}}],"inLanguage":"es-MX"},{"@type":"Organization","@id":"https:\/\/dva.com\/mx\/#organization","name":"DVA","url":"https:\/\/dva.com\/mx\/","logo":{"@type":"ImageObject","inLanguage":"es-MX","@id":"https:\/\/dva.com\/mx\/#\/schema\/logo\/image\/","url":"https:\/\/dva.com\/wp-content\/uploads\/2020\/05\/dva-group-logo.svg","contentUrl":"https:\/\/dva.com\/wp-content\/uploads\/2020\/05\/dva-group-logo.svg","width":"1000","height":"1000","caption":"DVA"},"image":{"@id":"https:\/\/dva.com\/mx\/#\/schema\/logo\/image\/"},"sameAs":["https:\/\/www.facebook.com\/dvaglobal"]}]}},"_links":{"self":[{"href":"https:\/\/dva.com\/mx\/wp-json\/wp\/v2\/pages\/11040","targetHints":{"allow":["GET"]}}],"collection":[{"href":"https:\/\/dva.com\/mx\/wp-json\/wp\/v2\/pages"}],"about":[{"href":"https:\/\/dva.com\/mx\/wp-json\/wp\/v2\/types\/page"}],"author":[{"embeddable":true,"href":"https:\/\/dva.com\/mx\/wp-json\/wp\/v2\/users\/1"}],"replies":[{"embeddable":true,"href":"https:\/\/dva.com\/mx\/wp-json\/wp\/v2\/comments?post=11040"}],"version-history":[{"count":0,"href":"https:\/\/dva.com\/mx\/wp-json\/wp\/v2\/pages\/11040\/revisions"}],"wp:featuredmedia":[{"embeddable":true,"href":"https:\/\/dva.com\/mx\/wp-json\/wp\/v2\/media\/11088"}],"wp:attachment":[{"href":"https:\/\/dva.com\/mx\/wp-json\/wp\/v2\/media?parent=11040"}],"curies":[{"name":"wp","href":"https:\/\/api.w.org\/{rel}","templated":true}]}}