{"id":11070,"date":"2019-02-05T02:21:25","date_gmt":"2019-02-05T01:21:25","guid":{"rendered":"https:\/\/www.dva.endustry.de\/?page_id=11070"},"modified":"2022-10-30T22:18:23","modified_gmt":"2022-10-30T21:18:23","slug":"alimentos","status":"publish","type":"page","link":"https:\/\/dva.com\/mx\/alimentos\/","title":{"rendered":"DVA Alimentos"},"content":{"rendered":"<div class=\"wpb-content-wrapper\"><p>[vc_row row_height_percent=&#8221;0&#8243; back_image=&#8221;9207&#8243; overlay_alpha=&#8221;50&#8243; gutter_size=&#8221;3&#8243; column_width_percent=&#8221;100&#8243; shift_y=&#8221;0&#8243; z_index=&#8221;0&#8243; row_height_pixel=&#8221;500px&#8221;][vc_column column_width_percent=&#8221;100&#8243; position_vertical=&#8221;bottom&#8221; gutter_size=&#8221;3&#8243; overlay_alpha=&#8221;50&#8243; shift_x=&#8221;0&#8243; shift_y=&#8221;0&#8243; shift_y_down=&#8221;0&#8243; z_index=&#8221;0&#8243; medium_width=&#8221;0&#8243; mobile_width=&#8221;0&#8243; width=&#8221;1\/1&#8243;][\/vc_column][\/vc_row][vc_row row_height_percent=&#8221;0&#8243; overlay_alpha=&#8221;50&#8243; gutter_size=&#8221;3&#8243; column_width_use_pixel=&#8221;yes&#8221; shift_y=&#8221;0&#8243; z_index=&#8221;0&#8243; css=&#8221;.vc_custom_1540348991459{padding-top: 25px !important;padding-bottom: 55px !important;}&#8221; column_width_pixel=&#8221;1150px&#8221; row_name=&#8221;about&#8221;][vc_column column_width_percent=&#8221;100&#8243; align_horizontal=&#8221;align_center&#8221; gutter_size=&#8221;3&#8243; overlay_alpha=&#8221;50&#8243; shift_x=&#8221;0&#8243; shift_y=&#8221;0&#8243; shift_y_down=&#8221;0&#8243; z_index=&#8221;0&#8243; medium_width=&#8221;0&#8243; mobile_width=&#8221;0&#8243; width=&#8221;1\/1&#8243;][vc_row_inner][vc_column_inner column_width_percent=&#8221;100&#8243; align_horizontal=&#8221;align_center&#8221; gutter_size=&#8221;3&#8243; overlay_alpha=&#8221;50&#8243; shift_x=&#8221;0&#8243; shift_y=&#8221;0&#8243; shift_y_down=&#8221;0&#8243; z_index=&#8221;0&#8243; medium_width=&#8221;0&#8243; mobile_width=&#8221;0&#8243; width=&#8221;1\/1&#8243;][vc_custom_heading text_color=&#8221;accent&#8221; heading_semantic=&#8221;h3&#8243; text_size=&#8221;h1&#8243; text_weight=&#8221;500&#8243; text_height=&#8221;fontheight-357766&#8243;]Soluciones en aditivos y materias primas para la industria[\/vc_custom_heading][vc_separator sep_color=&#8221;color-gyho&#8221;][vc_column_text]<span style=\"font-size: 20px;\">Participamos con nuestros clientes a optimizar el producto final mediante nuestra l\u00ednea de sistemas funcionales APPENMIX\u00ae, a la vez que ofrecemos materias primas de la mas alta calidad. Nuestra oferta incluye una amplia gama de materia prima para la industria alimentaria en M\u00e9xico como Hidrocoloides, Edulcorantes, Prote\u00ednas, Conservadores, Acidulantes, Funcionales, Nutrac\u00e9uticos, Antioxidantes y Especialidades y Sistemas Funcionales.<\/span><\/p>\n<p>&nbsp;<\/p>\n<p><img decoding=\"async\" class=\"size-full wp-image-11079 aligncenter\" src=\"https:\/\/dva.com\/wp-content\/uploads\/2020\/07\/dva-appenmix.jpg\" alt=\"\" width=\"780\" height=\"214\" srcset=\"https:\/\/dva.com\/wp-content\/uploads\/2020\/07\/dva-appenmix.jpg 780w, https:\/\/dva.com\/wp-content\/uploads\/2020\/07\/dva-appenmix-300x82.jpg 300w, https:\/\/dva.com\/wp-content\/uploads\/2020\/07\/dva-appenmix-768x211.jpg 768w\" sizes=\"(max-width: 780px) 100vw, 780px\" \/>[\/vc_column_text][\/vc_column_inner][\/vc_row_inner][\/vc_column][\/vc_row][vc_row row_height_percent=&#8221;0&#8243; override_padding=&#8221;yes&#8221; h_padding=&#8221;0&#8243; top_padding=&#8221;0&#8243; bottom_padding=&#8221;0&#8243; overlay_alpha=&#8221;100&#8243; equal_height=&#8221;yes&#8221; gutter_size=&#8221;0&#8243; column_width_use_pixel=&#8221;yes&#8221; shift_y=&#8221;0&#8243; z_index=&#8221;0&#8243; style=&#8221;inherited&#8221; css=&#8221;.vc_custom_1599901806619{margin-top: 30px !important;}&#8221; column_width_pixel=&#8221;1150&#8243;][vc_column column_width_percent=&#8221;100&#8243; position_vertical=&#8221;middle&#8221; gutter_size=&#8221;3&#8243; override_padding=&#8221;yes&#8221; column_padding=&#8221;2&#8243; style=&#8221;dark&#8221; overlay_alpha=&#8221;100&#8243; shift_x=&#8221;0&#8243; shift_y=&#8221;0&#8243; shift_y_down=&#8221;0&#8243; z_index=&#8221;0&#8243; medium_width=&#8221;3&#8243; mobile_width=&#8221;0&#8243; zoom_width=&#8221;0&#8243; zoom_height=&#8221;0&#8243; width=&#8221;1\/2&#8243; uncode_shortcode_id=&#8221;134933&#8243; back_color_type=&#8221;uncode-solid&#8221; back_color_solid=&#8221;#ff6a2b&#8221;][vc_custom_heading text_color=&#8221;color-xsdn&#8221; heading_semantic=&#8221;h1&#8243; text_size=&#8221;&#8221; text_transform=&#8221;uppercase&#8221; text_height=&#8221;&#8221; uncode_shortcode_id=&#8221;346197&#8243; text_color_type=&#8221;uncode-palette&#8221;]APPENMIX[\/vc_custom_heading][vc_custom_heading text_size=&#8221;h3&#8243; text_weight=&#8221;300&#8243; text_height=&#8221;&#8221; uncode_shortcode_id=&#8221;543839&#8243;]Nos involucramos con nuestros clientes entendiendo sus necesidades reales, para desarrollar el mejor sistema funcional y que nuestro cliente entregue al consumidor final un producto mejorado en t\u00e9rminos de funcionalidad, costo y calidad. Al mismo tiempo ponemos a disposici\u00f3n de nuestros clientes nuestra planta piloto.[\/vc_custom_heading][vc_button button_color=&#8221;color-xsdn&#8221; size=&#8221;btn-lg&#8221; radius=&#8221;btn-square&#8221; outline=&#8221;yes&#8221; border_width=&#8221;0&#8243; icon_position=&#8221;right&#8221; icon=&#8221;fa fa-arrow-right-thick&#8221; link=&#8221;url:https%3A%2F%2Fwww.appenmix.com%2F|title:M%C3%A1s%20informaci%C3%B3n%20sobre%20APPENMIX|target:_blank&#8221; button_color_type=&#8221;uncode-palette&#8221; uncode_shortcode_id=&#8221;718385&#8243;]CONOZCA APPENMIX[\/vc_button][\/vc_column][vc_column column_width_percent=&#8221;100&#8243; position_horizontal=&#8221;left&#8221; position_vertical=&#8221;middle&#8221; align_horizontal=&#8221;align_center&#8221; gutter_size=&#8221;0&#8243; override_padding=&#8221;yes&#8221; column_padding=&#8221;0&#8243; back_color=&#8221;color-lxmt&#8221; back_image=&#8221;72822&#8243; overlay_color=&#8221;color-xsdn&#8221; overlay_alpha=&#8221;49&#8243; shift_x=&#8221;0&#8243; shift_y=&#8221;0&#8243; shift_y_down=&#8221;0&#8243; z_index=&#8221;0&#8243; medium_width=&#8221;3&#8243; mobile_width=&#8221;0&#8243; zoom_width=&#8221;0&#8243; zoom_height=&#8221;0&#8243; width=&#8221;1\/2&#8243; mobile_height=&#8221;260&#8243; uncode_shortcode_id=&#8221;111381&#8243; back_color_type=&#8221;uncode-palette&#8221; overlay_color_type=&#8221;uncode-palette&#8221;][vc_column_text uncode_shortcode_id=&#8221;119688&#8243;]<img decoding=\"async\" class=\"alignnone wp-image-72733\" src=\"https:\/\/dva.com\/wp-content\/uploads\/2022\/10\/appenmix.png\" alt=\"\" width=\"300\" height=\"400\" \/>[\/vc_column_text][\/vc_column][\/vc_row][vc_row row_height_percent=&#8221;0&#8243; overlay_alpha=&#8221;50&#8243; gutter_size=&#8221;3&#8243; column_width_use_pixel=&#8221;yes&#8221; shift_y=&#8221;0&#8243; z_index=&#8221;0&#8243; column_width_pixel=&#8221;900&#8243; css=&#8221;.vc_custom_1667164617018{padding-top: 45px !important;padding-bottom: 50px !important;}&#8221; uncode_shortcode_id=&#8221;564119&#8243;][vc_column column_width_percent=&#8221;100&#8243; align_horizontal=&#8221;align_center&#8221; gutter_size=&#8221;3&#8243; overlay_alpha=&#8221;50&#8243; shift_x=&#8221;0&#8243; shift_y=&#8221;0&#8243; shift_y_down=&#8221;0&#8243; z_index=&#8221;0&#8243; medium_width=&#8221;0&#8243; mobile_width=&#8221;0&#8243; width=&#8221;1\/1&#8243; uncode_shortcode_id=&#8221;162597&#8243;][vc_column_text css=&#8221;.vc_custom_1555103353273{margin-bottom: 0px !important;border-bottom-width: 0px !important;padding-bottom: 0px !important;}&#8221;]<\/p>\n<h1>PRODUCTOS ALIMENTOS<\/h1>\n<p>[\/vc_column_text][vc_row_inner row_inner_height_percent=&#8221;0&#8243; overlay_alpha=&#8221;50&#8243; gutter_size=&#8221;3&#8243; shift_y=&#8221;0&#8243; z_index=&#8221;0&#8243; css=&#8221;.vc_custom_1555101571534{margin-top: 0px !important;border-top-width: 0px !important;padding-top: 0px !important;}&#8221;][vc_column_inner column_width_percent=&#8221;100&#8243; align_horizontal=&#8221;align_center&#8221; gutter_size=&#8221;3&#8243; override_padding=&#8221;yes&#8221; column_padding=&#8221;2&#8243; back_color=&#8221;color-xsdn&#8221; overlay_alpha=&#8221;50&#8243; shift_x=&#8221;0&#8243; shift_y=&#8221;1&#8243; shift_y_down=&#8221;0&#8243; z_index=&#8221;0&#8243; medium_width=&#8221;0&#8243; mobile_width=&#8221;0&#8243; shadow=&#8221;xs&#8221; width=&#8221;1\/2&#8243; uncode_shortcode_id=&#8221;635391&#8243; back_color_type=&#8221;uncode-palette&#8221;][vc_column_text css=&#8221;.vc_custom_1667164552513{margin-bottom: 0px !important;border-bottom-width: 0px !important;padding-bottom: 0px !important;}&#8221; uncode_shortcode_id=&#8221;770979&#8243;]<a href=\"https:\/\/dva.com\/wp-content\/uploads\/2022\/10\/Listado-de-ingredientes-actualizado-7sep.pdf\"><img decoding=\"async\" class=\"alignnone size-full wp-image-74992\" src=\"https:\/\/dva.com\/wp-content\/uploads\/2022\/10\/listmx1.jpg\" alt=\"\" width=\"600\" height=\"765\" srcset=\"https:\/\/dva.com\/wp-content\/uploads\/2022\/10\/listmx1.jpg 600w, https:\/\/dva.com\/wp-content\/uploads\/2022\/10\/listmx1-235x300.jpg 235w\" sizes=\"(max-width: 600px) 100vw, 600px\" \/><\/a>[\/vc_column_text][vc_column_text css=&#8221;.vc_custom_1667164525748{margin-bottom: 0px !important;border-bottom-width: 0px !important;padding-bottom: 0px !important;}&#8221; uncode_shortcode_id=&#8221;779513&#8243;]<\/p>\n<h3>Listado de ingredientes<\/h3>\n<p>[\/vc_column_text][vc_button button_color=&#8221;accent&#8221; size=&#8221;btn-xl&#8221; outline=&#8221;yes&#8221; border_width=&#8221;0&#8243; link=&#8221;url:https%3A%2F%2Fdev.greatideasinaction.com%2Fdva%2Fwp-content%2Fuploads%2F2022%2F10%2FListado-de-ingredientes-actualizado-7sep.pdf|title:Alimentos|target:_blank&#8221; button_color_type=&#8221;uncode-palette&#8221; uncode_shortcode_id=&#8221;212909&#8243;]Descargar[\/vc_button][\/vc_column_inner][vc_column_inner column_width_percent=&#8221;100&#8243; align_horizontal=&#8221;align_center&#8221; gutter_size=&#8221;3&#8243; override_padding=&#8221;yes&#8221; column_padding=&#8221;2&#8243; back_color=&#8221;color-xsdn&#8221; overlay_alpha=&#8221;50&#8243; shift_x=&#8221;0&#8243; shift_y=&#8221;1&#8243; shift_y_down=&#8221;0&#8243; z_index=&#8221;0&#8243; medium_width=&#8221;0&#8243; mobile_width=&#8221;0&#8243; shadow=&#8221;xs&#8221; width=&#8221;1\/2&#8243; uncode_shortcode_id=&#8221;106525&#8243; back_color_type=&#8221;uncode-palette&#8221;][vc_column_text css=&#8221;.vc_custom_1667164484315{margin-bottom: 0px !important;border-bottom-width: 0px !important;padding-bottom: 0px !important;}&#8221; uncode_shortcode_id=&#8221;115747&#8243;]<a href=\"https:\/\/dva.com\/wp-content\/uploads\/2022\/10\/brochure-Appenmix.pdf\"><img decoding=\"async\" class=\"alignnone size-full wp-image-75035\" src=\"https:\/\/dva.com\/wp-content\/uploads\/2022\/10\/listmx2.jpg\" alt=\"\" width=\"600\" height=\"765\" srcset=\"https:\/\/dva.com\/wp-content\/uploads\/2022\/10\/listmx2.jpg 600w, https:\/\/dva.com\/wp-content\/uploads\/2022\/10\/listmx2-235x300.jpg 235w\" sizes=\"(max-width: 600px) 100vw, 600px\" \/><\/a>[\/vc_column_text][vc_column_text css=&#8221;.vc_custom_1555101177761{margin-bottom: 0px !important;border-bottom-width: 0px !important;padding-bottom: 0px !important;}&#8221;]<\/p>\n<h3>Cat\u00e1logo de alimentos<\/h3>\n<p>[\/vc_column_text][vc_button button_color=&#8221;accent&#8221; size=&#8221;btn-xl&#8221; outline=&#8221;yes&#8221; border_width=&#8221;0&#8243; link=&#8221;url:https%3A%2F%2Fdev.greatideasinaction.com%2Fdva%2Fwp-content%2Fuploads%2F2022%2F10%2Fbrochure-Appenmix.pdf|title:Alimentos|target:_blank&#8221; button_color_type=&#8221;uncode-palette&#8221; uncode_shortcode_id=&#8221;205651&#8243;]Descargar[\/vc_button][\/vc_column_inner][\/vc_row_inner][\/vc_column][\/vc_row][vc_row row_height_percent=&#8221;0&#8243; override_padding=&#8221;yes&#8221; h_padding=&#8221;2&#8243; top_padding=&#8221;1&#8243; bottom_padding=&#8221;1&#8243; back_color=&#8221;accent&#8221; overlay_alpha=&#8221;50&#8243; gutter_size=&#8221;3&#8243; column_width_percent=&#8221;100&#8243; shift_y=&#8221;0&#8243; z_index=&#8221;0&#8243; css=&#8221;.vc_custom_1540261309881{padding-top: 15px !important;padding-bottom: 15px !important;}&#8221;][vc_column column_width_percent=&#8221;100&#8243; align_horizontal=&#8221;align_center&#8221; gutter_size=&#8221;3&#8243; overlay_alpha=&#8221;50&#8243; shift_x=&#8221;0&#8243; shift_y=&#8221;0&#8243; shift_y_down=&#8221;0&#8243; z_index=&#8221;0&#8243; medium_width=&#8221;0&#8243; mobile_width=&#8221;0&#8243; width=&#8221;1\/1&#8243;][vc_custom_heading text_color=&#8221;color-xsdn&#8221; text_size=&#8221;h3&#8243; text_weight=&#8221;400&#8243; text_height=&#8221;fontheight-524109&#8243;]Satisfacemos la demanda de ingredientes para la industria alimentaria.[\/vc_custom_heading][\/vc_column][\/vc_row][vc_row row_height_percent=&#8221;0&#8243; back_color=&#8221;color-lxmt&#8221; overlay_alpha=&#8221;50&#8243; gutter_size=&#8221;3&#8243; column_width_use_pixel=&#8221;yes&#8221; shift_y=&#8221;0&#8243; z_index=&#8221;0&#8243; css=&#8221;.vc_custom_1555102727433{padding-top: 25px !important;}&#8221; column_width_pixel=&#8221;900px&#8221; row_name=&#8221;contacto&#8221;][vc_column column_width_percent=&#8221;100&#8243; align_horizontal=&#8221;align_center&#8221; gutter_size=&#8221;3&#8243; overlay_alpha=&#8221;50&#8243; shift_x=&#8221;0&#8243; shift_y=&#8221;0&#8243; shift_y_down=&#8221;0&#8243; z_index=&#8221;0&#8243; medium_width=&#8221;0&#8243; mobile_width=&#8221;0&#8243; width=&#8221;1\/1&#8243;][vc_row_inner][vc_column_inner column_width_percent=&#8221;100&#8243; align_horizontal=&#8221;align_center&#8221; gutter_size=&#8221;3&#8243; overlay_alpha=&#8221;50&#8243; shift_x=&#8221;0&#8243; shift_y=&#8221;0&#8243; shift_y_down=&#8221;0&#8243; z_index=&#8221;0&#8243; medium_width=&#8221;0&#8243; mobile_width=&#8221;0&#8243; width=&#8221;1\/1&#8243;][vc_custom_heading text_color=&#8221;accent&#8221; text_size=&#8221;fontsize-191104&#8243; text_weight=&#8221;400&#8243; text_height=&#8221;fontheight-179065&#8243;]Estar en contacto[\/vc_custom_heading][vc_separator sep_color=&#8221;color-gyho&#8221;][\/vc_column_inner][\/vc_row_inner][\/vc_column][\/vc_row][vc_row row_height_percent=&#8221;0&#8243; back_color=&#8221;color-lxmt&#8221; overlay_alpha=&#8221;50&#8243; gutter_size=&#8221;3&#8243; column_width_use_pixel=&#8221;yes&#8221; shift_y=&#8221;0&#8243; z_index=&#8221;0&#8243; row_name=&#8221;start&#8221; css=&#8221;.vc_custom_1540329786956{padding-bottom: 60px !important;}&#8221; column_width_pixel=&#8221;1150px&#8221;][vc_column column_width_percent=&#8221;100&#8243; gutter_size=&#8221;3&#8243; back_color=&#8221;color-xsdn&#8221; overlay_alpha=&#8221;50&#8243; shift_x=&#8221;0&#8243; shift_y=&#8221;0&#8243; shift_y_down=&#8221;0&#8243; z_index=&#8221;0&#8243; medium_width=&#8221;0&#8243; mobile_width=&#8221;0&#8243; shadow=&#8221;xs&#8221; width=&#8221;2\/3&#8243;][vc_custom_heading text_color=&#8221;accent&#8221; text_weight=&#8221;400&#8243; text_height=&#8221;fontheight-179065&#8243;]Mandanos un mensaje[\/vc_custom_heading][vc_raw_html]JTNDZGl2JTIwY2xhc3MlM0QlMjJwaXBlZHJpdmVXZWJGb3JtcyUyMiUyMGRhdGEtcGQtd2ViZm9ybXMlM0QlMjJodHRwcyUzQSUyRiUyRnBpcGVkcml2ZXdlYmZvcm1zLmNvbSUyRmZvcm0lMkYyNTg1NjBjNjhjMTVjZWZkZTkxNmY0OWY3MGJmZGQ4NTk3MzQ4JTIyJTNFJTNDc2NyaXB0JTIwc3JjJTNEJTIyaHR0cHMlM0ElMkYlMkZjZG4ucGlwZWRyaXZlYXNzZXRzLmNvbSUyRndlYi1mb3JtLWFzc2V0cyUyRndlYmZvcm1zLm1pbi5qcyUyMiUzRSUzQyUyRnNjcmlwdCUzRSUzQyUyRmRpdiUzRQ==[\/vc_raw_html][\/vc_column][vc_column column_width_percent=&#8221;100&#8243; gutter_size=&#8221;3&#8243; back_color=&#8221;color-xsdn&#8221; overlay_color=&#8221;color-xsdn&#8221; overlay_alpha=&#8221;50&#8243; shift_x=&#8221;0&#8243; shift_y=&#8221;0&#8243; shift_y_down=&#8221;0&#8243; z_index=&#8221;0&#8243; medium_width=&#8221;0&#8243; mobile_width=&#8221;0&#8243; radius=&#8221;xs&#8221; shadow=&#8221;xs&#8221; width=&#8221;1\/3&#8243;][vc_custom_heading text_color=&#8221;accent&#8221; text_weight=&#8221;400&#8243; text_height=&#8221;fontheight-179065&#8243;]Dependencias[\/vc_custom_heading][vc_column_text]<\/p>\n<h4>Corporativo Punto Polanco<\/h4>\n<p>Lago Alberto No 319, 7\u00b0 Piso, 701<br \/>\nColonia Granada,<br \/>\nDelegaci\u00f3n Miguel Hidalgo<br \/>\nC.P. 11520 M\u00e9xico D.F<br \/>\n<strong>Tel\u00e9fono: <\/strong>01-55-2122 0400<br \/>\n<strong>Email: <\/strong>ventas@dva.mx[\/vc_column_text][vc_separator sep_color=&#8221;,Default&#8221;][vc_column_text]<\/p>\n<h4>DVA Suc. Guadalajara<\/h4>\n<p>Av. San Miguel<br \/>\nNo. 263 Bodega 79<br \/>\nFracc. Ind. San Juan Zapopan,<br \/>\nJal 45019<br \/>\n<strong>Tel\u00e9fono: <\/strong>33-3125-5159 \/<br \/>\n33-3620-4232[\/vc_column_text][vc_separator sep_color=&#8221;,Default&#8221;][vc_column_text uncode_shortcode_id=&#8221;143425&#8243;]<\/p>\n<h4>DVA Suc. Monterrey<\/h4>\n<p>Almac\u00e9n<br \/>\nIgnacio Sep\u00falveda no. 209<br \/>\nBodega F,G y E<br \/>\nCol. La Encarnaci\u00f3n<br \/>\nApodaca, N.L.<br \/>\nC.P.66633<br \/>\n<strong>Tel\u00e9fono: <\/strong>01-81-8386-6575[\/vc_column_text][vc_separator sep_color=&#8221;,Default&#8221;][vc_column_text uncode_shortcode_id=&#8221;161057&#8243;]<\/p>\n<h4>DVA PLANTA ATITALAQUIA<\/h4>\n<p>Oriente No. 1<br \/>\nParque Industrial Atitalaquia<br \/>\nAtitalaquia, Hidalgo<br \/>\nC.P. 42970<br \/>\nM\u00e9xico[\/vc_column_text][\/vc_column][\/vc_row]<\/p>\n<\/div>","protected":false},"excerpt":{"rendered":"<p>[vc_row row_height_percent=&#8221;0&#8243; back_image=&#8221;9207&#8243; overlay_alpha=&#8221;50&#8243; gutter_size=&#8221;3&#8243; column_width_percent=&#8221;100&#8243; shift_y=&#8221;0&#8243; z_index=&#8221;0&#8243; row_height_pixel=&#8221;500px&#8221;][vc_column column_width_percent=&#8221;100&#8243; position_vertical=&#8221;bottom&#8221; gutter_size=&#8221;3&#8243; overlay_alpha=&#8221;50&#8243; shift_x=&#8221;0&#8243; shift_y=&#8221;0&#8243; shift_y_down=&#8221;0&#8243; z_index=&#8221;0&#8243; medium_width=&#8221;0&#8243; mobile_width=&#8221;0&#8243; width=&#8221;1\/1&#8243;][\/vc_column][\/vc_row][vc_row [&hellip;]<\/p>\n","protected":false},"author":1,"featured_media":11083,"parent":0,"menu_order":0,"comment_status":"closed","ping_status":"closed","template":"","meta":{"footnotes":""},"class_list":["post-11070","page","type-page","status-publish","has-post-thumbnail","hentry"],"yoast_head":"<!-- This site is optimized with the Yoast SEO Premium plugin v24.9 (Yoast SEO v27.1.1) - https:\/\/yoast.com\/product\/yoast-seo-premium-wordpress\/ -->\n<title>DVA Alimentos<\/title>\n<meta name=\"robots\" content=\"index, follow, max-snippet:-1, max-image-preview:large, max-video-preview:-1\" \/>\n<link rel=\"canonical\" href=\"https:\/\/dva.com\/mx\/alimentos\/\" \/>\n<meta property=\"og:locale\" content=\"es_MX\" \/>\n<meta property=\"og:type\" content=\"article\" \/>\n<meta property=\"og:title\" content=\"DVA Alimentos\" \/>\n<meta property=\"og:description\" content=\"[vc_row row_height_percent=&#8221;0&#8243; back_image=&#8221;9207&#8243; overlay_alpha=&#8221;50&#8243; gutter_size=&#8221;3&#8243; column_width_percent=&#8221;100&#8243; shift_y=&#8221;0&#8243; z_index=&#8221;0&#8243; row_height_pixel=&#8221;500px&#8221;][vc_column column_width_percent=&#8221;100&#8243; position_vertical=&#8221;bottom&#8221; gutter_size=&#8221;3&#8243; overlay_alpha=&#8221;50&#8243; shift_x=&#8221;0&#8243; shift_y=&#8221;0&#8243; shift_y_down=&#8221;0&#8243; z_index=&#8221;0&#8243; medium_width=&#8221;0&#8243; mobile_width=&#8221;0&#8243; width=&#8221;1\/1&#8243;][\/vc_column][\/vc_row][vc_row [&hellip;]\" \/>\n<meta property=\"og:url\" content=\"https:\/\/dva.com\/mx\/alimentos\/\" \/>\n<meta property=\"og:site_name\" content=\"DVA\" \/>\n<meta property=\"article:publisher\" content=\"https:\/\/www.facebook.com\/dvaglobal\" \/>\n<meta property=\"article:modified_time\" content=\"2022-10-30T21:18:23+00:00\" \/>\n<meta property=\"og:image\" content=\"https:\/\/dva.com\/wp-content\/uploads\/2020\/07\/dvafoods.jpg\" \/>\n\t<meta property=\"og:image:width\" content=\"294\" \/>\n\t<meta property=\"og:image:height\" content=\"294\" \/>\n\t<meta property=\"og:image:type\" content=\"image\/jpeg\" \/>\n<meta name=\"twitter:card\" content=\"summary_large_image\" \/>\n<meta name=\"twitter:label1\" content=\"Tiempo de lectura\" \/>\n\t<meta name=\"twitter:data1\" content=\"3 minutes\" \/>\n<script type=\"application\/ld+json\" class=\"yoast-schema-graph\">{\"@context\":\"https:\/\/schema.org\",\"@graph\":[{\"@type\":\"WebPage\",\"@id\":\"https:\/\/dva.com\/mx\/alimentos\/\",\"url\":\"https:\/\/dva.com\/mx\/alimentos\/\",\"name\":\"DVA Alimentos\",\"isPartOf\":{\"@id\":\"https:\/\/dva.com\/mx\/#website\"},\"primaryImageOfPage\":{\"@id\":\"https:\/\/dva.com\/mx\/alimentos\/#primaryimage\"},\"image\":{\"@id\":\"https:\/\/dva.com\/mx\/alimentos\/#primaryimage\"},\"thumbnailUrl\":\"https:\/\/dva.com\/wp-content\/uploads\/2020\/07\/dvafoods.jpg\",\"datePublished\":\"2019-02-05T01:21:25+00:00\",\"dateModified\":\"2022-10-30T21:18:23+00:00\",\"breadcrumb\":{\"@id\":\"https:\/\/dva.com\/mx\/alimentos\/#breadcrumb\"},\"inLanguage\":\"es-MX\",\"potentialAction\":[{\"@type\":\"ReadAction\",\"target\":[\"https:\/\/dva.com\/mx\/alimentos\/\"]}]},{\"@type\":\"ImageObject\",\"inLanguage\":\"es-MX\",\"@id\":\"https:\/\/dva.com\/mx\/alimentos\/#primaryimage\",\"url\":\"https:\/\/dva.com\/wp-content\/uploads\/2020\/07\/dvafoods.jpg\",\"contentUrl\":\"https:\/\/dva.com\/wp-content\/uploads\/2020\/07\/dvafoods.jpg\",\"width\":294,\"height\":294},{\"@type\":\"BreadcrumbList\",\"@id\":\"https:\/\/dva.com\/mx\/alimentos\/#breadcrumb\",\"itemListElement\":[{\"@type\":\"ListItem\",\"position\":1,\"name\":\"Home\",\"item\":\"https:\/\/dva.com\/mx\/\"},{\"@type\":\"ListItem\",\"position\":2,\"name\":\"DVA Alimentos\"}]},{\"@type\":\"WebSite\",\"@id\":\"https:\/\/dva.com\/mx\/#website\",\"url\":\"https:\/\/dva.com\/mx\/\",\"name\":\"DVA\",\"description\":\"GO FURTHER. TOGETHER\",\"publisher\":{\"@id\":\"https:\/\/dva.com\/mx\/#organization\"},\"potentialAction\":[{\"@type\":\"SearchAction\",\"target\":{\"@type\":\"EntryPoint\",\"urlTemplate\":\"https:\/\/dva.com\/mx\/?s={search_term_string}\"},\"query-input\":{\"@type\":\"PropertyValueSpecification\",\"valueRequired\":true,\"valueName\":\"search_term_string\"}}],\"inLanguage\":\"es-MX\"},{\"@type\":\"Organization\",\"@id\":\"https:\/\/dva.com\/mx\/#organization\",\"name\":\"DVA\",\"url\":\"https:\/\/dva.com\/mx\/\",\"logo\":{\"@type\":\"ImageObject\",\"inLanguage\":\"es-MX\",\"@id\":\"https:\/\/dva.com\/mx\/#\/schema\/logo\/image\/\",\"url\":\"https:\/\/dva.com\/wp-content\/uploads\/2020\/05\/dva-group-logo.svg\",\"contentUrl\":\"https:\/\/dva.com\/wp-content\/uploads\/2020\/05\/dva-group-logo.svg\",\"width\":\"1000\",\"height\":\"1000\",\"caption\":\"DVA\"},\"image\":{\"@id\":\"https:\/\/dva.com\/mx\/#\/schema\/logo\/image\/\"},\"sameAs\":[\"https:\/\/www.facebook.com\/dvaglobal\"]}]}<\/script>\n<!-- \/ Yoast SEO Premium plugin. -->","yoast_head_json":{"title":"DVA Alimentos","robots":{"index":"index","follow":"follow","max-snippet":"max-snippet:-1","max-image-preview":"max-image-preview:large","max-video-preview":"max-video-preview:-1"},"canonical":"https:\/\/dva.com\/mx\/alimentos\/","og_locale":"es_MX","og_type":"article","og_title":"DVA Alimentos","og_description":"[vc_row row_height_percent=&#8221;0&#8243; back_image=&#8221;9207&#8243; overlay_alpha=&#8221;50&#8243; gutter_size=&#8221;3&#8243; column_width_percent=&#8221;100&#8243; shift_y=&#8221;0&#8243; z_index=&#8221;0&#8243; row_height_pixel=&#8221;500px&#8221;][vc_column column_width_percent=&#8221;100&#8243; position_vertical=&#8221;bottom&#8221; gutter_size=&#8221;3&#8243; overlay_alpha=&#8221;50&#8243; shift_x=&#8221;0&#8243; shift_y=&#8221;0&#8243; shift_y_down=&#8221;0&#8243; z_index=&#8221;0&#8243; medium_width=&#8221;0&#8243; mobile_width=&#8221;0&#8243; width=&#8221;1\/1&#8243;][\/vc_column][\/vc_row][vc_row [&hellip;]","og_url":"https:\/\/dva.com\/mx\/alimentos\/","og_site_name":"DVA","article_publisher":"https:\/\/www.facebook.com\/dvaglobal","article_modified_time":"2022-10-30T21:18:23+00:00","og_image":[{"width":294,"height":294,"url":"https:\/\/dva.com\/wp-content\/uploads\/2020\/07\/dvafoods.jpg","type":"image\/jpeg"}],"twitter_card":"summary_large_image","twitter_misc":{"Tiempo de lectura":"3 minutes"},"schema":{"@context":"https:\/\/schema.org","@graph":[{"@type":"WebPage","@id":"https:\/\/dva.com\/mx\/alimentos\/","url":"https:\/\/dva.com\/mx\/alimentos\/","name":"DVA Alimentos","isPartOf":{"@id":"https:\/\/dva.com\/mx\/#website"},"primaryImageOfPage":{"@id":"https:\/\/dva.com\/mx\/alimentos\/#primaryimage"},"image":{"@id":"https:\/\/dva.com\/mx\/alimentos\/#primaryimage"},"thumbnailUrl":"https:\/\/dva.com\/wp-content\/uploads\/2020\/07\/dvafoods.jpg","datePublished":"2019-02-05T01:21:25+00:00","dateModified":"2022-10-30T21:18:23+00:00","breadcrumb":{"@id":"https:\/\/dva.com\/mx\/alimentos\/#breadcrumb"},"inLanguage":"es-MX","potentialAction":[{"@type":"ReadAction","target":["https:\/\/dva.com\/mx\/alimentos\/"]}]},{"@type":"ImageObject","inLanguage":"es-MX","@id":"https:\/\/dva.com\/mx\/alimentos\/#primaryimage","url":"https:\/\/dva.com\/wp-content\/uploads\/2020\/07\/dvafoods.jpg","contentUrl":"https:\/\/dva.com\/wp-content\/uploads\/2020\/07\/dvafoods.jpg","width":294,"height":294},{"@type":"BreadcrumbList","@id":"https:\/\/dva.com\/mx\/alimentos\/#breadcrumb","itemListElement":[{"@type":"ListItem","position":1,"name":"Home","item":"https:\/\/dva.com\/mx\/"},{"@type":"ListItem","position":2,"name":"DVA Alimentos"}]},{"@type":"WebSite","@id":"https:\/\/dva.com\/mx\/#website","url":"https:\/\/dva.com\/mx\/","name":"DVA","description":"GO FURTHER. TOGETHER","publisher":{"@id":"https:\/\/dva.com\/mx\/#organization"},"potentialAction":[{"@type":"SearchAction","target":{"@type":"EntryPoint","urlTemplate":"https:\/\/dva.com\/mx\/?s={search_term_string}"},"query-input":{"@type":"PropertyValueSpecification","valueRequired":true,"valueName":"search_term_string"}}],"inLanguage":"es-MX"},{"@type":"Organization","@id":"https:\/\/dva.com\/mx\/#organization","name":"DVA","url":"https:\/\/dva.com\/mx\/","logo":{"@type":"ImageObject","inLanguage":"es-MX","@id":"https:\/\/dva.com\/mx\/#\/schema\/logo\/image\/","url":"https:\/\/dva.com\/wp-content\/uploads\/2020\/05\/dva-group-logo.svg","contentUrl":"https:\/\/dva.com\/wp-content\/uploads\/2020\/05\/dva-group-logo.svg","width":"1000","height":"1000","caption":"DVA"},"image":{"@id":"https:\/\/dva.com\/mx\/#\/schema\/logo\/image\/"},"sameAs":["https:\/\/www.facebook.com\/dvaglobal"]}]}},"_links":{"self":[{"href":"https:\/\/dva.com\/mx\/wp-json\/wp\/v2\/pages\/11070","targetHints":{"allow":["GET"]}}],"collection":[{"href":"https:\/\/dva.com\/mx\/wp-json\/wp\/v2\/pages"}],"about":[{"href":"https:\/\/dva.com\/mx\/wp-json\/wp\/v2\/types\/page"}],"author":[{"embeddable":true,"href":"https:\/\/dva.com\/mx\/wp-json\/wp\/v2\/users\/1"}],"replies":[{"embeddable":true,"href":"https:\/\/dva.com\/mx\/wp-json\/wp\/v2\/comments?post=11070"}],"version-history":[{"count":0,"href":"https:\/\/dva.com\/mx\/wp-json\/wp\/v2\/pages\/11070\/revisions"}],"wp:featuredmedia":[{"embeddable":true,"href":"https:\/\/dva.com\/mx\/wp-json\/wp\/v2\/media\/11083"}],"wp:attachment":[{"href":"https:\/\/dva.com\/mx\/wp-json\/wp\/v2\/media?parent=11070"}],"curies":[{"name":"wp","href":"https:\/\/api.w.org\/{rel}","templated":true}]}}