{"id":11203,"date":"2019-02-06T15:53:29","date_gmt":"2019-02-06T14:53:29","guid":{"rendered":"https:\/\/www.dva.endustry.de\/?page_id=11203"},"modified":"2020-07-23T17:27:53","modified_gmt":"2020-07-23T15:27:53","slug":"excipientes","status":"publish","type":"page","link":"https:\/\/dva.com\/mx\/excipientes\/","title":{"rendered":"Excipientes"},"content":{"rendered":"<div class=\"wpb-content-wrapper\"><p>[vc_row row_height_percent=&#8221;0&#8243; overlay_alpha=&#8221;50&#8243; gutter_size=&#8221;3&#8243; column_width_use_pixel=&#8221;yes&#8221; shift_y=&#8221;0&#8243; z_index=&#8221;0&#8243; column_width_pixel=&#8221;1000px&#8221; css=&#8221;.vc_custom_1595518068057{margin-top: 80px !important;}&#8221; shape_dividers=&#8221;&#8221;][vc_column width=&#8221;1\/1&#8243;][vc_column_text]Los\u00a0<strong>excipientes\u00a0<\/strong>son sin duda cruciales para la administraci\u00f3n de f\u00e1rmacos ante diversas condiciones. Generalmente un excipiente no tiene propiedades medicinales, ya que su prop\u00f3sito es agilizar la fabricaci\u00f3n de los productos farmacol\u00f3gicos, y en \u00faltima instancia, facilitar la absorci\u00f3n fisiol\u00f3gica del medicamento.<\/p>\n<p>Estos complementos pueden ayudar en la lubricidad, fluidez, desintegraci\u00f3n, sabor, e incluso pueden conferir alguna forma de funci\u00f3n antimicrobiana; cabe agregar que la selecci\u00f3n del excipiente apropiado para respaldar el dise\u00f1o de una formulaci\u00f3n farmac\u00e9utica es un paso importante en el proceso de fabricaci\u00f3n del medicamento. Veamos un poco m\u00e1s de cerca a estas sustancias que en DVA M\u00e9xico ponemos a su alcance.[\/vc_column_text][vc_column_text]<img decoding=\"async\" class=\"alignnone size-full wp-image-11204\" src=\"https:\/\/dva.com\/wp-content\/uploads\/2020\/07\/excipientes.png\" alt=\"\" width=\"1279\" height=\"575\" srcset=\"https:\/\/dva.com\/wp-content\/uploads\/2020\/07\/excipientes.png 1279w, https:\/\/dva.com\/wp-content\/uploads\/2020\/07\/excipientes-300x135.png 300w, https:\/\/dva.com\/wp-content\/uploads\/2020\/07\/excipientes-1024x460.png 1024w, https:\/\/dva.com\/wp-content\/uploads\/2020\/07\/excipientes-768x345.png 768w\" sizes=\"(max-width: 1279px) 100vw, 1279px\" \/>[\/vc_column_text][vc_column_text]Como se mencion\u00f3, los\u00a0<strong>excipientes\u00a0<\/strong>son sustancias aditivas utilizadas en la formulaci\u00f3n de tabletas para mejorar el volumen, la desintegraci\u00f3n, la velocidad de disoluci\u00f3n y la biodisponibilidad del f\u00e1rmaco. Para corroborar las interacciones que pueda haber entre f\u00e1rmacos y excipientes, se realizan estudios utilizando el espectro infrarrojo para conocer la estabilidad de ambos ingredientes.\u00a0 Tambi\u00e9n pueden definirse de forma m\u00e1s breve, como sustancias inertes que se usan como diluyentes o veh\u00edculos para un medicamento.<\/p>\n<p>En la industria farmac\u00e9utica es un t\u00e9rmino general que incluye varios subgrupos que comprenden diluyentes o rellenos, aglutinantes o adhesivos, desintegrantes, lubricantes, deslizantes, saborizantes, colorantes y edulcorantes; todos estos deben cumplir ciertos criterios, entre los cuales destacan los siguientes:<\/p>\n<ul>\n<li>Fisiol\u00f3gicamente inertes.<\/li>\n<li>Aceptables para los organismos reguladores.<\/li>\n<li>Fisiol\u00f3gicamente y qu\u00edmicamente estables.<\/li>\n<li>Libres de bacterias.<\/li>\n<li>No deben interferir con la biodisponibilidad del f\u00e1rmaco.<\/li>\n<li>Disponibles comercialmente en forma y pureza proporcional a las normas farmac\u00e9uticas.<\/li>\n<li>Bajo costo, accesible.<\/li>\n<li>Cumplir con las normas y regulaciones en vigencia.<\/li>\n<\/ul>\n<p>Para asegurarse de que no haya interferencias con el excipiente en la utilizaci\u00f3n del medicamento, el formulador debe evaluar de manera cuidadosa y cr\u00edtica las combinaciones del medicamento con cada excipiente contemplado y debe cumplir con las normas y regulaciones existentes. La selecci\u00f3n de interacciones f\u00e1rmaco-excipiente y excipiente-excipiente se lleva a cabo en estudios de pre formulaci\u00f3n de modo que se obtengan resultados \u00f3ptimos, seguros y de la mejor calidad.<\/p>\n<h2>Veamos a continuaci\u00f3n una lista de\u00a0<strong>excipientes<\/strong>, de los que encontrar\u00e1n en el cat\u00e1logo de DVA M\u00e9xico:<\/h2>\n<p>&nbsp;<\/p>\n<ul>\n<li>\n<h3><em>Diluyentes<\/em><\/h3>\n<\/li>\n<\/ul>\n<p>Son rellenos que se usan para compensar el volumen de la tableta, entre los que destacan lactosa, lactosa pulverizada, celulosa microcristalina (Avicel 101 y 102), Pvpk30 (Pearlitol SD200 y 25C), sorbitol, fosfato de calcio dib\u00e1sico deshidratado, sulfato de calcio deshidratado, entre otros.<\/p>\n<ul>\n<li>\n<h3><em>Aglutinantes<\/em><\/h3>\n<\/li>\n<\/ul>\n<p>Se utilizan como agentes de uni\u00f3n en tabletas, asimismo, proporcionan resistencia cohesiva a los materiales en polvo. Los aglutinantes se agregan en forma seca y h\u00fameda para formar gr\u00e1nulos; algunos ejemplos son: gelatina, glucosa, lactosa, derivados de celulosa-metilcelulosa, etilcelulosa, hidroxipropilmetilcelulosa, hidroxipropilcelulosa, almid\u00f3n, polivinilpirrolidona (povidona), alginato de sodio, carboximetilcelulosa, acacia, etc\u00e9tera.<\/p>\n<ul>\n<li>\n<h3><em>Lubricantes<\/em><\/h3>\n<\/li>\n<\/ul>\n<p>Se utilizan para reducir la fricci\u00f3n entre la pared de la matriz y la tableta, evitando la adhesi\u00f3n de la tableta a los troqueles y punzones. Ayuda en la f\u00e1cil expulsi\u00f3n de tabletas de la cavidad del dado. Algunos ejemplos son: \u00e1cido este\u00e1rico insoluble, estearato de magnesio, estearato de calcio, talco, parafina; soluble-lauril sulfato de sodio, benzoato de sodio, etc\u00e9tera.<\/p>\n<ul>\n<li>\n<h3><em>Glidantes<\/em><\/h3>\n<\/li>\n<\/ul>\n<p>Ayudan a que los gr\u00e1nulos fluyan libremente de la tolva a la cavidad de la matriz, asimismo, minimizan la fricci\u00f3n entre part\u00edculas. Ejemplos son: di\u00f3xido de silicio coloidal (Aerosil), almid\u00f3n de ma\u00edz, talco, etc\u00e9tera.<\/p>\n<ul>\n<li>\n<h3><em>Antiadherentes<\/em><\/h3>\n<\/li>\n<\/ul>\n<p>Se agregan para evitar la adhesi\u00f3n del material de la tableta a los punzones y matrices, por ejemplo el talco.<\/p>\n<ul>\n<li>\n<h3><em>Superdesintegrantes<\/em><\/h3>\n<\/li>\n<\/ul>\n<p>Cuando entran en contacto con el agua en la cavidad oral se descomponen en peque\u00f1as part\u00edculas. Algunos ejemplos son: croscarmelosa s\u00f3dica, Crospovidona (Polyplasdone), glicolato s\u00f3dico de almid\u00f3n, entre otros.<\/p>\n<p>Ahora bien, elegir uno o varios\u00a0<strong>excipientes<\/strong>\u00a0para una formulaci\u00f3n de medicamentos es un paso importante en el desarrollo de medicamentos. Un excipiente cuidadosamente elegido puede reducir los costos de fabricaci\u00f3n al ser multifuncional, o puede mejorar la experiencia del paciente al ofrecer propiedades de enmascaramiento del sabor; asimismo, debe adaptarse mejor a la forma de dosificaci\u00f3n deseada del f\u00e1rmaco, demostrar excelentes propiedades organol\u00e9pticas, cumplir con las regulaciones farmacopeicas, ser f\u00e1cil de obtener y que trabaje de manera eficaz.<\/p>\n<p>El excipiente correcto tendr\u00e1 las propiedades farmacocin\u00e9ticas ideales para su aplicaci\u00f3n farmac\u00e9utica prevista; tambi\u00e9n funcionar\u00e1 bien con su equipo existente o se ajustar\u00e1 a un plan de fabricaci\u00f3n. Los factores decisivos pueden incluir el uso previsto del compuesto, la cantidad de compuesto necesario (gramos a tonelaje) o las condiciones ambientales que podr\u00edan afectar a un excipiente. Otras consideraciones incluyen toxicidad potencial, origen de los productos qu\u00edmicos, entre otros factores especiales.<\/p>\n<p>Como puede observarse, se trata de complementos de importancia crucial para la industria farmac\u00e9utica y para los servicios de salud poblacional, por lo que es importante que existan firmas dedicadas a su fabricaci\u00f3n y distribuci\u00f3n como DVA M\u00e9xico.<\/p>\n<p>Hablemos un poco m\u00e1s sobre nuestros servicios para que se animen a contactarnos y preguntar por cada excipiente que ponemos a su alcance. En DVA somos una empresa con amplia experiencia, as\u00ed como una firma comprometida con los clientes, por lo que no s\u00f3lo nos dedicamos a la distribuci\u00f3n de suministros y materias primas para diversas industrias, sino tambi\u00e9n nos encargamos de optimizar constantemente nuestros procesos y las soluciones que ponemos al alcance de los interesados. De esta manera tanto nosotros como nuestros clientes obtenemos beneficios mutuos, lo cual nos ha permitido ganar la confianza y fidelidad de muchas industrias del rubro qu\u00edmico, agroqu\u00edmico, alimentario y cosm\u00e9tico. Tal ha sido nuestro esfuerzo que hoy en d\u00eda tenemos presencia global, con oficinas en 14 sedes repartidas en el mundo, as\u00ed como relaciones de comercio en m\u00e1s de 70 pa\u00edses.<\/p>\n<p>Contamos con diversas divisiones, entre las que destaca la farmac\u00e9utica, en la que encontrar\u00e1n productos como principios activos, recubrimientos Easycoat, y claro est\u00e1,\u00a0<strong>excipientes<\/strong>. De estos \u00faltimos contamos con las siguientes categor\u00edas: aglutinantes, diluyentes y solubilizantes. Para conocer con detalle cu\u00e1les son los complementos espec\u00edficos que son comprendidos bajo tales categor\u00edas, los invitamos a revisar nuestro sitio web. Si lo prefieren pueden contactarnos en alguna de nuestras sedes en Guadalajara, M\u00e9xico y Monterrey o a trav\u00e9s de este sitio web, les garantizamos atenci\u00f3n plena, as\u00ed como productos de la m\u00e1s alta calidad. \u00a1Los esperamos![\/vc_column_text][\/vc_column][\/vc_row][vc_row][vc_column width=&#8221;1\/1&#8243;][uncode_block id=&#8221;12576&#8243;][\/vc_column][\/vc_row]<\/p>\n<\/div>","protected":false},"excerpt":{"rendered":"<p>[vc_row row_height_percent=&#8221;0&#8243; overlay_alpha=&#8221;50&#8243; gutter_size=&#8221;3&#8243; column_width_use_pixel=&#8221;yes&#8221; shift_y=&#8221;0&#8243; z_index=&#8221;0&#8243; column_width_pixel=&#8221;1000px&#8221; css=&#8221;.vc_custom_1595518068057{margin-top: 80px !important;}&#8221; shape_dividers=&#8221;&#8221;][vc_column width=&#8221;1\/1&#8243;][vc_column_text]Los\u00a0excipientes\u00a0son sin duda cruciales para la administraci\u00f3n de [&hellip;]<\/p>\n","protected":false},"author":1,"featured_media":11092,"parent":0,"menu_order":0,"comment_status":"closed","ping_status":"closed","template":"","meta":{"footnotes":""},"class_list":["post-11203","page","type-page","status-publish","has-post-thumbnail","hentry"],"yoast_head":"<!-- This site is optimized with the Yoast SEO Premium plugin v24.9 (Yoast SEO v27.1.1) - https:\/\/yoast.com\/product\/yoast-seo-premium-wordpress\/ -->\n<title>Excipientes<\/title>\n<meta name=\"robots\" content=\"index, follow, max-snippet:-1, max-image-preview:large, max-video-preview:-1\" \/>\n<link rel=\"canonical\" href=\"https:\/\/dva.com\/mx\/excipientes\/\" \/>\n<meta property=\"og:locale\" content=\"es_MX\" \/>\n<meta property=\"og:type\" content=\"article\" \/>\n<meta property=\"og:title\" content=\"Excipientes\" \/>\n<meta property=\"og:description\" content=\"[vc_row row_height_percent=&#8221;0&#8243; overlay_alpha=&#8221;50&#8243; gutter_size=&#8221;3&#8243; column_width_use_pixel=&#8221;yes&#8221; shift_y=&#8221;0&#8243; z_index=&#8221;0&#8243; column_width_pixel=&#8221;1000px&#8221; css=&#8221;.vc_custom_1595518068057{margin-top: 80px !important;}&#8221; shape_dividers=&#8221;&#8221;][vc_column width=&#8221;1\/1&#8243;][vc_column_text]Los\u00a0excipientes\u00a0son sin duda cruciales para la administraci\u00f3n de [&hellip;]\" \/>\n<meta property=\"og:url\" content=\"https:\/\/dva.com\/mx\/excipientes\/\" \/>\n<meta property=\"og:site_name\" content=\"DVA\" \/>\n<meta property=\"article:publisher\" content=\"https:\/\/www.facebook.com\/dvaglobal\" \/>\n<meta property=\"article:modified_time\" content=\"2020-07-23T15:27:53+00:00\" \/>\n<meta property=\"og:image\" content=\"https:\/\/dva.com\/wp-content\/uploads\/2020\/07\/servicios-dva.jpg\" \/>\n\t<meta property=\"og:image:width\" content=\"1920\" \/>\n\t<meta property=\"og:image:height\" content=\"700\" \/>\n\t<meta property=\"og:image:type\" content=\"image\/jpeg\" \/>\n<meta name=\"twitter:card\" content=\"summary_large_image\" \/>\n<meta name=\"twitter:label1\" content=\"Tiempo de lectura\" \/>\n\t<meta name=\"twitter:data1\" content=\"6 minutes\" \/>\n<script type=\"application\/ld+json\" class=\"yoast-schema-graph\">{\"@context\":\"https:\/\/schema.org\",\"@graph\":[{\"@type\":\"WebPage\",\"@id\":\"https:\/\/dva.com\/mx\/excipientes\/\",\"url\":\"https:\/\/dva.com\/mx\/excipientes\/\",\"name\":\"Excipientes\",\"isPartOf\":{\"@id\":\"https:\/\/dva.com\/mx\/#website\"},\"primaryImageOfPage\":{\"@id\":\"https:\/\/dva.com\/mx\/excipientes\/#primaryimage\"},\"image\":{\"@id\":\"https:\/\/dva.com\/mx\/excipientes\/#primaryimage\"},\"thumbnailUrl\":\"https:\/\/dva.com\/wp-content\/uploads\/2020\/07\/servicios-dva.jpg\",\"datePublished\":\"2019-02-06T14:53:29+00:00\",\"dateModified\":\"2020-07-23T15:27:53+00:00\",\"breadcrumb\":{\"@id\":\"https:\/\/dva.com\/mx\/excipientes\/#breadcrumb\"},\"inLanguage\":\"es-MX\",\"potentialAction\":[{\"@type\":\"ReadAction\",\"target\":[\"https:\/\/dva.com\/mx\/excipientes\/\"]}]},{\"@type\":\"ImageObject\",\"inLanguage\":\"es-MX\",\"@id\":\"https:\/\/dva.com\/mx\/excipientes\/#primaryimage\",\"url\":\"https:\/\/dva.com\/wp-content\/uploads\/2020\/07\/servicios-dva.jpg\",\"contentUrl\":\"https:\/\/dva.com\/wp-content\/uploads\/2020\/07\/servicios-dva.jpg\",\"width\":1920,\"height\":700},{\"@type\":\"BreadcrumbList\",\"@id\":\"https:\/\/dva.com\/mx\/excipientes\/#breadcrumb\",\"itemListElement\":[{\"@type\":\"ListItem\",\"position\":1,\"name\":\"Home\",\"item\":\"https:\/\/dva.com\/mx\/\"},{\"@type\":\"ListItem\",\"position\":2,\"name\":\"Excipientes\"}]},{\"@type\":\"WebSite\",\"@id\":\"https:\/\/dva.com\/mx\/#website\",\"url\":\"https:\/\/dva.com\/mx\/\",\"name\":\"DVA\",\"description\":\"GO FURTHER. TOGETHER\",\"publisher\":{\"@id\":\"https:\/\/dva.com\/mx\/#organization\"},\"potentialAction\":[{\"@type\":\"SearchAction\",\"target\":{\"@type\":\"EntryPoint\",\"urlTemplate\":\"https:\/\/dva.com\/mx\/?s={search_term_string}\"},\"query-input\":{\"@type\":\"PropertyValueSpecification\",\"valueRequired\":true,\"valueName\":\"search_term_string\"}}],\"inLanguage\":\"es-MX\"},{\"@type\":\"Organization\",\"@id\":\"https:\/\/dva.com\/mx\/#organization\",\"name\":\"DVA\",\"url\":\"https:\/\/dva.com\/mx\/\",\"logo\":{\"@type\":\"ImageObject\",\"inLanguage\":\"es-MX\",\"@id\":\"https:\/\/dva.com\/mx\/#\/schema\/logo\/image\/\",\"url\":\"https:\/\/dva.com\/wp-content\/uploads\/2020\/05\/dva-group-logo.svg\",\"contentUrl\":\"https:\/\/dva.com\/wp-content\/uploads\/2020\/05\/dva-group-logo.svg\",\"width\":\"1000\",\"height\":\"1000\",\"caption\":\"DVA\"},\"image\":{\"@id\":\"https:\/\/dva.com\/mx\/#\/schema\/logo\/image\/\"},\"sameAs\":[\"https:\/\/www.facebook.com\/dvaglobal\"]}]}<\/script>\n<!-- \/ Yoast SEO Premium plugin. -->","yoast_head_json":{"title":"Excipientes","robots":{"index":"index","follow":"follow","max-snippet":"max-snippet:-1","max-image-preview":"max-image-preview:large","max-video-preview":"max-video-preview:-1"},"canonical":"https:\/\/dva.com\/mx\/excipientes\/","og_locale":"es_MX","og_type":"article","og_title":"Excipientes","og_description":"[vc_row row_height_percent=&#8221;0&#8243; overlay_alpha=&#8221;50&#8243; gutter_size=&#8221;3&#8243; column_width_use_pixel=&#8221;yes&#8221; shift_y=&#8221;0&#8243; z_index=&#8221;0&#8243; column_width_pixel=&#8221;1000px&#8221; css=&#8221;.vc_custom_1595518068057{margin-top: 80px !important;}&#8221; shape_dividers=&#8221;&#8221;][vc_column width=&#8221;1\/1&#8243;][vc_column_text]Los\u00a0excipientes\u00a0son sin duda cruciales para la administraci\u00f3n de [&hellip;]","og_url":"https:\/\/dva.com\/mx\/excipientes\/","og_site_name":"DVA","article_publisher":"https:\/\/www.facebook.com\/dvaglobal","article_modified_time":"2020-07-23T15:27:53+00:00","og_image":[{"width":1920,"height":700,"url":"https:\/\/dva.com\/wp-content\/uploads\/2020\/07\/servicios-dva.jpg","type":"image\/jpeg"}],"twitter_card":"summary_large_image","twitter_misc":{"Tiempo de lectura":"6 minutes"},"schema":{"@context":"https:\/\/schema.org","@graph":[{"@type":"WebPage","@id":"https:\/\/dva.com\/mx\/excipientes\/","url":"https:\/\/dva.com\/mx\/excipientes\/","name":"Excipientes","isPartOf":{"@id":"https:\/\/dva.com\/mx\/#website"},"primaryImageOfPage":{"@id":"https:\/\/dva.com\/mx\/excipientes\/#primaryimage"},"image":{"@id":"https:\/\/dva.com\/mx\/excipientes\/#primaryimage"},"thumbnailUrl":"https:\/\/dva.com\/wp-content\/uploads\/2020\/07\/servicios-dva.jpg","datePublished":"2019-02-06T14:53:29+00:00","dateModified":"2020-07-23T15:27:53+00:00","breadcrumb":{"@id":"https:\/\/dva.com\/mx\/excipientes\/#breadcrumb"},"inLanguage":"es-MX","potentialAction":[{"@type":"ReadAction","target":["https:\/\/dva.com\/mx\/excipientes\/"]}]},{"@type":"ImageObject","inLanguage":"es-MX","@id":"https:\/\/dva.com\/mx\/excipientes\/#primaryimage","url":"https:\/\/dva.com\/wp-content\/uploads\/2020\/07\/servicios-dva.jpg","contentUrl":"https:\/\/dva.com\/wp-content\/uploads\/2020\/07\/servicios-dva.jpg","width":1920,"height":700},{"@type":"BreadcrumbList","@id":"https:\/\/dva.com\/mx\/excipientes\/#breadcrumb","itemListElement":[{"@type":"ListItem","position":1,"name":"Home","item":"https:\/\/dva.com\/mx\/"},{"@type":"ListItem","position":2,"name":"Excipientes"}]},{"@type":"WebSite","@id":"https:\/\/dva.com\/mx\/#website","url":"https:\/\/dva.com\/mx\/","name":"DVA","description":"GO FURTHER. TOGETHER","publisher":{"@id":"https:\/\/dva.com\/mx\/#organization"},"potentialAction":[{"@type":"SearchAction","target":{"@type":"EntryPoint","urlTemplate":"https:\/\/dva.com\/mx\/?s={search_term_string}"},"query-input":{"@type":"PropertyValueSpecification","valueRequired":true,"valueName":"search_term_string"}}],"inLanguage":"es-MX"},{"@type":"Organization","@id":"https:\/\/dva.com\/mx\/#organization","name":"DVA","url":"https:\/\/dva.com\/mx\/","logo":{"@type":"ImageObject","inLanguage":"es-MX","@id":"https:\/\/dva.com\/mx\/#\/schema\/logo\/image\/","url":"https:\/\/dva.com\/wp-content\/uploads\/2020\/05\/dva-group-logo.svg","contentUrl":"https:\/\/dva.com\/wp-content\/uploads\/2020\/05\/dva-group-logo.svg","width":"1000","height":"1000","caption":"DVA"},"image":{"@id":"https:\/\/dva.com\/mx\/#\/schema\/logo\/image\/"},"sameAs":["https:\/\/www.facebook.com\/dvaglobal"]}]}},"_links":{"self":[{"href":"https:\/\/dva.com\/mx\/wp-json\/wp\/v2\/pages\/11203","targetHints":{"allow":["GET"]}}],"collection":[{"href":"https:\/\/dva.com\/mx\/wp-json\/wp\/v2\/pages"}],"about":[{"href":"https:\/\/dva.com\/mx\/wp-json\/wp\/v2\/types\/page"}],"author":[{"embeddable":true,"href":"https:\/\/dva.com\/mx\/wp-json\/wp\/v2\/users\/1"}],"replies":[{"embeddable":true,"href":"https:\/\/dva.com\/mx\/wp-json\/wp\/v2\/comments?post=11203"}],"version-history":[{"count":0,"href":"https:\/\/dva.com\/mx\/wp-json\/wp\/v2\/pages\/11203\/revisions"}],"wp:featuredmedia":[{"embeddable":true,"href":"https:\/\/dva.com\/mx\/wp-json\/wp\/v2\/media\/11092"}],"wp:attachment":[{"href":"https:\/\/dva.com\/mx\/wp-json\/wp\/v2\/media?parent=11203"}],"curies":[{"name":"wp","href":"https:\/\/api.w.org\/{rel}","templated":true}]}}