{"id":11316,"date":"2019-02-06T13:43:07","date_gmt":"2019-02-06T12:43:07","guid":{"rendered":"https:\/\/www.dva.endustry.de\/?page_id=11316"},"modified":"2020-07-23T17:36:26","modified_gmt":"2020-07-23T15:36:26","slug":"proveedores-de-surfactantes-quimicos","status":"publish","type":"page","link":"https:\/\/dva.com\/mx\/proveedores-de-surfactantes-quimicos\/","title":{"rendered":"Proveedores de surfactantes qu\u00edmicos"},"content":{"rendered":"<div class=\"wpb-content-wrapper\"><p>[vc_row row_height_percent=&#8221;0&#8243; overlay_alpha=&#8221;50&#8243; gutter_size=&#8221;3&#8243; column_width_use_pixel=&#8221;yes&#8221; shift_y=&#8221;0&#8243; z_index=&#8221;0&#8243; column_width_pixel=&#8221;1000px&#8221; css=&#8221;.vc_custom_1595518580704{margin-top: 80px !important;}&#8221; shape_dividers=&#8221;&#8221;][vc_column width=&#8221;1\/1&#8243;][vc_column_text]Los\u00a0<b>proveedores de surfactantes qu\u00edmicos<\/b>\u00a0son de gran importancia para numerosas industrias, ya que sin las sustancias que comercializan, las operaciones de mezcla, extracci\u00f3n, filtraci\u00f3n, difusi\u00f3n, dispersi\u00f3n, percolaci\u00f3n y humectaci\u00f3n, entre muchas otras de tipo unitario, que resultan fundamentales para los procesos que se llevan a cabo en sus entornos, ser\u00edan mucho m\u00e1s complicadas.<\/p>\n<p>Tambi\u00e9n conocidos como activadores de superficie o como agentes tensoactivos, los surfactantes son sustancias qu\u00edmicas que se encargan de reducir la tensi\u00f3n superficial del l\u00edquido en el que se encuentran disueltos o de la intercara, en caso de que exista otra fase presente. Seg\u00fan sus propiedades f\u00edsicas y qu\u00edmicas, que los hacen adecuados para aplicaciones espec\u00edficas, se clasifican en diferentes grupos, y es conveniente conocer los tipos disponibles actualmente en el mercado para elegir el surfactante que resulte m\u00e1s adecuado para el uso que se le quiere dar.<\/p>\n<p>Los\u00a0<b>proveedores de surfactantes qu\u00edmicos<\/b>, por lo regular cuentan con un cat\u00e1logo en el que se incluyen sustancias pertenecientes a los cuatro distintos grupos en que son clasificados estos agentes. A pesar de que los nombres que reciben pueden variar un poco, como acabamos de mencionar, es por sus propiedades f\u00edsicas y qu\u00edmicas que se clasifican en cuatro grupos: ani\u00f3nicos, cati\u00f3nicos, no i\u00f3nicos o anf\u00f3teros. Los surfactantes ani\u00f3nicos se ionizan en soluci\u00f3n y se emplean en la formulaci\u00f3n de detergentes, ya sea para uso dom\u00e9stico o industrial. Los cati\u00f3nicos derivan de \u00e1cidos grasos o de un petroqu\u00edmico y en soluci\u00f3n tambi\u00e9n se ionizan, reciben m\u00faltiples usos gracias a su eficiencia como bactericidas, alguicidas y germicidas. Los surfactantes no i\u00f3nicos se solubilizan y se emplean como materia prima para productos para el curtido de pieles, para la industria agr\u00edcola, para la producci\u00f3n de textiles, l\u00e1tex, pinturas en emulsi\u00f3n, limpiadores, petr\u00f3leo, pulpa y papel y procesos de metales. Por su lado, los anf\u00f3teros son sustancias b\u00e1sicas para la industria cosm\u00e9tica ya que tienen una excelente tolerancia cut\u00e1nea, de igual manera son utilizados para formular limpiadores alcalinos y anticorrosivos.<\/p>\n<p>Esta informaci\u00f3n general sobre el tipo de usos para los que resultan \u00fatiles los surfactantes seg\u00fan su clasificaci\u00f3n, puede funcionar de gu\u00eda para seleccionar el que se adapte mejor a las necesidades espec\u00edficas de cada entorno. Sin embargo, conviene conocer a detalle las propiedades de los agentes para as\u00ed determinar si el tipo de reacci\u00f3n que tendr\u00e1n sobre el medio en el que se aplicar\u00e1n es la adecuada. Para conocer estos detalles lo m\u00e1s conveniente es consultar a los proveedores y solicitar la informaci\u00f3n t\u00e9cnica de los productos que comercializan, y a trav\u00e9s de un an\u00e1lisis de las necesidades particulares que se tengan, determinar cu\u00e1l ofrecer\u00e1 el mejor comportamiento para obtener los resultados deseados. Tambi\u00e9n se recomienda realizar pruebas para verificar si la reacci\u00f3n que se obtiene con los surfactantes en el medio aplicado es la deseada, y en caso de que no sea as\u00ed, optar por otro agente.<\/p>\n<p>Los agentes tensoactivos pueden emplearse en numerosos procesos, ya que funcionan como emulsificantes, dispersantes, impermeabilizantes, humectantes, suavizantes, blanqueadores y desengrasantes, pero tambi\u00e9n funcionan en el proceso de mojado, espumado, rompimiento de espuma, en el engrase, te\u00f1ido, como lubricantes, y tienen propiedades germicidas, insecticidas y de detergencia. Por mencionar algunos ejemplos de los usos que reciben los surfactantes, en la industria de metal\u00fargica son empleados para la lubricaci\u00f3n de piezas para prevenir la corrosi\u00f3n y oxidaci\u00f3n, para detergentes, desfloculantes y emulsificantes; en la industria textil, los agentes se usan para la preparaci\u00f3n de fibras, como auxiliares de tintura, para dar acabados antibacteriales, como suavizantes y humectantes as\u00ed como antiest\u00e1ticos. En la industria cosm\u00e9tica se emplean en procesos de espumaci\u00f3n, emulsificaci\u00f3n y solubilizaci\u00f3n, para dar un efecto bactericida, de humectaci\u00f3n y detergencia. Por otro lado, en la industria del lavado y desinfectantes, los agentes tensoactivos se emplean por su acci\u00f3n antis\u00e9ptica y germicida, por sus propiedades de detergencia y mojado, as\u00ed como por ser emulsificantes para la producci\u00f3n de detergentes, aromatizantes, desinfectantes y desodorantes; y en la industria agr\u00edcola principalmente se utilizan para la formulaci\u00f3n de productos de acci\u00f3n insecticida.<\/p>\n<p>Si bien la elecci\u00f3n de los agentes surfactantes es clave para el \u00e9xito de los procesos en los que se empleen, hay otro factor que influye porque determina en gran medida la eficiencia de la sustancia utilizada y es la calidad de los surfactantes. Por esta raz\u00f3n, adem\u00e1s de elegir los activadores de superficie adecuados para el tipo de efecto que se desee y las caracter\u00edsticas de los medios a los que se aplicar\u00e1, es fundamental seleccionar cuidadosamente los\u00a0<b>proveedores de surfactantes qu\u00edmicos<\/b>\u00a0con los que se van a adquirir las sustancias.<\/p>\n<p>Existen algunos criterios generales para la elecci\u00f3n de los proveedores a trav\u00e9s de los cuales se logra determinar si la empresa ofrecer\u00e1 un servicio adecuado que satisfaga la demanda de producto en tiempo, forma y calidad requerida. En este sentido, evaluar la capacidad de la empresa proveedora para proporcionar las sustancias cuando se solicitan es de los pasos m\u00e1s b\u00e1sicos para encontrar un servicio satisfactorio, al igual que analizar la calidad de sus productos y servicios de entrega. La confiabilidad de la empresa proveedora tambi\u00e9n es muy importante, as\u00ed como los beneficios adicionales que se puedan disfrutar, como puede ser el contar con asesor\u00eda especializada para la elecci\u00f3n de los productos que resulten m\u00e1s adecuados para aplicaciones espec\u00edficas.<\/p>\n<p>Teniendo en cuenta todo lo anterior, podemos decir que en DVA somos una excelente opci\u00f3n si lo que buscan son\u00a0<b>proveedores de surfactantes qu\u00edmicos<\/b>. Con un extenso cat\u00e1logo de agentes surfactantes de la m\u00e1s alta calidad y un servicio de primera categor\u00eda, asesor\u00eda especializada y un trato respetuoso regido siempre por la honestidad, en DVA nos ponemos a sus \u00f3rdenes para la comercializaci\u00f3n de estas y otras materias primas para su industria. En nuestra p\u00e1gina web podr\u00e1n encontrar datos sobre los productos que ponemos a su alcance y para conocer detalle las caracter\u00edsticas de nuestros productos, solicitar asesor\u00eda en su elecci\u00f3n o una cotizaci\u00f3n, los invitamos a ponerse en contacto con nosotros, con gusto los atenderemos y les facilitaremos la tarea de seleccionar la soluci\u00f3n que se adapte mejora a sus m\u00e1s exigentes requerimientos.[\/vc_column_text][\/vc_column][\/vc_row][vc_row][vc_column width=&#8221;1\/1&#8243;][uncode_block id=&#8221;12576&#8243;][\/vc_column][\/vc_row]<\/p>\n<\/div>","protected":false},"excerpt":{"rendered":"<p>[vc_row row_height_percent=&#8221;0&#8243; overlay_alpha=&#8221;50&#8243; gutter_size=&#8221;3&#8243; column_width_use_pixel=&#8221;yes&#8221; shift_y=&#8221;0&#8243; z_index=&#8221;0&#8243; column_width_pixel=&#8221;1000px&#8221; css=&#8221;.vc_custom_1595518580704{margin-top: 80px !important;}&#8221; shape_dividers=&#8221;&#8221;][vc_column width=&#8221;1\/1&#8243;][vc_column_text]Los\u00a0proveedores de surfactantes qu\u00edmicos\u00a0son de gran importancia para [&hellip;]<\/p>\n","protected":false},"author":1,"featured_media":11092,"parent":0,"menu_order":0,"comment_status":"closed","ping_status":"closed","template":"","meta":{"footnotes":""},"class_list":["post-11316","page","type-page","status-publish","has-post-thumbnail","hentry"],"yoast_head":"<!-- This site is optimized with the Yoast SEO Premium plugin v24.9 (Yoast SEO v27.1.1) - https:\/\/yoast.com\/product\/yoast-seo-premium-wordpress\/ -->\n<title>Proveedores de surfactantes qu\u00edmicos<\/title>\n<meta name=\"robots\" content=\"index, follow, max-snippet:-1, max-image-preview:large, max-video-preview:-1\" \/>\n<link rel=\"canonical\" href=\"https:\/\/dva.com\/mx\/proveedores-de-surfactantes-quimicos\/\" \/>\n<meta property=\"og:locale\" content=\"es_MX\" \/>\n<meta property=\"og:type\" content=\"article\" \/>\n<meta property=\"og:title\" content=\"Proveedores de surfactantes qu\u00edmicos\" \/>\n<meta property=\"og:description\" content=\"[vc_row row_height_percent=&#8221;0&#8243; overlay_alpha=&#8221;50&#8243; gutter_size=&#8221;3&#8243; column_width_use_pixel=&#8221;yes&#8221; shift_y=&#8221;0&#8243; z_index=&#8221;0&#8243; column_width_pixel=&#8221;1000px&#8221; css=&#8221;.vc_custom_1595518580704{margin-top: 80px !important;}&#8221; shape_dividers=&#8221;&#8221;][vc_column width=&#8221;1\/1&#8243;][vc_column_text]Los\u00a0proveedores de surfactantes qu\u00edmicos\u00a0son de gran importancia para [&hellip;]\" \/>\n<meta property=\"og:url\" content=\"https:\/\/dva.com\/mx\/proveedores-de-surfactantes-quimicos\/\" \/>\n<meta property=\"og:site_name\" content=\"DVA\" \/>\n<meta property=\"article:publisher\" content=\"https:\/\/www.facebook.com\/dvaglobal\" \/>\n<meta property=\"article:modified_time\" content=\"2020-07-23T15:36:26+00:00\" \/>\n<meta property=\"og:image\" content=\"https:\/\/dva.com\/wp-content\/uploads\/2020\/07\/servicios-dva.jpg\" \/>\n\t<meta property=\"og:image:width\" content=\"1920\" \/>\n\t<meta property=\"og:image:height\" content=\"700\" \/>\n\t<meta property=\"og:image:type\" content=\"image\/jpeg\" \/>\n<meta name=\"twitter:card\" content=\"summary_large_image\" \/>\n<meta name=\"twitter:label1\" content=\"Tiempo de lectura\" \/>\n\t<meta name=\"twitter:data1\" content=\"6 minutes\" \/>\n<script type=\"application\/ld+json\" class=\"yoast-schema-graph\">{\"@context\":\"https:\/\/schema.org\",\"@graph\":[{\"@type\":\"WebPage\",\"@id\":\"https:\/\/dva.com\/mx\/proveedores-de-surfactantes-quimicos\/\",\"url\":\"https:\/\/dva.com\/mx\/proveedores-de-surfactantes-quimicos\/\",\"name\":\"Proveedores de surfactantes qu\u00edmicos\",\"isPartOf\":{\"@id\":\"https:\/\/dva.com\/mx\/#website\"},\"primaryImageOfPage\":{\"@id\":\"https:\/\/dva.com\/mx\/proveedores-de-surfactantes-quimicos\/#primaryimage\"},\"image\":{\"@id\":\"https:\/\/dva.com\/mx\/proveedores-de-surfactantes-quimicos\/#primaryimage\"},\"thumbnailUrl\":\"https:\/\/dva.com\/wp-content\/uploads\/2020\/07\/servicios-dva.jpg\",\"datePublished\":\"2019-02-06T12:43:07+00:00\",\"dateModified\":\"2020-07-23T15:36:26+00:00\",\"breadcrumb\":{\"@id\":\"https:\/\/dva.com\/mx\/proveedores-de-surfactantes-quimicos\/#breadcrumb\"},\"inLanguage\":\"es-MX\",\"potentialAction\":[{\"@type\":\"ReadAction\",\"target\":[\"https:\/\/dva.com\/mx\/proveedores-de-surfactantes-quimicos\/\"]}]},{\"@type\":\"ImageObject\",\"inLanguage\":\"es-MX\",\"@id\":\"https:\/\/dva.com\/mx\/proveedores-de-surfactantes-quimicos\/#primaryimage\",\"url\":\"https:\/\/dva.com\/wp-content\/uploads\/2020\/07\/servicios-dva.jpg\",\"contentUrl\":\"https:\/\/dva.com\/wp-content\/uploads\/2020\/07\/servicios-dva.jpg\",\"width\":1920,\"height\":700},{\"@type\":\"BreadcrumbList\",\"@id\":\"https:\/\/dva.com\/mx\/proveedores-de-surfactantes-quimicos\/#breadcrumb\",\"itemListElement\":[{\"@type\":\"ListItem\",\"position\":1,\"name\":\"Home\",\"item\":\"https:\/\/dva.com\/mx\/\"},{\"@type\":\"ListItem\",\"position\":2,\"name\":\"Proveedores de surfactantes qu\u00edmicos\"}]},{\"@type\":\"WebSite\",\"@id\":\"https:\/\/dva.com\/mx\/#website\",\"url\":\"https:\/\/dva.com\/mx\/\",\"name\":\"DVA\",\"description\":\"GO FURTHER. TOGETHER\",\"publisher\":{\"@id\":\"https:\/\/dva.com\/mx\/#organization\"},\"potentialAction\":[{\"@type\":\"SearchAction\",\"target\":{\"@type\":\"EntryPoint\",\"urlTemplate\":\"https:\/\/dva.com\/mx\/?s={search_term_string}\"},\"query-input\":{\"@type\":\"PropertyValueSpecification\",\"valueRequired\":true,\"valueName\":\"search_term_string\"}}],\"inLanguage\":\"es-MX\"},{\"@type\":\"Organization\",\"@id\":\"https:\/\/dva.com\/mx\/#organization\",\"name\":\"DVA\",\"url\":\"https:\/\/dva.com\/mx\/\",\"logo\":{\"@type\":\"ImageObject\",\"inLanguage\":\"es-MX\",\"@id\":\"https:\/\/dva.com\/mx\/#\/schema\/logo\/image\/\",\"url\":\"https:\/\/dva.com\/wp-content\/uploads\/2020\/05\/dva-group-logo.svg\",\"contentUrl\":\"https:\/\/dva.com\/wp-content\/uploads\/2020\/05\/dva-group-logo.svg\",\"width\":\"1000\",\"height\":\"1000\",\"caption\":\"DVA\"},\"image\":{\"@id\":\"https:\/\/dva.com\/mx\/#\/schema\/logo\/image\/\"},\"sameAs\":[\"https:\/\/www.facebook.com\/dvaglobal\"]}]}<\/script>\n<!-- \/ Yoast SEO Premium plugin. -->","yoast_head_json":{"title":"Proveedores de surfactantes qu\u00edmicos","robots":{"index":"index","follow":"follow","max-snippet":"max-snippet:-1","max-image-preview":"max-image-preview:large","max-video-preview":"max-video-preview:-1"},"canonical":"https:\/\/dva.com\/mx\/proveedores-de-surfactantes-quimicos\/","og_locale":"es_MX","og_type":"article","og_title":"Proveedores de surfactantes qu\u00edmicos","og_description":"[vc_row row_height_percent=&#8221;0&#8243; overlay_alpha=&#8221;50&#8243; gutter_size=&#8221;3&#8243; column_width_use_pixel=&#8221;yes&#8221; shift_y=&#8221;0&#8243; z_index=&#8221;0&#8243; column_width_pixel=&#8221;1000px&#8221; css=&#8221;.vc_custom_1595518580704{margin-top: 80px !important;}&#8221; shape_dividers=&#8221;&#8221;][vc_column width=&#8221;1\/1&#8243;][vc_column_text]Los\u00a0proveedores de surfactantes qu\u00edmicos\u00a0son de gran importancia para [&hellip;]","og_url":"https:\/\/dva.com\/mx\/proveedores-de-surfactantes-quimicos\/","og_site_name":"DVA","article_publisher":"https:\/\/www.facebook.com\/dvaglobal","article_modified_time":"2020-07-23T15:36:26+00:00","og_image":[{"width":1920,"height":700,"url":"https:\/\/dva.com\/wp-content\/uploads\/2020\/07\/servicios-dva.jpg","type":"image\/jpeg"}],"twitter_card":"summary_large_image","twitter_misc":{"Tiempo de lectura":"6 minutes"},"schema":{"@context":"https:\/\/schema.org","@graph":[{"@type":"WebPage","@id":"https:\/\/dva.com\/mx\/proveedores-de-surfactantes-quimicos\/","url":"https:\/\/dva.com\/mx\/proveedores-de-surfactantes-quimicos\/","name":"Proveedores de surfactantes qu\u00edmicos","isPartOf":{"@id":"https:\/\/dva.com\/mx\/#website"},"primaryImageOfPage":{"@id":"https:\/\/dva.com\/mx\/proveedores-de-surfactantes-quimicos\/#primaryimage"},"image":{"@id":"https:\/\/dva.com\/mx\/proveedores-de-surfactantes-quimicos\/#primaryimage"},"thumbnailUrl":"https:\/\/dva.com\/wp-content\/uploads\/2020\/07\/servicios-dva.jpg","datePublished":"2019-02-06T12:43:07+00:00","dateModified":"2020-07-23T15:36:26+00:00","breadcrumb":{"@id":"https:\/\/dva.com\/mx\/proveedores-de-surfactantes-quimicos\/#breadcrumb"},"inLanguage":"es-MX","potentialAction":[{"@type":"ReadAction","target":["https:\/\/dva.com\/mx\/proveedores-de-surfactantes-quimicos\/"]}]},{"@type":"ImageObject","inLanguage":"es-MX","@id":"https:\/\/dva.com\/mx\/proveedores-de-surfactantes-quimicos\/#primaryimage","url":"https:\/\/dva.com\/wp-content\/uploads\/2020\/07\/servicios-dva.jpg","contentUrl":"https:\/\/dva.com\/wp-content\/uploads\/2020\/07\/servicios-dva.jpg","width":1920,"height":700},{"@type":"BreadcrumbList","@id":"https:\/\/dva.com\/mx\/proveedores-de-surfactantes-quimicos\/#breadcrumb","itemListElement":[{"@type":"ListItem","position":1,"name":"Home","item":"https:\/\/dva.com\/mx\/"},{"@type":"ListItem","position":2,"name":"Proveedores de surfactantes qu\u00edmicos"}]},{"@type":"WebSite","@id":"https:\/\/dva.com\/mx\/#website","url":"https:\/\/dva.com\/mx\/","name":"DVA","description":"GO FURTHER. TOGETHER","publisher":{"@id":"https:\/\/dva.com\/mx\/#organization"},"potentialAction":[{"@type":"SearchAction","target":{"@type":"EntryPoint","urlTemplate":"https:\/\/dva.com\/mx\/?s={search_term_string}"},"query-input":{"@type":"PropertyValueSpecification","valueRequired":true,"valueName":"search_term_string"}}],"inLanguage":"es-MX"},{"@type":"Organization","@id":"https:\/\/dva.com\/mx\/#organization","name":"DVA","url":"https:\/\/dva.com\/mx\/","logo":{"@type":"ImageObject","inLanguage":"es-MX","@id":"https:\/\/dva.com\/mx\/#\/schema\/logo\/image\/","url":"https:\/\/dva.com\/wp-content\/uploads\/2020\/05\/dva-group-logo.svg","contentUrl":"https:\/\/dva.com\/wp-content\/uploads\/2020\/05\/dva-group-logo.svg","width":"1000","height":"1000","caption":"DVA"},"image":{"@id":"https:\/\/dva.com\/mx\/#\/schema\/logo\/image\/"},"sameAs":["https:\/\/www.facebook.com\/dvaglobal"]}]}},"_links":{"self":[{"href":"https:\/\/dva.com\/mx\/wp-json\/wp\/v2\/pages\/11316","targetHints":{"allow":["GET"]}}],"collection":[{"href":"https:\/\/dva.com\/mx\/wp-json\/wp\/v2\/pages"}],"about":[{"href":"https:\/\/dva.com\/mx\/wp-json\/wp\/v2\/types\/page"}],"author":[{"embeddable":true,"href":"https:\/\/dva.com\/mx\/wp-json\/wp\/v2\/users\/1"}],"replies":[{"embeddable":true,"href":"https:\/\/dva.com\/mx\/wp-json\/wp\/v2\/comments?post=11316"}],"version-history":[{"count":0,"href":"https:\/\/dva.com\/mx\/wp-json\/wp\/v2\/pages\/11316\/revisions"}],"wp:featuredmedia":[{"embeddable":true,"href":"https:\/\/dva.com\/mx\/wp-json\/wp\/v2\/media\/11092"}],"wp:attachment":[{"href":"https:\/\/dva.com\/mx\/wp-json\/wp\/v2\/media?parent=11316"}],"curies":[{"name":"wp","href":"https:\/\/api.w.org\/{rel}","templated":true}]}}