{"id":11336,"date":"2019-02-06T13:45:36","date_gmt":"2019-02-06T12:45:36","guid":{"rendered":"https:\/\/www.dva.endustry.de\/?page_id=11336"},"modified":"2020-07-23T17:37:20","modified_gmt":"2020-07-23T15:37:20","slug":"resina-abs-mexico","status":"publish","type":"page","link":"https:\/\/dva.com\/mx\/resina-abs-mexico\/","title":{"rendered":"Resina ABS M\u00e9xico"},"content":{"rendered":"<div class=\"wpb-content-wrapper\"><p>[vc_row row_height_percent=&#8221;0&#8243; overlay_alpha=&#8221;50&#8243; gutter_size=&#8221;3&#8243; column_width_use_pixel=&#8221;yes&#8221; shift_y=&#8221;0&#8243; z_index=&#8221;0&#8243; column_width_pixel=&#8221;1000px&#8221; css=&#8221;.vc_custom_1595518631031{margin-top: 80px !important;}&#8221; shape_dividers=&#8221;&#8221;][vc_column width=&#8221;1\/1&#8243;][vc_column_text]Acrilonitrilo butadieno estireno (ABS) es el nombre que recibe una familia de termopl\u00e1sticos utilizados ampliamente en aplicaciones automotrices, electr\u00f3nicas, fabricaci\u00f3n de juguetes, instrumentos musicales, en la manufactura de objetos de oficina y en impresi\u00f3n tridimensional, entre otras cuando se utiliza en aleaciones con otros pl\u00e1sticos como el PVC o el PTFE. En DVA, comprometidos con ofrecer soluciones integrales para las divisiones farmac\u00e9utica, de alimentos, qu\u00edmicos industriales, especialidades qu\u00edmicas y protecci\u00f3n de cultivos ponemos a su alcance\u00a0<strong>resina ABS M\u00e9xico<\/strong>\u00a0y en esta ocasi\u00f3n les presentaremos las principales propiedades de estos termopl\u00e1sticos y los diferentes usos que se les da.<\/p>\n<p>La resina ABS recibe este nombre por los tres mon\u00f3meros utilizados para producirla: acrilonitrilo, butadieno y estireno. Su composici\u00f3n le otorga una excelente resistencia mec\u00e1nica y resistencia al impacto, propiedades que se ven mejoradas en medida que su formulaci\u00f3n contenga m\u00e1s butadieno. Este termopl\u00e1stico tambi\u00e9n presenta excelentes propiedades de la resistencia a la tensi\u00f3n y a la deformaci\u00f3n con calor, pero es importante considerar que a diferencia de lo que ocurre con la resistencia mec\u00e1nica, especialmente al impacto que se ven optimizadas con un mayor contenido de butadieno, su resistencia a la tensi\u00f3n y a la deformaci\u00f3n son menores en presencia de un mayor porcentaje de este componente.[\/vc_column_text][vc_column_text]<img decoding=\"async\" class=\"size-full wp-image-11337 aligncenter\" src=\"https:\/\/dva.com\/wp-content\/uploads\/2020\/07\/resina-abs-mexico.jpg\" alt=\"\" width=\"800\" height=\"534\" srcset=\"https:\/\/dva.com\/wp-content\/uploads\/2020\/07\/resina-abs-mexico.jpg 800w, https:\/\/dva.com\/wp-content\/uploads\/2020\/07\/resina-abs-mexico-300x200.jpg 300w, https:\/\/dva.com\/wp-content\/uploads\/2020\/07\/resina-abs-mexico-768x513.jpg 768w\" sizes=\"(max-width: 800px) 100vw, 800px\" \/>[\/vc_column_text][vc_column_text]Por ello, se recomienda al momento de elegir la formulaci\u00f3n priorizar las propiedades requeridas seg\u00fan el tipo de uso que se le vaya a dar a la resina. En general, las propiedades del ABS son resultado de la suma de las propiedades individuales de cada uno de sus componentes. Por un lado el acrilonitrilo le da resistencia t\u00e9rmica, qu\u00edmica, resistencia a la fatiga, as\u00ed como dureza y rigidez. El butadieno le da buena resistencia al impacto, a la fusi\u00f3n y ductilidad a la baja temperatura, y el estireno da facilidad de procesado o fluidez, brillo, dureza y rigidez.<\/p>\n<p>El ABS es opaco y por lo regular presenta un color oscuro o marfil, aunque se pueden utilizar pigmentos para modificar su color y procesarse para obtener un mayor brillo. Gracias a sus componentes pueden extruirse, moldearse por procesos de inyecci\u00f3n, prensado y soplado, y son especialmente los grados de bajo impacto los que se procesan m\u00e1s f\u00e1cilmente. Los ABS de alto impacto tambi\u00e9n pueden procesarse, pero al tener un mayor contenido de caucho adquieren una textura m\u00e1s viscosa, lo que dificulta el proceso.<\/p>\n<p>El acrilonitrilo butadieno estireno tiene una alta resistencia a la abrasi\u00f3n, es impermeable al agua pero presenta una ligera permeabilidad al vapor. Es un material con buenas propiedades relativas a la fricci\u00f3n, no se degradan en aceites y soportan cargas y velocidades moderadas. En cuanto a la estabilidad dimensional es una de las propiedades en las que sobresale el ABS la que se ve beneficiada por la caracter\u00edstica de tener una alta resistencia a los fluidos fr\u00edos y por la baja absorci\u00f3n de la\u00a0<strong>resina ABS M\u00e9xico<\/strong>.<\/p>\n<p>Las resinas ABS se unen f\u00e1cilmente entre s\u00ed y con otros materiales pl\u00e1sticos, se pueden exponer a la intemperie pero bajo ciertas restricciones pues el sol puede producir una capa quebradiza que modifica el color del material, reduce su brillo y disminuye su resistencia a la flexi\u00f3n. La resistencia qu\u00edmica de este pl\u00e1stico es buena, aunque esta caracter\u00edstica depende del grado de la resina, de la temperatura y de los esfuerzos que se les aplique. Sin embargo, por lo regular no sufren afectaciones por agua, sales inorg\u00e1nicas por \u00e1lcalis ni por algunos \u00e1cidos. Para su uso es importante considerar que son solubles en \u00e9steres, acetona, aldeh\u00eddos y en algunos tipos de hidrocarburos clorados. Las caracter\u00edsticas de las resinas ABS para su maquinado son semejantes a las de metales no ferrosos, es decir, se pueden fresar, tornear, barrenar, aserradas y troquelar sin problema, adem\u00e1s se adaptan bien a operaciones secundarias de formado y se pueden doblar y estampar. Los acabados superficiales que se les dan a este tipo de resinas pueden ser de electro plateado y de metalizado al vac\u00edo.<\/p>\n<p>Es por sus propiedades de resistencia y por su ligereza que la\u00a0<strong>resina ABS M\u00e9xico<\/strong>\u00a0tiene una extensa variedad de aplicaciones. En la industria automotriz se emplea en la fabricaci\u00f3n de piezas para veh\u00edculos gracias a que se trata de un material muy liviano, lo que hace m\u00e1s ligeros los autom\u00f3viles y por tanto permite reducir el consumo de combustible. En esta industria se emplea para fabricar partes externas a las que se les da el color de la carrocer\u00eda, en partes cromadas, en la cuna de faros, en el alojamiento del espejo y en la parrilla del radiador; en partes internas en interiores y vestiduras, como en consolas, cobertores de puertas y en el panel de instrumento. Tambi\u00e9n se usa en la fabricaci\u00f3n de accesorios y tubos, en especial los utilizados en tuber\u00edas de desag\u00fce, drenaje y ventilaci\u00f3n de juntas. El ABS de igual forma tiene un amplio uso en la manufactura de electrodom\u00e9sticos, en la que se usa para fabricar recubrimientos exteriores e interiores de puertas de refrigeradores y neveras, en carcasas de aparatos como televisiones, radios, taladros, aspiradoras, secadores de cabello y m\u00e1quinas de coser.<\/p>\n<p>En la fabricaci\u00f3n de objetos de oficina las resinas ABS tambi\u00e9n tienen un amplio uso, esto principalmente a que se les puede dar cualquier color utilizando los pigmentos adecuados y con acabados como el metalizado, el cromado o estampado con patrones diferentes y superficies brillantes, satinadas u opacas. Es por esta facilidad de modificar su acabado mediante a\u00f1adidos que tambi\u00e9n se usa para fabricar carcasas de computadoras y de tel\u00e9fonos igual manera el ABS se emplea para fabricar contenedores peque\u00f1os, as\u00ed como para producir juguetes para ni\u00f1os, en especial los que se conforman por bloques de piezas pl\u00e1sticas. Para fabricar los interiores de aviones, para fabricar instrumentos musicales, para dispositivos electr\u00f3nicos y el\u00e9ctricos, en el revestimiento de \u00e1reas est\u00e9riles para la industria farmac\u00e9utica tambi\u00e9n son muy utilizadas las resinas ABS y m\u00e1s recientemente como material de impresi\u00f3n en impresoras tridimensionales, las que funcionan por la extrusi\u00f3n de capas delgadas de este pl\u00e1stico.<\/p>\n<p>Recuerden que en DVA comercializamos\u00a0<strong>resina ABS M\u00e9xico<\/strong>. Para solicitar mayor informaci\u00f3n sobre este y otros productos, los invitamos a ponerse en contacto con nosotros, con gusto los atenderemos.[\/vc_column_text][\/vc_column][\/vc_row][vc_row][vc_column width=&#8221;1\/1&#8243;][uncode_block id=&#8221;12576&#8243;][\/vc_column][\/vc_row]<\/p>\n<\/div>","protected":false},"excerpt":{"rendered":"<p>[vc_row row_height_percent=&#8221;0&#8243; overlay_alpha=&#8221;50&#8243; gutter_size=&#8221;3&#8243; column_width_use_pixel=&#8221;yes&#8221; shift_y=&#8221;0&#8243; z_index=&#8221;0&#8243; column_width_pixel=&#8221;1000px&#8221; css=&#8221;.vc_custom_1595518631031{margin-top: 80px !important;}&#8221; shape_dividers=&#8221;&#8221;][vc_column width=&#8221;1\/1&#8243;][vc_column_text]Acrilonitrilo butadieno estireno (ABS) es el nombre que [&hellip;]<\/p>\n","protected":false},"author":1,"featured_media":11092,"parent":0,"menu_order":0,"comment_status":"closed","ping_status":"closed","template":"","meta":{"footnotes":""},"class_list":["post-11336","page","type-page","status-publish","has-post-thumbnail","hentry"],"yoast_head":"<!-- This site is optimized with the Yoast SEO Premium plugin v24.9 (Yoast SEO v27.1.1) - https:\/\/yoast.com\/product\/yoast-seo-premium-wordpress\/ -->\n<title>Resina ABS M\u00e9xico<\/title>\n<meta name=\"robots\" content=\"index, follow, max-snippet:-1, max-image-preview:large, max-video-preview:-1\" \/>\n<link rel=\"canonical\" href=\"https:\/\/dva.com\/mx\/resina-abs-mexico\/\" \/>\n<meta property=\"og:locale\" content=\"es_MX\" \/>\n<meta property=\"og:type\" content=\"article\" \/>\n<meta property=\"og:title\" content=\"Resina ABS M\u00e9xico\" \/>\n<meta property=\"og:description\" content=\"[vc_row row_height_percent=&#8221;0&#8243; overlay_alpha=&#8221;50&#8243; gutter_size=&#8221;3&#8243; column_width_use_pixel=&#8221;yes&#8221; shift_y=&#8221;0&#8243; z_index=&#8221;0&#8243; column_width_pixel=&#8221;1000px&#8221; css=&#8221;.vc_custom_1595518631031{margin-top: 80px !important;}&#8221; shape_dividers=&#8221;&#8221;][vc_column width=&#8221;1\/1&#8243;][vc_column_text]Acrilonitrilo butadieno estireno (ABS) es el nombre que [&hellip;]\" \/>\n<meta property=\"og:url\" content=\"https:\/\/dva.com\/mx\/resina-abs-mexico\/\" \/>\n<meta property=\"og:site_name\" content=\"DVA\" \/>\n<meta property=\"article:publisher\" content=\"https:\/\/www.facebook.com\/dvaglobal\" \/>\n<meta property=\"article:modified_time\" content=\"2020-07-23T15:37:20+00:00\" \/>\n<meta property=\"og:image\" content=\"https:\/\/dva.com\/wp-content\/uploads\/2020\/07\/servicios-dva.jpg\" \/>\n\t<meta property=\"og:image:width\" content=\"1920\" \/>\n\t<meta property=\"og:image:height\" content=\"700\" \/>\n\t<meta property=\"og:image:type\" content=\"image\/jpeg\" \/>\n<meta name=\"twitter:card\" content=\"summary_large_image\" \/>\n<meta name=\"twitter:label1\" content=\"Tiempo de lectura\" \/>\n\t<meta name=\"twitter:data1\" content=\"6 minutes\" \/>\n<script type=\"application\/ld+json\" class=\"yoast-schema-graph\">{\"@context\":\"https:\/\/schema.org\",\"@graph\":[{\"@type\":\"WebPage\",\"@id\":\"https:\/\/dva.com\/mx\/resina-abs-mexico\/\",\"url\":\"https:\/\/dva.com\/mx\/resina-abs-mexico\/\",\"name\":\"Resina ABS M\u00e9xico\",\"isPartOf\":{\"@id\":\"https:\/\/dva.com\/mx\/#website\"},\"primaryImageOfPage\":{\"@id\":\"https:\/\/dva.com\/mx\/resina-abs-mexico\/#primaryimage\"},\"image\":{\"@id\":\"https:\/\/dva.com\/mx\/resina-abs-mexico\/#primaryimage\"},\"thumbnailUrl\":\"https:\/\/dva.com\/wp-content\/uploads\/2020\/07\/servicios-dva.jpg\",\"datePublished\":\"2019-02-06T12:45:36+00:00\",\"dateModified\":\"2020-07-23T15:37:20+00:00\",\"breadcrumb\":{\"@id\":\"https:\/\/dva.com\/mx\/resina-abs-mexico\/#breadcrumb\"},\"inLanguage\":\"es-MX\",\"potentialAction\":[{\"@type\":\"ReadAction\",\"target\":[\"https:\/\/dva.com\/mx\/resina-abs-mexico\/\"]}]},{\"@type\":\"ImageObject\",\"inLanguage\":\"es-MX\",\"@id\":\"https:\/\/dva.com\/mx\/resina-abs-mexico\/#primaryimage\",\"url\":\"https:\/\/dva.com\/wp-content\/uploads\/2020\/07\/servicios-dva.jpg\",\"contentUrl\":\"https:\/\/dva.com\/wp-content\/uploads\/2020\/07\/servicios-dva.jpg\",\"width\":1920,\"height\":700},{\"@type\":\"BreadcrumbList\",\"@id\":\"https:\/\/dva.com\/mx\/resina-abs-mexico\/#breadcrumb\",\"itemListElement\":[{\"@type\":\"ListItem\",\"position\":1,\"name\":\"Home\",\"item\":\"https:\/\/dva.com\/mx\/\"},{\"@type\":\"ListItem\",\"position\":2,\"name\":\"Resina ABS M\u00e9xico\"}]},{\"@type\":\"WebSite\",\"@id\":\"https:\/\/dva.com\/mx\/#website\",\"url\":\"https:\/\/dva.com\/mx\/\",\"name\":\"DVA\",\"description\":\"GO FURTHER. TOGETHER\",\"publisher\":{\"@id\":\"https:\/\/dva.com\/mx\/#organization\"},\"potentialAction\":[{\"@type\":\"SearchAction\",\"target\":{\"@type\":\"EntryPoint\",\"urlTemplate\":\"https:\/\/dva.com\/mx\/?s={search_term_string}\"},\"query-input\":{\"@type\":\"PropertyValueSpecification\",\"valueRequired\":true,\"valueName\":\"search_term_string\"}}],\"inLanguage\":\"es-MX\"},{\"@type\":\"Organization\",\"@id\":\"https:\/\/dva.com\/mx\/#organization\",\"name\":\"DVA\",\"url\":\"https:\/\/dva.com\/mx\/\",\"logo\":{\"@type\":\"ImageObject\",\"inLanguage\":\"es-MX\",\"@id\":\"https:\/\/dva.com\/mx\/#\/schema\/logo\/image\/\",\"url\":\"https:\/\/dva.com\/wp-content\/uploads\/2020\/05\/dva-group-logo.svg\",\"contentUrl\":\"https:\/\/dva.com\/wp-content\/uploads\/2020\/05\/dva-group-logo.svg\",\"width\":\"1000\",\"height\":\"1000\",\"caption\":\"DVA\"},\"image\":{\"@id\":\"https:\/\/dva.com\/mx\/#\/schema\/logo\/image\/\"},\"sameAs\":[\"https:\/\/www.facebook.com\/dvaglobal\"]}]}<\/script>\n<!-- \/ Yoast SEO Premium plugin. -->","yoast_head_json":{"title":"Resina ABS M\u00e9xico","robots":{"index":"index","follow":"follow","max-snippet":"max-snippet:-1","max-image-preview":"max-image-preview:large","max-video-preview":"max-video-preview:-1"},"canonical":"https:\/\/dva.com\/mx\/resina-abs-mexico\/","og_locale":"es_MX","og_type":"article","og_title":"Resina ABS M\u00e9xico","og_description":"[vc_row row_height_percent=&#8221;0&#8243; overlay_alpha=&#8221;50&#8243; gutter_size=&#8221;3&#8243; column_width_use_pixel=&#8221;yes&#8221; shift_y=&#8221;0&#8243; z_index=&#8221;0&#8243; column_width_pixel=&#8221;1000px&#8221; css=&#8221;.vc_custom_1595518631031{margin-top: 80px !important;}&#8221; shape_dividers=&#8221;&#8221;][vc_column width=&#8221;1\/1&#8243;][vc_column_text]Acrilonitrilo butadieno estireno (ABS) es el nombre que [&hellip;]","og_url":"https:\/\/dva.com\/mx\/resina-abs-mexico\/","og_site_name":"DVA","article_publisher":"https:\/\/www.facebook.com\/dvaglobal","article_modified_time":"2020-07-23T15:37:20+00:00","og_image":[{"width":1920,"height":700,"url":"https:\/\/dva.com\/wp-content\/uploads\/2020\/07\/servicios-dva.jpg","type":"image\/jpeg"}],"twitter_card":"summary_large_image","twitter_misc":{"Tiempo de lectura":"6 minutes"},"schema":{"@context":"https:\/\/schema.org","@graph":[{"@type":"WebPage","@id":"https:\/\/dva.com\/mx\/resina-abs-mexico\/","url":"https:\/\/dva.com\/mx\/resina-abs-mexico\/","name":"Resina ABS M\u00e9xico","isPartOf":{"@id":"https:\/\/dva.com\/mx\/#website"},"primaryImageOfPage":{"@id":"https:\/\/dva.com\/mx\/resina-abs-mexico\/#primaryimage"},"image":{"@id":"https:\/\/dva.com\/mx\/resina-abs-mexico\/#primaryimage"},"thumbnailUrl":"https:\/\/dva.com\/wp-content\/uploads\/2020\/07\/servicios-dva.jpg","datePublished":"2019-02-06T12:45:36+00:00","dateModified":"2020-07-23T15:37:20+00:00","breadcrumb":{"@id":"https:\/\/dva.com\/mx\/resina-abs-mexico\/#breadcrumb"},"inLanguage":"es-MX","potentialAction":[{"@type":"ReadAction","target":["https:\/\/dva.com\/mx\/resina-abs-mexico\/"]}]},{"@type":"ImageObject","inLanguage":"es-MX","@id":"https:\/\/dva.com\/mx\/resina-abs-mexico\/#primaryimage","url":"https:\/\/dva.com\/wp-content\/uploads\/2020\/07\/servicios-dva.jpg","contentUrl":"https:\/\/dva.com\/wp-content\/uploads\/2020\/07\/servicios-dva.jpg","width":1920,"height":700},{"@type":"BreadcrumbList","@id":"https:\/\/dva.com\/mx\/resina-abs-mexico\/#breadcrumb","itemListElement":[{"@type":"ListItem","position":1,"name":"Home","item":"https:\/\/dva.com\/mx\/"},{"@type":"ListItem","position":2,"name":"Resina ABS M\u00e9xico"}]},{"@type":"WebSite","@id":"https:\/\/dva.com\/mx\/#website","url":"https:\/\/dva.com\/mx\/","name":"DVA","description":"GO FURTHER. TOGETHER","publisher":{"@id":"https:\/\/dva.com\/mx\/#organization"},"potentialAction":[{"@type":"SearchAction","target":{"@type":"EntryPoint","urlTemplate":"https:\/\/dva.com\/mx\/?s={search_term_string}"},"query-input":{"@type":"PropertyValueSpecification","valueRequired":true,"valueName":"search_term_string"}}],"inLanguage":"es-MX"},{"@type":"Organization","@id":"https:\/\/dva.com\/mx\/#organization","name":"DVA","url":"https:\/\/dva.com\/mx\/","logo":{"@type":"ImageObject","inLanguage":"es-MX","@id":"https:\/\/dva.com\/mx\/#\/schema\/logo\/image\/","url":"https:\/\/dva.com\/wp-content\/uploads\/2020\/05\/dva-group-logo.svg","contentUrl":"https:\/\/dva.com\/wp-content\/uploads\/2020\/05\/dva-group-logo.svg","width":"1000","height":"1000","caption":"DVA"},"image":{"@id":"https:\/\/dva.com\/mx\/#\/schema\/logo\/image\/"},"sameAs":["https:\/\/www.facebook.com\/dvaglobal"]}]}},"_links":{"self":[{"href":"https:\/\/dva.com\/mx\/wp-json\/wp\/v2\/pages\/11336","targetHints":{"allow":["GET"]}}],"collection":[{"href":"https:\/\/dva.com\/mx\/wp-json\/wp\/v2\/pages"}],"about":[{"href":"https:\/\/dva.com\/mx\/wp-json\/wp\/v2\/types\/page"}],"author":[{"embeddable":true,"href":"https:\/\/dva.com\/mx\/wp-json\/wp\/v2\/users\/1"}],"replies":[{"embeddable":true,"href":"https:\/\/dva.com\/mx\/wp-json\/wp\/v2\/comments?post=11336"}],"version-history":[{"count":0,"href":"https:\/\/dva.com\/mx\/wp-json\/wp\/v2\/pages\/11336\/revisions"}],"wp:featuredmedia":[{"embeddable":true,"href":"https:\/\/dva.com\/mx\/wp-json\/wp\/v2\/media\/11092"}],"wp:attachment":[{"href":"https:\/\/dva.com\/mx\/wp-json\/wp\/v2\/media?parent=11336"}],"curies":[{"name":"wp","href":"https:\/\/api.w.org\/{rel}","templated":true}]}}