{"id":11342,"date":"2019-02-06T13:46:06","date_gmt":"2019-02-06T12:46:06","guid":{"rendered":"https:\/\/www.dva.endustry.de\/?page_id=11342"},"modified":"2020-07-23T17:37:39","modified_gmt":"2020-07-23T15:37:39","slug":"resina-pbt-mexico","status":"publish","type":"page","link":"https:\/\/dva.com\/mx\/resina-pbt-mexico\/","title":{"rendered":"Resina PBT M\u00e9xico"},"content":{"rendered":"<div class=\"wpb-content-wrapper\"><p>[vc_row row_height_percent=&#8221;0&#8243; overlay_alpha=&#8221;50&#8243; gutter_size=&#8221;3&#8243; column_width_use_pixel=&#8221;yes&#8221; shift_y=&#8221;0&#8243; z_index=&#8221;0&#8243; column_width_pixel=&#8221;1000px&#8221; css=&#8221;.vc_custom_1595518654003{margin-top: 80px !important;}&#8221; shape_dividers=&#8221;&#8221;][vc_column width=&#8221;1\/1&#8243;][vc_column_text]El tereftalato de polibutileno (PBT) es un tipo de poli\u00e9ster termopl\u00e1stico ampliamente utilizado en aplicaciones de ingenier\u00eda, principalmente para fabricar moldes de inyecci\u00f3n y como aislante el\u00e9ctrico en la industria electr\u00f3nica. En DVA, especializados en ofrecer soluciones a diferentes entornos, comercializamos\u00a0<strong>resina PBT M\u00e9xico<\/strong>\u00a0que podr\u00e1n encontrar en nuestro cat\u00e1logo de productos, y a continuaci\u00f3n les presentaremos las propiedades de este material y les contaremos sobre la variedad de aplicaciones que recibe.<\/p>\n<p>El tereftalato de polibutileno de la familia de los pol\u00edmeros termopl\u00e1sticos, es un poli\u00e9ster semicristalino con propiedades que lo hacen excelente para aplicaciones en ingenier\u00eda y en la industria electr\u00f3nica. Entre sus caracter\u00edsticas principales se encuentra su resistencia a los disolventes, su fuerza mec\u00e1nica, resistencia t\u00e9rmica de hasta 150\u00b0C o 200\u00b0C si se encuentra reforzado con fibra de vidrio y su resistencia a la rotura. Por su resistencia t\u00e9rmica tiene una alta temperatura a la deflexi\u00f3n y es altamente r\u00edgido. Presenta resistencia a la abrasi\u00f3n a buenas propiedades de bajo rozamiento, una estabilidad dimensional elevada por su baja absorci\u00f3n de agua y su bajo coeficiente de expansi\u00f3n t\u00e9rmico. Adem\u00e1s tiene buenas propiedades el\u00e9ctricas, es resistente a la exposici\u00f3n a la intemperie, es f\u00e1cil de moldear y tiene la capacidad de soldadura por ultrasonido. Todas estas propiedades se deben a su estructura qu\u00edmica, la que es muy similar a la del tereftalato de polietileno (PET) con la diferencia de que tiene un grupo butileno en lugar de un grupo de etileno. La s\u00edntesis del tereftalato de polibutileno (PBT) se hace a partir de un butanodiol y dimetil tereftalato o \u00e1cido tereft\u00e1lico con esterificaci\u00f3n y policondensaci\u00f3n.<\/p>\n<p>Es por su estructura que el PBT se encuentra relacionado con otros tipos de poli\u00e9steres termopl\u00e1sticos, como es el caso del tereftalato de polietileno (PET). Sin embargo, a diferencia de este, el PBT tiene una mejor resistencia al impacto y su rigidez y fuerza son menores. Ambos son sensibles al agua caliente y requieren de aditivos para hacerlos resistentes a la radiaci\u00f3n ultravioleta, cuando se emplean para aplicaciones al aire libre. A pesar de tratarse de poli\u00e9steres inflamables, con los aditivos adecuados pueden adquirir propiedades de inflamabilidad. El PBT en comparaci\u00f3n con el PET, tiene un punto de fusi\u00f3n menor, lo que hace posible procesarlo a bajas temperaturas, y con su fluidez y fundido y cristalizaci\u00f3n r\u00e1pida por enfriamiento, es un material excelente para aplicaciones de moldeo por inyecci\u00f3n.<\/p>\n<p>Actualmente se comercializan dos tipos de productos de tereftalato de polibutileno, la\u00a0<strong>resina PBT M\u00e9xico<\/strong>\u00a0y el compuesto de PBT; la diferencia entre ellos reside en su composici\u00f3n: mientras que la resina es la base del PBT, el compuesto como su nombre lo indica, es una combinaci\u00f3n de tereftalato de polibutileno con aditivos como agentes de protecci\u00f3n ultravioleta, retardantes de llama y relleno de fibra de vidrio hasta en un 40%. Adem\u00e1s puede mezclarse con otros pol\u00edmeros como el policarbonato (PC), el acrilonitrilo butadieno estireno (ABS) y el politetrafluoroetileno (PTFE), entre otros.<\/p>\n<p>Otras propiedades del tereftalato de polibutileno son su gran estabilidad dimensional, su resistencia a ataques por productos qu\u00edmicos \u00e1cidos, su baja absorci\u00f3n de agua y buena adhesi\u00f3n, tanto con soldadura como con pegamento. De igual manera es un pol\u00edmero de escasa tendencia a la fluencia resistente a la fricci\u00f3n y al desgaste, y buena resiliencia, en particular en condiciones de fr\u00edo, superando la capacidad del PET.<\/p>\n<p>Las aplicaciones del tereftalato de polibutileno son de lo m\u00e1s diversas e incluyen la industria electr\u00f3nica, principalmente para fabricar carcasas, capacitores, interruptores, bobinas, conectores, tomas de corriente y disyuntores, esto gracias a sus propiedades aislantes y a su facilidad de moldeo por procesos de inyecci\u00f3n y extrusi\u00f3n. Se usa tambi\u00e9n como recubrimiento de fibra \u00f3ptica, para fabricar fibras y l\u00e1minas. En la industria automotriz, para hacer la moldura de los faros, de espejos retrovisores, los limpiaparabrisas, para fabricar pulsadores, para sensores, componentes de sistemas el\u00e9ctricos y en general para fabricar los conectores de los veh\u00edculos, as\u00ed como piezas de sistemas ign\u00edfugos. Entre otras de las aplicaciones m\u00e1s comunes del tereftalato de polibutileno est\u00e1 la fabricaci\u00f3n de carcasas para motores, carcasas de electrodom\u00e9sticos, la fabricaci\u00f3n de aislamiento, tiradores y bases, y la elaboraci\u00f3n de monofilamentos para emplearse en cerdas de escobillones, por ejemplo.<\/p>\n<p>Si buscan\u00a0<strong>resina PBT M\u00e9xico<\/strong>\u00a0en el cat\u00e1logo de DVA encontrar\u00e1n lo que necesitan. En DVA somos una empresa comprometida con ofrecer soluciones a diversos entornos y contamos con varias divisiones de productos. En la divisi\u00f3n de qu\u00edmicos industriales encontrar\u00e1n materias primas de la m\u00e1s alta calidad para la fabricaci\u00f3n de pinturas, resinas, tintas, recubrimientos, textiles, adhesivos y para aplicaciones de construcci\u00f3n. Adem\u00e1s contamos con una divisi\u00f3n de especialidades qu\u00edmicas, farmac\u00e9utica, de alimentos y de protecci\u00f3n de cultivos.<\/p>\n<p>Comprometidos con ofrecer soluciones que contribuyan al \u00e9xito de nuestros clientes, mejoramos continuamente y nos regimos bajo los valores de honestidad, compromiso, integridad, confianza, trabajo en equipo y pasi\u00f3n para ofrecer la venta, soporte t\u00e9cnico y servicio adecuado a las necesidades particulares de cada uno de nuestros clientes.<\/p>\n<p>Ha sido gracias a nuestra profesionalidad que las actividades de DVA en M\u00e9xico han crecido desde que iniciamos con la distribuci\u00f3n de materias primas para la industria farmac\u00e9utica y hoy en d\u00eda contamos con tres sucursales, una en Guadalajara, una en Monterrey y otra en Ciudad de M\u00e9xico, desde las que ofrecemos servicios a todo el territorio mexicano.<\/p>\n<p>Para conocer m\u00e1s acerca de los productos que comercializamos les invitamos a ponerse en contacto con nosotros en DVA, ser\u00e1 un placer atenderles y ofrecerles asesor\u00eda especializada en la elecci\u00f3n de la soluci\u00f3n a sus necesidades.[\/vc_column_text][\/vc_column][\/vc_row][vc_row][vc_column width=&#8221;1\/1&#8243;][uncode_block id=&#8221;12576&#8243;][\/vc_column][\/vc_row]<\/p>\n<\/div>","protected":false},"excerpt":{"rendered":"<p>[vc_row row_height_percent=&#8221;0&#8243; overlay_alpha=&#8221;50&#8243; gutter_size=&#8221;3&#8243; column_width_use_pixel=&#8221;yes&#8221; shift_y=&#8221;0&#8243; z_index=&#8221;0&#8243; column_width_pixel=&#8221;1000px&#8221; css=&#8221;.vc_custom_1595518654003{margin-top: 80px !important;}&#8221; shape_dividers=&#8221;&#8221;][vc_column width=&#8221;1\/1&#8243;][vc_column_text]El tereftalato de polibutileno (PBT) es un tipo [&hellip;]<\/p>\n","protected":false},"author":1,"featured_media":11092,"parent":0,"menu_order":0,"comment_status":"closed","ping_status":"closed","template":"","meta":{"footnotes":""},"class_list":["post-11342","page","type-page","status-publish","has-post-thumbnail","hentry"],"yoast_head":"<!-- This site is optimized with the Yoast SEO Premium plugin v24.9 (Yoast SEO v27.1.1) - https:\/\/yoast.com\/product\/yoast-seo-premium-wordpress\/ -->\n<title>Resina PBT M\u00e9xico<\/title>\n<meta name=\"robots\" content=\"index, follow, max-snippet:-1, max-image-preview:large, max-video-preview:-1\" \/>\n<link rel=\"canonical\" href=\"https:\/\/dva.com\/mx\/resina-pbt-mexico\/\" \/>\n<meta property=\"og:locale\" content=\"es_MX\" \/>\n<meta property=\"og:type\" content=\"article\" \/>\n<meta property=\"og:title\" content=\"Resina PBT M\u00e9xico\" \/>\n<meta property=\"og:description\" content=\"[vc_row row_height_percent=&#8221;0&#8243; overlay_alpha=&#8221;50&#8243; gutter_size=&#8221;3&#8243; column_width_use_pixel=&#8221;yes&#8221; shift_y=&#8221;0&#8243; z_index=&#8221;0&#8243; column_width_pixel=&#8221;1000px&#8221; css=&#8221;.vc_custom_1595518654003{margin-top: 80px !important;}&#8221; shape_dividers=&#8221;&#8221;][vc_column width=&#8221;1\/1&#8243;][vc_column_text]El tereftalato de polibutileno (PBT) es un tipo [&hellip;]\" \/>\n<meta property=\"og:url\" content=\"https:\/\/dva.com\/mx\/resina-pbt-mexico\/\" \/>\n<meta property=\"og:site_name\" content=\"DVA\" \/>\n<meta property=\"article:publisher\" content=\"https:\/\/www.facebook.com\/dvaglobal\" \/>\n<meta property=\"article:modified_time\" content=\"2020-07-23T15:37:39+00:00\" \/>\n<meta property=\"og:image\" content=\"https:\/\/dva.com\/wp-content\/uploads\/2020\/07\/servicios-dva.jpg\" \/>\n\t<meta property=\"og:image:width\" content=\"1920\" \/>\n\t<meta property=\"og:image:height\" content=\"700\" \/>\n\t<meta property=\"og:image:type\" content=\"image\/jpeg\" \/>\n<meta name=\"twitter:card\" content=\"summary_large_image\" \/>\n<meta name=\"twitter:label1\" content=\"Tiempo de lectura\" \/>\n\t<meta name=\"twitter:data1\" content=\"5 minutes\" \/>\n<script type=\"application\/ld+json\" class=\"yoast-schema-graph\">{\"@context\":\"https:\/\/schema.org\",\"@graph\":[{\"@type\":\"WebPage\",\"@id\":\"https:\/\/dva.com\/mx\/resina-pbt-mexico\/\",\"url\":\"https:\/\/dva.com\/mx\/resina-pbt-mexico\/\",\"name\":\"Resina PBT M\u00e9xico\",\"isPartOf\":{\"@id\":\"https:\/\/dva.com\/mx\/#website\"},\"primaryImageOfPage\":{\"@id\":\"https:\/\/dva.com\/mx\/resina-pbt-mexico\/#primaryimage\"},\"image\":{\"@id\":\"https:\/\/dva.com\/mx\/resina-pbt-mexico\/#primaryimage\"},\"thumbnailUrl\":\"https:\/\/dva.com\/wp-content\/uploads\/2020\/07\/servicios-dva.jpg\",\"datePublished\":\"2019-02-06T12:46:06+00:00\",\"dateModified\":\"2020-07-23T15:37:39+00:00\",\"breadcrumb\":{\"@id\":\"https:\/\/dva.com\/mx\/resina-pbt-mexico\/#breadcrumb\"},\"inLanguage\":\"es-MX\",\"potentialAction\":[{\"@type\":\"ReadAction\",\"target\":[\"https:\/\/dva.com\/mx\/resina-pbt-mexico\/\"]}]},{\"@type\":\"ImageObject\",\"inLanguage\":\"es-MX\",\"@id\":\"https:\/\/dva.com\/mx\/resina-pbt-mexico\/#primaryimage\",\"url\":\"https:\/\/dva.com\/wp-content\/uploads\/2020\/07\/servicios-dva.jpg\",\"contentUrl\":\"https:\/\/dva.com\/wp-content\/uploads\/2020\/07\/servicios-dva.jpg\",\"width\":1920,\"height\":700},{\"@type\":\"BreadcrumbList\",\"@id\":\"https:\/\/dva.com\/mx\/resina-pbt-mexico\/#breadcrumb\",\"itemListElement\":[{\"@type\":\"ListItem\",\"position\":1,\"name\":\"Home\",\"item\":\"https:\/\/dva.com\/mx\/\"},{\"@type\":\"ListItem\",\"position\":2,\"name\":\"Resina PBT M\u00e9xico\"}]},{\"@type\":\"WebSite\",\"@id\":\"https:\/\/dva.com\/mx\/#website\",\"url\":\"https:\/\/dva.com\/mx\/\",\"name\":\"DVA\",\"description\":\"GO FURTHER. TOGETHER\",\"publisher\":{\"@id\":\"https:\/\/dva.com\/mx\/#organization\"},\"potentialAction\":[{\"@type\":\"SearchAction\",\"target\":{\"@type\":\"EntryPoint\",\"urlTemplate\":\"https:\/\/dva.com\/mx\/?s={search_term_string}\"},\"query-input\":{\"@type\":\"PropertyValueSpecification\",\"valueRequired\":true,\"valueName\":\"search_term_string\"}}],\"inLanguage\":\"es-MX\"},{\"@type\":\"Organization\",\"@id\":\"https:\/\/dva.com\/mx\/#organization\",\"name\":\"DVA\",\"url\":\"https:\/\/dva.com\/mx\/\",\"logo\":{\"@type\":\"ImageObject\",\"inLanguage\":\"es-MX\",\"@id\":\"https:\/\/dva.com\/mx\/#\/schema\/logo\/image\/\",\"url\":\"https:\/\/dva.com\/wp-content\/uploads\/2020\/05\/dva-group-logo.svg\",\"contentUrl\":\"https:\/\/dva.com\/wp-content\/uploads\/2020\/05\/dva-group-logo.svg\",\"width\":\"1000\",\"height\":\"1000\",\"caption\":\"DVA\"},\"image\":{\"@id\":\"https:\/\/dva.com\/mx\/#\/schema\/logo\/image\/\"},\"sameAs\":[\"https:\/\/www.facebook.com\/dvaglobal\"]}]}<\/script>\n<!-- \/ Yoast SEO Premium plugin. -->","yoast_head_json":{"title":"Resina PBT M\u00e9xico","robots":{"index":"index","follow":"follow","max-snippet":"max-snippet:-1","max-image-preview":"max-image-preview:large","max-video-preview":"max-video-preview:-1"},"canonical":"https:\/\/dva.com\/mx\/resina-pbt-mexico\/","og_locale":"es_MX","og_type":"article","og_title":"Resina PBT M\u00e9xico","og_description":"[vc_row row_height_percent=&#8221;0&#8243; overlay_alpha=&#8221;50&#8243; gutter_size=&#8221;3&#8243; column_width_use_pixel=&#8221;yes&#8221; shift_y=&#8221;0&#8243; z_index=&#8221;0&#8243; column_width_pixel=&#8221;1000px&#8221; css=&#8221;.vc_custom_1595518654003{margin-top: 80px !important;}&#8221; shape_dividers=&#8221;&#8221;][vc_column width=&#8221;1\/1&#8243;][vc_column_text]El tereftalato de polibutileno (PBT) es un tipo [&hellip;]","og_url":"https:\/\/dva.com\/mx\/resina-pbt-mexico\/","og_site_name":"DVA","article_publisher":"https:\/\/www.facebook.com\/dvaglobal","article_modified_time":"2020-07-23T15:37:39+00:00","og_image":[{"width":1920,"height":700,"url":"https:\/\/dva.com\/wp-content\/uploads\/2020\/07\/servicios-dva.jpg","type":"image\/jpeg"}],"twitter_card":"summary_large_image","twitter_misc":{"Tiempo de lectura":"5 minutes"},"schema":{"@context":"https:\/\/schema.org","@graph":[{"@type":"WebPage","@id":"https:\/\/dva.com\/mx\/resina-pbt-mexico\/","url":"https:\/\/dva.com\/mx\/resina-pbt-mexico\/","name":"Resina PBT M\u00e9xico","isPartOf":{"@id":"https:\/\/dva.com\/mx\/#website"},"primaryImageOfPage":{"@id":"https:\/\/dva.com\/mx\/resina-pbt-mexico\/#primaryimage"},"image":{"@id":"https:\/\/dva.com\/mx\/resina-pbt-mexico\/#primaryimage"},"thumbnailUrl":"https:\/\/dva.com\/wp-content\/uploads\/2020\/07\/servicios-dva.jpg","datePublished":"2019-02-06T12:46:06+00:00","dateModified":"2020-07-23T15:37:39+00:00","breadcrumb":{"@id":"https:\/\/dva.com\/mx\/resina-pbt-mexico\/#breadcrumb"},"inLanguage":"es-MX","potentialAction":[{"@type":"ReadAction","target":["https:\/\/dva.com\/mx\/resina-pbt-mexico\/"]}]},{"@type":"ImageObject","inLanguage":"es-MX","@id":"https:\/\/dva.com\/mx\/resina-pbt-mexico\/#primaryimage","url":"https:\/\/dva.com\/wp-content\/uploads\/2020\/07\/servicios-dva.jpg","contentUrl":"https:\/\/dva.com\/wp-content\/uploads\/2020\/07\/servicios-dva.jpg","width":1920,"height":700},{"@type":"BreadcrumbList","@id":"https:\/\/dva.com\/mx\/resina-pbt-mexico\/#breadcrumb","itemListElement":[{"@type":"ListItem","position":1,"name":"Home","item":"https:\/\/dva.com\/mx\/"},{"@type":"ListItem","position":2,"name":"Resina PBT M\u00e9xico"}]},{"@type":"WebSite","@id":"https:\/\/dva.com\/mx\/#website","url":"https:\/\/dva.com\/mx\/","name":"DVA","description":"GO FURTHER. TOGETHER","publisher":{"@id":"https:\/\/dva.com\/mx\/#organization"},"potentialAction":[{"@type":"SearchAction","target":{"@type":"EntryPoint","urlTemplate":"https:\/\/dva.com\/mx\/?s={search_term_string}"},"query-input":{"@type":"PropertyValueSpecification","valueRequired":true,"valueName":"search_term_string"}}],"inLanguage":"es-MX"},{"@type":"Organization","@id":"https:\/\/dva.com\/mx\/#organization","name":"DVA","url":"https:\/\/dva.com\/mx\/","logo":{"@type":"ImageObject","inLanguage":"es-MX","@id":"https:\/\/dva.com\/mx\/#\/schema\/logo\/image\/","url":"https:\/\/dva.com\/wp-content\/uploads\/2020\/05\/dva-group-logo.svg","contentUrl":"https:\/\/dva.com\/wp-content\/uploads\/2020\/05\/dva-group-logo.svg","width":"1000","height":"1000","caption":"DVA"},"image":{"@id":"https:\/\/dva.com\/mx\/#\/schema\/logo\/image\/"},"sameAs":["https:\/\/www.facebook.com\/dvaglobal"]}]}},"_links":{"self":[{"href":"https:\/\/dva.com\/mx\/wp-json\/wp\/v2\/pages\/11342","targetHints":{"allow":["GET"]}}],"collection":[{"href":"https:\/\/dva.com\/mx\/wp-json\/wp\/v2\/pages"}],"about":[{"href":"https:\/\/dva.com\/mx\/wp-json\/wp\/v2\/types\/page"}],"author":[{"embeddable":true,"href":"https:\/\/dva.com\/mx\/wp-json\/wp\/v2\/users\/1"}],"replies":[{"embeddable":true,"href":"https:\/\/dva.com\/mx\/wp-json\/wp\/v2\/comments?post=11342"}],"version-history":[{"count":0,"href":"https:\/\/dva.com\/mx\/wp-json\/wp\/v2\/pages\/11342\/revisions"}],"wp:featuredmedia":[{"embeddable":true,"href":"https:\/\/dva.com\/mx\/wp-json\/wp\/v2\/media\/11092"}],"wp:attachment":[{"href":"https:\/\/dva.com\/mx\/wp-json\/wp\/v2\/media?parent=11342"}],"curies":[{"name":"wp","href":"https:\/\/api.w.org\/{rel}","templated":true}]}}