{"id":11344,"date":"2019-02-05T02:24:56","date_gmt":"2019-02-05T01:24:56","guid":{"rendered":"https:\/\/www.dva.endustry.de\/?page_id=11344"},"modified":"2023-07-28T03:53:53","modified_gmt":"2023-07-28T01:53:53","slug":"responsabilidad-social","status":"publish","type":"page","link":"https:\/\/dva.com\/mx\/responsabilidad-social\/","title":{"rendered":"Responsabilidad social"},"content":{"rendered":"<div class=\"wpb-content-wrapper\"><p>[vc_row row_height_percent=&#8221;0&#8243; back_image=&#8221;11814&#8243; overlay_alpha=&#8221;50&#8243; gutter_size=&#8221;3&#8243; column_width_percent=&#8221;100&#8243; shift_y=&#8221;0&#8243; z_index=&#8221;0&#8243; row_height_pixel=&#8221;200px&#8221;][vc_column column_width_percent=&#8221;100&#8243; position_vertical=&#8221;bottom&#8221; gutter_size=&#8221;3&#8243; overlay_alpha=&#8221;50&#8243; shift_x=&#8221;0&#8243; shift_y=&#8221;0&#8243; shift_y_down=&#8221;0&#8243; z_index=&#8221;0&#8243; medium_width=&#8221;0&#8243; mobile_width=&#8221;0&#8243; width=&#8221;1\/1&#8243;][\/vc_column][\/vc_row][vc_row row_height_percent=&#8221;0&#8243; overlay_alpha=&#8221;50&#8243; gutter_size=&#8221;3&#8243; column_width_use_pixel=&#8221;yes&#8221; shift_y=&#8221;0&#8243; z_index=&#8221;0&#8243; css=&#8221;.vc_custom_1595171854974{padding-top: 40px !important;}&#8221; column_width_pixel=&#8221;1150&#8243;][vc_column column_width_percent=&#8221;100&#8243; position_vertical=&#8221;middle&#8221; align_horizontal=&#8221;align_center&#8221; gutter_size=&#8221;3&#8243; overlay_alpha=&#8221;50&#8243; shift_x=&#8221;0&#8243; shift_y=&#8221;0&#8243; shift_y_down=&#8221;0&#8243; z_index=&#8221;0&#8243; medium_width=&#8221;0&#8243; mobile_width=&#8221;0&#8243; width=&#8221;1\/1&#8243;][vc_custom_heading text_color=&#8221;color-dva&#8221; text_size=&#8221;fontsize-668570&#8243; text_weight=&#8221;600&#8243; text_transform=&#8221;uppercase&#8221; text_height=&#8221;&#8221;]Responsabilidad Social Empresarial[\/vc_custom_heading][vc_custom_heading text_color=&#8221;color-dva&#8221; heading_semantic=&#8221;h3&#8243; text_weight=&#8221;400&#8243; text_height=&#8221;&#8221;]En DVA Mexicana, estamos comprometidos voluntaria y p\u00fablicamente con una gesti\u00f3n socialmente responsable como parte de nuestra cultura y estrategia de negocio.[\/vc_custom_heading][vc_separator sep_color=&#8221;color-gyho&#8221;][vc_column_text text_lead=&#8221;yes&#8221;]En DVA Mexicana estamos comprometidos voluntaria y p\u00fablicamente con una gesti\u00f3n socialmente responsable como parte de nuestra cultura y estrategia de negocio as\u00ed como con todos y cada uno de nuestros grupos de inter\u00e9s en cada unidad que operamos.<\/p>\n<p>Todos los colaboradores de DVA d\u00eda a d\u00eda juntamos nuestros esfuerzos para mejorar y hacer m\u00e1s eficientes nuestros procesos con la finalidad de favorecer el cuidado de los recursos naturales, as\u00ed como realizar programas para incrementar nuestra vinculaci\u00f3n con la comunidad que nos rodea. De la misma manera hemos encaminado acciones para desarrollar e implementar nuestra pol\u00edtica de responsabilidad social, trabajando cordialmente con todos nuestros segmentos de negocio para establecer y promover nuestro c\u00f3digo de \u00e9tica.[\/vc_column_text][vc_button size=&#8221;btn-lg&#8221; border_width=&#8221;0&#8243; display=&#8221;inline&#8221; top_margin=&#8221;yes&#8221; link=&#8221;url:https%3A%2F%2Fdev.greatideasinaction.com%2Fdva%2Fwp-content%2Fuploads%2F2019%2F05%2FNEW_Declaracio%CC%81n-RSE.pdf|title:Doc|target:%20_blank|&#8221;]DECLARACI\u00d3N RSE[\/vc_button][vc_column_text]<img decoding=\"async\" class=\"aligncenter wp-image-11345 size-medium\" src=\"https:\/\/dva.com\/wp-content\/uploads\/2020\/07\/esr-dva-mexico-300x98.png\" alt=\"\" width=\"300\" height=\"98\" srcset=\"https:\/\/dva.com\/wp-content\/uploads\/2020\/07\/esr-dva-mexico-300x98.png 300w, https:\/\/dva.com\/wp-content\/uploads\/2020\/07\/esr-dva-mexico.png 757w\" sizes=\"(max-width: 300px) 100vw, 300px\" \/>[\/vc_column_text][\/vc_column][\/vc_row][vc_row unlock_row_content=&#8221;yes&#8221; row_height_percent=&#8221;0&#8243; override_padding=&#8221;yes&#8221; h_padding=&#8221;0&#8243; top_padding=&#8221;2&#8243; bottom_padding=&#8221;2&#8243; back_color=&#8221;color-lxmt&#8221; overlay_alpha=&#8221;50&#8243; gutter_size=&#8221;3&#8243; column_width_use_pixel=&#8221;yes&#8221; shift_y=&#8221;0&#8243; z_index=&#8221;0&#8243; css=&#8221;.vc_custom_1549413933497{padding-top: 45px !important;padding-bottom: 55px !important;}&#8221; column_width_pixel=&#8221;1200&#8243;][vc_column column_width_percent=&#8221;100&#8243; align_horizontal=&#8221;align_center&#8221; gutter_size=&#8221;3&#8243; overlay_alpha=&#8221;50&#8243; shift_x=&#8221;0&#8243; shift_y=&#8221;0&#8243; shift_y_down=&#8221;0&#8243; z_index=&#8221;0&#8243; medium_width=&#8221;0&#8243; mobile_width=&#8221;0&#8243; css_animation=&#8221;bottom-t-top&#8221; width=&#8221;1\/1&#8243;][vc_custom_heading text_weight=&#8221;500&#8243;]Dec\u00e1logo<br \/>\nEmpresa socialmente responsable. La empresa socialmente responsable:[\/vc_custom_heading][vc_row_inner row_inner_height_percent=&#8221;0&#8243; overlay_alpha=&#8221;50&#8243; equal_height=&#8221;yes&#8221; gutter_size=&#8221;3&#8243; shift_y=&#8221;0&#8243; z_index=&#8221;0&#8243;][vc_column_inner column_width_percent=&#8221;100&#8243; gutter_size=&#8221;3&#8243; back_color=&#8221;color-xsdn&#8221; overlay_alpha=&#8221;50&#8243; shift_x=&#8221;0&#8243; shift_y=&#8221;0&#8243; shift_y_down=&#8221;0&#8243; z_index=&#8221;0&#8243; medium_width=&#8221;0&#8243; mobile_width=&#8221;0&#8243; shadow=&#8221;xs&#8221; width=&#8221;1\/3&#8243;][vc_column_text]<strong>1.<\/strong> Promueve e impulsa una cultura de competitividad responsable que busca las metas y el \u00e9xito de negocio, contribuyendo al mismo tiempo al bienestar de la sociedad.[\/vc_column_text][vc_separator sep_color=&#8221;,Default&#8221;][vc_column_text]<strong>2.<\/strong> Hacer p\u00fablicos los valores, combate interna y externamente pr\u00e1cticas de corrupci\u00f3n y desempe\u00f1a con base en un c\u00f3digo de \u00e9tica.[\/vc_column_text][vc_separator sep_color=&#8221;,Default&#8221;][vc_column_text]<strong>3.<\/strong> Vive esquemas de liderazgo participativo, solidaridad, servicio de respeto a los derechos humanos y a la dignidad humana.[\/vc_column_text][\/vc_column_inner][vc_column_inner column_width_percent=&#8221;100&#8243; gutter_size=&#8221;3&#8243; back_color=&#8221;color-xsdn&#8221; overlay_alpha=&#8221;50&#8243; shift_x=&#8221;0&#8243; shift_y=&#8221;0&#8243; shift_y_down=&#8221;0&#8243; z_index=&#8221;0&#8243; medium_width=&#8221;0&#8243; mobile_width=&#8221;0&#8243; shadow=&#8221;xs&#8221; width=&#8221;1\/3&#8243;][vc_column_text]<strong>4.<\/strong> Promueve condiciones laborales favorables para la calidad de vida, el desarrollo humano, profesional de toda su comunidad (empleados, familiares, accionistas y proveedores).[\/vc_column_text][vc_separator sep_color=&#8221;,Default&#8221;][vc_column_text]<strong>5.<\/strong> Respeta el entorno ecol\u00f3gico en todos y cada uno de los procesos de operaci\u00f3n y comercializaci\u00f3n, adem\u00e1s de contribuir a la preservaci\u00f3n del medio ambiente.[\/vc_column_text][vc_separator sep_color=&#8221;,Default&#8221;][vc_column_text]<strong>6.<\/strong> Identifica las necesidades sociales del entorno en que opera y colabora en su soluci\u00f3n, impulsando el desarrollo y mejoramiento de la calidad de vida.[\/vc_column_text][vc_separator sep_color=&#8221;,Default&#8221;][vc_column_text]<strong>7.<\/strong> Identifica y apoya causas sociales como parte de su estrategia de acci\u00f3n empresarial.[\/vc_column_text][\/vc_column_inner][vc_column_inner column_width_percent=&#8221;100&#8243; gutter_size=&#8221;3&#8243; back_color=&#8221;color-xsdn&#8221; overlay_alpha=&#8221;50&#8243; shift_x=&#8221;0&#8243; shift_y=&#8221;0&#8243; shift_y_down=&#8221;0&#8243; z_index=&#8221;0&#8243; medium_width=&#8221;0&#8243; mobile_width=&#8221;0&#8243; shadow=&#8221;xs&#8221; width=&#8221;1\/3&#8243;][vc_column_text]<strong>8.<\/strong> Invierte tiempo, talento y recursos en el desarrollo de las comunidades en las que opera.[\/vc_column_text][vc_separator sep_color=&#8221;,Default&#8221;][vc_column_text]<strong>9.<\/strong> Participa, mediante alianzas intersectoriales con otras empresas, organizacionales de la sociedad civil, c\u00e1maras, agrupaciones y\/o gobierno, en la discusi\u00f3n, propuestas y atenci\u00f3n de temas sociales de inter\u00e9s p\u00fablico.[\/vc_column_text][vc_separator sep_color=&#8221;,Default&#8221;][vc_column_text]<strong>10.<\/strong> Toma en cuenta e involucra a su personal, accionistas y proveedores en sus programas de inversi\u00f3n y desarrollo social.[\/vc_column_text][\/vc_column_inner][\/vc_row_inner][\/vc_column][\/vc_row][vc_row row_height_percent=&#8221;0&#8243; overlay_alpha=&#8221;50&#8243; gutter_size=&#8221;3&#8243; column_width_use_pixel=&#8221;yes&#8221; shift_y=&#8221;0&#8243; z_index=&#8221;0&#8243; column_width_pixel=&#8221;1100px&#8221;][vc_column width=&#8221;1\/1&#8243;][vc_row_inner][vc_column_inner width=&#8221;1\/1&#8243;][uncode_block id=&#8221;79599&#8243;][\/vc_column_inner][\/vc_row_inner][\/vc_column][\/vc_row]<\/p>\n<\/div>","protected":false},"excerpt":{"rendered":"<p>[vc_row row_height_percent=&#8221;0&#8243; back_image=&#8221;11814&#8243; overlay_alpha=&#8221;50&#8243; gutter_size=&#8221;3&#8243; column_width_percent=&#8221;100&#8243; shift_y=&#8221;0&#8243; z_index=&#8221;0&#8243; row_height_pixel=&#8221;200px&#8221;][vc_column column_width_percent=&#8221;100&#8243; position_vertical=&#8221;bottom&#8221; gutter_size=&#8221;3&#8243; overlay_alpha=&#8221;50&#8243; shift_x=&#8221;0&#8243; shift_y=&#8221;0&#8243; shift_y_down=&#8221;0&#8243; z_index=&#8221;0&#8243; medium_width=&#8221;0&#8243; mobile_width=&#8221;0&#8243; width=&#8221;1\/1&#8243;][\/vc_column][\/vc_row][vc_row [&hellip;]<\/p>\n","protected":false},"author":1,"featured_media":11349,"parent":0,"menu_order":0,"comment_status":"closed","ping_status":"closed","template":"","meta":{"footnotes":""},"class_list":["post-11344","page","type-page","status-publish","has-post-thumbnail","hentry"],"yoast_head":"<!-- This site is optimized with the Yoast SEO Premium plugin v24.9 (Yoast SEO v27.1.1) - https:\/\/yoast.com\/product\/yoast-seo-premium-wordpress\/ -->\n<title>Responsabilidad social<\/title>\n<meta name=\"robots\" content=\"index, follow, max-snippet:-1, max-image-preview:large, max-video-preview:-1\" \/>\n<link rel=\"canonical\" href=\"https:\/\/dva.com\/mx\/responsabilidad-social\/\" \/>\n<meta property=\"og:locale\" content=\"es_MX\" \/>\n<meta property=\"og:type\" content=\"article\" \/>\n<meta property=\"og:title\" content=\"Responsabilidad social\" \/>\n<meta property=\"og:description\" content=\"[vc_row row_height_percent=&#8221;0&#8243; back_image=&#8221;11814&#8243; overlay_alpha=&#8221;50&#8243; gutter_size=&#8221;3&#8243; column_width_percent=&#8221;100&#8243; shift_y=&#8221;0&#8243; z_index=&#8221;0&#8243; row_height_pixel=&#8221;200px&#8221;][vc_column column_width_percent=&#8221;100&#8243; position_vertical=&#8221;bottom&#8221; gutter_size=&#8221;3&#8243; overlay_alpha=&#8221;50&#8243; shift_x=&#8221;0&#8243; shift_y=&#8221;0&#8243; shift_y_down=&#8221;0&#8243; z_index=&#8221;0&#8243; medium_width=&#8221;0&#8243; mobile_width=&#8221;0&#8243; width=&#8221;1\/1&#8243;][\/vc_column][\/vc_row][vc_row [&hellip;]\" \/>\n<meta property=\"og:url\" content=\"https:\/\/dva.com\/mx\/responsabilidad-social\/\" \/>\n<meta property=\"og:site_name\" content=\"DVA\" \/>\n<meta property=\"article:publisher\" content=\"https:\/\/www.facebook.com\/dvaglobal\" \/>\n<meta property=\"article:modified_time\" content=\"2023-07-28T01:53:53+00:00\" \/>\n<meta property=\"og:image\" content=\"https:\/\/dva.com\/wp-content\/uploads\/2020\/07\/dva-global.jpg\" \/>\n\t<meta property=\"og:image:width\" content=\"1920\" \/>\n\t<meta property=\"og:image:height\" content=\"700\" \/>\n\t<meta property=\"og:image:type\" content=\"image\/jpeg\" \/>\n<meta name=\"twitter:card\" content=\"summary_large_image\" \/>\n<meta name=\"twitter:label1\" content=\"Tiempo de lectura\" \/>\n\t<meta name=\"twitter:data1\" content=\"3 minutes\" \/>\n<script type=\"application\/ld+json\" class=\"yoast-schema-graph\">{\"@context\":\"https:\/\/schema.org\",\"@graph\":[{\"@type\":\"WebPage\",\"@id\":\"https:\/\/dva.com\/mx\/responsabilidad-social\/\",\"url\":\"https:\/\/dva.com\/mx\/responsabilidad-social\/\",\"name\":\"Responsabilidad social\",\"isPartOf\":{\"@id\":\"https:\/\/dva.com\/mx\/#website\"},\"primaryImageOfPage\":{\"@id\":\"https:\/\/dva.com\/mx\/responsabilidad-social\/#primaryimage\"},\"image\":{\"@id\":\"https:\/\/dva.com\/mx\/responsabilidad-social\/#primaryimage\"},\"thumbnailUrl\":\"https:\/\/dva.com\/wp-content\/uploads\/2020\/07\/dva-global.jpg\",\"datePublished\":\"2019-02-05T01:24:56+00:00\",\"dateModified\":\"2023-07-28T01:53:53+00:00\",\"breadcrumb\":{\"@id\":\"https:\/\/dva.com\/mx\/responsabilidad-social\/#breadcrumb\"},\"inLanguage\":\"es-MX\",\"potentialAction\":[{\"@type\":\"ReadAction\",\"target\":[\"https:\/\/dva.com\/mx\/responsabilidad-social\/\"]}]},{\"@type\":\"ImageObject\",\"inLanguage\":\"es-MX\",\"@id\":\"https:\/\/dva.com\/mx\/responsabilidad-social\/#primaryimage\",\"url\":\"https:\/\/dva.com\/wp-content\/uploads\/2020\/07\/dva-global.jpg\",\"contentUrl\":\"https:\/\/dva.com\/wp-content\/uploads\/2020\/07\/dva-global.jpg\",\"width\":1920,\"height\":700},{\"@type\":\"BreadcrumbList\",\"@id\":\"https:\/\/dva.com\/mx\/responsabilidad-social\/#breadcrumb\",\"itemListElement\":[{\"@type\":\"ListItem\",\"position\":1,\"name\":\"Home\",\"item\":\"https:\/\/dva.com\/mx\/\"},{\"@type\":\"ListItem\",\"position\":2,\"name\":\"Responsabilidad social\"}]},{\"@type\":\"WebSite\",\"@id\":\"https:\/\/dva.com\/mx\/#website\",\"url\":\"https:\/\/dva.com\/mx\/\",\"name\":\"DVA\",\"description\":\"GO FURTHER. TOGETHER\",\"publisher\":{\"@id\":\"https:\/\/dva.com\/mx\/#organization\"},\"potentialAction\":[{\"@type\":\"SearchAction\",\"target\":{\"@type\":\"EntryPoint\",\"urlTemplate\":\"https:\/\/dva.com\/mx\/?s={search_term_string}\"},\"query-input\":{\"@type\":\"PropertyValueSpecification\",\"valueRequired\":true,\"valueName\":\"search_term_string\"}}],\"inLanguage\":\"es-MX\"},{\"@type\":\"Organization\",\"@id\":\"https:\/\/dva.com\/mx\/#organization\",\"name\":\"DVA\",\"url\":\"https:\/\/dva.com\/mx\/\",\"logo\":{\"@type\":\"ImageObject\",\"inLanguage\":\"es-MX\",\"@id\":\"https:\/\/dva.com\/mx\/#\/schema\/logo\/image\/\",\"url\":\"https:\/\/dva.com\/wp-content\/uploads\/2020\/05\/dva-group-logo.svg\",\"contentUrl\":\"https:\/\/dva.com\/wp-content\/uploads\/2020\/05\/dva-group-logo.svg\",\"width\":\"1000\",\"height\":\"1000\",\"caption\":\"DVA\"},\"image\":{\"@id\":\"https:\/\/dva.com\/mx\/#\/schema\/logo\/image\/\"},\"sameAs\":[\"https:\/\/www.facebook.com\/dvaglobal\"]}]}<\/script>\n<!-- \/ Yoast SEO Premium plugin. -->","yoast_head_json":{"title":"Responsabilidad social","robots":{"index":"index","follow":"follow","max-snippet":"max-snippet:-1","max-image-preview":"max-image-preview:large","max-video-preview":"max-video-preview:-1"},"canonical":"https:\/\/dva.com\/mx\/responsabilidad-social\/","og_locale":"es_MX","og_type":"article","og_title":"Responsabilidad social","og_description":"[vc_row row_height_percent=&#8221;0&#8243; back_image=&#8221;11814&#8243; overlay_alpha=&#8221;50&#8243; gutter_size=&#8221;3&#8243; column_width_percent=&#8221;100&#8243; shift_y=&#8221;0&#8243; z_index=&#8221;0&#8243; row_height_pixel=&#8221;200px&#8221;][vc_column column_width_percent=&#8221;100&#8243; position_vertical=&#8221;bottom&#8221; gutter_size=&#8221;3&#8243; overlay_alpha=&#8221;50&#8243; shift_x=&#8221;0&#8243; shift_y=&#8221;0&#8243; shift_y_down=&#8221;0&#8243; z_index=&#8221;0&#8243; medium_width=&#8221;0&#8243; mobile_width=&#8221;0&#8243; width=&#8221;1\/1&#8243;][\/vc_column][\/vc_row][vc_row [&hellip;]","og_url":"https:\/\/dva.com\/mx\/responsabilidad-social\/","og_site_name":"DVA","article_publisher":"https:\/\/www.facebook.com\/dvaglobal","article_modified_time":"2023-07-28T01:53:53+00:00","og_image":[{"width":1920,"height":700,"url":"https:\/\/dva.com\/wp-content\/uploads\/2020\/07\/dva-global.jpg","type":"image\/jpeg"}],"twitter_card":"summary_large_image","twitter_misc":{"Tiempo de lectura":"3 minutes"},"schema":{"@context":"https:\/\/schema.org","@graph":[{"@type":"WebPage","@id":"https:\/\/dva.com\/mx\/responsabilidad-social\/","url":"https:\/\/dva.com\/mx\/responsabilidad-social\/","name":"Responsabilidad social","isPartOf":{"@id":"https:\/\/dva.com\/mx\/#website"},"primaryImageOfPage":{"@id":"https:\/\/dva.com\/mx\/responsabilidad-social\/#primaryimage"},"image":{"@id":"https:\/\/dva.com\/mx\/responsabilidad-social\/#primaryimage"},"thumbnailUrl":"https:\/\/dva.com\/wp-content\/uploads\/2020\/07\/dva-global.jpg","datePublished":"2019-02-05T01:24:56+00:00","dateModified":"2023-07-28T01:53:53+00:00","breadcrumb":{"@id":"https:\/\/dva.com\/mx\/responsabilidad-social\/#breadcrumb"},"inLanguage":"es-MX","potentialAction":[{"@type":"ReadAction","target":["https:\/\/dva.com\/mx\/responsabilidad-social\/"]}]},{"@type":"ImageObject","inLanguage":"es-MX","@id":"https:\/\/dva.com\/mx\/responsabilidad-social\/#primaryimage","url":"https:\/\/dva.com\/wp-content\/uploads\/2020\/07\/dva-global.jpg","contentUrl":"https:\/\/dva.com\/wp-content\/uploads\/2020\/07\/dva-global.jpg","width":1920,"height":700},{"@type":"BreadcrumbList","@id":"https:\/\/dva.com\/mx\/responsabilidad-social\/#breadcrumb","itemListElement":[{"@type":"ListItem","position":1,"name":"Home","item":"https:\/\/dva.com\/mx\/"},{"@type":"ListItem","position":2,"name":"Responsabilidad social"}]},{"@type":"WebSite","@id":"https:\/\/dva.com\/mx\/#website","url":"https:\/\/dva.com\/mx\/","name":"DVA","description":"GO FURTHER. TOGETHER","publisher":{"@id":"https:\/\/dva.com\/mx\/#organization"},"potentialAction":[{"@type":"SearchAction","target":{"@type":"EntryPoint","urlTemplate":"https:\/\/dva.com\/mx\/?s={search_term_string}"},"query-input":{"@type":"PropertyValueSpecification","valueRequired":true,"valueName":"search_term_string"}}],"inLanguage":"es-MX"},{"@type":"Organization","@id":"https:\/\/dva.com\/mx\/#organization","name":"DVA","url":"https:\/\/dva.com\/mx\/","logo":{"@type":"ImageObject","inLanguage":"es-MX","@id":"https:\/\/dva.com\/mx\/#\/schema\/logo\/image\/","url":"https:\/\/dva.com\/wp-content\/uploads\/2020\/05\/dva-group-logo.svg","contentUrl":"https:\/\/dva.com\/wp-content\/uploads\/2020\/05\/dva-group-logo.svg","width":"1000","height":"1000","caption":"DVA"},"image":{"@id":"https:\/\/dva.com\/mx\/#\/schema\/logo\/image\/"},"sameAs":["https:\/\/www.facebook.com\/dvaglobal"]}]}},"_links":{"self":[{"href":"https:\/\/dva.com\/mx\/wp-json\/wp\/v2\/pages\/11344","targetHints":{"allow":["GET"]}}],"collection":[{"href":"https:\/\/dva.com\/mx\/wp-json\/wp\/v2\/pages"}],"about":[{"href":"https:\/\/dva.com\/mx\/wp-json\/wp\/v2\/types\/page"}],"author":[{"embeddable":true,"href":"https:\/\/dva.com\/mx\/wp-json\/wp\/v2\/users\/1"}],"replies":[{"embeddable":true,"href":"https:\/\/dva.com\/mx\/wp-json\/wp\/v2\/comments?post=11344"}],"version-history":[{"count":0,"href":"https:\/\/dva.com\/mx\/wp-json\/wp\/v2\/pages\/11344\/revisions"}],"wp:featuredmedia":[{"embeddable":true,"href":"https:\/\/dva.com\/mx\/wp-json\/wp\/v2\/media\/11349"}],"wp:attachment":[{"href":"https:\/\/dva.com\/mx\/wp-json\/wp\/v2\/media?parent=11344"}],"curies":[{"name":"wp","href":"https:\/\/api.w.org\/{rel}","templated":true}]}}