{"id":11368,"date":"2019-02-06T13:49:13","date_gmt":"2019-02-06T12:49:13","guid":{"rendered":"https:\/\/www.dva.endustry.de\/?page_id=11368"},"modified":"2020-07-23T17:18:28","modified_gmt":"2020-07-23T15:18:28","slug":"venta-de-agroquimicos-en-mexico","status":"publish","type":"page","link":"https:\/\/dva.com\/mx\/venta-de-agroquimicos-en-mexico\/","title":{"rendered":"Venta de agroqu\u00edmicos en M\u00e9xico"},"content":{"rendered":"<div class=\"wpb-content-wrapper\"><p>[vc_row row_height_percent=&#8221;0&#8243; overlay_alpha=&#8221;50&#8243; gutter_size=&#8221;3&#8243; column_width_use_pixel=&#8221;yes&#8221; shift_y=&#8221;0&#8243; z_index=&#8221;0&#8243; column_width_pixel=&#8221;1000px&#8221; css=&#8221;.vc_custom_1595517502496{margin-top: 80px !important;}&#8221; shape_dividers=&#8221;&#8221;][vc_column width=&#8221;1\/1&#8243;][vc_column_text]El uso de productos qu\u00edmicos es de suma importancia en la producci\u00f3n agr\u00edcola, ya que desempe\u00f1an un papel fundamental para mantener y conservar los cultivos. Estos productos se emplean como fertilizantes, plaguicidas y como reguladores del crecimiento de las plantas, y es por su alta demanda que hoy en d\u00eda existen numerosas empresas dedicadas a la\u00a0<strong>venta de agroqu\u00edmicos<\/strong>. En DVA nos enfocamos a ofrecer soluciones integrales a diferentes entornos, entre ellos a los problemas fitosanitarios en el campo, por ello contamos con diferentes productos insecticidas, fungicidas y herbicidas para una amplia gama de cultivos, los que encontrar\u00e1n en nuestro cat\u00e1logo en l\u00ednea, todos fabricados bajo los m\u00e1s altos est\u00e1ndares de calidad.<\/p>\n<p>Con la finalidad de ofrecer informaci\u00f3n que les permita conocer m\u00e1s acerca de estos productos formulados especialmente para su uso en agricultura, a continuaci\u00f3n presentaremos generalidades de su cadena productiva y las caracter\u00edsticas de los productos que en DVA ponemos a su alcance.[\/vc_column_text][vc_column_text]<img decoding=\"async\" class=\"alignnone size-full wp-image-11369\" src=\"https:\/\/dva.com\/wp-content\/uploads\/2020\/07\/venta-de-agroquimicos-scaled.jpg\" alt=\"\" width=\"2560\" height=\"1703\" srcset=\"https:\/\/dva.com\/wp-content\/uploads\/2020\/07\/venta-de-agroquimicos-scaled.jpg 2560w, https:\/\/dva.com\/wp-content\/uploads\/2020\/07\/venta-de-agroquimicos-300x200.jpg 300w, https:\/\/dva.com\/wp-content\/uploads\/2020\/07\/venta-de-agroquimicos-1024x681.jpg 1024w, https:\/\/dva.com\/wp-content\/uploads\/2020\/07\/venta-de-agroquimicos-768x511.jpg 768w, https:\/\/dva.com\/wp-content\/uploads\/2020\/07\/venta-de-agroquimicos-1536x1022.jpg 1536w, https:\/\/dva.com\/wp-content\/uploads\/2020\/07\/venta-de-agroquimicos-2048x1362.jpg 2048w\" sizes=\"(max-width: 2560px) 100vw, 2560px\" \/>[\/vc_column_text][vc_column_text]La producci\u00f3n de agroqu\u00edmicos consta de una cadena de cuatro actividades principales: la fabricaci\u00f3n de productos intermedios para fertilizantes, la producci\u00f3n de abonos y fertilizantes, la fabricaci\u00f3n de plaguicidas y producci\u00f3n de herbicidas y reguladores biol\u00f3gicos. Los eslabones de esta cadena de producci\u00f3n se distinguen por sus procesos de s\u00edntesis y formulaci\u00f3n, todos regulados por la por las normas vigentes correspondientes al pa\u00eds donde se encuentre establecida la industria que los produce, pero sujetos a est\u00e1ndares internacionales, especialmente cuando estos productos est\u00e1n destinados a la exportaci\u00f3n.<\/p>\n<p>En el proceso productivo de abonos y fertilizantes para su comercializaci\u00f3n se generan productos que corresponden a la categor\u00eda de fertilizantes compuestos por nitr\u00f3geno, f\u00f3sforo y potasio en diferentes proporciones. Es imprescindible que los fertilizantes y abonos cuenten con estos elementos, ya que mejoran la productividad del suelo. El nitr\u00f3geno, por un lado estimula el crecimiento de hojas y tallos, el f\u00f3sforo acelera la producci\u00f3n de semillas y frutas, y en general el crecimiento de las plantas, mientras que el potasio es clave para el desarrollo de az\u00facares, almidones y fibras que protegen el cultivo de enfermedades. Estos productos tambi\u00e9n pueden contener otros elementos como calcio, hierro, magnesio, azufre, zinc y boro, o bien componerse por un nutriente \u00fanico, como en el caso de los fertilizantes simples.<\/p>\n<p>La\u00a0<strong>venta de agroqu\u00edmicos<\/strong>\u00a0puede presentarse en estado s\u00f3lido, l\u00edquido o gaseoso y en cada caso requerir\u00e1n de una preparaci\u00f3n determinada del suelo y distribuci\u00f3n homog\u00e9nea e integraci\u00f3n del producto para ofrecer resultados satisfactorios.<\/p>\n<p>Por otra parte, el proceso de producci\u00f3n de plaguicidas comienza con la s\u00edntesis de un ingrediente activo para posteriormente mezclarlo con elementos que desempe\u00f1an el papel de veh\u00edculos que facilitan el manejo del producto, regulan su concentraci\u00f3n y le dan un estado f\u00edsico que es compatible con el medio en el que ser\u00e1 aplicado. Adem\u00e1s del principio activo y del veh\u00edculo o excipiente, un gran n\u00famero de plaguicidas contienen solventes y otros elementos que mejoran la absorci\u00f3n del producto hacia la planta.<\/p>\n<p>Cabe mencionar que se conoce como plaguicida a toda aquella sustancia o mezcla que previene o controla plagas que pueden ocasionar da\u00f1os o interferir en la producci\u00f3n, transporte, almacenaje o comercializaci\u00f3n de productos agr\u00edcolas, y comprende los insecticidas, fungicidas, herbicidas y reguladores biol\u00f3gicos, por lo que es el eslab\u00f3n de mayor nivel de producci\u00f3n en la cadena de fabricaci\u00f3n de agroqu\u00edmicos.<\/p>\n<p>El uso de plaguicidas reporta numerosas ventajas, como elevar el rendimiento econ\u00f3mico y la sanidad de los cultivos en beneficio humano, gracias a que combaten enfermedades en las plantas, insectos, el crecimiento de malas hierbas y otras plagas que afectan notablemente la producci\u00f3n agr\u00edcola. Sin embargo, para obtener los resultados esperados es necesario que se sigan ciertas pautas para su uso, pues sus residuos pueden tener efectos t\u00f3xicos sobre otras especies. Es precisamente por esta raz\u00f3n que existen normativas dise\u00f1adas para la supervisi\u00f3n y mejora del uso de plaguicidas y de otros productos agroqu\u00edmicos establecidas a partir del an\u00e1lisis del comportamiento de los productos en el medio ambiente, en el humano y otros seres vivos. Cabe resaltar que una correcta aplicaci\u00f3n no s\u00f3lo reduce riesgos de efectos t\u00f3xicos en el ambiente, sino tambi\u00e9n la econom\u00eda de su uso y el alcance exitoso de los objetivos por el que se emplea.<\/p>\n<p>En DVA contamos con los siguientes insecticidas:<\/p>\n<ul>\n<li>Zadok 350 SC (Imidacloprid). Se presenta en una formulaci\u00f3n de suspensi\u00f3n concentrada. Act\u00faa sobre el sistema nervioso de las plagas chupadoras ocasion\u00e1ndoles par\u00e1lisis y muerte. Se trata de un producto sist\u00e9mico y de acci\u00f3n translaminar que es absorbido por ra\u00edces, tallos y hojas. Pertenece a la categor\u00eda toxicol\u00f3gica 4 y es nocivo si se inhala.<\/li>\n<li>Promitor 480 EC (Clorpirifos). Es un insecticida no sist\u00e9mico de tipo organofosforado que act\u00faa por ingesti\u00f3n, inhalaci\u00f3n y contacto. Es adecuado para emplearse en el control de diversas especies de himen\u00f3pteros, d\u00edpteros y lepid\u00f3pteros. Su formulaci\u00f3n es un concentrado emulsionable y pertenece a la categor\u00eda toxicol\u00f3gica tres.<\/li>\n<\/ul>\n<ul>\n<li>Dakari 350 SL (Carbofuran). Insecticida nematicida que act\u00faa por ingesti\u00f3n y contacto de formulaci\u00f3n en suspensi\u00f3n acuosa. Su efecto es interferir en los impulsos nerviosos de los insectos como pulgones y nem\u00e1todos. Se absorbe por las ra\u00edces y se transporta por el xilema de la planta. Pertenece a la categor\u00eda toxicol\u00f3gica uno y es mortal en caso de ingesti\u00f3n.<\/li>\n<li>Cartaz 1.8 EC (Abamectina). Es un insecticida acaricida que act\u00faa por ingesti\u00f3n y contacto directo sobre \u00e1caros e insectos. Penetra por los tejidos de las hojas protegi\u00e9ndolas en el haz y env\u00e9s y al poseer un efecto acumulativo forma dep\u00f3sitos con actividad residual duradera. Se presenta en concentrado emulsionable de categor\u00eda toxicol\u00f3gica cuatro.<\/li>\n<li>Kuzor 400 EC (Dimetoato). Se presenta en concentrado emulsionable de acci\u00f3n sist\u00e9mica y de contacto. Su modo de actuar es inhibir la acci\u00f3n de una enzima en el organismo del insecto para eliminarlo por colapso muscular. Es muy efectivo para controlar insectos chupadores y minadores. Es un insecticida nocivo por contacto con la piel, por ingesti\u00f3n e inhalaci\u00f3n que pertenece a la categor\u00eda toxicol\u00f3gica cuatro.<\/li>\n<li>Bastet 90 SP (Metomilo). Es un insecticida de r\u00e1pida acci\u00f3n, efecto de derribe y baja persistencia. Bloque la transmisi\u00f3n de impulsos nerviosos de los insectos ocasion\u00e1ndoles efectos como excitaci\u00f3n, descoordinaci\u00f3n, hiperactividad y muerte r\u00e1pida. Se presenta en polvo soluble, y al pertenecer a la categor\u00eda toxicol\u00f3gica uno, es mortal si se inhala.<\/li>\n<li>Urimi 10 EC (Bifentrina). Es un insecticida acaricida piretroide sint\u00e9tico de cuarta generaci\u00f3n con acci\u00f3n por contacto e ingesti\u00f3n, recomendado para el control de \u00e1caros e insectos. Tiene efecto sobre el sistema nervioso central, se absorbe a trav\u00e9s de la cut\u00edcula de los insectos (piel) o del estigma (aperturas respiratorias). El compuesto altera el balance de iones sodio\/potasio a trav\u00e9s de las c\u00e9lulas nerviosas interrumpiendo la transmisi\u00f3n normal de los impulsos nerviosos.<\/li>\n<li>Balcan 600 EC (Metamidofos). Es un insecticida perteneciente a la familia de los organofosforados, posee acci\u00f3n sist\u00e9mica por contacto e ingesti\u00f3n, inhibiendo a la enzima acetilcolinesterasa que act\u00faa en el sistema nervioso de los insectos por ello su alta efectividad en el control de plagas en diversos cultivos, es absorbido por el follaje y ra\u00edces y se transporta de abajo hacia arriba, es decir, desde la ra\u00edz hacia los \u00e1pices, por dentro del xilema, por lo que la aspersi\u00f3n puede ser dirigida al suelo, a la base del tallo o directamente al follaje, esto en funci\u00f3n de la ubicaci\u00f3n de la plaga.<\/li>\n<\/ul>\n<p>En nuestra l\u00ednea de fungicidas encontrar\u00e1n:<\/p>\n<ul>\n<li>Ketro WP (Metalaxil-M + Mancozeb). Este fungicida es de amplio espectro con acci\u00f3n de contacto y efecto preventivo. Trabaja en las c\u00e9lulas del hongo para evitar que desarrollen resistencia al producto, tambi\u00e9n tiene una acci\u00f3n sist\u00e9mica que se absorbe v\u00eda foliar y radicular. Su uso se recomienda para prevenir y controlar hongos oomicetos. Se presenta en polvo humectable y es un producto que resulta nocivo en caso de inhalaci\u00f3n e ingesti\u00f3n perteneciente a la categor\u00eda toxicol\u00f3gica cuatro.<\/li>\n<li>Omari 720 SL (Clorotalonil). El producto se presenta en suspensi\u00f3n acuosa para aplicaci\u00f3n foliar, creando una cubierta protectora ante las esporas que llegan al follaje. Act\u00faa por inhibici\u00f3n de los procesos de respiraci\u00f3n celular de los hongos. Es nocivo si se inhala y es de categor\u00eda toxicol\u00f3gica cuatro.<\/li>\n<li>Omitrol WP (Metalaxil-M + Clorotalonil). Con acci\u00f3n protectante y curativa es un producto que se absorbe v\u00eda foliar por el xilema hacia las \u00e1reas de crecimiento de las plantas. Inhibe la germinaci\u00f3n de esporas de los hongos y los protege por dentro y fuera. Se presenta en formulaci\u00f3n de polvo humectable, nocivo en caso de ingesti\u00f3n e inhalaci\u00f3n de categor\u00eda toxicol\u00f3gica cuatro.<\/li>\n<\/ul>\n<ul>\n<li>Logan 25 EW (Tebuconazole). Emulsi\u00f3n aceite en agua de acci\u00f3n preventiva y curativa de acci\u00f3n contra enfermedades como basidiomicetes, deuteromicetes y ascomicetes que ocasionan royas, manchas foliares y pudriciones. Resulta nocivo si se inhala y por contacto con la piel y pertenece a la categor\u00eda toxicol\u00f3gica cuatro.<\/li>\n<\/ul>\n<p>Contamos con estos productos herbicidas:<\/p>\n<ul>\n<li>Saniya Max (Picloram + 2,4-D). Es un herbicida sist\u00e9mico para el control de malezas de hoja ancha. Su formulaci\u00f3n es de soluci\u00f3n concentrada acuosa. Es nocivo por ingesti\u00f3n e inhalaci\u00f3n y pertenece a la categor\u00eda toxicol\u00f3gica cuatro.<\/li>\n<li>Choique 200 SL (Paraquat). Su formulaci\u00f3n es de concentrado soluble empleado para controlar malezas mono y dicotiled\u00f3neas perennes y anuales. Es un producto t\u00f3xico si se inhala, de categor\u00eda toxicol\u00f3gica tres.<\/li>\n<li>Saniya 480 SL (2,4-D Amina). Se trata de un herbicida hormonal de formulaci\u00f3n de soluci\u00f3n acuosa empleado para controlar malezas de hoja ancha. Resulta nocivo en caso de ingesti\u00f3n, inhalaci\u00f3n y contacto con la piel. Su categor\u00eda toxicol\u00f3gica es cuatro.<\/li>\n<li>Carpidora 41 SL (Glifosato). es un herbicida sist\u00e9mico no selectivo de amplio espectro para aplicaci\u00f3n en post emergencia a las malezas en activo crecimiento. Es absorbido por v\u00eda foliar, se mueve por toda la planta en forma acrop\u00e9tala y bacip\u00e9tala, posee un amplio espectro de control de malezas gram\u00edneas y de hojas anchas. Su aplicaci\u00f3n puede ser previo a la siembra o en aplicaciones post emergentes dirigidas.<\/li>\n<li>Onega WP (Diuron + Hexazinona). Es la mezcla de dos herbicidas selectivos: hexazinona (triazinona) y diuron (urea sustituida) su formulaci\u00f3n es como polvo humectable en agua. Ambos productos muestran un amplio espectro de control sobre malezas anuales, bianuales y perennes, tanto de zacates como de hoja ancha y planta arbustivas. Es un herbicida pre-emergente al cultivo, de doble acci\u00f3n sobre las malezas. Posee gran persistencia en el campo y tambi\u00e9n act\u00faa por contacto.<\/li>\n<\/ul>\n<p>Para conocer a mayor detalle nuestros productos, visite nuestro cat\u00e1logo en l\u00ednea de\u00a0<strong>venta de agroqu\u00edmicos<\/strong>\u00a0o p\u00f3nganse en contacto con nosotros, en DVA con gusto les atenderemos y asesoraremos en la elecci\u00f3n de la soluci\u00f3n que se adapte mejor a sus necesidades.[\/vc_column_text][\/vc_column][\/vc_row][vc_row][vc_column width=&#8221;1\/1&#8243;][uncode_block id=&#8221;12576&#8243;][\/vc_column][\/vc_row]<\/p>\n<\/div>","protected":false},"excerpt":{"rendered":"<p>[vc_row row_height_percent=&#8221;0&#8243; overlay_alpha=&#8221;50&#8243; gutter_size=&#8221;3&#8243; column_width_use_pixel=&#8221;yes&#8221; shift_y=&#8221;0&#8243; z_index=&#8221;0&#8243; column_width_pixel=&#8221;1000px&#8221; css=&#8221;.vc_custom_1595517502496{margin-top: 80px !important;}&#8221; shape_dividers=&#8221;&#8221;][vc_column width=&#8221;1\/1&#8243;][vc_column_text]El uso de productos qu\u00edmicos es de suma [&hellip;]<\/p>\n","protected":false},"author":1,"featured_media":11092,"parent":0,"menu_order":0,"comment_status":"closed","ping_status":"closed","template":"","meta":{"footnotes":""},"class_list":["post-11368","page","type-page","status-publish","has-post-thumbnail","hentry"],"yoast_head":"<!-- This site is optimized with the Yoast SEO Premium plugin v24.9 (Yoast SEO v27.1.1) - https:\/\/yoast.com\/product\/yoast-seo-premium-wordpress\/ -->\n<title>Venta de agroqu\u00edmicos en M\u00e9xico<\/title>\n<meta name=\"robots\" content=\"index, follow, max-snippet:-1, max-image-preview:large, max-video-preview:-1\" \/>\n<link rel=\"canonical\" href=\"https:\/\/dva.com\/mx\/venta-de-agroquimicos-en-mexico\/\" \/>\n<meta property=\"og:locale\" content=\"es_MX\" \/>\n<meta property=\"og:type\" content=\"article\" \/>\n<meta property=\"og:title\" content=\"Venta de agroqu\u00edmicos en M\u00e9xico\" \/>\n<meta property=\"og:description\" content=\"[vc_row row_height_percent=&#8221;0&#8243; overlay_alpha=&#8221;50&#8243; gutter_size=&#8221;3&#8243; column_width_use_pixel=&#8221;yes&#8221; shift_y=&#8221;0&#8243; z_index=&#8221;0&#8243; column_width_pixel=&#8221;1000px&#8221; css=&#8221;.vc_custom_1595517502496{margin-top: 80px !important;}&#8221; shape_dividers=&#8221;&#8221;][vc_column width=&#8221;1\/1&#8243;][vc_column_text]El uso de productos qu\u00edmicos es de suma [&hellip;]\" \/>\n<meta property=\"og:url\" content=\"https:\/\/dva.com\/mx\/venta-de-agroquimicos-en-mexico\/\" \/>\n<meta property=\"og:site_name\" content=\"DVA\" \/>\n<meta property=\"article:publisher\" content=\"https:\/\/www.facebook.com\/dvaglobal\" \/>\n<meta property=\"article:modified_time\" content=\"2020-07-23T15:18:28+00:00\" \/>\n<meta property=\"og:image\" content=\"https:\/\/dva.com\/wp-content\/uploads\/2020\/07\/servicios-dva.jpg\" \/>\n\t<meta property=\"og:image:width\" content=\"1920\" \/>\n\t<meta property=\"og:image:height\" content=\"700\" \/>\n\t<meta property=\"og:image:type\" content=\"image\/jpeg\" \/>\n<meta name=\"twitter:card\" content=\"summary_large_image\" \/>\n<meta name=\"twitter:label1\" content=\"Tiempo de lectura\" \/>\n\t<meta name=\"twitter:data1\" content=\"10 minutes\" \/>\n<script type=\"application\/ld+json\" class=\"yoast-schema-graph\">{\"@context\":\"https:\/\/schema.org\",\"@graph\":[{\"@type\":\"WebPage\",\"@id\":\"https:\/\/dva.com\/mx\/venta-de-agroquimicos-en-mexico\/\",\"url\":\"https:\/\/dva.com\/mx\/venta-de-agroquimicos-en-mexico\/\",\"name\":\"Venta de agroqu\u00edmicos en M\u00e9xico\",\"isPartOf\":{\"@id\":\"https:\/\/dva.com\/mx\/#website\"},\"primaryImageOfPage\":{\"@id\":\"https:\/\/dva.com\/mx\/venta-de-agroquimicos-en-mexico\/#primaryimage\"},\"image\":{\"@id\":\"https:\/\/dva.com\/mx\/venta-de-agroquimicos-en-mexico\/#primaryimage\"},\"thumbnailUrl\":\"https:\/\/dva.com\/wp-content\/uploads\/2020\/07\/servicios-dva.jpg\",\"datePublished\":\"2019-02-06T12:49:13+00:00\",\"dateModified\":\"2020-07-23T15:18:28+00:00\",\"breadcrumb\":{\"@id\":\"https:\/\/dva.com\/mx\/venta-de-agroquimicos-en-mexico\/#breadcrumb\"},\"inLanguage\":\"es-MX\",\"potentialAction\":[{\"@type\":\"ReadAction\",\"target\":[\"https:\/\/dva.com\/mx\/venta-de-agroquimicos-en-mexico\/\"]}]},{\"@type\":\"ImageObject\",\"inLanguage\":\"es-MX\",\"@id\":\"https:\/\/dva.com\/mx\/venta-de-agroquimicos-en-mexico\/#primaryimage\",\"url\":\"https:\/\/dva.com\/wp-content\/uploads\/2020\/07\/servicios-dva.jpg\",\"contentUrl\":\"https:\/\/dva.com\/wp-content\/uploads\/2020\/07\/servicios-dva.jpg\",\"width\":1920,\"height\":700},{\"@type\":\"BreadcrumbList\",\"@id\":\"https:\/\/dva.com\/mx\/venta-de-agroquimicos-en-mexico\/#breadcrumb\",\"itemListElement\":[{\"@type\":\"ListItem\",\"position\":1,\"name\":\"Home\",\"item\":\"https:\/\/dva.com\/mx\/\"},{\"@type\":\"ListItem\",\"position\":2,\"name\":\"Venta de agroqu\u00edmicos en M\u00e9xico\"}]},{\"@type\":\"WebSite\",\"@id\":\"https:\/\/dva.com\/mx\/#website\",\"url\":\"https:\/\/dva.com\/mx\/\",\"name\":\"DVA\",\"description\":\"GO FURTHER. TOGETHER\",\"publisher\":{\"@id\":\"https:\/\/dva.com\/mx\/#organization\"},\"potentialAction\":[{\"@type\":\"SearchAction\",\"target\":{\"@type\":\"EntryPoint\",\"urlTemplate\":\"https:\/\/dva.com\/mx\/?s={search_term_string}\"},\"query-input\":{\"@type\":\"PropertyValueSpecification\",\"valueRequired\":true,\"valueName\":\"search_term_string\"}}],\"inLanguage\":\"es-MX\"},{\"@type\":\"Organization\",\"@id\":\"https:\/\/dva.com\/mx\/#organization\",\"name\":\"DVA\",\"url\":\"https:\/\/dva.com\/mx\/\",\"logo\":{\"@type\":\"ImageObject\",\"inLanguage\":\"es-MX\",\"@id\":\"https:\/\/dva.com\/mx\/#\/schema\/logo\/image\/\",\"url\":\"https:\/\/dva.com\/wp-content\/uploads\/2020\/05\/dva-group-logo.svg\",\"contentUrl\":\"https:\/\/dva.com\/wp-content\/uploads\/2020\/05\/dva-group-logo.svg\",\"width\":\"1000\",\"height\":\"1000\",\"caption\":\"DVA\"},\"image\":{\"@id\":\"https:\/\/dva.com\/mx\/#\/schema\/logo\/image\/\"},\"sameAs\":[\"https:\/\/www.facebook.com\/dvaglobal\"]}]}<\/script>\n<!-- \/ Yoast SEO Premium plugin. -->","yoast_head_json":{"title":"Venta de agroqu\u00edmicos en M\u00e9xico","robots":{"index":"index","follow":"follow","max-snippet":"max-snippet:-1","max-image-preview":"max-image-preview:large","max-video-preview":"max-video-preview:-1"},"canonical":"https:\/\/dva.com\/mx\/venta-de-agroquimicos-en-mexico\/","og_locale":"es_MX","og_type":"article","og_title":"Venta de agroqu\u00edmicos en M\u00e9xico","og_description":"[vc_row row_height_percent=&#8221;0&#8243; overlay_alpha=&#8221;50&#8243; gutter_size=&#8221;3&#8243; column_width_use_pixel=&#8221;yes&#8221; shift_y=&#8221;0&#8243; z_index=&#8221;0&#8243; column_width_pixel=&#8221;1000px&#8221; css=&#8221;.vc_custom_1595517502496{margin-top: 80px !important;}&#8221; shape_dividers=&#8221;&#8221;][vc_column width=&#8221;1\/1&#8243;][vc_column_text]El uso de productos qu\u00edmicos es de suma [&hellip;]","og_url":"https:\/\/dva.com\/mx\/venta-de-agroquimicos-en-mexico\/","og_site_name":"DVA","article_publisher":"https:\/\/www.facebook.com\/dvaglobal","article_modified_time":"2020-07-23T15:18:28+00:00","og_image":[{"width":1920,"height":700,"url":"https:\/\/dva.com\/wp-content\/uploads\/2020\/07\/servicios-dva.jpg","type":"image\/jpeg"}],"twitter_card":"summary_large_image","twitter_misc":{"Tiempo de lectura":"10 minutes"},"schema":{"@context":"https:\/\/schema.org","@graph":[{"@type":"WebPage","@id":"https:\/\/dva.com\/mx\/venta-de-agroquimicos-en-mexico\/","url":"https:\/\/dva.com\/mx\/venta-de-agroquimicos-en-mexico\/","name":"Venta de agroqu\u00edmicos en M\u00e9xico","isPartOf":{"@id":"https:\/\/dva.com\/mx\/#website"},"primaryImageOfPage":{"@id":"https:\/\/dva.com\/mx\/venta-de-agroquimicos-en-mexico\/#primaryimage"},"image":{"@id":"https:\/\/dva.com\/mx\/venta-de-agroquimicos-en-mexico\/#primaryimage"},"thumbnailUrl":"https:\/\/dva.com\/wp-content\/uploads\/2020\/07\/servicios-dva.jpg","datePublished":"2019-02-06T12:49:13+00:00","dateModified":"2020-07-23T15:18:28+00:00","breadcrumb":{"@id":"https:\/\/dva.com\/mx\/venta-de-agroquimicos-en-mexico\/#breadcrumb"},"inLanguage":"es-MX","potentialAction":[{"@type":"ReadAction","target":["https:\/\/dva.com\/mx\/venta-de-agroquimicos-en-mexico\/"]}]},{"@type":"ImageObject","inLanguage":"es-MX","@id":"https:\/\/dva.com\/mx\/venta-de-agroquimicos-en-mexico\/#primaryimage","url":"https:\/\/dva.com\/wp-content\/uploads\/2020\/07\/servicios-dva.jpg","contentUrl":"https:\/\/dva.com\/wp-content\/uploads\/2020\/07\/servicios-dva.jpg","width":1920,"height":700},{"@type":"BreadcrumbList","@id":"https:\/\/dva.com\/mx\/venta-de-agroquimicos-en-mexico\/#breadcrumb","itemListElement":[{"@type":"ListItem","position":1,"name":"Home","item":"https:\/\/dva.com\/mx\/"},{"@type":"ListItem","position":2,"name":"Venta de agroqu\u00edmicos en M\u00e9xico"}]},{"@type":"WebSite","@id":"https:\/\/dva.com\/mx\/#website","url":"https:\/\/dva.com\/mx\/","name":"DVA","description":"GO FURTHER. TOGETHER","publisher":{"@id":"https:\/\/dva.com\/mx\/#organization"},"potentialAction":[{"@type":"SearchAction","target":{"@type":"EntryPoint","urlTemplate":"https:\/\/dva.com\/mx\/?s={search_term_string}"},"query-input":{"@type":"PropertyValueSpecification","valueRequired":true,"valueName":"search_term_string"}}],"inLanguage":"es-MX"},{"@type":"Organization","@id":"https:\/\/dva.com\/mx\/#organization","name":"DVA","url":"https:\/\/dva.com\/mx\/","logo":{"@type":"ImageObject","inLanguage":"es-MX","@id":"https:\/\/dva.com\/mx\/#\/schema\/logo\/image\/","url":"https:\/\/dva.com\/wp-content\/uploads\/2020\/05\/dva-group-logo.svg","contentUrl":"https:\/\/dva.com\/wp-content\/uploads\/2020\/05\/dva-group-logo.svg","width":"1000","height":"1000","caption":"DVA"},"image":{"@id":"https:\/\/dva.com\/mx\/#\/schema\/logo\/image\/"},"sameAs":["https:\/\/www.facebook.com\/dvaglobal"]}]}},"_links":{"self":[{"href":"https:\/\/dva.com\/mx\/wp-json\/wp\/v2\/pages\/11368","targetHints":{"allow":["GET"]}}],"collection":[{"href":"https:\/\/dva.com\/mx\/wp-json\/wp\/v2\/pages"}],"about":[{"href":"https:\/\/dva.com\/mx\/wp-json\/wp\/v2\/types\/page"}],"author":[{"embeddable":true,"href":"https:\/\/dva.com\/mx\/wp-json\/wp\/v2\/users\/1"}],"replies":[{"embeddable":true,"href":"https:\/\/dva.com\/mx\/wp-json\/wp\/v2\/comments?post=11368"}],"version-history":[{"count":0,"href":"https:\/\/dva.com\/mx\/wp-json\/wp\/v2\/pages\/11368\/revisions"}],"wp:featuredmedia":[{"embeddable":true,"href":"https:\/\/dva.com\/mx\/wp-json\/wp\/v2\/media\/11092"}],"wp:attachment":[{"href":"https:\/\/dva.com\/mx\/wp-json\/wp\/v2\/media?parent=11368"}],"curies":[{"name":"wp","href":"https:\/\/api.w.org\/{rel}","templated":true}]}}