{"id":147857,"date":"2023-04-03T21:10:45","date_gmt":"2023-04-03T19:10:45","guid":{"rendered":"https:\/\/dva.com\/dva-alimentos\/"},"modified":"2023-07-10T10:41:43","modified_gmt":"2023-07-10T08:41:43","slug":"alimentaria","status":"publish","type":"page","link":"https:\/\/dva.com\/pe\/alimentaria\/","title":{"rendered":"DVA Alimentaria"},"content":{"rendered":"<div class=\"wpb-content-wrapper\"><p>[vc_row row_height_percent=\u00bb0&#8243; back_image=\u00bb148249&#8243; overlay_alpha=\u00bb50&#8243; gutter_size=\u00bb3&#8243; column_width_percent=\u00bb100&#8243; shift_y=\u00bb0&#8243; z_index=\u00bb0&#8243; row_height_pixel=\u00bb500px\u00bb uncode_shortcode_id=\u00bb825297&#8243;][vc_column column_width_percent=\u00bb100&#8243; position_vertical=\u00bbbottom\u00bb gutter_size=\u00bb3&#8243; overlay_alpha=\u00bb50&#8243; shift_x=\u00bb0&#8243; shift_y=\u00bb0&#8243; shift_y_down=\u00bb0&#8243; z_index=\u00bb0&#8243; medium_width=\u00bb0&#8243; mobile_width=\u00bb0&#8243; width=\u00bb1\/1&#8243;][\/vc_column][\/vc_row][vc_row row_height_percent=\u00bb0&#8243; override_padding=\u00bbyes\u00bb h_padding=\u00bb2&#8243; top_padding=\u00bb1&#8243; bottom_padding=\u00bb1&#8243; back_color=\u00bbcolor-jevc\u00bb overlay_alpha=\u00bb50&#8243; gutter_size=\u00bb3&#8243; column_width_percent=\u00bb100&#8243; shift_y=\u00bb0&#8243; z_index=\u00bb0&#8243; css=\u00bb.vc_custom_1680602344979{padding-top: 13px !important;padding-bottom: 13px !important;}\u00bb uncode_shortcode_id=\u00bb198975&#8243; back_color_type=\u00bbuncode-palette\u00bb][vc_column column_width_percent=\u00bb100&#8243; position_vertical=\u00bbmiddle\u00bb align_horizontal=\u00bbalign_right\u00bb gutter_size=\u00bb0&#8243; override_padding=\u00bbyes\u00bb column_padding=\u00bb0&#8243; overlay_alpha=\u00bb50&#8243; shift_x=\u00bb0&#8243; shift_y=\u00bb0&#8243; shift_y_down=\u00bb0&#8243; z_index=\u00bb0&#8243; medium_width=\u00bb0&#8243; mobile_width=\u00bb0&#8243; width=\u00bb1\/1&#8243;][vc_custom_heading text_color=\u00bbcolor-xsdn\u00bb heading_semantic=\u00bbp\u00bb text_weight=\u00bb700&#8243; text_transform=\u00bbuppercase\u00bb text_height=\u00bb\u00bb uncode_shortcode_id=\u00bb161365&#8243; text_color_type=\u00bbuncode-palette\u00bb]<span class=\"markedContent\"><span dir=\"ltr\" role=\"presentation\">INDUSTRIA ALIMENTARIA<\/span><\/span>[\/vc_custom_heading][\/vc_column][\/vc_row][vc_row row_height_percent=\u00bb0&#8243; overlay_alpha=\u00bb50&#8243; gutter_size=\u00bb3&#8243; column_width_use_pixel=\u00bbyes\u00bb shift_y=\u00bb0&#8243; z_index=\u00bb0&#8243; css=\u00bb.vc_custom_1680612574731{padding-top: 25px !important;padding-bottom: 55px !important;}\u00bb column_width_pixel=\u00bb1150px\u00bb row_name=\u00bbabout\u00bb uncode_shortcode_id=\u00bb779176&#8243;][vc_column column_width_percent=\u00bb100&#8243; align_horizontal=\u00bbalign_center\u00bb gutter_size=\u00bb3&#8243; overlay_alpha=\u00bb50&#8243; shift_x=\u00bb0&#8243; shift_y=\u00bb0&#8243; shift_y_down=\u00bb0&#8243; z_index=\u00bb0&#8243; medium_width=\u00bb0&#8243; mobile_width=\u00bb0&#8243; width=\u00bb1\/1&#8243;][vc_row_inner][vc_column_inner column_width_percent=\u00bb100&#8243; align_horizontal=\u00bbalign_center\u00bb gutter_size=\u00bb3&#8243; overlay_alpha=\u00bb50&#8243; shift_x=\u00bb0&#8243; shift_y=\u00bb0&#8243; shift_y_down=\u00bb0&#8243; z_index=\u00bb0&#8243; medium_width=\u00bb0&#8243; mobile_width=\u00bb0&#8243; width=\u00bb1\/1&#8243;][vc_custom_heading text_color=\u00bbaccent\u00bb heading_semantic=\u00bbh3&#8243; text_size=\u00bbh1&#8243; text_weight=\u00bb500&#8243; text_height=\u00bb\u00bb uncode_shortcode_id=\u00bb155223&#8243; text_color_type=\u00bbuncode-palette\u00bb]SOLUCIONES EN ADITIVOS Y<\/p>\n<p><strong>MATERIAS PRIMAS PARA LA INDUSTRIA<\/strong>[\/vc_custom_heading][vc_column_text uncode_shortcode_id=\u00bb958237&#8243;]<span style=\"font-size: 20px;\">Participamos con nuestros clientes a optimizar el producto final mediante nuestra l\u00ednea de sistemas funcionales APPENMIX\u00ae, a la vez que ofrecemos materias primas de la mas alta calidad. Nuestra oferta incluye una amplia gama de materia prima para la industria alimentaria en M\u00e9xico como Hidrocoloides, Edulcorantes, Prote\u00ednas, Conservadores, Acidulantes, Funcionales, Nutrac\u00e9uticos, Antioxidantes y Especialidades y Sistemas Funcionales.<\/span><\/p>\n<p>&nbsp;<\/p>\n<p><img decoding=\"async\" class=\"alignnone wp-image-148426 size-full\" src=\"https:\/\/dva.com\/wp-content\/uploads\/2023\/04\/Untitled-design-1-scaled.jpg\" alt=\"Alimentaria\" width=\"2560\" height=\"853\" srcset=\"https:\/\/dva.com\/wp-content\/uploads\/2023\/04\/Untitled-design-1-scaled.jpg 2560w, https:\/\/dva.com\/wp-content\/uploads\/2023\/04\/Untitled-design-1-300x100.jpg 300w, https:\/\/dva.com\/wp-content\/uploads\/2023\/04\/Untitled-design-1-1024x341.jpg 1024w, https:\/\/dva.com\/wp-content\/uploads\/2023\/04\/Untitled-design-1-768x256.jpg 768w, https:\/\/dva.com\/wp-content\/uploads\/2023\/04\/Untitled-design-1-1536x512.jpg 1536w, https:\/\/dva.com\/wp-content\/uploads\/2023\/04\/Untitled-design-1-2048x683.jpg 2048w\" sizes=\"(max-width: 2560px) 100vw, 2560px\" \/>[\/vc_column_text][\/vc_column_inner][\/vc_row_inner][\/vc_column][\/vc_row][vc_row row_height_percent=\u00bb0&#8243; override_padding=\u00bbyes\u00bb h_padding=\u00bb0&#8243; top_padding=\u00bb0&#8243; bottom_padding=\u00bb0&#8243; overlay_alpha=\u00bb100&#8243; equal_height=\u00bbyes\u00bb gutter_size=\u00bb0&#8243; column_width_use_pixel=\u00bbyes\u00bb shift_y=\u00bb0&#8243; z_index=\u00bb0&#8243; style=\u00bbinherited\u00bb css=\u00bb.vc_custom_1680612589932{margin-top: 30px !important;padding-bottom: 55px !important;}\u00bb column_width_pixel=\u00bb1150&#8243; uncode_shortcode_id=\u00bb352405&#8243;][vc_column column_width_percent=\u00bb100&#8243; position_vertical=\u00bbmiddle\u00bb gutter_size=\u00bb3&#8243; override_padding=\u00bbyes\u00bb column_padding=\u00bb2&#8243; style=\u00bbdark\u00bb overlay_alpha=\u00bb100&#8243; shift_x=\u00bb0&#8243; shift_y=\u00bb0&#8243; shift_y_down=\u00bb0&#8243; z_index=\u00bb0&#8243; medium_width=\u00bb3&#8243; mobile_width=\u00bb0&#8243; zoom_width=\u00bb0&#8243; zoom_height=\u00bb0&#8243; width=\u00bb1\/2&#8243; uncode_shortcode_id=\u00bb134933&#8243; back_color_type=\u00bbuncode-solid\u00bb back_color_solid=\u00bb#ff6a2b\u00bb][vc_custom_heading text_color=\u00bbcolor-xsdn\u00bb heading_semantic=\u00bbh1&#8243; text_size=\u00bb\u00bb text_transform=\u00bbuppercase\u00bb text_height=\u00bb\u00bb uncode_shortcode_id=\u00bb346197&#8243; text_color_type=\u00bbuncode-palette\u00bb]APPENMIX[\/vc_custom_heading][vc_custom_heading text_size=\u00bbh3&#8243; text_weight=\u00bb300&#8243; text_height=\u00bb\u00bb uncode_shortcode_id=\u00bb182621&#8243;]Nos involucramos con nuestros clientes entendiendo sus necesidades reales, para desarrollar el mejor sistema funcional y que nuestro cliente entregue al consumidor final un producto mejorado en t\u00e9rminos de funcionalidad, costo y calidad. Al mismo tiempo ponemos a disposici\u00f3n de nuestros clientes nuestra planta piloto.[\/vc_custom_heading][vc_button button_color=\u00bbcolor-xsdn\u00bb size=\u00bbbtn-lg\u00bb radius=\u00bbbtn-square\u00bb outline=\u00bbyes\u00bb border_width=\u00bb0&#8243; icon_position=\u00bbright\u00bb icon=\u00bbfa fa-arrow-right-thick\u00bb link=\u00bburl:https%3A%2F%2Fwww.appenmix.com%2F|title:M%C3%A1s%20informaci%C3%B3n%20sobre%20APPENMIX|target:_blank\u00bb button_color_type=\u00bbuncode-palette\u00bb uncode_shortcode_id=\u00bb131423&#8243;]CONOZCA APPENMIX[\/vc_button][\/vc_column][vc_column column_width_percent=\u00bb100&#8243; position_horizontal=\u00bbleft\u00bb position_vertical=\u00bbmiddle\u00bb align_horizontal=\u00bbalign_center\u00bb gutter_size=\u00bb0&#8243; override_padding=\u00bbyes\u00bb column_padding=\u00bb0&#8243; back_color=\u00bbcolor-lxmt\u00bb back_image=\u00bb72822&#8243; overlay_color=\u00bbcolor-xsdn\u00bb overlay_alpha=\u00bb49&#8243; shift_x=\u00bb0&#8243; shift_y=\u00bb0&#8243; shift_y_down=\u00bb0&#8243; z_index=\u00bb0&#8243; medium_width=\u00bb3&#8243; mobile_width=\u00bb0&#8243; zoom_width=\u00bb0&#8243; zoom_height=\u00bb0&#8243; width=\u00bb1\/2&#8243; mobile_height=\u00bb260&#8243; uncode_shortcode_id=\u00bb111381&#8243; back_color_type=\u00bbuncode-palette\u00bb overlay_color_type=\u00bbuncode-palette\u00bb][vc_column_text uncode_shortcode_id=\u00bb119688&#8243;]<img decoding=\"async\" class=\"alignnone wp-image-72733\" src=\"https:\/\/dva.com\/wp-content\/uploads\/2022\/10\/appenmix.png\" alt=\"\" width=\"300\" height=\"400\" \/>[\/vc_column_text][\/vc_column][\/vc_row][vc_row row_height_percent=\u00bb0&#8243; back_color=\u00bbcolor-jevc\u00bb overlay_alpha=\u00bb50&#8243; gutter_size=\u00bb3&#8243; column_width_use_pixel=\u00bbyes\u00bb shift_y=\u00bb0&#8243; z_index=\u00bb0&#8243; css=\u00bb.vc_custom_1680460979847{padding-top: 25px !important;padding-bottom: 55px !important;}\u00bb column_width_pixel=\u00bb1150px\u00bb row_name=\u00bbabout\u00bb uncode_shortcode_id=\u00bb995021&#8243; back_color_type=\u00bbuncode-palette\u00bb][vc_column column_width_percent=\u00bb100&#8243; align_horizontal=\u00bbalign_center\u00bb gutter_size=\u00bb3&#8243; style=\u00bbdark\u00bb overlay_alpha=\u00bb50&#8243; shift_x=\u00bb0&#8243; shift_y=\u00bb0&#8243; shift_y_down=\u00bb0&#8243; z_index=\u00bb0&#8243; medium_width=\u00bb0&#8243; mobile_width=\u00bb0&#8243; width=\u00bb1\/1&#8243;][vc_column_text text_color=\u00bbcolor-xsdn\u00bb css=\u00bb.vc_custom_1680626034220{margin-bottom: 0px !important;border-bottom-width: 0px !important;padding-bottom: 0px !important;}\u00bb uncode_shortcode_id=\u00bb693057&#8243; text_color_type=\u00bbuncode-palette\u00bb]<\/p>\n<h1>DESCARGA NUESTRO BROCHURE Y ENTN<strong>\u00c9RATE M<\/strong><strong>\u00c1S<\/strong><\/h1>\n<p>[\/vc_column_text][vc_row_inner][vc_column_inner width=\u00bb1\/3&#8243;][\/vc_column_inner][vc_column_inner width=\u00bb1\/3&#8243;][vc_column_text text_color=\u00bbcolor-xsdn\u00bb uncode_shortcode_id=\u00bb840209&#8243; text_color_type=\u00bbuncode-palette\u00bb]<img decoding=\"async\" class=\"alignnone wp-image-148469 size-full\" src=\"https:\/\/dva.com\/wp-content\/uploads\/2023\/04\/PORTAFOLIO.png\" alt=\"PORTAFOLIO\" width=\"595\" height=\"842\" srcset=\"https:\/\/dva.com\/wp-content\/uploads\/2023\/04\/PORTAFOLIO.png 595w, https:\/\/dva.com\/wp-content\/uploads\/2023\/04\/PORTAFOLIO-212x300.png 212w\" sizes=\"(max-width: 595px) 100vw, 595px\" \/>[\/vc_column_text][vc_button button_color=\u00bbcolor-dva\u00bb size=\u00bbbtn-xl\u00bb radius=\u00bbbtn-square\u00bb border_width=\u00bb0&#8243; display=\u00bbinline\u00bb top_margin=\u00bbyes\u00bb uncode_shortcode_id=\u00bb187462&#8243; button_color_type=\u00bbuncode-palette\u00bb]DESCARGAR BROCHURE[\/vc_button][\/vc_column_inner][vc_column_inner width=\u00bb1\/3&#8243;][\/vc_column_inner][\/vc_row_inner][\/vc_column][\/vc_row][vc_row row_height_percent=\u00bb0&#8243; back_color=\u00bbcolor-lxmt\u00bb back_image=\u00bb146889&#8243; overlay_alpha=\u00bb50&#8243; gutter_size=\u00bb3&#8243; column_width_use_pixel=\u00bbyes\u00bb shift_y=\u00bb0&#8243; z_index=\u00bb0&#8243; row_name=\u00bbstart\u00bb css=\u00bb.vc_custom_1680514986926{padding-bottom: 0px !important;}\u00bb column_width_pixel=\u00bb1150px\u00bb uncode_shortcode_id=\u00bb664536&#8243; back_color_type=\u00bbuncode-palette\u00bb][vc_column column_width_percent=\u00bb100&#8243; gutter_size=\u00bb3&#8243; back_color=\u00bbcolor-xsdn\u00bb overlay_alpha=\u00bb50&#8243; shift_x=\u00bb0&#8243; shift_y=\u00bb0&#8243; shift_y_down=\u00bb0&#8243; z_index=\u00bb0&#8243; medium_width=\u00bb0&#8243; mobile_width=\u00bb0&#8243; shadow=\u00bbxs\u00bb width=\u00bb2\/3&#8243;][vc_custom_heading text_color=\u00bbaccent\u00bb text_weight=\u00bb400&#8243; text_height=\u00bbfontheight-179065&#8243;]Mandanos un mensaje[\/vc_custom_heading][vc_raw_html]JTNDZGl2JTIwY2xhc3MlM0QlMjJwaXBlZHJpdmVXZWJGb3JtcyUyMiUyMGRhdGEtcGQtd2ViZm9ybXMlM0QlMjJodHRwcyUzQSUyRiUyRnBpcGVkcml2ZXdlYmZvcm1zLmNvbSUyRmZvcm0lMkYyNTg1NjBjNjhjMTVjZWZkZTkxNmY0OWY3MGJmZGQ4NTk3MzQ4JTIyJTNFJTNDc2NyaXB0JTIwc3JjJTNEJTIyaHR0cHMlM0ElMkYlMkZjZG4ucGlwZWRyaXZlYXNzZXRzLmNvbSUyRndlYi1mb3JtLWFzc2V0cyUyRndlYmZvcm1zLm1pbi5qcyUyMiUzRSUzQyUyRnNjcmlwdCUzRSUzQyUyRmRpdiUzRQ==[\/vc_raw_html][\/vc_column][vc_column column_width_percent=\u00bb100&#8243; gutter_size=\u00bb3&#8243; back_color=\u00bbcolor-xsdn\u00bb overlay_color=\u00bbcolor-xsdn\u00bb overlay_alpha=\u00bb50&#8243; shift_x=\u00bb0&#8243; shift_y=\u00bb0&#8243; shift_y_down=\u00bb0&#8243; z_index=\u00bb0&#8243; medium_width=\u00bb0&#8243; mobile_width=\u00bb0&#8243; radius=\u00bbxs\u00bb shadow=\u00bbxs\u00bb width=\u00bb1\/3&#8243;][vc_custom_heading text_color=\u00bbaccent\u00bb text_weight=\u00bb400&#8243; text_height=\u00bbfontheight-179065&#8243;]Dependencias[\/vc_custom_heading][vc_column_text uncode_shortcode_id=\u00bb190172&#8243;]<\/p>\n<h4>DVA HEALTH &amp; NUTRITION PER\u00da<\/h4>\n<p>Jr. Tomas Ramsey 930, Of. 602<br \/>\nCP 15076 \/ Lima \u2013 Per\u00fa<\/p>\n<p>T: +51 1 6449380<\/p>\n<h4>Gisella Brenis<\/h4>\n<p>Phone: 987 626 122<\/p>\n<p>E-mail:\u00a0 Gisella.brenis@dva.com<\/p>\n<h4>Javier C<span class=\"JCzEY ZwRhJd\">\u00e9<\/span>spedes<\/h4>\n<p>Phone: 987 163 148<\/p>\n<p>E-mail:\u00a0 Javier.C<span class=\"JCzEY ZwRhJd\">\u00e9<\/span>spedes@dva.com[\/vc_column_text][\/vc_column][\/vc_row][vc_row][vc_column width=\u00bb1\/1&#8243;][uncode_block id=\u00bb147718&#8243;][\/vc_column][\/vc_row]<\/p>\n<\/div>","protected":false},"excerpt":{"rendered":"<p>[vc_row row_height_percent=\u00bb0&#8243; back_image=\u00bb148249&#8243; overlay_alpha=\u00bb50&#8243; gutter_size=\u00bb3&#8243; column_width_percent=\u00bb100&#8243; shift_y=\u00bb0&#8243; z_index=\u00bb0&#8243; row_height_pixel=\u00bb500px\u00bb uncode_shortcode_id=\u00bb825297&#8243;][vc_column column_width_percent=\u00bb100&#8243; position_vertical=\u00bbbottom\u00bb gutter_size=\u00bb3&#8243; overlay_alpha=\u00bb50&#8243; shift_x=\u00bb0&#8243; shift_y=\u00bb0&#8243; shift_y_down=\u00bb0&#8243; z_index=\u00bb0&#8243; medium_width=\u00bb0&#8243; mobile_width=\u00bb0&#8243; [&hellip;]<\/p>\n","protected":false},"author":1,"featured_media":11083,"parent":0,"menu_order":0,"comment_status":"closed","ping_status":"closed","template":"","meta":{"footnotes":""},"class_list":["post-147857","page","type-page","status-publish","has-post-thumbnail","hentry"],"yoast_head":"<!-- This site is optimized with the Yoast SEO Premium plugin v24.9 (Yoast SEO v27.1.1) - https:\/\/yoast.com\/product\/yoast-seo-premium-wordpress\/ -->\n<title>DVA Alimentaria<\/title>\n<meta name=\"description\" content=\"Innovando en soluciones alimentarias de calidad para satisfacer las necesidades del mercado. Descubre nuestros productos y servicios para la industria alimentaria.\" \/>\n<meta name=\"robots\" content=\"index, follow, max-snippet:-1, max-image-preview:large, max-video-preview:-1\" \/>\n<link rel=\"canonical\" href=\"https:\/\/dva.com\/pe\/alimentaria\/\" \/>\n<meta property=\"og:locale\" content=\"es_ES\" \/>\n<meta property=\"og:type\" content=\"article\" \/>\n<meta property=\"og:title\" content=\"DVA Alimentaria\" \/>\n<meta property=\"og:description\" content=\"Innovando en soluciones alimentarias de calidad para satisfacer las necesidades del mercado. Descubre nuestros productos y servicios para la industria alimentaria.\" \/>\n<meta property=\"og:url\" content=\"https:\/\/dva.com\/pe\/alimentaria\/\" \/>\n<meta property=\"og:site_name\" content=\"DVA\" \/>\n<meta property=\"article:publisher\" content=\"https:\/\/www.facebook.com\/dvaglobal\" \/>\n<meta property=\"article:modified_time\" content=\"2023-07-10T08:41:43+00:00\" \/>\n<meta property=\"og:image\" content=\"https:\/\/dva.com\/wp-content\/uploads\/2020\/07\/dvafoods.jpg\" \/>\n\t<meta property=\"og:image:width\" content=\"294\" \/>\n\t<meta property=\"og:image:height\" content=\"294\" \/>\n\t<meta property=\"og:image:type\" content=\"image\/jpeg\" \/>\n<meta name=\"twitter:card\" content=\"summary_large_image\" \/>\n<meta name=\"twitter:label1\" content=\"Est. reading time\" \/>\n\t<meta name=\"twitter:data1\" content=\"3 minutos\" \/>\n<script type=\"application\/ld+json\" class=\"yoast-schema-graph\">{\"@context\":\"https:\/\/schema.org\",\"@graph\":[{\"@type\":\"WebPage\",\"@id\":\"https:\/\/dva.com\/pe\/alimentaria\/\",\"url\":\"https:\/\/dva.com\/pe\/alimentaria\/\",\"name\":\"DVA Alimentaria\",\"isPartOf\":{\"@id\":\"https:\/\/dva.com\/mx\/#website\"},\"primaryImageOfPage\":{\"@id\":\"https:\/\/dva.com\/pe\/alimentaria\/#primaryimage\"},\"image\":{\"@id\":\"https:\/\/dva.com\/pe\/alimentaria\/#primaryimage\"},\"thumbnailUrl\":\"https:\/\/dva.com\/wp-content\/uploads\/2020\/07\/dvafoods.jpg\",\"datePublished\":\"2023-04-03T19:10:45+00:00\",\"dateModified\":\"2023-07-10T08:41:43+00:00\",\"description\":\"Innovando en soluciones alimentarias de calidad para satisfacer las necesidades del mercado. Descubre nuestros productos y servicios para la industria alimentaria.\",\"breadcrumb\":{\"@id\":\"https:\/\/dva.com\/pe\/alimentaria\/#breadcrumb\"},\"inLanguage\":\"es-PE\",\"potentialAction\":[{\"@type\":\"ReadAction\",\"target\":[\"https:\/\/dva.com\/pe\/alimentaria\/\"]}]},{\"@type\":\"ImageObject\",\"inLanguage\":\"es-PE\",\"@id\":\"https:\/\/dva.com\/pe\/alimentaria\/#primaryimage\",\"url\":\"https:\/\/dva.com\/wp-content\/uploads\/2020\/07\/dvafoods.jpg\",\"contentUrl\":\"https:\/\/dva.com\/wp-content\/uploads\/2020\/07\/dvafoods.jpg\",\"width\":294,\"height\":294},{\"@type\":\"BreadcrumbList\",\"@id\":\"https:\/\/dva.com\/pe\/alimentaria\/#breadcrumb\",\"itemListElement\":[{\"@type\":\"ListItem\",\"position\":1,\"name\":\"Home\",\"item\":\"https:\/\/dva.com\/pe\/\"},{\"@type\":\"ListItem\",\"position\":2,\"name\":\"DVA Alimentaria\"}]},{\"@type\":\"WebSite\",\"@id\":\"https:\/\/dva.com\/mx\/#website\",\"url\":\"https:\/\/dva.com\/mx\/\",\"name\":\"DVA\",\"description\":\"GO FURTHER. TOGETHER\",\"publisher\":{\"@id\":\"https:\/\/dva.com\/mx\/#organization\"},\"potentialAction\":[{\"@type\":\"SearchAction\",\"target\":{\"@type\":\"EntryPoint\",\"urlTemplate\":\"https:\/\/dva.com\/mx\/?s={search_term_string}\"},\"query-input\":{\"@type\":\"PropertyValueSpecification\",\"valueRequired\":true,\"valueName\":\"search_term_string\"}}],\"inLanguage\":\"es-PE\"},{\"@type\":\"Organization\",\"@id\":\"https:\/\/dva.com\/mx\/#organization\",\"name\":\"DVA\",\"url\":\"https:\/\/dva.com\/mx\/\",\"logo\":{\"@type\":\"ImageObject\",\"inLanguage\":\"es-PE\",\"@id\":\"https:\/\/dva.com\/mx\/#\/schema\/logo\/image\/\",\"url\":\"https:\/\/dva.com\/wp-content\/uploads\/2020\/05\/dva-group-logo.svg\",\"contentUrl\":\"https:\/\/dva.com\/wp-content\/uploads\/2020\/05\/dva-group-logo.svg\",\"width\":\"1000\",\"height\":\"1000\",\"caption\":\"DVA\"},\"image\":{\"@id\":\"https:\/\/dva.com\/mx\/#\/schema\/logo\/image\/\"},\"sameAs\":[\"https:\/\/www.facebook.com\/dvaglobal\"]}]}<\/script>\n<!-- \/ Yoast SEO Premium plugin. -->","yoast_head_json":{"title":"DVA Alimentaria","description":"Innovando en soluciones alimentarias de calidad para satisfacer las necesidades del mercado. Descubre nuestros productos y servicios para la industria alimentaria.","robots":{"index":"index","follow":"follow","max-snippet":"max-snippet:-1","max-image-preview":"max-image-preview:large","max-video-preview":"max-video-preview:-1"},"canonical":"https:\/\/dva.com\/pe\/alimentaria\/","og_locale":"es_ES","og_type":"article","og_title":"DVA Alimentaria","og_description":"Innovando en soluciones alimentarias de calidad para satisfacer las necesidades del mercado. Descubre nuestros productos y servicios para la industria alimentaria.","og_url":"https:\/\/dva.com\/pe\/alimentaria\/","og_site_name":"DVA","article_publisher":"https:\/\/www.facebook.com\/dvaglobal","article_modified_time":"2023-07-10T08:41:43+00:00","og_image":[{"width":294,"height":294,"url":"https:\/\/dva.com\/wp-content\/uploads\/2020\/07\/dvafoods.jpg","type":"image\/jpeg"}],"twitter_card":"summary_large_image","twitter_misc":{"Est. reading time":"3 minutos"},"schema":{"@context":"https:\/\/schema.org","@graph":[{"@type":"WebPage","@id":"https:\/\/dva.com\/pe\/alimentaria\/","url":"https:\/\/dva.com\/pe\/alimentaria\/","name":"DVA Alimentaria","isPartOf":{"@id":"https:\/\/dva.com\/mx\/#website"},"primaryImageOfPage":{"@id":"https:\/\/dva.com\/pe\/alimentaria\/#primaryimage"},"image":{"@id":"https:\/\/dva.com\/pe\/alimentaria\/#primaryimage"},"thumbnailUrl":"https:\/\/dva.com\/wp-content\/uploads\/2020\/07\/dvafoods.jpg","datePublished":"2023-04-03T19:10:45+00:00","dateModified":"2023-07-10T08:41:43+00:00","description":"Innovando en soluciones alimentarias de calidad para satisfacer las necesidades del mercado. Descubre nuestros productos y servicios para la industria alimentaria.","breadcrumb":{"@id":"https:\/\/dva.com\/pe\/alimentaria\/#breadcrumb"},"inLanguage":"es-PE","potentialAction":[{"@type":"ReadAction","target":["https:\/\/dva.com\/pe\/alimentaria\/"]}]},{"@type":"ImageObject","inLanguage":"es-PE","@id":"https:\/\/dva.com\/pe\/alimentaria\/#primaryimage","url":"https:\/\/dva.com\/wp-content\/uploads\/2020\/07\/dvafoods.jpg","contentUrl":"https:\/\/dva.com\/wp-content\/uploads\/2020\/07\/dvafoods.jpg","width":294,"height":294},{"@type":"BreadcrumbList","@id":"https:\/\/dva.com\/pe\/alimentaria\/#breadcrumb","itemListElement":[{"@type":"ListItem","position":1,"name":"Home","item":"https:\/\/dva.com\/pe\/"},{"@type":"ListItem","position":2,"name":"DVA Alimentaria"}]},{"@type":"WebSite","@id":"https:\/\/dva.com\/mx\/#website","url":"https:\/\/dva.com\/mx\/","name":"DVA","description":"GO FURTHER. TOGETHER","publisher":{"@id":"https:\/\/dva.com\/mx\/#organization"},"potentialAction":[{"@type":"SearchAction","target":{"@type":"EntryPoint","urlTemplate":"https:\/\/dva.com\/mx\/?s={search_term_string}"},"query-input":{"@type":"PropertyValueSpecification","valueRequired":true,"valueName":"search_term_string"}}],"inLanguage":"es-PE"},{"@type":"Organization","@id":"https:\/\/dva.com\/mx\/#organization","name":"DVA","url":"https:\/\/dva.com\/mx\/","logo":{"@type":"ImageObject","inLanguage":"es-PE","@id":"https:\/\/dva.com\/mx\/#\/schema\/logo\/image\/","url":"https:\/\/dva.com\/wp-content\/uploads\/2020\/05\/dva-group-logo.svg","contentUrl":"https:\/\/dva.com\/wp-content\/uploads\/2020\/05\/dva-group-logo.svg","width":"1000","height":"1000","caption":"DVA"},"image":{"@id":"https:\/\/dva.com\/mx\/#\/schema\/logo\/image\/"},"sameAs":["https:\/\/www.facebook.com\/dvaglobal"]}]}},"_links":{"self":[{"href":"https:\/\/dva.com\/pe\/wp-json\/wp\/v2\/pages\/147857","targetHints":{"allow":["GET"]}}],"collection":[{"href":"https:\/\/dva.com\/pe\/wp-json\/wp\/v2\/pages"}],"about":[{"href":"https:\/\/dva.com\/pe\/wp-json\/wp\/v2\/types\/page"}],"author":[{"embeddable":true,"href":"https:\/\/dva.com\/pe\/wp-json\/wp\/v2\/users\/1"}],"replies":[{"embeddable":true,"href":"https:\/\/dva.com\/pe\/wp-json\/wp\/v2\/comments?post=147857"}],"version-history":[{"count":0,"href":"https:\/\/dva.com\/pe\/wp-json\/wp\/v2\/pages\/147857\/revisions"}],"wp:featuredmedia":[{"embeddable":true,"href":"https:\/\/dva.com\/pe\/wp-json\/wp\/v2\/media\/11083"}],"wp:attachment":[{"href":"https:\/\/dva.com\/pe\/wp-json\/wp\/v2\/media?parent=147857"}],"curies":[{"name":"wp","href":"https:\/\/api.w.org\/{rel}","templated":true}]}}