{"id":15281,"date":"2020-09-13T19:14:57","date_gmt":"2020-09-13T17:14:57","guid":{"rendered":"https:\/\/dva.com\/?page_id=15281"},"modified":"2023-06-27T10:37:41","modified_gmt":"2023-06-27T08:37:41","slug":"dva-paraguay","status":"publish","type":"page","link":"https:\/\/dva.com\/py\/","title":{"rendered":"DVA Paraguay \ud83c\uddf5\ud83c\uddfe"},"content":{"rendered":"<div class=\"wpb-content-wrapper\"><p>[vc_row row_height_percent=&#8221;35&#8243; back_image=&#8221;199&#8243; overlay_alpha=&#8221;50&#8243; gutter_size=&#8221;3&#8243; column_width_percent=&#8221;100&#8243; shift_y=&#8221;0&#8243; z_index=&#8221;0&#8243;][vc_column column_width_percent=&#8221;100&#8243; position_vertical=&#8221;bottom&#8221; gutter_size=&#8221;3&#8243; overlay_alpha=&#8221;50&#8243; shift_x=&#8221;0&#8243; shift_y=&#8221;0&#8243; shift_y_down=&#8221;0&#8243; z_index=&#8221;0&#8243; medium_width=&#8221;0&#8243; mobile_width=&#8221;0&#8243; width=&#8221;1\/1&#8243;][\/vc_column][\/vc_row][vc_row row_height_percent=&#8221;0&#8243; override_padding=&#8221;yes&#8221; h_padding=&#8221;2&#8243; top_padding=&#8221;1&#8243; bottom_padding=&#8221;1&#8243; back_color=&#8221;color-dva&#8221; overlay_alpha=&#8221;50&#8243; gutter_size=&#8221;3&#8243; column_width_percent=&#8221;100&#8243; shift_y=&#8221;0&#8243; z_index=&#8221;0&#8243; css=&#8221;.vc_custom_1589848165288{padding-top: 13px !important;padding-bottom: 13px !important;}&#8221;][vc_column column_width_percent=&#8221;100&#8243; position_vertical=&#8221;middle&#8221; align_horizontal=&#8221;align_right&#8221; gutter_size=&#8221;0&#8243; override_padding=&#8221;yes&#8221; column_padding=&#8221;0&#8243; overlay_alpha=&#8221;50&#8243; shift_x=&#8221;0&#8243; shift_y=&#8221;0&#8243; shift_y_down=&#8221;0&#8243; z_index=&#8221;0&#8243; medium_width=&#8221;0&#8243; mobile_width=&#8221;0&#8243; width=&#8221;1\/1&#8243;][vc_custom_heading text_color=&#8221;color-xsdn&#8221; text_transform=&#8221;uppercase&#8221;]Go Further. Together[\/vc_custom_heading][\/vc_column][\/vc_row][vc_row row_height_percent=&#8221;0&#8243; back_color=&#8221;color-lxmt&#8221; overlay_alpha=&#8221;50&#8243; gutter_size=&#8221;4&#8243; column_width_percent=&#8221;100&#8243; shift_y=&#8221;0&#8243; z_index=&#8221;0&#8243; css=&#8221;.vc_custom_1589847287147{padding-bottom: 30px !important;}&#8221;][vc_column column_width_percent=&#8221;100&#8243; gutter_size=&#8221;2&#8243; back_color=&#8221;color-xsdn&#8221; overlay_alpha=&#8221;50&#8243; shift_x=&#8221;0&#8243; shift_y=&#8221;-5&#8243; shift_y_fixed=&#8221;yes&#8221; shift_y_down=&#8221;0&#8243; z_index=&#8221;0&#8243; medium_width=&#8221;0&#8243; mobile_width=&#8221;0&#8243; shadow=&#8221;xs&#8221; width=&#8221;2\/3&#8243;][vc_custom_heading text_color=&#8221;color-dva&#8221; text_size=&#8221;fontsize-207125&#8243; text_weight=&#8221;400&#8243; text_transform=&#8221;uppercase&#8221; text_height=&#8221;&#8221; uncode_shortcode_id=&#8221;177069&#8243; text_color_type=&#8221;uncode-palette&#8221;]<span style=\"color: #000000;\">Bienvenido A<\/span><br \/>\n<strong>DVA Paraguay \ud83c\uddf5\ud83c\uddfe<\/strong>[\/vc_custom_heading][vc_column_text text_lead=&#8221;yes&#8221; uncode_shortcode_id=&#8221;168026&#8243;]DVA es una empresa multinacional alemana cuya misi\u00f3n es desarrollar soluciones agr\u00edcolas de alta calidad para los agricultores de Paraguay y de todo el mundo. Producimos y comercializamos protecci\u00f3n de cultivos, nutrici\u00f3n vegetal, bioestimulantes vegetales y coadyuvantes especiales para agricultura sostenible. Operando en Europa, Am\u00e9rica Latina, Asia y \u00c1frica, enfocamos nuestros esfuerzos en las necesidades locales espec\u00edficas de los agricultores, ya sea en t\u00e9rminos de composici\u00f3n del producto, aplicaci\u00f3n, digitalizaci\u00f3n o pr\u00e1cticas pr\u00e1cticas como el tama\u00f1o de los paquetes. Con m\u00e1s de 50 a\u00f1os de experiencia, DVA tambi\u00e9n est\u00e1 activa en sectores no agr\u00edcolas como la salud, la nutrici\u00f3n y los pl\u00e1sticos.[\/vc_column_text][vc_button button_color=&#8221;color-wvjs&#8221; size=&#8221;btn-lg&#8221; radius=&#8221;btn-square&#8221; outline=&#8221;yes&#8221; border_width=&#8221;0&#8243; link=&#8221;url:%2320|title:About||&#8221; button_color_type=&#8221;uncode-palette&#8221; uncode_shortcode_id=&#8221;100589&#8243;]Aprende m\u00e1s[\/vc_button][\/vc_column][vc_column column_width_percent=&#8221;100&#8243; gutter_size=&#8221;2&#8243; overlay_alpha=&#8221;50&#8243; shift_x=&#8221;0&#8243; shift_y=&#8221;0&#8243; shift_y_down=&#8221;0&#8243; z_index=&#8221;0&#8243; medium_width=&#8221;0&#8243; mobile_width=&#8221;0&#8243; width=&#8221;1\/3&#8243; css=&#8221;.vc_custom_1589845803480{padding-bottom: 30px !important;}&#8221;][\/vc_column][\/vc_row][vc_row row_height_percent=&#8221;0&#8243; overlay_alpha=&#8221;50&#8243; gutter_size=&#8221;3&#8243; column_width_percent=&#8221;100&#8243; shift_y=&#8221;0&#8243; z_index=&#8221;0&#8243; css=&#8221;.vc_custom_1593901051181{padding-top: 40px !important;padding-bottom: 15px !important;}&#8221;][vc_column column_width_percent=&#8221;100&#8243; align_horizontal=&#8221;align_center&#8221; gutter_size=&#8221;3&#8243; overlay_alpha=&#8221;50&#8243; shift_x=&#8221;0&#8243; shift_y=&#8221;0&#8243; shift_y_down=&#8221;0&#8243; z_index=&#8221;0&#8243; medium_width=&#8221;0&#8243; mobile_width=&#8221;0&#8243; width=&#8221;1\/1&#8243;][vc_custom_heading text_color=&#8221;color-dva&#8221; text_size=&#8221;fontsize-668570&#8243; text_weight=&#8221;400&#8243; text_transform=&#8221;uppercase&#8221; text_height=&#8221;&#8221; uncode_shortcode_id=&#8221;948771&#8243; text_color_type=&#8221;uncode-palette&#8221;]DESCUBRE NUESTRA<br \/>\n<strong>SOLUCIONES PARA LA PROTECCI\u00d3N DE CULTIVOS<\/strong>[\/vc_custom_heading][vc_row_inner row_inner_height_percent=&#8221;0&#8243; overlay_alpha=&#8221;50&#8243; gutter_size=&#8221;3&#8243; shift_y=&#8221;0&#8243; z_index=&#8221;0&#8243; css=&#8221;.vc_custom_1593733937777{padding-top: 30px !important;}&#8221;][vc_column_inner column_width_percent=&#8221;100&#8243; position_vertical=&#8221;middle&#8221; align_horizontal=&#8221;align_center&#8221; gutter_size=&#8221;3&#8243; style=&#8221;dark&#8221; back_color=&#8221;color-Herbicides&#8221; back_image=&#8221;17500&#8243; overlay_color=&#8221;color-210596&#8243; overlay_alpha=&#8221;50&#8243; shift_x=&#8221;0&#8243; shift_y=&#8221;0&#8243; shift_y_down=&#8221;0&#8243; z_index=&#8221;0&#8243; medium_width=&#8221;0&#8243; mobile_width=&#8221;0&#8243; width=&#8221;1\/4&#8243; uncode_shortcode_id=&#8221;179545&#8243; back_color_type=&#8221;uncode-palette&#8221; overlay_color_type=&#8221;uncode-palette&#8221;][vc_column_text css=&#8221;.vc_custom_1686678903668{padding-top: 10px !important;}&#8221; uncode_shortcode_id=&#8221;819818&#8243;]<img decoding=\"async\" class=\"alignnone wp-image-23417 aligncenter\" src=\"https:\/\/dva.com\/wp-content\/uploads\/2020\/10\/Herbicides-01.svg\" alt=\"\" width=\"90\" height=\"90\" \/>[\/vc_column_text][vc_column_text uncode_shortcode_id=&#8221;232062&#8243;]<\/p>\n<h3><strong>HERBICIDAS<\/strong><\/h3>\n<p>[\/vc_column_text][vc_button button_color=&#8221;color-xsdn&#8221; size=&#8221;btn-lg&#8221; radius=&#8221;btn-square&#8221; wide=&#8221;yes&#8221; outline=&#8221;yes&#8221; border_width=&#8221;0&#8243; icon_position=&#8221;right&#8221; icon=&#8221;fa fa-arrow-right-thick&#8221; link=&#8221;url:https%3A%2F%2Fdev.greatideasinaction.com%2Fdva%2Fparaguay%2Fproducts|title:Products||&#8221; button_color_type=&#8221;uncode-palette&#8221; uncode_shortcode_id=&#8221;186727&#8243;]Ver Productos[\/vc_button][\/vc_column_inner][vc_column_inner column_width_percent=&#8221;100&#8243; position_vertical=&#8221;middle&#8221; align_horizontal=&#8221;align_center&#8221; gutter_size=&#8221;3&#8243; style=&#8221;dark&#8221; back_color=&#8221;color-Insecticides&#8221; back_image=&#8221;17426&#8243; overlay_color=&#8221;color-502393&#8243; overlay_alpha=&#8221;50&#8243; shift_x=&#8221;0&#8243; shift_y=&#8221;0&#8243; shift_y_down=&#8221;0&#8243; z_index=&#8221;0&#8243; medium_width=&#8221;0&#8243; mobile_width=&#8221;0&#8243; width=&#8221;1\/4&#8243; uncode_shortcode_id=&#8221;194663&#8243; back_color_type=&#8221;uncode-palette&#8221; overlay_color_type=&#8221;uncode-palette&#8221;][vc_column_text css=&#8221;.vc_custom_1686678915797{padding-top: 10px !important;}&#8221; uncode_shortcode_id=&#8221;527681&#8243;]<img decoding=\"async\" class=\"alignnone wp-image-23380 aligncenter\" src=\"https:\/\/dva.com\/wp-content\/uploads\/2020\/10\/Insecticides-01.svg\" alt=\"\" width=\"90\" height=\"90\" \/>[\/vc_column_text][vc_column_text uncode_shortcode_id=&#8221;626668&#8243;]<\/p>\n<h3><strong>INSECTICIDAS<\/strong><\/h3>\n<p>[\/vc_column_text][vc_button button_color=&#8221;color-xsdn&#8221; size=&#8221;btn-lg&#8221; radius=&#8221;btn-square&#8221; wide=&#8221;yes&#8221; outline=&#8221;yes&#8221; border_width=&#8221;0&#8243; icon_position=&#8221;right&#8221; icon=&#8221;fa fa-arrow-right-thick&#8221; link=&#8221;url:https%3A%2F%2Fdev.greatideasinaction.com%2Fdva%2Fparaguay%2Fproducts%2F%232|title:Products||&#8221; button_color_type=&#8221;uncode-palette&#8221; uncode_shortcode_id=&#8221;104705&#8243;]Ver Productos[\/vc_button][\/vc_column_inner][vc_column_inner column_width_percent=&#8221;100&#8243; position_vertical=&#8221;middle&#8221; align_horizontal=&#8221;align_center&#8221; gutter_size=&#8221;3&#8243; style=&#8221;dark&#8221; back_color=&#8221;color-Fungicides&#8221; back_image=&#8221;17463&#8243; overlay_color=&#8221;color-170928&#8243; overlay_alpha=&#8221;50&#8243; shift_x=&#8221;0&#8243; shift_y=&#8221;0&#8243; shift_y_down=&#8221;0&#8243; z_index=&#8221;0&#8243; medium_width=&#8221;0&#8243; mobile_width=&#8221;0&#8243; width=&#8221;1\/4&#8243; uncode_shortcode_id=&#8221;124792&#8243; back_color_type=&#8221;uncode-palette&#8221; overlay_color_type=&#8221;uncode-palette&#8221;][vc_column_text css=&#8221;.vc_custom_1686678925395{padding-top: 10px !important;}&#8221; uncode_shortcode_id=&#8221;185316&#8243;]<img decoding=\"async\" class=\"alignnone wp-image-23303 aligncenter\" src=\"https:\/\/dva.com\/wp-content\/uploads\/2020\/10\/Fungicides-01.svg\" alt=\"\" width=\"90\" height=\"90\" \/>[\/vc_column_text][vc_column_text uncode_shortcode_id=&#8221;170864&#8243;]<\/p>\n<h3><strong>FUNGICIDAS<\/strong><\/h3>\n<p>[\/vc_column_text][vc_button button_color=&#8221;color-xsdn&#8221; size=&#8221;btn-lg&#8221; radius=&#8221;btn-square&#8221; wide=&#8221;yes&#8221; outline=&#8221;yes&#8221; border_width=&#8221;0&#8243; icon_position=&#8221;right&#8221; icon=&#8221;fa fa-arrow-right-thick&#8221; link=&#8221;url:https%3A%2F%2Fdev.greatideasinaction.com%2Fdva%2Fparaguay%2Fproducts%2F%233|title:Products||&#8221; button_color_type=&#8221;uncode-palette&#8221; uncode_shortcode_id=&#8221;202923&#8243;]Ver Productos[\/vc_button][\/vc_column_inner][vc_column_inner column_width_percent=&#8221;100&#8243; position_vertical=&#8221;middle&#8221; align_horizontal=&#8221;align_center&#8221; gutter_size=&#8221;3&#8243; style=&#8221;dark&#8221; back_color=&#8221;color-182462&#8243; back_image=&#8221;17389&#8243; overlay_color=&#8221;color-149449&#8243; overlay_alpha=&#8221;50&#8243; shift_x=&#8221;0&#8243; shift_y=&#8221;0&#8243; shift_y_down=&#8221;0&#8243; z_index=&#8221;0&#8243; medium_width=&#8221;0&#8243; mobile_width=&#8221;0&#8243; width=&#8221;1\/4&#8243; uncode_shortcode_id=&#8221;124966&#8243; back_color_type=&#8221;uncode-palette&#8221; overlay_color_type=&#8221;uncode-palette&#8221;][vc_column_text css=&#8221;.vc_custom_1686678936147{padding-top: 10px !important;}&#8221; uncode_shortcode_id=&#8221;356279&#8243;]<img decoding=\"async\" class=\"alignnone wp-image-23343 aligncenter\" src=\"https:\/\/dva.com\/wp-content\/uploads\/2020\/10\/Adjuvant-01.svg\" alt=\"\" width=\"90\" height=\"90\" \/>[\/vc_column_text][vc_column_text uncode_shortcode_id=&#8221;161488&#8243;]<\/p>\n<h3><strong>ADYUVANTES<\/strong><\/h3>\n<p>[\/vc_column_text][vc_button button_color=&#8221;color-xsdn&#8221; size=&#8221;btn-lg&#8221; radius=&#8221;btn-square&#8221; wide=&#8221;yes&#8221; outline=&#8221;yes&#8221; border_width=&#8221;0&#8243; icon_position=&#8221;right&#8221; icon=&#8221;fa fa-arrow-right-thick&#8221; link=&#8221;url:https%3A%2F%2Fdev.greatideasinaction.com%2Fdva%2Fparaguay%2Fproducts%2F%234|title:Products||&#8221; button_color_type=&#8221;uncode-palette&#8221; uncode_shortcode_id=&#8221;676620&#8243;]Ver Productos[\/vc_button][\/vc_column_inner][\/vc_row_inner][\/vc_column][\/vc_row][vc_row row_height_percent=&#8221;0&#8243; overlay_alpha=&#8221;50&#8243; gutter_size=&#8221;3&#8243; column_width_use_pixel=&#8221;yes&#8221; shift_y=&#8221;0&#8243; z_index=&#8221;0&#8243; column_width_pixel=&#8221;1150&#8243; css=&#8221;.vc_custom_1590544756103{padding-top: 30px !important;padding-bottom: 70px !important;}&#8221;][vc_column column_width_percent=&#8221;100&#8243; position_vertical=&#8221;middle&#8221; align_horizontal=&#8221;align_center&#8221; gutter_size=&#8221;3&#8243; overlay_alpha=&#8221;50&#8243; shift_x=&#8221;0&#8243; shift_y=&#8221;0&#8243; shift_y_down=&#8221;0&#8243; z_index=&#8221;0&#8243; medium_width=&#8221;0&#8243; mobile_width=&#8221;0&#8243; width=&#8221;1\/1&#8243;][vc_custom_heading text_color=&#8221;color-wvjs&#8221; text_size=&#8221;h4&#8243; text_weight=&#8221;400&#8243; text_transform=&#8221;uppercase&#8221; uncode_shortcode_id=&#8221;123197&#8243; text_color_type=&#8221;uncode-palette&#8221;]Nuestros Productos est\u00e1n certificados por:[\/vc_custom_heading][vc_gallery el_id=&#8221;gallery-16733432&#8243; type=&#8221;carousel&#8221; medias=&#8221;259,261,263,265,267,269&#8243; carousel_lg=&#8221;6&#8243; carousel_md=&#8221;3&#8243; carousel_sm=&#8221;3&#8243; gutter_size=&#8221;3&#8243; media_items=&#8221;media|nolink|original,icon&#8221; carousel_interval=&#8221;3000&#8243; carousel_navspeed=&#8221;400&#8243; carousel_loop=&#8221;yes&#8221; stage_padding=&#8221;0&#8243; single_overlay_opacity=&#8221;50&#8243; single_overlay_anim=&#8221;no&#8221; single_text_anim=&#8221;no&#8221; single_image_anim=&#8221;no&#8221; single_padding=&#8221;2&#8243; single_title_height=&#8221;&#8221; single_border=&#8221;yes&#8221;][\/vc_column][\/vc_row][vc_row id=&#8221;2614&#8243; inside_column=&#8221;&#8221;][vc_column width=&#8221;1\/1&#8243;][uncode_block id=&#8221;31753&#8243;][\/vc_column][\/vc_row][vc_row][vc_column width=&#8221;1\/1&#8243;][uncode_block id=&#8221;31749&#8243; inside_column=&#8221;yes&#8221;][\/vc_column][\/vc_row]<\/p>\n<\/div>","protected":false},"excerpt":{"rendered":"<p>[vc_row row_height_percent=&#8221;35&#8243; back_image=&#8221;199&#8243; overlay_alpha=&#8221;50&#8243; gutter_size=&#8221;3&#8243; column_width_percent=&#8221;100&#8243; shift_y=&#8221;0&#8243; z_index=&#8221;0&#8243;][vc_column column_width_percent=&#8221;100&#8243; position_vertical=&#8221;bottom&#8221; gutter_size=&#8221;3&#8243; overlay_alpha=&#8221;50&#8243; shift_x=&#8221;0&#8243; shift_y=&#8221;0&#8243; shift_y_down=&#8221;0&#8243; z_index=&#8221;0&#8243; medium_width=&#8221;0&#8243; mobile_width=&#8221;0&#8243; width=&#8221;1\/1&#8243;][\/vc_column][\/vc_row][vc_row row_height_percent=&#8221;0&#8243; [&hellip;]<\/p>\n","protected":false},"author":1,"featured_media":0,"parent":0,"menu_order":0,"comment_status":"closed","ping_status":"closed","template":"","meta":{"footnotes":""},"class_list":["post-15281","page","type-page","status-publish","hentry"],"yoast_head":"<!-- This site is optimized with the Yoast SEO Premium plugin v24.9 (Yoast SEO v27.1.1) - https:\/\/yoast.com\/product\/yoast-seo-premium-wordpress\/ -->\n<title>DVA Paraguay \ud83c\uddf5\ud83c\uddfe | Go Further. Together<\/title>\n<meta name=\"description\" content=\"DVA Paraguay es una empresa multinacional alemana cuya misi\u00f3n es desarrollar soluciones agr\u00edcolas de alta calidad para los agricultores de Paraguay y de todo el mundo.\" \/>\n<meta name=\"robots\" content=\"index, follow, max-snippet:-1, max-image-preview:large, max-video-preview:-1\" \/>\n<link rel=\"canonical\" href=\"https:\/\/dva.com\/py\/\" \/>\n<meta property=\"og:locale\" content=\"es_ES\" \/>\n<meta property=\"og:type\" content=\"article\" \/>\n<meta property=\"og:title\" content=\"DVA Paraguay \ud83c\uddf5\ud83c\uddfe\" \/>\n<meta property=\"og:description\" content=\"DVA Paraguay es una empresa multinacional alemana cuya misi\u00f3n es desarrollar soluciones agr\u00edcolas de alta calidad para los agricultores de Paraguay y de todo el mundo.\" \/>\n<meta property=\"og:url\" content=\"https:\/\/dva.com\/py\/\" \/>\n<meta property=\"og:site_name\" content=\"DVA\" \/>\n<meta property=\"article:publisher\" content=\"https:\/\/www.facebook.com\/dvaglobal\" \/>\n<meta property=\"article:modified_time\" content=\"2023-06-27T08:37:41+00:00\" \/>\n<meta name=\"twitter:card\" content=\"summary_large_image\" \/>\n<meta name=\"twitter:label1\" content=\"Est. reading time\" \/>\n\t<meta name=\"twitter:data1\" content=\"3 minutes\" \/>\n<script type=\"application\/ld+json\" class=\"yoast-schema-graph\">{\"@context\":\"https:\/\/schema.org\",\"@graph\":[{\"@type\":\"WebPage\",\"@id\":\"https:\/\/dva.com\/py\/\",\"url\":\"https:\/\/dva.com\/py\/\",\"name\":\"DVA Paraguay \ud83c\uddf5\ud83c\uddfe | Go Further. Together\",\"isPartOf\":{\"@id\":\"https:\/\/dva.com\/mx\/#website\"},\"primaryImageOfPage\":{\"@id\":\"https:\/\/dva.com\/py\/#primaryimage\"},\"image\":{\"@id\":\"https:\/\/dva.com\/py\/#primaryimage\"},\"thumbnailUrl\":\"https:\/\/dva.com\/wp-content\/uploads\/2020\/10\/Herbicides-01.svg\",\"datePublished\":\"2020-09-13T17:14:57+00:00\",\"dateModified\":\"2023-06-27T08:37:41+00:00\",\"description\":\"DVA Paraguay es una empresa multinacional alemana cuya misi\u00f3n es desarrollar soluciones agr\u00edcolas de alta calidad para los agricultores de Paraguay y de todo el mundo.\",\"breadcrumb\":{\"@id\":\"https:\/\/dva.com\/py\/#breadcrumb\"},\"inLanguage\":\"es-PY\",\"potentialAction\":[{\"@type\":\"ReadAction\",\"target\":[\"https:\/\/dva.com\/py\/\"]}]},{\"@type\":\"ImageObject\",\"inLanguage\":\"es-PY\",\"@id\":\"https:\/\/dva.com\/py\/#primaryimage\",\"url\":\"https:\/\/dva.com\/wp-content\/uploads\/2020\/10\/Herbicides-01.svg\",\"contentUrl\":\"https:\/\/dva.com\/wp-content\/uploads\/2020\/10\/Herbicides-01.svg\"},{\"@type\":\"BreadcrumbList\",\"@id\":\"https:\/\/dva.com\/py\/#breadcrumb\",\"itemListElement\":[{\"@type\":\"ListItem\",\"position\":1,\"name\":\"Home\",\"item\":\"https:\/\/dva.com\/py\/\"},{\"@type\":\"ListItem\",\"position\":2,\"name\":\"DVA Paraguay \ud83c\uddf5\ud83c\uddfe\"}]},{\"@type\":\"WebSite\",\"@id\":\"https:\/\/dva.com\/mx\/#website\",\"url\":\"https:\/\/dva.com\/mx\/\",\"name\":\"DVA\",\"description\":\"GO FURTHER. TOGETHER\",\"publisher\":{\"@id\":\"https:\/\/dva.com\/mx\/#organization\"},\"potentialAction\":[{\"@type\":\"SearchAction\",\"target\":{\"@type\":\"EntryPoint\",\"urlTemplate\":\"https:\/\/dva.com\/mx\/?s={search_term_string}\"},\"query-input\":{\"@type\":\"PropertyValueSpecification\",\"valueRequired\":true,\"valueName\":\"search_term_string\"}}],\"inLanguage\":\"es-PY\"},{\"@type\":\"Organization\",\"@id\":\"https:\/\/dva.com\/mx\/#organization\",\"name\":\"DVA\",\"url\":\"https:\/\/dva.com\/mx\/\",\"logo\":{\"@type\":\"ImageObject\",\"inLanguage\":\"es-PY\",\"@id\":\"https:\/\/dva.com\/mx\/#\/schema\/logo\/image\/\",\"url\":\"https:\/\/dva.com\/wp-content\/uploads\/2020\/05\/dva-group-logo.svg\",\"contentUrl\":\"https:\/\/dva.com\/wp-content\/uploads\/2020\/05\/dva-group-logo.svg\",\"width\":\"1000\",\"height\":\"1000\",\"caption\":\"DVA\"},\"image\":{\"@id\":\"https:\/\/dva.com\/mx\/#\/schema\/logo\/image\/\"},\"sameAs\":[\"https:\/\/www.facebook.com\/dvaglobal\"]}]}<\/script>\n<!-- \/ Yoast SEO Premium plugin. -->","yoast_head_json":{"title":"DVA Paraguay \ud83c\uddf5\ud83c\uddfe | Go Further. Together","description":"DVA Paraguay es una empresa multinacional alemana cuya misi\u00f3n es desarrollar soluciones agr\u00edcolas de alta calidad para los agricultores de Paraguay y de todo el mundo.","robots":{"index":"index","follow":"follow","max-snippet":"max-snippet:-1","max-image-preview":"max-image-preview:large","max-video-preview":"max-video-preview:-1"},"canonical":"https:\/\/dva.com\/py\/","og_locale":"es_ES","og_type":"article","og_title":"DVA Paraguay \ud83c\uddf5\ud83c\uddfe","og_description":"DVA Paraguay es una empresa multinacional alemana cuya misi\u00f3n es desarrollar soluciones agr\u00edcolas de alta calidad para los agricultores de Paraguay y de todo el mundo.","og_url":"https:\/\/dva.com\/py\/","og_site_name":"DVA","article_publisher":"https:\/\/www.facebook.com\/dvaglobal","article_modified_time":"2023-06-27T08:37:41+00:00","twitter_card":"summary_large_image","twitter_misc":{"Est. reading time":"3 minutes"},"schema":{"@context":"https:\/\/schema.org","@graph":[{"@type":"WebPage","@id":"https:\/\/dva.com\/py\/","url":"https:\/\/dva.com\/py\/","name":"DVA Paraguay \ud83c\uddf5\ud83c\uddfe | Go Further. Together","isPartOf":{"@id":"https:\/\/dva.com\/mx\/#website"},"primaryImageOfPage":{"@id":"https:\/\/dva.com\/py\/#primaryimage"},"image":{"@id":"https:\/\/dva.com\/py\/#primaryimage"},"thumbnailUrl":"https:\/\/dva.com\/wp-content\/uploads\/2020\/10\/Herbicides-01.svg","datePublished":"2020-09-13T17:14:57+00:00","dateModified":"2023-06-27T08:37:41+00:00","description":"DVA Paraguay es una empresa multinacional alemana cuya misi\u00f3n es desarrollar soluciones agr\u00edcolas de alta calidad para los agricultores de Paraguay y de todo el mundo.","breadcrumb":{"@id":"https:\/\/dva.com\/py\/#breadcrumb"},"inLanguage":"es-PY","potentialAction":[{"@type":"ReadAction","target":["https:\/\/dva.com\/py\/"]}]},{"@type":"ImageObject","inLanguage":"es-PY","@id":"https:\/\/dva.com\/py\/#primaryimage","url":"https:\/\/dva.com\/wp-content\/uploads\/2020\/10\/Herbicides-01.svg","contentUrl":"https:\/\/dva.com\/wp-content\/uploads\/2020\/10\/Herbicides-01.svg"},{"@type":"BreadcrumbList","@id":"https:\/\/dva.com\/py\/#breadcrumb","itemListElement":[{"@type":"ListItem","position":1,"name":"Home","item":"https:\/\/dva.com\/py\/"},{"@type":"ListItem","position":2,"name":"DVA Paraguay \ud83c\uddf5\ud83c\uddfe"}]},{"@type":"WebSite","@id":"https:\/\/dva.com\/mx\/#website","url":"https:\/\/dva.com\/mx\/","name":"DVA","description":"GO FURTHER. TOGETHER","publisher":{"@id":"https:\/\/dva.com\/mx\/#organization"},"potentialAction":[{"@type":"SearchAction","target":{"@type":"EntryPoint","urlTemplate":"https:\/\/dva.com\/mx\/?s={search_term_string}"},"query-input":{"@type":"PropertyValueSpecification","valueRequired":true,"valueName":"search_term_string"}}],"inLanguage":"es-PY"},{"@type":"Organization","@id":"https:\/\/dva.com\/mx\/#organization","name":"DVA","url":"https:\/\/dva.com\/mx\/","logo":{"@type":"ImageObject","inLanguage":"es-PY","@id":"https:\/\/dva.com\/mx\/#\/schema\/logo\/image\/","url":"https:\/\/dva.com\/wp-content\/uploads\/2020\/05\/dva-group-logo.svg","contentUrl":"https:\/\/dva.com\/wp-content\/uploads\/2020\/05\/dva-group-logo.svg","width":"1000","height":"1000","caption":"DVA"},"image":{"@id":"https:\/\/dva.com\/mx\/#\/schema\/logo\/image\/"},"sameAs":["https:\/\/www.facebook.com\/dvaglobal"]}]}},"_links":{"self":[{"href":"https:\/\/dva.com\/py\/wp-json\/wp\/v2\/pages\/15281","targetHints":{"allow":["GET"]}}],"collection":[{"href":"https:\/\/dva.com\/py\/wp-json\/wp\/v2\/pages"}],"about":[{"href":"https:\/\/dva.com\/py\/wp-json\/wp\/v2\/types\/page"}],"author":[{"embeddable":true,"href":"https:\/\/dva.com\/py\/wp-json\/wp\/v2\/users\/1"}],"replies":[{"embeddable":true,"href":"https:\/\/dva.com\/py\/wp-json\/wp\/v2\/comments?post=15281"}],"version-history":[{"count":0,"href":"https:\/\/dva.com\/py\/wp-json\/wp\/v2\/pages\/15281\/revisions"}],"wp:attachment":[{"href":"https:\/\/dva.com\/py\/wp-json\/wp\/v2\/media?parent=15281"}],"curies":[{"name":"wp","href":"https:\/\/api.w.org\/{rel}","templated":true}]}}